{"id":41658,"date":"2021-06-18T13:59:00","date_gmt":"2021-06-18T12:59:00","guid":{"rendered":"https:\/\/www.istegroup.com\/?post_type=product&#038;p=41658"},"modified":"2024-01-03T13:44:54","modified_gmt":"2024-01-03T13:44:54","slug":"le-microprocesseur-5","status":"publish","type":"product","link":"https:\/\/www.istegroup.com\/fr\/produit\/le-microprocesseur-5\/","title":{"rendered":"Le microprocesseur 5"},"content":{"rendered":"<p>Depuis 50 ans, le microprocesseur, forme moderne et int\u00e9gr\u00e9e de l\u2019unit\u00e9 centrale, n\u2019a cess\u00e9 d\u2019\u00e9voluer en termes d\u2019int\u00e9gration de fonctions, de puissance de calcul, de baisse de prix et d\u2019\u00e9conomie d\u2019\u00e9nergie. Il est aujourd\u2019hui pr\u00e9sent dans la quasi-totalit\u00e9 des appareils \u00e9lectroniques. Bien conna\u00eetre ses m\u00e9canismes internes et sa programmation est essentiel pour comprendre et ma\u00eetriser le fonctionnement d\u2019un ordinateur et les concepts \u00e9volu\u00e9s de programmation.<\/p>\n<p><em>Le microprocesseur 5<\/em> traite des deux premi\u00e8res g\u00e9n\u00e9rations de microprocesseurs, c\u2019est-\u00e0-dire celles qui manipulent les entiers aux formats de 4 et 8 bits. Ce volume pr\u00e9sente les aspects mat\u00e9riels et logiciels de la cha\u00eene de d\u00e9veloppement d\u2019un syst\u00e8me num\u00e9rique \u00e0 base d\u2019un microprocesseur. Il d\u00e9crit \u00e9galement les architectures des premiers micro-ordinateurs pour une remise en perspective historique.<\/p>\n<p>Des exemples puis\u00e9s dans les technologies actuelles et anciennes illustrent et rendent accessibles les concepts th\u00e9oriques.<\/p>\n<p><a class=\"button\" style=\"margin-right: 10%\" href=\"https:\/\/www.istegroup.com\/wp-content\/uploads\/2021\/06\/773_Le-microprocesseur-5_TDM.pdf\" target=\"_blank\" rel=\"noopener noreferrer\">Table des mati\u00e8res<\/a><a class=\"button\" style=\"margin-left: 10%\" href=\"https:\/\/www.istegroup.com\/wp-content\/uploads\/2021\/06\/773_Le-microprocesseur-5_premiere_partie.pdf\" target=\"_blank\" rel=\"noopener noreferrer\">Avant-propos<\/a><\/p>","protected":false},"excerpt":{"rendered":"<p>Depuis 50 ans, le microprocesseur, forme moderne et int\u00e9gr\u00e9e de l\u2019unit\u00e9 centrale, n\u2019a cess\u00e9 d\u2019\u00e9voluer en termes d\u2019int\u00e9gration de fonctions, de puissance de calcul, de baisse de prix et d\u2019\u00e9conomie d\u2019\u00e9nergie. Il est aujourd\u2019hui pr\u00e9sent dans la quasi-totalit\u00e9 des appareils \u00e9lectroniques. Bien conna\u00eetre ses m\u00e9canismes internes et sa programmation est essentiel pour comprendre et ma\u00eetriser [&hellip;]<\/p>\n","protected":false},"featured_media":41664,"template":"","meta":{"_acf_changed":false,"_links_to":"","_links_to_target":""},"product_brand":[],"product_cat":[3262],"product_tag":[],"class_list":{"0":"post-41658","1":"product","2":"type-product","3":"status-publish","4":"has-post-thumbnail","6":"product_cat-non-classe","8":"first","9":"instock","10":"shipping-taxable","11":"purchasable","12":"product-type-variable"},"acf":[],"yoast_head":"<!-- This site is optimized with the Yoast SEO plugin v27.2 - https:\/\/yoast.com\/product\/yoast-seo-wordpress\/ -->\n<title>Le microprocesseur 5 - ISTE Group<\/title>\n<meta name=\"robots\" content=\"index, follow, max-snippet:-1, max-image-preview:large, max-video-preview:-1\" \/>\n<link rel=\"canonical\" href=\"https:\/\/www.istegroup.com\/fr\/produit\/le-microprocesseur-5\/\" \/>\n<meta property=\"og:locale\" content=\"fr_FR\" \/>\n<meta property=\"og:type\" content=\"article\" \/>\n<meta property=\"og:title\" content=\"Le microprocesseur 5 - ISTE Group\" \/>\n<meta property=\"og:description\" content=\"Depuis 50 ans, le microprocesseur, forme moderne et int\u00e9gr\u00e9e de l\u2019unit\u00e9 centrale, n\u2019a cess\u00e9 d\u2019\u00e9voluer en termes d\u2019int\u00e9gration de fonctions, de puissance de calcul, de baisse de prix et d\u2019\u00e9conomie d\u2019\u00e9nergie. Il est aujourd\u2019hui pr\u00e9sent dans la quasi-totalit\u00e9 des appareils \u00e9lectroniques. Bien conna\u00eetre ses m\u00e9canismes internes et sa programmation est essentiel pour comprendre et ma\u00eetriser [&hellip;]\" \/>\n<meta property=\"og:url\" content=\"https:\/\/www.istegroup.com\/fr\/produit\/le-microprocesseur-5\/\" \/>\n<meta property=\"og:site_name\" content=\"ISTE Group\" \/>\n<meta property=\"article:modified_time\" content=\"2024-01-03T13:44:54+00:00\" \/>\n<meta property=\"og:image\" content=\"https:\/\/www.istegroup.com\/wp-content\/uploads\/2021\/06\/Le-microprocesseur-5.jpg\" \/>\n\t<meta property=\"og:image:width\" content=\"593\" \/>\n\t<meta property=\"og:image:height\" content=\"893\" \/>\n\t<meta property=\"og:image:type\" content=\"image\/jpeg\" \/>\n<meta name=\"twitter:card\" content=\"summary_large_image\" \/>\n<meta name=\"twitter:label1\" content=\"Est. reading time\" \/>\n\t<meta name=\"twitter:data1\" content=\"1 minute\" \/>\n<script type=\"application\/ld+json\" class=\"yoast-schema-graph\">{\"@context\":\"https:\/\/schema.org\",\"@graph\":[{\"@type\":\"WebPage\",\"@id\":\"https:\/\/www.istegroup.com\/fr\/produit\/le-microprocesseur-5\/\",\"url\":\"https:\/\/www.istegroup.com\/fr\/produit\/le-microprocesseur-5\/\",\"name\":\"Le microprocesseur 5 - ISTE Group\",\"isPartOf\":{\"@id\":\"https:\/\/www.istegroup.com\/#website\"},\"primaryImageOfPage\":{\"@id\":\"https:\/\/www.istegroup.com\/fr\/produit\/le-microprocesseur-5\/#primaryimage\"},\"image\":{\"@id\":\"https:\/\/www.istegroup.com\/fr\/produit\/le-microprocesseur-5\/#primaryimage\"},\"thumbnailUrl\":\"https:\/\/www.istegroup.com\/wp-content\/uploads\/2021\/06\/Le-microprocesseur-5.jpg\",\"datePublished\":\"2021-06-18T12:59:00+00:00\",\"dateModified\":\"2024-01-03T13:44:54+00:00\",\"breadcrumb\":{\"@id\":\"https:\/\/www.istegroup.com\/fr\/produit\/le-microprocesseur-5\/#breadcrumb\"},\"inLanguage\":\"fr-FR\",\"potentialAction\":[{\"@type\":\"ReadAction\",\"target\":[\"https:\/\/www.istegroup.com\/fr\/produit\/le-microprocesseur-5\/\"]}]},{\"@type\":\"ImageObject\",\"inLanguage\":\"fr-FR\",\"@id\":\"https:\/\/www.istegroup.com\/fr\/produit\/le-microprocesseur-5\/#primaryimage\",\"url\":\"https:\/\/www.istegroup.com\/wp-content\/uploads\/2021\/06\/Le-microprocesseur-5.jpg\",\"contentUrl\":\"https:\/\/www.istegroup.com\/wp-content\/uploads\/2021\/06\/Le-microprocesseur-5.jpg\",\"width\":593,\"height\":893,\"caption\":\"Aspects logiciels et mat\u00e9riels du d\u00e9veloppement, du d\u00e9bogage et du test\"},{\"@type\":\"BreadcrumbList\",\"@id\":\"https:\/\/www.istegroup.com\/fr\/produit\/le-microprocesseur-5\/#breadcrumb\",\"itemListElement\":[{\"@type\":\"ListItem\",\"position\":1,\"name\":\"Home\",\"item\":\"https:\/\/www.istegroup.com\/\"},{\"@type\":\"ListItem\",\"position\":2,\"name\":\"Shop\",\"item\":\"https:\/\/www.istegroup.com\/fr\/nouveautes\/\"},{\"@type\":\"ListItem\",\"position\":3,\"name\":\"Le microprocesseur 5\"}]},{\"@type\":\"WebSite\",\"@id\":\"https:\/\/www.istegroup.com\/#website\",\"url\":\"https:\/\/www.istegroup.com\/\",\"name\":\"ISTE Group\",\"description\":\"\u00c9diteur des Sciences\",\"potentialAction\":[{\"@type\":\"SearchAction\",\"target\":{\"@type\":\"EntryPoint\",\"urlTemplate\":\"https:\/\/www.istegroup.com\/?s={search_term_string}\"},\"query-input\":{\"@type\":\"PropertyValueSpecification\",\"valueRequired\":true,\"valueName\":\"search_term_string\"}}],\"inLanguage\":\"fr-FR\"}]}<\/script>\n<!-- \/ Yoast SEO plugin. -->","yoast_head_json":{"title":"Le microprocesseur 5 - ISTE Group","robots":{"index":"index","follow":"follow","max-snippet":"max-snippet:-1","max-image-preview":"max-image-preview:large","max-video-preview":"max-video-preview:-1"},"canonical":"https:\/\/www.istegroup.com\/fr\/produit\/le-microprocesseur-5\/","og_locale":"fr_FR","og_type":"article","og_title":"Le microprocesseur 5 - ISTE Group","og_description":"Depuis 50 ans, le microprocesseur, forme moderne et int\u00e9gr\u00e9e de l\u2019unit\u00e9 centrale, n\u2019a cess\u00e9 d\u2019\u00e9voluer en termes d\u2019int\u00e9gration de fonctions, de puissance de calcul, de baisse de prix et d\u2019\u00e9conomie d\u2019\u00e9nergie. Il est aujourd\u2019hui pr\u00e9sent dans la quasi-totalit\u00e9 des appareils \u00e9lectroniques. Bien conna\u00eetre ses m\u00e9canismes internes et sa programmation est essentiel pour comprendre et ma\u00eetriser [&hellip;]","og_url":"https:\/\/www.istegroup.com\/fr\/produit\/le-microprocesseur-5\/","og_site_name":"ISTE Group","article_modified_time":"2024-01-03T13:44:54+00:00","og_image":[{"width":593,"height":893,"url":"https:\/\/www.istegroup.com\/wp-content\/uploads\/2021\/06\/Le-microprocesseur-5.jpg","type":"image\/jpeg"}],"twitter_card":"summary_large_image","twitter_misc":{"Est. reading time":"1 minute"},"schema":{"@context":"https:\/\/schema.org","@graph":[{"@type":"WebPage","@id":"https:\/\/www.istegroup.com\/fr\/produit\/le-microprocesseur-5\/","url":"https:\/\/www.istegroup.com\/fr\/produit\/le-microprocesseur-5\/","name":"Le microprocesseur 5 - ISTE Group","isPartOf":{"@id":"https:\/\/www.istegroup.com\/#website"},"primaryImageOfPage":{"@id":"https:\/\/www.istegroup.com\/fr\/produit\/le-microprocesseur-5\/#primaryimage"},"image":{"@id":"https:\/\/www.istegroup.com\/fr\/produit\/le-microprocesseur-5\/#primaryimage"},"thumbnailUrl":"https:\/\/www.istegroup.com\/wp-content\/uploads\/2021\/06\/Le-microprocesseur-5.jpg","datePublished":"2021-06-18T12:59:00+00:00","dateModified":"2024-01-03T13:44:54+00:00","breadcrumb":{"@id":"https:\/\/www.istegroup.com\/fr\/produit\/le-microprocesseur-5\/#breadcrumb"},"inLanguage":"fr-FR","potentialAction":[{"@type":"ReadAction","target":["https:\/\/www.istegroup.com\/fr\/produit\/le-microprocesseur-5\/"]}]},{"@type":"ImageObject","inLanguage":"fr-FR","@id":"https:\/\/www.istegroup.com\/fr\/produit\/le-microprocesseur-5\/#primaryimage","url":"https:\/\/www.istegroup.com\/wp-content\/uploads\/2021\/06\/Le-microprocesseur-5.jpg","contentUrl":"https:\/\/www.istegroup.com\/wp-content\/uploads\/2021\/06\/Le-microprocesseur-5.jpg","width":593,"height":893,"caption":"Aspects logiciels et mat\u00e9riels du d\u00e9veloppement, du d\u00e9bogage et du test"},{"@type":"BreadcrumbList","@id":"https:\/\/www.istegroup.com\/fr\/produit\/le-microprocesseur-5\/#breadcrumb","itemListElement":[{"@type":"ListItem","position":1,"name":"Home","item":"https:\/\/www.istegroup.com\/"},{"@type":"ListItem","position":2,"name":"Shop","item":"https:\/\/www.istegroup.com\/fr\/nouveautes\/"},{"@type":"ListItem","position":3,"name":"Le microprocesseur 5"}]},{"@type":"WebSite","@id":"https:\/\/www.istegroup.com\/#website","url":"https:\/\/www.istegroup.com\/","name":"ISTE Group","description":"\u00c9diteur des Sciences","potentialAction":[{"@type":"SearchAction","target":{"@type":"EntryPoint","urlTemplate":"https:\/\/www.istegroup.com\/?s={search_term_string}"},"query-input":{"@type":"PropertyValueSpecification","valueRequired":true,"valueName":"search_term_string"}}],"inLanguage":"fr-FR"}]}},"_links":{"self":[{"href":"https:\/\/www.istegroup.com\/fr\/wp-json\/wp\/v2\/product\/41658","targetHints":{"allow":["GET"]}}],"collection":[{"href":"https:\/\/www.istegroup.com\/fr\/wp-json\/wp\/v2\/product"}],"about":[{"href":"https:\/\/www.istegroup.com\/fr\/wp-json\/wp\/v2\/types\/product"}],"wp:featuredmedia":[{"embeddable":true,"href":"https:\/\/www.istegroup.com\/fr\/wp-json\/wp\/v2\/media\/41664"}],"wp:attachment":[{"href":"https:\/\/www.istegroup.com\/fr\/wp-json\/wp\/v2\/media?parent=41658"}],"wp:term":[{"taxonomy":"product_brand","embeddable":true,"href":"https:\/\/www.istegroup.com\/fr\/wp-json\/wp\/v2\/product_brand?post=41658"},{"taxonomy":"product_cat","embeddable":true,"href":"https:\/\/www.istegroup.com\/fr\/wp-json\/wp\/v2\/product_cat?post=41658"},{"taxonomy":"product_tag","embeddable":true,"href":"https:\/\/www.istegroup.com\/fr\/wp-json\/wp\/v2\/product_tag?post=41658"}],"curies":[{"name":"wp","href":"https:\/\/api.w.org\/{rel}","templated":true}]}}