{"id":415,"date":"2017-03-05T13:55:10","date_gmt":"2017-03-05T12:55:10","guid":{"rendered":"https:\/\/iste.yhello.co\/product\/les-ecosystemes-dinnovation-et-de-production\/"},"modified":"2024-01-03T13:39:59","modified_gmt":"2024-01-03T13:39:59","slug":"les-ecosystemes-dinnovation-et-de-production","status":"publish","type":"product","link":"https:\/\/www.istegroup.com\/fr\/produit\/les-ecosystemes-dinnovation-et-de-production\/","title":{"rendered":"Les \u00e9cosyst\u00e8mes d\u2019innovation et de production"},"content":{"rendered":"<p>Cet ouvrage d\u00e9crypte l\u2019organisation et le fonctionnement des clusters. Ces derniers semblent aujourd\u2019hui adapt\u00e9s aux exigences d\u2019innovation, de croissance et d\u2019emploi. Le processus qui conduit \u00e0 leur institutionnalisation \u00e9chappe \u00e0 l\u2019analyse sommaire des comportements d\u00e9clench\u00e9s par des incitations mon\u00e9taires.<\/p>\n<p><em>Les \u00e9cosyst\u00e8mes d\u2019innovation et de production<\/em>\u00a0analyse l\u2019aspect relationnel de ce ph\u00e9nom\u00e8ne qui devient pr\u00e9dominant. Les interactions entre les participants t\u00e9moignent de la difficult\u00e9 de s\u00e9parer les dimensions g\u00e9ographique et sociale. Dans les clusters am\u00e9ricains les plus saillants, les articulations public\/priv\u00e9 et la construction de liens sociaux expriment la centralit\u00e9 des r\u00e9seaux dans le processus d\u2019innovation.<\/p>\n<p>La vision europ\u00e9enne est \u00e9galement abord\u00e9e. Elle cherche \u00e0 articuler les d\u00e9couvertes entrepreneuriales avec des interventions publiques verticales. Les p\u00f4les de comp\u00e9titivit\u00e9 en France souffrent du fait que les choix publics semblent tiraill\u00e9s entre deux objectifs contradictoires : efficacit\u00e9 et \u00e9quit\u00e9.<\/p>\n","protected":false},"excerpt":{"rendered":"<p>Cet ouvrage d\u00e9crypte l\u2019organisation et le fonctionnement des clusters. Ces derniers semblent aujourd\u2019hui adapt\u00e9s aux exigences d\u2019innovation, de croissance et d\u2019emploi. Le processus qui conduit \u00e0 leur institutionnalisation \u00e9chappe \u00e0 l\u2019analyse sommaire des comportements d\u00e9clench\u00e9s par des incitations mon\u00e9taires. Les \u00e9cosyst\u00e8mes d\u2019innovation et de production\u00a0analyse l\u2019aspect relationnel de ce ph\u00e9nom\u00e8ne qui devient pr\u00e9dominant. Les interactions [&hellip;]<\/p>\n","protected":false},"featured_media":416,"template":"","meta":{"_acf_changed":false,"_links_to":"","_links_to_target":""},"product_brand":[],"product_cat":[670,675,701],"product_tag":[379,380,31,196,381,385,269,18,19,218,219,20,382,289,197,198,199,21,200,22,201,383,203,204,63,25,205,172,26,206,207,27,99,208,209,212,38,192,145,28,29,213,214,384],"class_list":{"0":"post-415","1":"product","2":"type-product","3":"status-publish","4":"has-post-thumbnail","6":"product_cat-innovation-entrepreneuriat-et-gestion-11041751","7":"product_cat-nouveauts-12519446","8":"product_cat-srie-linnovation-entre-le-risque-et-la-russite-410208657","9":"product_tag-bernard-guilhon","10":"product_tag-clusters","11":"product_tag-ebook","12":"product_tag-ebooks","13":"product_tag-ecosysteme","14":"product_tag-ecosystemes","15":"product_tag-edition-francaise","16":"product_tag-edition-scientifique","17":"product_tag-editions-francaise","18":"product_tag-editions-ouvrage","19":"product_tag-editions-ouvrages","20":"product_tag-editions-technique","21":"product_tag-gestion-des-connaissances-et-innovation","22":"product_tag-innovation","23":"product_tag-iste","24":"product_tag-iste-edition","25":"product_tag-iste-editions","26":"product_tag-iste-group","27":"product_tag-isteedition","28":"product_tag-istegroup","29":"product_tag-kindle","30":"product_tag-les-ecosystemes-dinnovation-et-de-production","31":"product_tag-liseuse","32":"product_tag-livre","33":"product_tag-livre-electronique","34":"product_tag-livre-numerique","35":"product_tag-livre-science","36":"product_tag-livre-scientifique","37":"product_tag-livre-scientifique-francais","38":"product_tag-livre-scientique","39":"product_tag-livre-technique","40":"product_tag-livre-technique-francais","41":"product_tag-livres-numeriques","42":"product_tag-livres-scientifique","43":"product_tag-livres-scientifiques","44":"product_tag-ouvrage","45":"product_tag-ouvrage-numerique","46":"product_tag-ouvrage-science","47":"product_tag-ouvrage-scientifique","48":"product_tag-ouvrage-scientifique-francais","49":"product_tag-ouvrage-technique","50":"product_tag-ouvrages-scientifiques","51":"product_tag-ouvrages-techniques","52":"product_tag-production","54":"first","55":"instock","56":"shipping-taxable","57":"purchasable","58":"product-type-variable"},"acf":[],"yoast_head":"<!-- This site is optimized with the Yoast SEO plugin v27.2 - https:\/\/yoast.com\/product\/yoast-seo-wordpress\/ -->\n<title>Les \u00e9cosyst\u00e8mes d\u2019innovation et de production - ISTE Group<\/title>\n<meta name=\"description\" content=\"Les \u00e9cosyst\u00e8mes d&#039;innovation et de production d\u00e9crypte l\u2019organisation et le fonctionnement des clusters, qui semblent aujourd\u2019hui adapt\u00e9s aux exigences d\u2019innovation, de croissance et d\u2019emploi.\" \/>\n<meta name=\"robots\" content=\"index, follow, max-snippet:-1, max-image-preview:large, max-video-preview:-1\" \/>\n<link rel=\"canonical\" href=\"https:\/\/www.istegroup.com\/fr\/produit\/les-ecosystemes-dinnovation-et-de-production\/\" \/>\n<meta property=\"og:locale\" content=\"fr_FR\" \/>\n<meta property=\"og:type\" content=\"article\" \/>\n<meta property=\"og:title\" content=\"Les \u00e9cosyst\u00e8mes d\u2019innovation et de production - ISTE Group\" \/>\n<meta property=\"og:description\" content=\"Les \u00e9cosyst\u00e8mes d&#039;innovation et de production d\u00e9crypte l\u2019organisation et le fonctionnement des clusters, qui semblent aujourd\u2019hui adapt\u00e9s aux exigences d\u2019innovation, de croissance et d\u2019emploi.\" \/>\n<meta property=\"og:url\" content=\"https:\/\/www.istegroup.com\/fr\/produit\/les-ecosystemes-dinnovation-et-de-production\/\" \/>\n<meta property=\"og:site_name\" content=\"ISTE Group\" \/>\n<meta property=\"article:modified_time\" content=\"2024-01-03T13:39:59+00:00\" \/>\n<meta property=\"og:image\" content=\"https:\/\/www.istegroup.com\/wp-content\/uploads\/2017\/07\/18827342481_8617352145-1.jpg\" \/>\n\t<meta property=\"og:image:width\" content=\"1353\" \/>\n\t<meta property=\"og:image:height\" content=\"2048\" \/>\n\t<meta property=\"og:image:type\" content=\"image\/jpeg\" \/>\n<meta name=\"twitter:card\" content=\"summary_large_image\" \/>\n<meta name=\"twitter:label1\" content=\"Est. reading time\" \/>\n\t<meta name=\"twitter:data1\" content=\"1 minute\" \/>\n<script type=\"application\/ld+json\" class=\"yoast-schema-graph\">{\"@context\":\"https:\/\/schema.org\",\"@graph\":[{\"@type\":\"WebPage\",\"@id\":\"https:\/\/www.istegroup.com\/fr\/produit\/les-ecosystemes-dinnovation-et-de-production\/\",\"url\":\"https:\/\/www.istegroup.com\/fr\/produit\/les-ecosystemes-dinnovation-et-de-production\/\",\"name\":\"Les \u00e9cosyst\u00e8mes d\u2019innovation et de production - ISTE Group\",\"isPartOf\":{\"@id\":\"https:\/\/www.istegroup.com\/#website\"},\"primaryImageOfPage\":{\"@id\":\"https:\/\/www.istegroup.com\/fr\/produit\/les-ecosystemes-dinnovation-et-de-production\/#primaryimage\"},\"image\":{\"@id\":\"https:\/\/www.istegroup.com\/fr\/produit\/les-ecosystemes-dinnovation-et-de-production\/#primaryimage\"},\"thumbnailUrl\":\"https:\/\/www.istegroup.com\/wp-content\/uploads\/2017\/07\/18827342481_8617352145-1.jpg\",\"datePublished\":\"2017-03-05T12:55:10+00:00\",\"dateModified\":\"2024-01-03T13:39:59+00:00\",\"description\":\"Les \u00e9cosyst\u00e8mes d'innovation et de production d\u00e9crypte l\u2019organisation et le fonctionnement des clusters, qui semblent aujourd\u2019hui adapt\u00e9s aux exigences d\u2019innovation, de croissance et d\u2019emploi.\",\"breadcrumb\":{\"@id\":\"https:\/\/www.istegroup.com\/fr\/produit\/les-ecosystemes-dinnovation-et-de-production\/#breadcrumb\"},\"inLanguage\":\"fr-FR\",\"potentialAction\":[{\"@type\":\"ReadAction\",\"target\":[\"https:\/\/www.istegroup.com\/fr\/produit\/les-ecosystemes-dinnovation-et-de-production\/\"]}]},{\"@type\":\"ImageObject\",\"inLanguage\":\"fr-FR\",\"@id\":\"https:\/\/www.istegroup.com\/fr\/produit\/les-ecosystemes-dinnovation-et-de-production\/#primaryimage\",\"url\":\"https:\/\/www.istegroup.com\/wp-content\/uploads\/2017\/07\/18827342481_8617352145-1.jpg\",\"contentUrl\":\"https:\/\/www.istegroup.com\/wp-content\/uploads\/2017\/07\/18827342481_8617352145-1.jpg\",\"width\":1353,\"height\":2048,\"caption\":\"Apprentissages localis\u00e9s et ressources communes\"},{\"@type\":\"BreadcrumbList\",\"@id\":\"https:\/\/www.istegroup.com\/fr\/produit\/les-ecosystemes-dinnovation-et-de-production\/#breadcrumb\",\"itemListElement\":[{\"@type\":\"ListItem\",\"position\":1,\"name\":\"Home\",\"item\":\"https:\/\/www.istegroup.com\/\"},{\"@type\":\"ListItem\",\"position\":2,\"name\":\"Shop\",\"item\":\"https:\/\/www.istegroup.com\/fr\/nouveautes\/\"},{\"@type\":\"ListItem\",\"position\":3,\"name\":\"Les \u00e9cosyst\u00e8mes d\u2019innovation et de production\"}]},{\"@type\":\"WebSite\",\"@id\":\"https:\/\/www.istegroup.com\/#website\",\"url\":\"https:\/\/www.istegroup.com\/\",\"name\":\"ISTE Group\",\"description\":\"\u00c9diteur des Sciences\",\"potentialAction\":[{\"@type\":\"SearchAction\",\"target\":{\"@type\":\"EntryPoint\",\"urlTemplate\":\"https:\/\/www.istegroup.com\/?s={search_term_string}\"},\"query-input\":{\"@type\":\"PropertyValueSpecification\",\"valueRequired\":true,\"valueName\":\"search_term_string\"}}],\"inLanguage\":\"fr-FR\"}]}<\/script>\n<!-- \/ Yoast SEO plugin. -->","yoast_head_json":{"title":"Les \u00e9cosyst\u00e8mes d\u2019innovation et de production - ISTE Group","description":"Les \u00e9cosyst\u00e8mes d'innovation et de production d\u00e9crypte l\u2019organisation et le fonctionnement des clusters, qui semblent aujourd\u2019hui adapt\u00e9s aux exigences d\u2019innovation, de croissance et d\u2019emploi.","robots":{"index":"index","follow":"follow","max-snippet":"max-snippet:-1","max-image-preview":"max-image-preview:large","max-video-preview":"max-video-preview:-1"},"canonical":"https:\/\/www.istegroup.com\/fr\/produit\/les-ecosystemes-dinnovation-et-de-production\/","og_locale":"fr_FR","og_type":"article","og_title":"Les \u00e9cosyst\u00e8mes d\u2019innovation et de production - ISTE Group","og_description":"Les \u00e9cosyst\u00e8mes d'innovation et de production d\u00e9crypte l\u2019organisation et le fonctionnement des clusters, qui semblent aujourd\u2019hui adapt\u00e9s aux exigences d\u2019innovation, de croissance et d\u2019emploi.","og_url":"https:\/\/www.istegroup.com\/fr\/produit\/les-ecosystemes-dinnovation-et-de-production\/","og_site_name":"ISTE Group","article_modified_time":"2024-01-03T13:39:59+00:00","og_image":[{"width":1353,"height":2048,"url":"https:\/\/www.istegroup.com\/wp-content\/uploads\/2017\/07\/18827342481_8617352145-1.jpg","type":"image\/jpeg"}],"twitter_card":"summary_large_image","twitter_misc":{"Est. reading time":"1 minute"},"schema":{"@context":"https:\/\/schema.org","@graph":[{"@type":"WebPage","@id":"https:\/\/www.istegroup.com\/fr\/produit\/les-ecosystemes-dinnovation-et-de-production\/","url":"https:\/\/www.istegroup.com\/fr\/produit\/les-ecosystemes-dinnovation-et-de-production\/","name":"Les \u00e9cosyst\u00e8mes d\u2019innovation et de production - ISTE Group","isPartOf":{"@id":"https:\/\/www.istegroup.com\/#website"},"primaryImageOfPage":{"@id":"https:\/\/www.istegroup.com\/fr\/produit\/les-ecosystemes-dinnovation-et-de-production\/#primaryimage"},"image":{"@id":"https:\/\/www.istegroup.com\/fr\/produit\/les-ecosystemes-dinnovation-et-de-production\/#primaryimage"},"thumbnailUrl":"https:\/\/www.istegroup.com\/wp-content\/uploads\/2017\/07\/18827342481_8617352145-1.jpg","datePublished":"2017-03-05T12:55:10+00:00","dateModified":"2024-01-03T13:39:59+00:00","description":"Les \u00e9cosyst\u00e8mes d'innovation et de production d\u00e9crypte l\u2019organisation et le fonctionnement des clusters, qui semblent aujourd\u2019hui adapt\u00e9s aux exigences d\u2019innovation, de croissance et d\u2019emploi.","breadcrumb":{"@id":"https:\/\/www.istegroup.com\/fr\/produit\/les-ecosystemes-dinnovation-et-de-production\/#breadcrumb"},"inLanguage":"fr-FR","potentialAction":[{"@type":"ReadAction","target":["https:\/\/www.istegroup.com\/fr\/produit\/les-ecosystemes-dinnovation-et-de-production\/"]}]},{"@type":"ImageObject","inLanguage":"fr-FR","@id":"https:\/\/www.istegroup.com\/fr\/produit\/les-ecosystemes-dinnovation-et-de-production\/#primaryimage","url":"https:\/\/www.istegroup.com\/wp-content\/uploads\/2017\/07\/18827342481_8617352145-1.jpg","contentUrl":"https:\/\/www.istegroup.com\/wp-content\/uploads\/2017\/07\/18827342481_8617352145-1.jpg","width":1353,"height":2048,"caption":"Apprentissages localis\u00e9s et ressources communes"},{"@type":"BreadcrumbList","@id":"https:\/\/www.istegroup.com\/fr\/produit\/les-ecosystemes-dinnovation-et-de-production\/#breadcrumb","itemListElement":[{"@type":"ListItem","position":1,"name":"Home","item":"https:\/\/www.istegroup.com\/"},{"@type":"ListItem","position":2,"name":"Shop","item":"https:\/\/www.istegroup.com\/fr\/nouveautes\/"},{"@type":"ListItem","position":3,"name":"Les \u00e9cosyst\u00e8mes d\u2019innovation et de production"}]},{"@type":"WebSite","@id":"https:\/\/www.istegroup.com\/#website","url":"https:\/\/www.istegroup.com\/","name":"ISTE Group","description":"\u00c9diteur des Sciences","potentialAction":[{"@type":"SearchAction","target":{"@type":"EntryPoint","urlTemplate":"https:\/\/www.istegroup.com\/?s={search_term_string}"},"query-input":{"@type":"PropertyValueSpecification","valueRequired":true,"valueName":"search_term_string"}}],"inLanguage":"fr-FR"}]}},"_links":{"self":[{"href":"https:\/\/www.istegroup.com\/fr\/wp-json\/wp\/v2\/product\/415","targetHints":{"allow":["GET"]}}],"collection":[{"href":"https:\/\/www.istegroup.com\/fr\/wp-json\/wp\/v2\/product"}],"about":[{"href":"https:\/\/www.istegroup.com\/fr\/wp-json\/wp\/v2\/types\/product"}],"wp:featuredmedia":[{"embeddable":true,"href":"https:\/\/www.istegroup.com\/fr\/wp-json\/wp\/v2\/media\/416"}],"wp:attachment":[{"href":"https:\/\/www.istegroup.com\/fr\/wp-json\/wp\/v2\/media?parent=415"}],"wp:term":[{"taxonomy":"product_brand","embeddable":true,"href":"https:\/\/www.istegroup.com\/fr\/wp-json\/wp\/v2\/product_brand?post=415"},{"taxonomy":"product_cat","embeddable":true,"href":"https:\/\/www.istegroup.com\/fr\/wp-json\/wp\/v2\/product_cat?post=415"},{"taxonomy":"product_tag","embeddable":true,"href":"https:\/\/www.istegroup.com\/fr\/wp-json\/wp\/v2\/product_tag?post=415"}],"curies":[{"name":"wp","href":"https:\/\/api.w.org\/{rel}","templated":true}]}}