{"id":40879,"date":"2021-06-17T15:42:07","date_gmt":"2021-06-17T14:42:07","guid":{"rendered":"https:\/\/www.istegroup.com\/?post_type=product&#038;p=40879"},"modified":"2024-01-03T13:44:49","modified_gmt":"2024-01-03T13:44:49","slug":"spiritualite-et-consommation","status":"publish","type":"product","link":"https:\/\/www.istegroup.com\/fr\/produit\/spiritualite-et-consommation\/","title":{"rendered":"Spiritualit\u00e9 et consommation"},"content":{"rendered":"<p>Si le slogan \u00ab Signe ext\u00e9rieur de richesse int\u00e9rieure \u00bb, qui visait \u00e0 promouvoir un v\u00e9hicule d\u2019une c\u00e9l\u00e8bre marque fran\u00e7aise ne peut r\u00e9sumer \u00e0 lui seul l\u2019air du temps, il vient cependant traduire la sensibilit\u00e9 grandissante des consommateurs \u00e0 l\u2019\u00e9gard de produits ou services en lien avec la spiritualit\u00e9.<\/p>\n<p>Dans un contexte de crise sanitaire, \u00e9conomique et environnementale qui laisse planer des interrogations sur nos mod\u00e8les de d\u00e9veloppement, la question du sens s\u2019impose de plus en plus \u00e0 nos concitoyens. Poser la question du sens n\u2019entra\u00eene pas syst\u00e9matiquement une r\u00e9flexion sur le terrain de la spiritualit\u00e9, mais le spirituel repr\u00e9sente un espace possible de r\u00e9ponses.<\/p>\n<p>\u00c0 travers un grand nombre d\u2019exemples et d\u2019une enqu\u00eate qualitative, cet ouvrage mesure et analyse les manifestations les plus concr\u00e8tes de cette propension au spirituel dans la consommation de produits et services.<\/p>\n<p><a class=\"button\" style=\"margin-right: 10%\" href=\"https:\/\/www.istegroup.com\/wp-content\/uploads\/2021\/05\/777_Spiritualite-et-consommation_TDM.pdf\" target=\"_blank\" rel=\"noopener noreferrer\">Table des mati\u00e8res<\/a><a class=\"button\" style=\"margin-left: 10%\" href=\"https:\/\/www.istegroup.com\/wp-content\/uploads\/2021\/05\/777_Spiritualite-et-consommation_premiere-partie.pdf\" target=\"_blank\" rel=\"noopener noreferrer\">Avant-propos et introduction<\/a><\/p>","protected":false},"excerpt":{"rendered":"<p>Si le slogan \u00ab Signe ext\u00e9rieur de richesse int\u00e9rieure \u00bb, qui visait \u00e0 promouvoir un v\u00e9hicule d\u2019une c\u00e9l\u00e8bre marque fran\u00e7aise ne peut r\u00e9sumer \u00e0 lui seul l\u2019air du temps, il vient cependant traduire la sensibilit\u00e9 grandissante des consommateurs \u00e0 l\u2019\u00e9gard de produits ou services en lien avec la spiritualit\u00e9. Dans un contexte de crise sanitaire, [&hellip;]<\/p>\n","protected":false},"featured_media":40884,"template":"","meta":{"_acf_changed":false,"_links_to":"","_links_to_target":""},"product_brand":[],"product_cat":[3262],"product_tag":[],"class_list":{"0":"post-40879","1":"product","2":"type-product","3":"status-publish","4":"has-post-thumbnail","6":"product_cat-non-classe","8":"first","9":"instock","10":"shipping-taxable","11":"purchasable","12":"product-type-variable"},"acf":[],"yoast_head":"<!-- This site is optimized with the Yoast SEO plugin v27.2 - https:\/\/yoast.com\/product\/yoast-seo-wordpress\/ -->\n<title>Spiritualit\u00e9 et consommation - ISTE Group<\/title>\n<meta name=\"robots\" content=\"index, follow, max-snippet:-1, max-image-preview:large, max-video-preview:-1\" \/>\n<link rel=\"canonical\" href=\"https:\/\/www.istegroup.com\/fr\/produit\/spiritualite-et-consommation\/\" \/>\n<meta property=\"og:locale\" content=\"fr_FR\" \/>\n<meta property=\"og:type\" content=\"article\" \/>\n<meta property=\"og:title\" content=\"Spiritualit\u00e9 et consommation - ISTE Group\" \/>\n<meta property=\"og:description\" content=\"Si le slogan \u00ab Signe ext\u00e9rieur de richesse int\u00e9rieure \u00bb, qui visait \u00e0 promouvoir un v\u00e9hicule d\u2019une c\u00e9l\u00e8bre marque fran\u00e7aise ne peut r\u00e9sumer \u00e0 lui seul l\u2019air du temps, il vient cependant traduire la sensibilit\u00e9 grandissante des consommateurs \u00e0 l\u2019\u00e9gard de produits ou services en lien avec la spiritualit\u00e9. Dans un contexte de crise sanitaire, [&hellip;]\" \/>\n<meta property=\"og:url\" content=\"https:\/\/www.istegroup.com\/fr\/produit\/spiritualite-et-consommation\/\" \/>\n<meta property=\"og:site_name\" content=\"ISTE Group\" \/>\n<meta property=\"article:modified_time\" content=\"2024-01-03T13:44:49+00:00\" \/>\n<meta property=\"og:image\" content=\"https:\/\/www.istegroup.com\/wp-content\/uploads\/2021\/05\/Spiritualite-et-consommation.jpg\" \/>\n\t<meta property=\"og:image:width\" content=\"499\" \/>\n\t<meta property=\"og:image:height\" content=\"754\" \/>\n\t<meta property=\"og:image:type\" content=\"image\/jpeg\" \/>\n<meta name=\"twitter:card\" content=\"summary_large_image\" \/>\n<meta name=\"twitter:label1\" content=\"Est. reading time\" \/>\n\t<meta name=\"twitter:data1\" content=\"1 minute\" \/>\n<script type=\"application\/ld+json\" class=\"yoast-schema-graph\">{\"@context\":\"https:\/\/schema.org\",\"@graph\":[{\"@type\":\"WebPage\",\"@id\":\"https:\/\/www.istegroup.com\/fr\/produit\/spiritualite-et-consommation\/\",\"url\":\"https:\/\/www.istegroup.com\/fr\/produit\/spiritualite-et-consommation\/\",\"name\":\"Spiritualit\u00e9 et consommation - ISTE Group\",\"isPartOf\":{\"@id\":\"https:\/\/www.istegroup.com\/#website\"},\"primaryImageOfPage\":{\"@id\":\"https:\/\/www.istegroup.com\/fr\/produit\/spiritualite-et-consommation\/#primaryimage\"},\"image\":{\"@id\":\"https:\/\/www.istegroup.com\/fr\/produit\/spiritualite-et-consommation\/#primaryimage\"},\"thumbnailUrl\":\"https:\/\/www.istegroup.com\/wp-content\/uploads\/2021\/05\/Spiritualite-et-consommation.jpg\",\"datePublished\":\"2021-06-17T14:42:07+00:00\",\"dateModified\":\"2024-01-03T13:44:49+00:00\",\"breadcrumb\":{\"@id\":\"https:\/\/www.istegroup.com\/fr\/produit\/spiritualite-et-consommation\/#breadcrumb\"},\"inLanguage\":\"fr-FR\",\"potentialAction\":[{\"@type\":\"ReadAction\",\"target\":[\"https:\/\/www.istegroup.com\/fr\/produit\/spiritualite-et-consommation\/\"]}]},{\"@type\":\"ImageObject\",\"inLanguage\":\"fr-FR\",\"@id\":\"https:\/\/www.istegroup.com\/fr\/produit\/spiritualite-et-consommation\/#primaryimage\",\"url\":\"https:\/\/www.istegroup.com\/wp-content\/uploads\/2021\/05\/Spiritualite-et-consommation.jpg\",\"contentUrl\":\"https:\/\/www.istegroup.com\/wp-content\/uploads\/2021\/05\/Spiritualite-et-consommation.jpg\",\"width\":499,\"height\":754},{\"@type\":\"BreadcrumbList\",\"@id\":\"https:\/\/www.istegroup.com\/fr\/produit\/spiritualite-et-consommation\/#breadcrumb\",\"itemListElement\":[{\"@type\":\"ListItem\",\"position\":1,\"name\":\"Home\",\"item\":\"https:\/\/www.istegroup.com\/\"},{\"@type\":\"ListItem\",\"position\":2,\"name\":\"Shop\",\"item\":\"https:\/\/www.istegroup.com\/fr\/nouveautes\/\"},{\"@type\":\"ListItem\",\"position\":3,\"name\":\"Spiritualit\u00e9 et consommation\"}]},{\"@type\":\"WebSite\",\"@id\":\"https:\/\/www.istegroup.com\/#website\",\"url\":\"https:\/\/www.istegroup.com\/\",\"name\":\"ISTE Group\",\"description\":\"\u00c9diteur des Sciences\",\"potentialAction\":[{\"@type\":\"SearchAction\",\"target\":{\"@type\":\"EntryPoint\",\"urlTemplate\":\"https:\/\/www.istegroup.com\/?s={search_term_string}\"},\"query-input\":{\"@type\":\"PropertyValueSpecification\",\"valueRequired\":true,\"valueName\":\"search_term_string\"}}],\"inLanguage\":\"fr-FR\"}]}<\/script>\n<!-- \/ Yoast SEO plugin. -->","yoast_head_json":{"title":"Spiritualit\u00e9 et consommation - ISTE Group","robots":{"index":"index","follow":"follow","max-snippet":"max-snippet:-1","max-image-preview":"max-image-preview:large","max-video-preview":"max-video-preview:-1"},"canonical":"https:\/\/www.istegroup.com\/fr\/produit\/spiritualite-et-consommation\/","og_locale":"fr_FR","og_type":"article","og_title":"Spiritualit\u00e9 et consommation - ISTE Group","og_description":"Si le slogan \u00ab Signe ext\u00e9rieur de richesse int\u00e9rieure \u00bb, qui visait \u00e0 promouvoir un v\u00e9hicule d\u2019une c\u00e9l\u00e8bre marque fran\u00e7aise ne peut r\u00e9sumer \u00e0 lui seul l\u2019air du temps, il vient cependant traduire la sensibilit\u00e9 grandissante des consommateurs \u00e0 l\u2019\u00e9gard de produits ou services en lien avec la spiritualit\u00e9. Dans un contexte de crise sanitaire, [&hellip;]","og_url":"https:\/\/www.istegroup.com\/fr\/produit\/spiritualite-et-consommation\/","og_site_name":"ISTE Group","article_modified_time":"2024-01-03T13:44:49+00:00","og_image":[{"width":499,"height":754,"url":"https:\/\/www.istegroup.com\/wp-content\/uploads\/2021\/05\/Spiritualite-et-consommation.jpg","type":"image\/jpeg"}],"twitter_card":"summary_large_image","twitter_misc":{"Est. reading time":"1 minute"},"schema":{"@context":"https:\/\/schema.org","@graph":[{"@type":"WebPage","@id":"https:\/\/www.istegroup.com\/fr\/produit\/spiritualite-et-consommation\/","url":"https:\/\/www.istegroup.com\/fr\/produit\/spiritualite-et-consommation\/","name":"Spiritualit\u00e9 et consommation - ISTE Group","isPartOf":{"@id":"https:\/\/www.istegroup.com\/#website"},"primaryImageOfPage":{"@id":"https:\/\/www.istegroup.com\/fr\/produit\/spiritualite-et-consommation\/#primaryimage"},"image":{"@id":"https:\/\/www.istegroup.com\/fr\/produit\/spiritualite-et-consommation\/#primaryimage"},"thumbnailUrl":"https:\/\/www.istegroup.com\/wp-content\/uploads\/2021\/05\/Spiritualite-et-consommation.jpg","datePublished":"2021-06-17T14:42:07+00:00","dateModified":"2024-01-03T13:44:49+00:00","breadcrumb":{"@id":"https:\/\/www.istegroup.com\/fr\/produit\/spiritualite-et-consommation\/#breadcrumb"},"inLanguage":"fr-FR","potentialAction":[{"@type":"ReadAction","target":["https:\/\/www.istegroup.com\/fr\/produit\/spiritualite-et-consommation\/"]}]},{"@type":"ImageObject","inLanguage":"fr-FR","@id":"https:\/\/www.istegroup.com\/fr\/produit\/spiritualite-et-consommation\/#primaryimage","url":"https:\/\/www.istegroup.com\/wp-content\/uploads\/2021\/05\/Spiritualite-et-consommation.jpg","contentUrl":"https:\/\/www.istegroup.com\/wp-content\/uploads\/2021\/05\/Spiritualite-et-consommation.jpg","width":499,"height":754},{"@type":"BreadcrumbList","@id":"https:\/\/www.istegroup.com\/fr\/produit\/spiritualite-et-consommation\/#breadcrumb","itemListElement":[{"@type":"ListItem","position":1,"name":"Home","item":"https:\/\/www.istegroup.com\/"},{"@type":"ListItem","position":2,"name":"Shop","item":"https:\/\/www.istegroup.com\/fr\/nouveautes\/"},{"@type":"ListItem","position":3,"name":"Spiritualit\u00e9 et consommation"}]},{"@type":"WebSite","@id":"https:\/\/www.istegroup.com\/#website","url":"https:\/\/www.istegroup.com\/","name":"ISTE Group","description":"\u00c9diteur des Sciences","potentialAction":[{"@type":"SearchAction","target":{"@type":"EntryPoint","urlTemplate":"https:\/\/www.istegroup.com\/?s={search_term_string}"},"query-input":{"@type":"PropertyValueSpecification","valueRequired":true,"valueName":"search_term_string"}}],"inLanguage":"fr-FR"}]}},"_links":{"self":[{"href":"https:\/\/www.istegroup.com\/fr\/wp-json\/wp\/v2\/product\/40879","targetHints":{"allow":["GET"]}}],"collection":[{"href":"https:\/\/www.istegroup.com\/fr\/wp-json\/wp\/v2\/product"}],"about":[{"href":"https:\/\/www.istegroup.com\/fr\/wp-json\/wp\/v2\/types\/product"}],"wp:featuredmedia":[{"embeddable":true,"href":"https:\/\/www.istegroup.com\/fr\/wp-json\/wp\/v2\/media\/40884"}],"wp:attachment":[{"href":"https:\/\/www.istegroup.com\/fr\/wp-json\/wp\/v2\/media?parent=40879"}],"wp:term":[{"taxonomy":"product_brand","embeddable":true,"href":"https:\/\/www.istegroup.com\/fr\/wp-json\/wp\/v2\/product_brand?post=40879"},{"taxonomy":"product_cat","embeddable":true,"href":"https:\/\/www.istegroup.com\/fr\/wp-json\/wp\/v2\/product_cat?post=40879"},{"taxonomy":"product_tag","embeddable":true,"href":"https:\/\/www.istegroup.com\/fr\/wp-json\/wp\/v2\/product_tag?post=40879"}],"curies":[{"name":"wp","href":"https:\/\/api.w.org\/{rel}","templated":true}]}}