{"id":40834,"date":"2021-06-17T11:09:20","date_gmt":"2021-06-17T10:09:20","guid":{"rendered":"https:\/\/www.istegroup.com\/?post_type=product&#038;p=40834"},"modified":"2024-01-03T13:44:48","modified_gmt":"2024-01-03T13:44:48","slug":"des-nuages-au-cerveau","status":"publish","type":"product","link":"https:\/\/www.istegroup.com\/fr\/produit\/des-nuages-au-cerveau\/","title":{"rendered":"Des nuages au cerveau"},"content":{"rendered":"<p><em>Des nuages au cerveau<\/em> pr\u00e9sente un voyage historique et \u00e9pist\u00e9mologique dans l\u2019histoire de l\u2019\u00e9lectricit\u00e9 m\u00e9dicale entre le XVIIIe et le XXIe si\u00e8cle. Les forces de la nature au centre de l\u2019organe c\u00e9r\u00e9bral humain et ses modes d\u2019exploration, de stimulation et de soin des maladies mentales par le biais de l\u2019\u00e9lectricit\u00e9 seront examin\u00e9s.<\/p>\n<p>Bien que l\u2019histoire de l\u2019exploration et de la simulation c\u00e9r\u00e9brales puisse sembler r\u00e9cente, cet ouvrage propose d\u2019en \u00e9largir la p\u00e9riodicit\u00e9 afin de tenir compte des racines philosophiques, scientifiques et techniques des usages de l\u2019\u00e9lectricit\u00e9 m\u00e9dicale \u00e0 partir du XVIIIe si\u00e8cle.<\/p>\n<p>Dans le cadre de cette \u00e9tude, les effets et les applications de l\u2019\u00e9lectricit\u00e9 sur le corps, le cerveau et les \u00eatres vivants ont \u00e9t\u00e9 recueillis et corr\u00e9l\u00e9s, afin de montrer les connexions entre ces diff\u00e9rents champs. Si cette p\u00e9riode assez longue a \u00e9t\u00e9 privil\u00e9gi\u00e9e, l\u2019analyse \u00e9pist\u00e9mologique a \u00e9t\u00e9 concentr\u00e9e autour du cerveau humain.<\/p>\n<p><a class=\"button\" style=\"margin-right: 10%\" href=\"https:\/\/www.istegroup.com\/wp-content\/uploads\/2021\/05\/756_Des-nuages-au-cerveau_TDM.pdf\" target=\"_blank\" rel=\"noopener noreferrer\">Table des mati\u00e8res<\/a><a class=\"button\" style=\"margin-left: 10%\" href=\"https:\/\/www.istegroup.com\/wp-content\/uploads\/2021\/05\/756_Des-nuages-au-cerveau_premiere-partie.pdf\" target=\"_blank\" rel=\"noopener noreferrer\">Pr\u00e9face et Avant-propos<\/a><\/p>","protected":false},"excerpt":{"rendered":"<p>Des nuages au cerveau pr\u00e9sente un voyage historique et \u00e9pist\u00e9mologique dans l\u2019histoire de l\u2019\u00e9lectricit\u00e9 m\u00e9dicale entre le XVIIIe et le XXIe si\u00e8cle. Les forces de la nature au centre de l\u2019organe c\u00e9r\u00e9bral humain et ses modes d\u2019exploration, de stimulation et de soin des maladies mentales par le biais de l\u2019\u00e9lectricit\u00e9 seront examin\u00e9s. Bien que l\u2019histoire [&hellip;]<\/p>\n","protected":false},"featured_media":40839,"template":"","meta":{"_acf_changed":false,"_links_to":"","_links_to_target":""},"product_brand":[],"product_cat":[3262],"product_tag":[],"class_list":{"0":"post-40834","1":"product","2":"type-product","3":"status-publish","4":"has-post-thumbnail","6":"product_cat-non-classe","8":"first","9":"instock","10":"shipping-taxable","11":"purchasable","12":"product-type-variable"},"acf":[],"yoast_head":"<!-- This site is optimized with the Yoast SEO plugin v27.2 - https:\/\/yoast.com\/product\/yoast-seo-wordpress\/ -->\n<title>Des nuages au cerveau - ISTE Group<\/title>\n<meta name=\"robots\" content=\"index, follow, max-snippet:-1, max-image-preview:large, max-video-preview:-1\" \/>\n<link rel=\"canonical\" href=\"https:\/\/www.istegroup.com\/fr\/produit\/des-nuages-au-cerveau\/\" \/>\n<meta property=\"og:locale\" content=\"fr_FR\" \/>\n<meta property=\"og:type\" content=\"article\" \/>\n<meta property=\"og:title\" content=\"Des nuages au cerveau - ISTE Group\" \/>\n<meta property=\"og:description\" content=\"Des nuages au cerveau pr\u00e9sente un voyage historique et \u00e9pist\u00e9mologique dans l\u2019histoire de l\u2019\u00e9lectricit\u00e9 m\u00e9dicale entre le XVIIIe et le XXIe si\u00e8cle. Les forces de la nature au centre de l\u2019organe c\u00e9r\u00e9bral humain et ses modes d\u2019exploration, de stimulation et de soin des maladies mentales par le biais de l\u2019\u00e9lectricit\u00e9 seront examin\u00e9s. Bien que l\u2019histoire [&hellip;]\" \/>\n<meta property=\"og:url\" content=\"https:\/\/www.istegroup.com\/fr\/produit\/des-nuages-au-cerveau\/\" \/>\n<meta property=\"og:site_name\" content=\"ISTE Group\" \/>\n<meta property=\"article:modified_time\" content=\"2024-01-03T13:44:48+00:00\" \/>\n<meta property=\"og:image\" content=\"https:\/\/www.istegroup.com\/wp-content\/uploads\/2021\/05\/Des-nuages-au-cerveau.jpg\" \/>\n\t<meta property=\"og:image:width\" content=\"604\" \/>\n\t<meta property=\"og:image:height\" content=\"912\" \/>\n\t<meta property=\"og:image:type\" content=\"image\/jpeg\" \/>\n<meta name=\"twitter:card\" content=\"summary_large_image\" \/>\n<meta name=\"twitter:label1\" content=\"Est. reading time\" \/>\n\t<meta name=\"twitter:data1\" content=\"1 minute\" \/>\n<script type=\"application\/ld+json\" class=\"yoast-schema-graph\">{\"@context\":\"https:\/\/schema.org\",\"@graph\":[{\"@type\":\"WebPage\",\"@id\":\"https:\/\/www.istegroup.com\/fr\/produit\/des-nuages-au-cerveau\/\",\"url\":\"https:\/\/www.istegroup.com\/fr\/produit\/des-nuages-au-cerveau\/\",\"name\":\"Des nuages au cerveau - ISTE Group\",\"isPartOf\":{\"@id\":\"https:\/\/www.istegroup.com\/#website\"},\"primaryImageOfPage\":{\"@id\":\"https:\/\/www.istegroup.com\/fr\/produit\/des-nuages-au-cerveau\/#primaryimage\"},\"image\":{\"@id\":\"https:\/\/www.istegroup.com\/fr\/produit\/des-nuages-au-cerveau\/#primaryimage\"},\"thumbnailUrl\":\"https:\/\/www.istegroup.com\/wp-content\/uploads\/2021\/05\/Des-nuages-au-cerveau.jpg\",\"datePublished\":\"2021-06-17T10:09:20+00:00\",\"dateModified\":\"2024-01-03T13:44:48+00:00\",\"breadcrumb\":{\"@id\":\"https:\/\/www.istegroup.com\/fr\/produit\/des-nuages-au-cerveau\/#breadcrumb\"},\"inLanguage\":\"fr-FR\",\"potentialAction\":[{\"@type\":\"ReadAction\",\"target\":[\"https:\/\/www.istegroup.com\/fr\/produit\/des-nuages-au-cerveau\/\"]}]},{\"@type\":\"ImageObject\",\"inLanguage\":\"fr-FR\",\"@id\":\"https:\/\/www.istegroup.com\/fr\/produit\/des-nuages-au-cerveau\/#primaryimage\",\"url\":\"https:\/\/www.istegroup.com\/wp-content\/uploads\/2021\/05\/Des-nuages-au-cerveau.jpg\",\"contentUrl\":\"https:\/\/www.istegroup.com\/wp-content\/uploads\/2021\/05\/Des-nuages-au-cerveau.jpg\",\"width\":604,\"height\":912},{\"@type\":\"BreadcrumbList\",\"@id\":\"https:\/\/www.istegroup.com\/fr\/produit\/des-nuages-au-cerveau\/#breadcrumb\",\"itemListElement\":[{\"@type\":\"ListItem\",\"position\":1,\"name\":\"Home\",\"item\":\"https:\/\/www.istegroup.com\/\"},{\"@type\":\"ListItem\",\"position\":2,\"name\":\"Shop\",\"item\":\"https:\/\/www.istegroup.com\/fr\/nouveautes\/\"},{\"@type\":\"ListItem\",\"position\":3,\"name\":\"Des nuages au cerveau\"}]},{\"@type\":\"WebSite\",\"@id\":\"https:\/\/www.istegroup.com\/#website\",\"url\":\"https:\/\/www.istegroup.com\/\",\"name\":\"ISTE Group\",\"description\":\"\u00c9diteur des Sciences\",\"potentialAction\":[{\"@type\":\"SearchAction\",\"target\":{\"@type\":\"EntryPoint\",\"urlTemplate\":\"https:\/\/www.istegroup.com\/?s={search_term_string}\"},\"query-input\":{\"@type\":\"PropertyValueSpecification\",\"valueRequired\":true,\"valueName\":\"search_term_string\"}}],\"inLanguage\":\"fr-FR\"}]}<\/script>\n<!-- \/ Yoast SEO plugin. -->","yoast_head_json":{"title":"Des nuages au cerveau - ISTE Group","robots":{"index":"index","follow":"follow","max-snippet":"max-snippet:-1","max-image-preview":"max-image-preview:large","max-video-preview":"max-video-preview:-1"},"canonical":"https:\/\/www.istegroup.com\/fr\/produit\/des-nuages-au-cerveau\/","og_locale":"fr_FR","og_type":"article","og_title":"Des nuages au cerveau - ISTE Group","og_description":"Des nuages au cerveau pr\u00e9sente un voyage historique et \u00e9pist\u00e9mologique dans l\u2019histoire de l\u2019\u00e9lectricit\u00e9 m\u00e9dicale entre le XVIIIe et le XXIe si\u00e8cle. Les forces de la nature au centre de l\u2019organe c\u00e9r\u00e9bral humain et ses modes d\u2019exploration, de stimulation et de soin des maladies mentales par le biais de l\u2019\u00e9lectricit\u00e9 seront examin\u00e9s. Bien que l\u2019histoire [&hellip;]","og_url":"https:\/\/www.istegroup.com\/fr\/produit\/des-nuages-au-cerveau\/","og_site_name":"ISTE Group","article_modified_time":"2024-01-03T13:44:48+00:00","og_image":[{"width":604,"height":912,"url":"https:\/\/www.istegroup.com\/wp-content\/uploads\/2021\/05\/Des-nuages-au-cerveau.jpg","type":"image\/jpeg"}],"twitter_card":"summary_large_image","twitter_misc":{"Est. reading time":"1 minute"},"schema":{"@context":"https:\/\/schema.org","@graph":[{"@type":"WebPage","@id":"https:\/\/www.istegroup.com\/fr\/produit\/des-nuages-au-cerveau\/","url":"https:\/\/www.istegroup.com\/fr\/produit\/des-nuages-au-cerveau\/","name":"Des nuages au cerveau - ISTE Group","isPartOf":{"@id":"https:\/\/www.istegroup.com\/#website"},"primaryImageOfPage":{"@id":"https:\/\/www.istegroup.com\/fr\/produit\/des-nuages-au-cerveau\/#primaryimage"},"image":{"@id":"https:\/\/www.istegroup.com\/fr\/produit\/des-nuages-au-cerveau\/#primaryimage"},"thumbnailUrl":"https:\/\/www.istegroup.com\/wp-content\/uploads\/2021\/05\/Des-nuages-au-cerveau.jpg","datePublished":"2021-06-17T10:09:20+00:00","dateModified":"2024-01-03T13:44:48+00:00","breadcrumb":{"@id":"https:\/\/www.istegroup.com\/fr\/produit\/des-nuages-au-cerveau\/#breadcrumb"},"inLanguage":"fr-FR","potentialAction":[{"@type":"ReadAction","target":["https:\/\/www.istegroup.com\/fr\/produit\/des-nuages-au-cerveau\/"]}]},{"@type":"ImageObject","inLanguage":"fr-FR","@id":"https:\/\/www.istegroup.com\/fr\/produit\/des-nuages-au-cerveau\/#primaryimage","url":"https:\/\/www.istegroup.com\/wp-content\/uploads\/2021\/05\/Des-nuages-au-cerveau.jpg","contentUrl":"https:\/\/www.istegroup.com\/wp-content\/uploads\/2021\/05\/Des-nuages-au-cerveau.jpg","width":604,"height":912},{"@type":"BreadcrumbList","@id":"https:\/\/www.istegroup.com\/fr\/produit\/des-nuages-au-cerveau\/#breadcrumb","itemListElement":[{"@type":"ListItem","position":1,"name":"Home","item":"https:\/\/www.istegroup.com\/"},{"@type":"ListItem","position":2,"name":"Shop","item":"https:\/\/www.istegroup.com\/fr\/nouveautes\/"},{"@type":"ListItem","position":3,"name":"Des nuages au cerveau"}]},{"@type":"WebSite","@id":"https:\/\/www.istegroup.com\/#website","url":"https:\/\/www.istegroup.com\/","name":"ISTE Group","description":"\u00c9diteur des Sciences","potentialAction":[{"@type":"SearchAction","target":{"@type":"EntryPoint","urlTemplate":"https:\/\/www.istegroup.com\/?s={search_term_string}"},"query-input":{"@type":"PropertyValueSpecification","valueRequired":true,"valueName":"search_term_string"}}],"inLanguage":"fr-FR"}]}},"_links":{"self":[{"href":"https:\/\/www.istegroup.com\/fr\/wp-json\/wp\/v2\/product\/40834","targetHints":{"allow":["GET"]}}],"collection":[{"href":"https:\/\/www.istegroup.com\/fr\/wp-json\/wp\/v2\/product"}],"about":[{"href":"https:\/\/www.istegroup.com\/fr\/wp-json\/wp\/v2\/types\/product"}],"wp:featuredmedia":[{"embeddable":true,"href":"https:\/\/www.istegroup.com\/fr\/wp-json\/wp\/v2\/media\/40839"}],"wp:attachment":[{"href":"https:\/\/www.istegroup.com\/fr\/wp-json\/wp\/v2\/media?parent=40834"}],"wp:term":[{"taxonomy":"product_brand","embeddable":true,"href":"https:\/\/www.istegroup.com\/fr\/wp-json\/wp\/v2\/product_brand?post=40834"},{"taxonomy":"product_cat","embeddable":true,"href":"https:\/\/www.istegroup.com\/fr\/wp-json\/wp\/v2\/product_cat?post=40834"},{"taxonomy":"product_tag","embeddable":true,"href":"https:\/\/www.istegroup.com\/fr\/wp-json\/wp\/v2\/product_tag?post=40834"}],"curies":[{"name":"wp","href":"https:\/\/api.w.org\/{rel}","templated":true}]}}