{"id":40817,"date":"2021-06-18T14:17:42","date_gmt":"2021-06-18T13:17:42","guid":{"rendered":"https:\/\/www.istegroup.com\/?post_type=product&#038;p=40817"},"modified":"2025-07-03T09:12:21","modified_gmt":"2025-07-03T08:12:21","slug":"linnovation-dans-le-sport","status":"publish","type":"product","link":"https:\/\/www.istegroup.com\/fr\/produit\/linnovation-dans-le-sport\/","title":{"rendered":"L&rsquo;innovation dans le sport"},"content":{"rendered":"<p>Qu\u2019il s\u2019agisse de pratiques, de mat\u00e9riels ou de services, le secteur du sport se caract\u00e9rise par une intense inventivit\u00e9 et constitue un observatoire privil\u00e9gi\u00e9 des processus d\u2019innovation.<\/p>\n<p>Cet ouvrage fournit une grille de lecture sociologique de ces processus, illustr\u00e9e par des \u00e9tudes de cas permettant de saisir la complexit\u00e9 des trajectoires d\u2019innovation. Ils permettent de mettre en \u00e9vidence d\u2019\u00e9tonnants cheminements, de l\u2019origine des inventions \u00e0 leurs diffusions et usages effectifs, en passant par les bifurcations des projets. Ces \u00ab surprises \u00bb ainsi pr\u00e9sent\u00e9es renvoient \u00e0 un invariant des processus d\u2019innovation, \u00e0 savoir que les trajectoires sont rarement lin\u00e9aires et que le contr\u00f4le exerc\u00e9 sur elles est relatif. <em>L\u2019innovation dans le sport<\/em> se conclut par un ensemble de recommandations destin\u00e9es \u00e0 optimiser le management des innovations sportives.<\/p>\n<p>Cet ouvrage s\u2019adresse aussi bien aux \u00e9tudiants en sciences et management du sport qu\u2019aux professionnels et entrepreneurs des march\u00e9s sportifs.<\/p>\n<p><a class=\"button\" style=\"margin-right: 10%;\" href=\"https:\/\/www.istegroup.com\/wp-content\/uploads\/2021\/05\/753_Linnovation-dans-le-sport_TDM.pdf\" target=\"_blank\" rel=\"noopener noreferrer\">Table des mati\u00e8res<\/a><a class=\"button\" style=\"margin-left: 10%;\" href=\"https:\/\/www.istegroup.com\/wp-content\/uploads\/2021\/05\/753_Linnovation-dans-le-sport_introduction.pdf\" target=\"_blank\" rel=\"noopener noreferrer\">Pr\u00e9face et Avant-propos<\/a><\/p>","protected":false},"excerpt":{"rendered":"<p>Version papier \u00e9puis\u00e9e<\/p>\n","protected":false},"featured_media":40832,"template":"","meta":{"_acf_changed":false,"_links_to":"","_links_to_target":""},"product_brand":[],"product_cat":[3262],"product_tag":[],"class_list":{"0":"post-40817","1":"product","2":"type-product","3":"status-publish","4":"has-post-thumbnail","6":"product_cat-non-classe","8":"first","9":"instock","10":"shipping-taxable","11":"purchasable","12":"product-type-variable"},"acf":[],"yoast_head":"<!-- This site is optimized with the Yoast SEO plugin v27.2 - https:\/\/yoast.com\/product\/yoast-seo-wordpress\/ -->\n<title>L&#039;innovation dans le sport - ISTE Group<\/title>\n<meta name=\"robots\" content=\"index, follow, max-snippet:-1, max-image-preview:large, max-video-preview:-1\" \/>\n<link rel=\"canonical\" href=\"https:\/\/www.istegroup.com\/produit\/linnovation-dans-le-sport\/\" \/>\n<meta property=\"og:locale\" content=\"fr_FR\" \/>\n<meta property=\"og:type\" content=\"article\" \/>\n<meta property=\"og:title\" content=\"L&#039;innovation dans le sport - ISTE Group\" \/>\n<meta property=\"og:description\" content=\"[:fr]Version papier \u00e9puis\u00e9e[:]\" \/>\n<meta property=\"og:url\" content=\"https:\/\/www.istegroup.com\/produit\/linnovation-dans-le-sport\/\" \/>\n<meta property=\"og:site_name\" content=\"ISTE Group\" \/>\n<meta property=\"article:modified_time\" content=\"2025-07-03T08:12:21+00:00\" \/>\n<meta property=\"og:image\" content=\"https:\/\/www.istegroup.com\/wp-content\/uploads\/2021\/05\/Linnovation-dans-le-sport.jpg\" \/>\n\t<meta property=\"og:image:width\" content=\"567\" \/>\n\t<meta property=\"og:image:height\" content=\"850\" \/>\n\t<meta property=\"og:image:type\" content=\"image\/jpeg\" \/>\n<meta name=\"twitter:card\" content=\"summary_large_image\" \/>\n<meta name=\"twitter:label1\" content=\"Est. reading time\" \/>\n\t<meta name=\"twitter:data1\" content=\"1 minute\" \/>\n<script type=\"application\/ld+json\" class=\"yoast-schema-graph\">{\"@context\":\"https:\/\/schema.org\",\"@graph\":[{\"@type\":\"WebPage\",\"@id\":\"https:\/\/www.istegroup.com\/produit\/linnovation-dans-le-sport\/\",\"url\":\"https:\/\/www.istegroup.com\/produit\/linnovation-dans-le-sport\/\",\"name\":\"L'innovation dans le sport - ISTE Group\",\"isPartOf\":{\"@id\":\"https:\/\/www.istegroup.com\/#website\"},\"primaryImageOfPage\":{\"@id\":\"https:\/\/www.istegroup.com\/produit\/linnovation-dans-le-sport\/#primaryimage\"},\"image\":{\"@id\":\"https:\/\/www.istegroup.com\/produit\/linnovation-dans-le-sport\/#primaryimage\"},\"thumbnailUrl\":\"https:\/\/www.istegroup.com\/wp-content\/uploads\/2021\/05\/Linnovation-dans-le-sport.jpg\",\"datePublished\":\"2021-06-18T13:17:42+00:00\",\"dateModified\":\"2025-07-03T08:12:21+00:00\",\"breadcrumb\":{\"@id\":\"https:\/\/www.istegroup.com\/produit\/linnovation-dans-le-sport\/#breadcrumb\"},\"inLanguage\":\"fr-FR\",\"potentialAction\":[{\"@type\":\"ReadAction\",\"target\":[\"https:\/\/www.istegroup.com\/produit\/linnovation-dans-le-sport\/\"]}]},{\"@type\":\"ImageObject\",\"inLanguage\":\"fr-FR\",\"@id\":\"https:\/\/www.istegroup.com\/produit\/linnovation-dans-le-sport\/#primaryimage\",\"url\":\"https:\/\/www.istegroup.com\/wp-content\/uploads\/2021\/05\/Linnovation-dans-le-sport.jpg\",\"contentUrl\":\"https:\/\/www.istegroup.com\/wp-content\/uploads\/2021\/05\/Linnovation-dans-le-sport.jpg\",\"width\":567,\"height\":850},{\"@type\":\"BreadcrumbList\",\"@id\":\"https:\/\/www.istegroup.com\/produit\/linnovation-dans-le-sport\/#breadcrumb\",\"itemListElement\":[{\"@type\":\"ListItem\",\"position\":1,\"name\":\"Home\",\"item\":\"https:\/\/www.istegroup.com\/\"},{\"@type\":\"ListItem\",\"position\":2,\"name\":\"Shop\",\"item\":\"https:\/\/www.istegroup.com\/fr\/nouveautes\/\"},{\"@type\":\"ListItem\",\"position\":3,\"name\":\"L&rsquo;innovation dans le sport\"}]},{\"@type\":\"WebSite\",\"@id\":\"https:\/\/www.istegroup.com\/#website\",\"url\":\"https:\/\/www.istegroup.com\/\",\"name\":\"ISTE Group\",\"description\":\"\u00c9diteur des Sciences\",\"potentialAction\":[{\"@type\":\"SearchAction\",\"target\":{\"@type\":\"EntryPoint\",\"urlTemplate\":\"https:\/\/www.istegroup.com\/?s={search_term_string}\"},\"query-input\":{\"@type\":\"PropertyValueSpecification\",\"valueRequired\":true,\"valueName\":\"search_term_string\"}}],\"inLanguage\":\"fr-FR\"}]}<\/script>\n<!-- \/ Yoast SEO plugin. -->","yoast_head_json":{"title":"L'innovation dans le sport - ISTE Group","robots":{"index":"index","follow":"follow","max-snippet":"max-snippet:-1","max-image-preview":"max-image-preview:large","max-video-preview":"max-video-preview:-1"},"canonical":"https:\/\/www.istegroup.com\/produit\/linnovation-dans-le-sport\/","og_locale":"fr_FR","og_type":"article","og_title":"L'innovation dans le sport - ISTE Group","og_description":"[:fr]Version papier \u00e9puis\u00e9e[:]","og_url":"https:\/\/www.istegroup.com\/produit\/linnovation-dans-le-sport\/","og_site_name":"ISTE Group","article_modified_time":"2025-07-03T08:12:21+00:00","og_image":[{"width":567,"height":850,"url":"https:\/\/www.istegroup.com\/wp-content\/uploads\/2021\/05\/Linnovation-dans-le-sport.jpg","type":"image\/jpeg"}],"twitter_card":"summary_large_image","twitter_misc":{"Est. reading time":"1 minute"},"schema":{"@context":"https:\/\/schema.org","@graph":[{"@type":"WebPage","@id":"https:\/\/www.istegroup.com\/produit\/linnovation-dans-le-sport\/","url":"https:\/\/www.istegroup.com\/produit\/linnovation-dans-le-sport\/","name":"L'innovation dans le sport - ISTE Group","isPartOf":{"@id":"https:\/\/www.istegroup.com\/#website"},"primaryImageOfPage":{"@id":"https:\/\/www.istegroup.com\/produit\/linnovation-dans-le-sport\/#primaryimage"},"image":{"@id":"https:\/\/www.istegroup.com\/produit\/linnovation-dans-le-sport\/#primaryimage"},"thumbnailUrl":"https:\/\/www.istegroup.com\/wp-content\/uploads\/2021\/05\/Linnovation-dans-le-sport.jpg","datePublished":"2021-06-18T13:17:42+00:00","dateModified":"2025-07-03T08:12:21+00:00","breadcrumb":{"@id":"https:\/\/www.istegroup.com\/produit\/linnovation-dans-le-sport\/#breadcrumb"},"inLanguage":"fr-FR","potentialAction":[{"@type":"ReadAction","target":["https:\/\/www.istegroup.com\/produit\/linnovation-dans-le-sport\/"]}]},{"@type":"ImageObject","inLanguage":"fr-FR","@id":"https:\/\/www.istegroup.com\/produit\/linnovation-dans-le-sport\/#primaryimage","url":"https:\/\/www.istegroup.com\/wp-content\/uploads\/2021\/05\/Linnovation-dans-le-sport.jpg","contentUrl":"https:\/\/www.istegroup.com\/wp-content\/uploads\/2021\/05\/Linnovation-dans-le-sport.jpg","width":567,"height":850},{"@type":"BreadcrumbList","@id":"https:\/\/www.istegroup.com\/produit\/linnovation-dans-le-sport\/#breadcrumb","itemListElement":[{"@type":"ListItem","position":1,"name":"Home","item":"https:\/\/www.istegroup.com\/"},{"@type":"ListItem","position":2,"name":"Shop","item":"https:\/\/www.istegroup.com\/fr\/nouveautes\/"},{"@type":"ListItem","position":3,"name":"L&rsquo;innovation dans le sport"}]},{"@type":"WebSite","@id":"https:\/\/www.istegroup.com\/#website","url":"https:\/\/www.istegroup.com\/","name":"ISTE Group","description":"\u00c9diteur des Sciences","potentialAction":[{"@type":"SearchAction","target":{"@type":"EntryPoint","urlTemplate":"https:\/\/www.istegroup.com\/?s={search_term_string}"},"query-input":{"@type":"PropertyValueSpecification","valueRequired":true,"valueName":"search_term_string"}}],"inLanguage":"fr-FR"}]}},"_links":{"self":[{"href":"https:\/\/www.istegroup.com\/fr\/wp-json\/wp\/v2\/product\/40817","targetHints":{"allow":["GET"]}}],"collection":[{"href":"https:\/\/www.istegroup.com\/fr\/wp-json\/wp\/v2\/product"}],"about":[{"href":"https:\/\/www.istegroup.com\/fr\/wp-json\/wp\/v2\/types\/product"}],"wp:featuredmedia":[{"embeddable":true,"href":"https:\/\/www.istegroup.com\/fr\/wp-json\/wp\/v2\/media\/40832"}],"wp:attachment":[{"href":"https:\/\/www.istegroup.com\/fr\/wp-json\/wp\/v2\/media?parent=40817"}],"wp:term":[{"taxonomy":"product_brand","embeddable":true,"href":"https:\/\/www.istegroup.com\/fr\/wp-json\/wp\/v2\/product_brand?post=40817"},{"taxonomy":"product_cat","embeddable":true,"href":"https:\/\/www.istegroup.com\/fr\/wp-json\/wp\/v2\/product_cat?post=40817"},{"taxonomy":"product_tag","embeddable":true,"href":"https:\/\/www.istegroup.com\/fr\/wp-json\/wp\/v2\/product_tag?post=40817"}],"curies":[{"name":"wp","href":"https:\/\/api.w.org\/{rel}","templated":true}]}}