{"id":40813,"date":"2021-06-17T09:18:37","date_gmt":"2021-06-17T08:18:37","guid":{"rendered":"https:\/\/www.istegroup.com\/?post_type=product&#038;p=40813"},"modified":"2024-01-03T13:44:48","modified_gmt":"2024-01-03T13:44:48","slug":"distributions","status":"publish","type":"product","link":"https:\/\/www.istegroup.com\/fr\/produit\/distributions\/","title":{"rendered":"Distributions"},"content":{"rendered":"<p>Cet ouvrage expose une th\u00e9orie simple et originale des distributions, aussi bien r\u00e9elles que vectorielles, adapt\u00e9e \u00e0 l\u2019\u00e9tude des \u00e9quations aux d\u00e9riv\u00e9es partielles.<\/p>\n<p>Il traite des distributions \u00e0 valeurs dans un espace de Neumann, c\u2019est-\u00e0-dire dans lequel toute suite de Cauchy converge, ce qui englobe les espaces de Banach et de Fr\u00e9chet et les m\u00eames espaces \u00ab faibles \u00bb. L\u2019espace des distributions est muni d\u2019une topologie simple.<\/p>\n<p>\u00c0 c\u00f4t\u00e9 des op\u00e9rations habituelles \u2013 d\u00e9rivation, produit, changement de variable, s\u00e9paration de variables, restriction, prolongement et r\u00e9gularisation \u2013, <em>Distributions<\/em> pr\u00e9sente une op\u00e9ration nouvelle, la pond\u00e9ration, qui donne des propri\u00e9t\u00e9s analogues \u00e0 celles de la convolution pour les distributions d\u00e9finies dans un ouvert quelconque. L\u2019accent est mis sur l\u2019extraction de sous-suites convergentes, l\u2019existence et l\u2019\u00e9tude de primitives et la repr\u00e9sentation par le gradient ou par des d\u00e9riv\u00e9es de fonctions continues. Les m\u00e9thodes constructives sont privil\u00e9gi\u00e9es, pour rendre ces outils accessibles aux \u00e9tudiants et aux ing\u00e9nieurs.<\/p>\n<p>&nbsp;<\/p>\n<p><strong>La presse en parle<\/strong><\/p>\n<p>\u00ab \u2026 cet ouvrage, est un projet remarquable qui donne une construction simple et auto-contenue de tous les r\u00e9sultats classiques des distributions, g\u00e9n\u00e9ralis\u00e9s aux espaces de Neumann, avec un accent important sur les propri\u00e9t\u00e9s s\u00e9quentielles des espaces, ce qui le rend tr\u00e8s accessible. (&#8230;) cet ouvrage va devenir une r\u00e9f\u00e9rence incontournable, qui devrait faire partie de toutes les biblioth\u00e8ques universitaires de math\u00e9matiques. \u00bb<\/p>\n<p><em>Soci\u00e9t\u00e9 de Math\u00e9matiques Appliqu\u00e9es et Industrielles.<br \/>\nMATAPLI n\u00b0 127, mars 2022, 113-114.<\/em><\/p>\n<p>&nbsp;<\/p>\n<p><a class=\"button\" style=\"margin-right: 10%\" href=\"https:\/\/www.istegroup.com\/wp-content\/uploads\/2020\/05\/610_Distributions_TDM.pdf\" target=\"_blank\" rel=\"noopener noreferrer\">Table des mati\u00e8res<\/a><a class=\"button\" style=\"margin-left: 10%\" href=\"https:\/\/www.istegroup.com\/wp-content\/uploads\/2020\/05\/610_Distributions_introduction.pdf\" target=\"_blank\" rel=\"noopener noreferrer\">Introduction<\/a><\/p>","protected":false},"excerpt":{"rendered":"<p>Cet ouvrage expose une th\u00e9orie simple et originale des distributions, aussi bien r\u00e9elles que vectorielles, adapt\u00e9e \u00e0 l\u2019\u00e9tude des \u00e9quations aux d\u00e9riv\u00e9es partielles. Il traite des distributions \u00e0 valeurs dans un espace de Neumann, c\u2019est-\u00e0-dire dans lequel toute suite de Cauchy converge, ce qui englobe les espaces de Banach et de Fr\u00e9chet et les m\u00eames [&hellip;]<\/p>\n","protected":false},"featured_media":40814,"template":"","meta":{"_acf_changed":false,"_links_to":"","_links_to_target":""},"product_brand":[],"product_cat":[3262],"product_tag":[],"class_list":{"0":"post-40813","1":"product","2":"type-product","3":"status-publish","4":"has-post-thumbnail","6":"product_cat-non-classe","8":"first","9":"instock","10":"shipping-taxable","11":"purchasable","12":"product-type-variable"},"acf":[],"yoast_head":"<!-- This site is optimized with the Yoast SEO plugin v27.2 - https:\/\/yoast.com\/product\/yoast-seo-wordpress\/ -->\n<title>Distributions - ISTE Group<\/title>\n<meta name=\"robots\" content=\"index, follow, max-snippet:-1, max-image-preview:large, max-video-preview:-1\" \/>\n<link rel=\"canonical\" href=\"https:\/\/www.istegroup.com\/fr\/produit\/distributions\/\" \/>\n<meta property=\"og:locale\" content=\"fr_FR\" \/>\n<meta property=\"og:type\" content=\"article\" \/>\n<meta property=\"og:title\" content=\"Distributions - ISTE Group\" \/>\n<meta property=\"og:description\" content=\"Cet ouvrage expose une th\u00e9orie simple et originale des distributions, aussi bien r\u00e9elles que vectorielles, adapt\u00e9e \u00e0 l\u2019\u00e9tude des \u00e9quations aux d\u00e9riv\u00e9es partielles. Il traite des distributions \u00e0 valeurs dans un espace de Neumann, c\u2019est-\u00e0-dire dans lequel toute suite de Cauchy converge, ce qui englobe les espaces de Banach et de Fr\u00e9chet et les m\u00eames [&hellip;]\" \/>\n<meta property=\"og:url\" content=\"https:\/\/www.istegroup.com\/fr\/produit\/distributions\/\" \/>\n<meta property=\"og:site_name\" content=\"ISTE Group\" \/>\n<meta property=\"article:modified_time\" content=\"2024-01-03T13:44:48+00:00\" \/>\n<meta property=\"og:image\" content=\"https:\/\/www.istegroup.com\/wp-content\/uploads\/2021\/05\/Distributions.jpg\" \/>\n\t<meta property=\"og:image:width\" content=\"500\" \/>\n\t<meta property=\"og:image:height\" content=\"756\" \/>\n\t<meta property=\"og:image:type\" content=\"image\/jpeg\" \/>\n<meta name=\"twitter:card\" content=\"summary_large_image\" \/>\n<meta name=\"twitter:label1\" content=\"Est. reading time\" \/>\n\t<meta name=\"twitter:data1\" content=\"1 minute\" \/>\n<script type=\"application\/ld+json\" class=\"yoast-schema-graph\">{\"@context\":\"https:\/\/schema.org\",\"@graph\":[{\"@type\":\"WebPage\",\"@id\":\"https:\/\/www.istegroup.com\/fr\/produit\/distributions\/\",\"url\":\"https:\/\/www.istegroup.com\/fr\/produit\/distributions\/\",\"name\":\"Distributions - ISTE Group\",\"isPartOf\":{\"@id\":\"https:\/\/www.istegroup.com\/#website\"},\"primaryImageOfPage\":{\"@id\":\"https:\/\/www.istegroup.com\/fr\/produit\/distributions\/#primaryimage\"},\"image\":{\"@id\":\"https:\/\/www.istegroup.com\/fr\/produit\/distributions\/#primaryimage\"},\"thumbnailUrl\":\"https:\/\/www.istegroup.com\/wp-content\/uploads\/2021\/05\/Distributions.jpg\",\"datePublished\":\"2021-06-17T08:18:37+00:00\",\"dateModified\":\"2024-01-03T13:44:48+00:00\",\"breadcrumb\":{\"@id\":\"https:\/\/www.istegroup.com\/fr\/produit\/distributions\/#breadcrumb\"},\"inLanguage\":\"fr-FR\",\"potentialAction\":[{\"@type\":\"ReadAction\",\"target\":[\"https:\/\/www.istegroup.com\/fr\/produit\/distributions\/\"]}]},{\"@type\":\"ImageObject\",\"inLanguage\":\"fr-FR\",\"@id\":\"https:\/\/www.istegroup.com\/fr\/produit\/distributions\/#primaryimage\",\"url\":\"https:\/\/www.istegroup.com\/wp-content\/uploads\/2021\/05\/Distributions.jpg\",\"contentUrl\":\"https:\/\/www.istegroup.com\/wp-content\/uploads\/2021\/05\/Distributions.jpg\",\"width\":500,\"height\":756},{\"@type\":\"BreadcrumbList\",\"@id\":\"https:\/\/www.istegroup.com\/fr\/produit\/distributions\/#breadcrumb\",\"itemListElement\":[{\"@type\":\"ListItem\",\"position\":1,\"name\":\"Home\",\"item\":\"https:\/\/www.istegroup.com\/\"},{\"@type\":\"ListItem\",\"position\":2,\"name\":\"Shop\",\"item\":\"https:\/\/www.istegroup.com\/fr\/nouveautes\/\"},{\"@type\":\"ListItem\",\"position\":3,\"name\":\"Distributions\"}]},{\"@type\":\"WebSite\",\"@id\":\"https:\/\/www.istegroup.com\/#website\",\"url\":\"https:\/\/www.istegroup.com\/\",\"name\":\"ISTE Group\",\"description\":\"\u00c9diteur des Sciences\",\"potentialAction\":[{\"@type\":\"SearchAction\",\"target\":{\"@type\":\"EntryPoint\",\"urlTemplate\":\"https:\/\/www.istegroup.com\/?s={search_term_string}\"},\"query-input\":{\"@type\":\"PropertyValueSpecification\",\"valueRequired\":true,\"valueName\":\"search_term_string\"}}],\"inLanguage\":\"fr-FR\"}]}<\/script>\n<!-- \/ Yoast SEO plugin. -->","yoast_head_json":{"title":"Distributions - ISTE Group","robots":{"index":"index","follow":"follow","max-snippet":"max-snippet:-1","max-image-preview":"max-image-preview:large","max-video-preview":"max-video-preview:-1"},"canonical":"https:\/\/www.istegroup.com\/fr\/produit\/distributions\/","og_locale":"fr_FR","og_type":"article","og_title":"Distributions - ISTE Group","og_description":"Cet ouvrage expose une th\u00e9orie simple et originale des distributions, aussi bien r\u00e9elles que vectorielles, adapt\u00e9e \u00e0 l\u2019\u00e9tude des \u00e9quations aux d\u00e9riv\u00e9es partielles. Il traite des distributions \u00e0 valeurs dans un espace de Neumann, c\u2019est-\u00e0-dire dans lequel toute suite de Cauchy converge, ce qui englobe les espaces de Banach et de Fr\u00e9chet et les m\u00eames [&hellip;]","og_url":"https:\/\/www.istegroup.com\/fr\/produit\/distributions\/","og_site_name":"ISTE Group","article_modified_time":"2024-01-03T13:44:48+00:00","og_image":[{"width":500,"height":756,"url":"https:\/\/www.istegroup.com\/wp-content\/uploads\/2021\/05\/Distributions.jpg","type":"image\/jpeg"}],"twitter_card":"summary_large_image","twitter_misc":{"Est. reading time":"1 minute"},"schema":{"@context":"https:\/\/schema.org","@graph":[{"@type":"WebPage","@id":"https:\/\/www.istegroup.com\/fr\/produit\/distributions\/","url":"https:\/\/www.istegroup.com\/fr\/produit\/distributions\/","name":"Distributions - ISTE Group","isPartOf":{"@id":"https:\/\/www.istegroup.com\/#website"},"primaryImageOfPage":{"@id":"https:\/\/www.istegroup.com\/fr\/produit\/distributions\/#primaryimage"},"image":{"@id":"https:\/\/www.istegroup.com\/fr\/produit\/distributions\/#primaryimage"},"thumbnailUrl":"https:\/\/www.istegroup.com\/wp-content\/uploads\/2021\/05\/Distributions.jpg","datePublished":"2021-06-17T08:18:37+00:00","dateModified":"2024-01-03T13:44:48+00:00","breadcrumb":{"@id":"https:\/\/www.istegroup.com\/fr\/produit\/distributions\/#breadcrumb"},"inLanguage":"fr-FR","potentialAction":[{"@type":"ReadAction","target":["https:\/\/www.istegroup.com\/fr\/produit\/distributions\/"]}]},{"@type":"ImageObject","inLanguage":"fr-FR","@id":"https:\/\/www.istegroup.com\/fr\/produit\/distributions\/#primaryimage","url":"https:\/\/www.istegroup.com\/wp-content\/uploads\/2021\/05\/Distributions.jpg","contentUrl":"https:\/\/www.istegroup.com\/wp-content\/uploads\/2021\/05\/Distributions.jpg","width":500,"height":756},{"@type":"BreadcrumbList","@id":"https:\/\/www.istegroup.com\/fr\/produit\/distributions\/#breadcrumb","itemListElement":[{"@type":"ListItem","position":1,"name":"Home","item":"https:\/\/www.istegroup.com\/"},{"@type":"ListItem","position":2,"name":"Shop","item":"https:\/\/www.istegroup.com\/fr\/nouveautes\/"},{"@type":"ListItem","position":3,"name":"Distributions"}]},{"@type":"WebSite","@id":"https:\/\/www.istegroup.com\/#website","url":"https:\/\/www.istegroup.com\/","name":"ISTE Group","description":"\u00c9diteur des Sciences","potentialAction":[{"@type":"SearchAction","target":{"@type":"EntryPoint","urlTemplate":"https:\/\/www.istegroup.com\/?s={search_term_string}"},"query-input":{"@type":"PropertyValueSpecification","valueRequired":true,"valueName":"search_term_string"}}],"inLanguage":"fr-FR"}]}},"_links":{"self":[{"href":"https:\/\/www.istegroup.com\/fr\/wp-json\/wp\/v2\/product\/40813","targetHints":{"allow":["GET"]}}],"collection":[{"href":"https:\/\/www.istegroup.com\/fr\/wp-json\/wp\/v2\/product"}],"about":[{"href":"https:\/\/www.istegroup.com\/fr\/wp-json\/wp\/v2\/types\/product"}],"wp:featuredmedia":[{"embeddable":true,"href":"https:\/\/www.istegroup.com\/fr\/wp-json\/wp\/v2\/media\/40814"}],"wp:attachment":[{"href":"https:\/\/www.istegroup.com\/fr\/wp-json\/wp\/v2\/media?parent=40813"}],"wp:term":[{"taxonomy":"product_brand","embeddable":true,"href":"https:\/\/www.istegroup.com\/fr\/wp-json\/wp\/v2\/product_brand?post=40813"},{"taxonomy":"product_cat","embeddable":true,"href":"https:\/\/www.istegroup.com\/fr\/wp-json\/wp\/v2\/product_cat?post=40813"},{"taxonomy":"product_tag","embeddable":true,"href":"https:\/\/www.istegroup.com\/fr\/wp-json\/wp\/v2\/product_tag?post=40813"}],"curies":[{"name":"wp","href":"https:\/\/api.w.org\/{rel}","templated":true}]}}