{"id":40769,"date":"2021-06-17T15:36:31","date_gmt":"2021-06-17T14:36:31","guid":{"rendered":"https:\/\/www.istegroup.com\/?post_type=product&#038;p=40769"},"modified":"2024-01-03T13:44:49","modified_gmt":"2024-01-03T13:44:49","slug":"la-resilience","status":"publish","type":"product","link":"https:\/\/www.istegroup.com\/fr\/produit\/la-resilience\/","title":{"rendered":"La r\u00e9silience"},"content":{"rendered":"<p>L\u2019articulation entre permanence et changement int\u00e9resse de nombreuses disciplines. Elle est notamment au coeur de l\u2019\u00e9tude des formes urbaines et rurales dans diff\u00e9rents champs de recherche en g\u00e9ographie, en arch\u00e9ologie, en architecture ou en histoire. <em>La r\u00e9silience<\/em> d\u00e9fend l\u2019id\u00e9e que l\u2019on ne peut plus se satisfaire des approches telles que le palimpseste, la m\u00e9thode r\u00e9gressive, l\u2019analyse s\u00e9miologique, etc., utilis\u00e9es pour \u00e9tudier la dynamique des paysages, car elles reposent sur la s\u00e9paration pass\u00e9\/pr\u00e9sent issue elle-m\u00eame de la diff\u00e9renciation nature\/soci\u00e9t\u00e9.<\/p>\n<p>Cet ouvrage croise les spatio-temporalit\u00e9s, d\u00e9crites en arch\u00e9og\u00e9ographie, avec les concepts \u00e9labor\u00e9s dans la r\u00e9silience \u00e9cologique, comme la panarchie et le cycle adaptatif. L\u2019analyse morphologique ainsi renouvel\u00e9e consid\u00e8re les paysages comme des syst\u00e8mes adaptatifs complexes r\u00e9silients.<\/p>\n<p>Les permanences observ\u00e9es dans les paysages ne sont alors plus pr\u00e9sent\u00e9es comme la r\u00e9sistance de formes h\u00e9rit\u00e9es, mais comme le r\u00e9sultat d\u2019une dynamique nourrie par cette dialectique constante entre persistance et changement. La r\u00e9silience est ici positionn\u00e9e du c\u00f4t\u00e9 de la dynamique et non de la r\u00e9sistance.<\/p>\n<p><a class=\"button\" style=\"margin-right: 10%\" href=\"https:\/\/www.istegroup.com\/wp-content\/uploads\/2021\/05\/765_La-resilience_TDM.pdf\" target=\"_blank\" rel=\"noopener noreferrer\">Table des mati\u00e8res<\/a><a class=\"button\" style=\"margin-left: 10%\" href=\"https:\/\/www.istegroup.com\/wp-content\/uploads\/2021\/05\/765_La-resilience_introduction.pdf\" target=\"_blank\" rel=\"noopener noreferrer\">Pr\u00e9face et Avant-propos<\/a><\/p>","protected":false},"excerpt":{"rendered":"<p>L\u2019articulation entre permanence et changement int\u00e9resse de nombreuses disciplines. Elle est notamment au coeur de l\u2019\u00e9tude des formes urbaines et rurales dans diff\u00e9rents champs de recherche en g\u00e9ographie, en arch\u00e9ologie, en architecture ou en histoire. La r\u00e9silience d\u00e9fend l\u2019id\u00e9e que l\u2019on ne peut plus se satisfaire des approches telles que le palimpseste, la m\u00e9thode r\u00e9gressive, [&hellip;]<\/p>\n","protected":false},"featured_media":40774,"template":"","meta":{"_acf_changed":false,"_links_to":"","_links_to_target":""},"product_brand":[],"product_cat":[3262],"product_tag":[],"class_list":{"0":"post-40769","1":"product","2":"type-product","3":"status-publish","4":"has-post-thumbnail","6":"product_cat-non-classe","8":"first","9":"instock","10":"shipping-taxable","11":"purchasable","12":"product-type-variable"},"acf":[],"yoast_head":"<!-- This site is optimized with the Yoast SEO plugin v27.2 - https:\/\/yoast.com\/product\/yoast-seo-wordpress\/ -->\n<title>La r\u00e9silience - ISTE Group<\/title>\n<meta name=\"robots\" content=\"index, follow, max-snippet:-1, max-image-preview:large, max-video-preview:-1\" \/>\n<link rel=\"canonical\" href=\"https:\/\/www.istegroup.com\/fr\/produit\/la-resilience\/\" \/>\n<meta property=\"og:locale\" content=\"fr_FR\" \/>\n<meta property=\"og:type\" content=\"article\" \/>\n<meta property=\"og:title\" content=\"La r\u00e9silience - ISTE Group\" \/>\n<meta property=\"og:description\" content=\"L\u2019articulation entre permanence et changement int\u00e9resse de nombreuses disciplines. Elle est notamment au coeur de l\u2019\u00e9tude des formes urbaines et rurales dans diff\u00e9rents champs de recherche en g\u00e9ographie, en arch\u00e9ologie, en architecture ou en histoire. La r\u00e9silience d\u00e9fend l\u2019id\u00e9e que l\u2019on ne peut plus se satisfaire des approches telles que le palimpseste, la m\u00e9thode r\u00e9gressive, [&hellip;]\" \/>\n<meta property=\"og:url\" content=\"https:\/\/www.istegroup.com\/fr\/produit\/la-resilience\/\" \/>\n<meta property=\"og:site_name\" content=\"ISTE Group\" \/>\n<meta property=\"article:modified_time\" content=\"2024-01-03T13:44:49+00:00\" \/>\n<meta property=\"og:image\" content=\"https:\/\/www.istegroup.com\/wp-content\/uploads\/2021\/05\/La-resilience.jpg\" \/>\n\t<meta property=\"og:image:width\" content=\"499\" \/>\n\t<meta property=\"og:image:height\" content=\"753\" \/>\n\t<meta property=\"og:image:type\" content=\"image\/jpeg\" \/>\n<meta name=\"twitter:card\" content=\"summary_large_image\" \/>\n<meta name=\"twitter:label1\" content=\"Est. reading time\" \/>\n\t<meta name=\"twitter:data1\" content=\"1 minute\" \/>\n<script type=\"application\/ld+json\" class=\"yoast-schema-graph\">{\"@context\":\"https:\/\/schema.org\",\"@graph\":[{\"@type\":\"WebPage\",\"@id\":\"https:\/\/www.istegroup.com\/fr\/produit\/la-resilience\/\",\"url\":\"https:\/\/www.istegroup.com\/fr\/produit\/la-resilience\/\",\"name\":\"La r\u00e9silience - ISTE Group\",\"isPartOf\":{\"@id\":\"https:\/\/www.istegroup.com\/#website\"},\"primaryImageOfPage\":{\"@id\":\"https:\/\/www.istegroup.com\/fr\/produit\/la-resilience\/#primaryimage\"},\"image\":{\"@id\":\"https:\/\/www.istegroup.com\/fr\/produit\/la-resilience\/#primaryimage\"},\"thumbnailUrl\":\"https:\/\/www.istegroup.com\/wp-content\/uploads\/2021\/05\/La-resilience.jpg\",\"datePublished\":\"2021-06-17T14:36:31+00:00\",\"dateModified\":\"2024-01-03T13:44:49+00:00\",\"breadcrumb\":{\"@id\":\"https:\/\/www.istegroup.com\/fr\/produit\/la-resilience\/#breadcrumb\"},\"inLanguage\":\"fr-FR\",\"potentialAction\":[{\"@type\":\"ReadAction\",\"target\":[\"https:\/\/www.istegroup.com\/fr\/produit\/la-resilience\/\"]}]},{\"@type\":\"ImageObject\",\"inLanguage\":\"fr-FR\",\"@id\":\"https:\/\/www.istegroup.com\/fr\/produit\/la-resilience\/#primaryimage\",\"url\":\"https:\/\/www.istegroup.com\/wp-content\/uploads\/2021\/05\/La-resilience.jpg\",\"contentUrl\":\"https:\/\/www.istegroup.com\/wp-content\/uploads\/2021\/05\/La-resilience.jpg\",\"width\":499,\"height\":753},{\"@type\":\"BreadcrumbList\",\"@id\":\"https:\/\/www.istegroup.com\/fr\/produit\/la-resilience\/#breadcrumb\",\"itemListElement\":[{\"@type\":\"ListItem\",\"position\":1,\"name\":\"Home\",\"item\":\"https:\/\/www.istegroup.com\/\"},{\"@type\":\"ListItem\",\"position\":2,\"name\":\"Shop\",\"item\":\"https:\/\/www.istegroup.com\/fr\/nouveautes\/\"},{\"@type\":\"ListItem\",\"position\":3,\"name\":\"La r\u00e9silience\"}]},{\"@type\":\"WebSite\",\"@id\":\"https:\/\/www.istegroup.com\/#website\",\"url\":\"https:\/\/www.istegroup.com\/\",\"name\":\"ISTE Group\",\"description\":\"\u00c9diteur des Sciences\",\"potentialAction\":[{\"@type\":\"SearchAction\",\"target\":{\"@type\":\"EntryPoint\",\"urlTemplate\":\"https:\/\/www.istegroup.com\/?s={search_term_string}\"},\"query-input\":{\"@type\":\"PropertyValueSpecification\",\"valueRequired\":true,\"valueName\":\"search_term_string\"}}],\"inLanguage\":\"fr-FR\"}]}<\/script>\n<!-- \/ Yoast SEO plugin. -->","yoast_head_json":{"title":"La r\u00e9silience - ISTE Group","robots":{"index":"index","follow":"follow","max-snippet":"max-snippet:-1","max-image-preview":"max-image-preview:large","max-video-preview":"max-video-preview:-1"},"canonical":"https:\/\/www.istegroup.com\/fr\/produit\/la-resilience\/","og_locale":"fr_FR","og_type":"article","og_title":"La r\u00e9silience - ISTE Group","og_description":"L\u2019articulation entre permanence et changement int\u00e9resse de nombreuses disciplines. Elle est notamment au coeur de l\u2019\u00e9tude des formes urbaines et rurales dans diff\u00e9rents champs de recherche en g\u00e9ographie, en arch\u00e9ologie, en architecture ou en histoire. La r\u00e9silience d\u00e9fend l\u2019id\u00e9e que l\u2019on ne peut plus se satisfaire des approches telles que le palimpseste, la m\u00e9thode r\u00e9gressive, [&hellip;]","og_url":"https:\/\/www.istegroup.com\/fr\/produit\/la-resilience\/","og_site_name":"ISTE Group","article_modified_time":"2024-01-03T13:44:49+00:00","og_image":[{"width":499,"height":753,"url":"https:\/\/www.istegroup.com\/wp-content\/uploads\/2021\/05\/La-resilience.jpg","type":"image\/jpeg"}],"twitter_card":"summary_large_image","twitter_misc":{"Est. reading time":"1 minute"},"schema":{"@context":"https:\/\/schema.org","@graph":[{"@type":"WebPage","@id":"https:\/\/www.istegroup.com\/fr\/produit\/la-resilience\/","url":"https:\/\/www.istegroup.com\/fr\/produit\/la-resilience\/","name":"La r\u00e9silience - ISTE Group","isPartOf":{"@id":"https:\/\/www.istegroup.com\/#website"},"primaryImageOfPage":{"@id":"https:\/\/www.istegroup.com\/fr\/produit\/la-resilience\/#primaryimage"},"image":{"@id":"https:\/\/www.istegroup.com\/fr\/produit\/la-resilience\/#primaryimage"},"thumbnailUrl":"https:\/\/www.istegroup.com\/wp-content\/uploads\/2021\/05\/La-resilience.jpg","datePublished":"2021-06-17T14:36:31+00:00","dateModified":"2024-01-03T13:44:49+00:00","breadcrumb":{"@id":"https:\/\/www.istegroup.com\/fr\/produit\/la-resilience\/#breadcrumb"},"inLanguage":"fr-FR","potentialAction":[{"@type":"ReadAction","target":["https:\/\/www.istegroup.com\/fr\/produit\/la-resilience\/"]}]},{"@type":"ImageObject","inLanguage":"fr-FR","@id":"https:\/\/www.istegroup.com\/fr\/produit\/la-resilience\/#primaryimage","url":"https:\/\/www.istegroup.com\/wp-content\/uploads\/2021\/05\/La-resilience.jpg","contentUrl":"https:\/\/www.istegroup.com\/wp-content\/uploads\/2021\/05\/La-resilience.jpg","width":499,"height":753},{"@type":"BreadcrumbList","@id":"https:\/\/www.istegroup.com\/fr\/produit\/la-resilience\/#breadcrumb","itemListElement":[{"@type":"ListItem","position":1,"name":"Home","item":"https:\/\/www.istegroup.com\/"},{"@type":"ListItem","position":2,"name":"Shop","item":"https:\/\/www.istegroup.com\/fr\/nouveautes\/"},{"@type":"ListItem","position":3,"name":"La r\u00e9silience"}]},{"@type":"WebSite","@id":"https:\/\/www.istegroup.com\/#website","url":"https:\/\/www.istegroup.com\/","name":"ISTE Group","description":"\u00c9diteur des Sciences","potentialAction":[{"@type":"SearchAction","target":{"@type":"EntryPoint","urlTemplate":"https:\/\/www.istegroup.com\/?s={search_term_string}"},"query-input":{"@type":"PropertyValueSpecification","valueRequired":true,"valueName":"search_term_string"}}],"inLanguage":"fr-FR"}]}},"_links":{"self":[{"href":"https:\/\/www.istegroup.com\/fr\/wp-json\/wp\/v2\/product\/40769","targetHints":{"allow":["GET"]}}],"collection":[{"href":"https:\/\/www.istegroup.com\/fr\/wp-json\/wp\/v2\/product"}],"about":[{"href":"https:\/\/www.istegroup.com\/fr\/wp-json\/wp\/v2\/types\/product"}],"wp:featuredmedia":[{"embeddable":true,"href":"https:\/\/www.istegroup.com\/fr\/wp-json\/wp\/v2\/media\/40774"}],"wp:attachment":[{"href":"https:\/\/www.istegroup.com\/fr\/wp-json\/wp\/v2\/media?parent=40769"}],"wp:term":[{"taxonomy":"product_brand","embeddable":true,"href":"https:\/\/www.istegroup.com\/fr\/wp-json\/wp\/v2\/product_brand?post=40769"},{"taxonomy":"product_cat","embeddable":true,"href":"https:\/\/www.istegroup.com\/fr\/wp-json\/wp\/v2\/product_cat?post=40769"},{"taxonomy":"product_tag","embeddable":true,"href":"https:\/\/www.istegroup.com\/fr\/wp-json\/wp\/v2\/product_tag?post=40769"}],"curies":[{"name":"wp","href":"https:\/\/api.w.org\/{rel}","templated":true}]}}