{"id":40762,"date":"2021-06-17T14:50:28","date_gmt":"2021-06-17T13:50:28","guid":{"rendered":"https:\/\/www.istegroup.com\/?post_type=product&#038;p=40762"},"modified":"2024-01-03T13:44:48","modified_gmt":"2024-01-03T13:44:48","slug":"les-microalgues","status":"publish","type":"product","link":"https:\/\/www.istegroup.com\/fr\/produit\/les-microalgues\/","title":{"rendered":"Les microalgues"},"content":{"rendered":"<p>Premiers organismes de la cha\u00eene alimentaire oc\u00e9anique, les microalgues et les cyanobact\u00e9ries sont des productrices essentielles d\u2019oxyg\u00e8ne sur notre plan\u00e8te et des pi\u00e8ges \u00e0 gaz carbonique. Sources traditionnelles de prot\u00e9ines alimentaires pour les populations azt\u00e8ques, africaines et asiatiques, elles ont acquis, pour certaines d\u2019entre elles, un statut de super aliment.<\/p>\n<p><em>Les microalgues<\/em> fait le point sur les caract\u00e9ristiques biologiques, \u00e9cologiques et biochimiques des microalgues et des cyanobact\u00e9ries. V\u00e9ritables usines cellulaires produisant des substances d\u2019int\u00e9r\u00eat telles que des pigments originaux, des prot\u00e9ines et des polysaccharides dot\u00e9s d\u2019activit\u00e9s biologiques, leur emploi couvre de nombreux secteurs de l\u2019activit\u00e9 humaine comme l\u2019aquaculture, l\u2019\u00e9levage des animaux de rente, l\u2019agroalimentaire, la m\u00e9decine humaine et v\u00e9t\u00e9rinaire. Cet ouvrage pr\u00e9sente \u00e9galement leur mode de production, les proc\u00e9d\u00e9s de transformation qui leur sont appliqu\u00e9s, ainsi que les voies de valorisations traditionnelles et futures de cette ressource biologique. Sources de lipides et d\u2019acides gras, les microalgues font notamment l\u2019objet d\u2019attention pour le d\u00e9veloppement de carburants verts tels que le biofuel.<\/p>\n<p>&nbsp;<\/p>\n<p><a class=\"button\" style=\"margin-right: 10%\" href=\"https:\/\/www.istegroup.com\/wp-content\/uploads\/2021\/05\/760_Les-microalgues_TDM.pdf\" target=\"_blank\" rel=\"noopener noreferrer\">Table des mati\u00e8res<\/a><a class=\"button\" style=\"margin-left: 10%\" href=\"https:\/\/www.istegroup.com\/wp-content\/uploads\/2021\/05\/760_Les-microalgues_Premiere-partie.pdf\" target=\"_blank\" rel=\"noopener noreferrer\">Avant-propos et introduction<\/a><\/p>","protected":false},"excerpt":{"rendered":"<p>Premiers organismes de la cha\u00eene alimentaire oc\u00e9anique, les microalgues et les cyanobact\u00e9ries sont des productrices essentielles d\u2019oxyg\u00e8ne sur notre plan\u00e8te et des pi\u00e8ges \u00e0 gaz carbonique. Sources traditionnelles de prot\u00e9ines alimentaires pour les populations azt\u00e8ques, africaines et asiatiques, elles ont acquis, pour certaines d\u2019entre elles, un statut de super aliment. Les microalgues fait le point [&hellip;]<\/p>\n","protected":false},"featured_media":40768,"template":"","meta":{"_acf_changed":false,"_links_to":"","_links_to_target":""},"product_brand":[],"product_cat":[3262],"product_tag":[],"class_list":{"0":"post-40762","1":"product","2":"type-product","3":"status-publish","4":"has-post-thumbnail","6":"product_cat-non-classe","8":"first","9":"instock","10":"shipping-taxable","11":"purchasable","12":"product-type-variable"},"acf":[],"yoast_head":"<!-- This site is optimized with the Yoast SEO plugin v27.2 - https:\/\/yoast.com\/product\/yoast-seo-wordpress\/ -->\n<title>Les microalgues - ISTE Group<\/title>\n<meta name=\"robots\" content=\"index, follow, max-snippet:-1, max-image-preview:large, max-video-preview:-1\" \/>\n<link rel=\"canonical\" href=\"https:\/\/www.istegroup.com\/en\/produit\/les-microalgues\/\" \/>\n<meta property=\"og:locale\" content=\"fr_FR\" \/>\n<meta property=\"og:type\" content=\"article\" \/>\n<meta property=\"og:title\" content=\"Les microalgues - ISTE Group\" \/>\n<meta property=\"og:description\" content=\"Premiers organismes de la cha\u00eene alimentaire oc\u00e9anique, les microalgues et les cyanobact\u00e9ries sont des productrices essentielles d\u2019oxyg\u00e8ne sur notre plan\u00e8te et des pi\u00e8ges \u00e0 gaz carbonique. Sources traditionnelles de prot\u00e9ines alimentaires pour les populations azt\u00e8ques, africaines et asiatiques, elles ont acquis, pour certaines d\u2019entre elles, un statut de super aliment. Les microalgues fait le point [&hellip;]\" \/>\n<meta property=\"og:url\" content=\"https:\/\/www.istegroup.com\/en\/produit\/les-microalgues\/\" \/>\n<meta property=\"og:site_name\" content=\"ISTE Group\" \/>\n<meta property=\"article:modified_time\" content=\"2024-01-03T13:44:48+00:00\" \/>\n<meta property=\"og:image\" content=\"https:\/\/www.istegroup.com\/wp-content\/uploads\/2021\/05\/Les-microalgues.jpg\" \/>\n\t<meta property=\"og:image:width\" content=\"502\" \/>\n\t<meta property=\"og:image:height\" content=\"760\" \/>\n\t<meta property=\"og:image:type\" content=\"image\/jpeg\" \/>\n<meta name=\"twitter:card\" content=\"summary_large_image\" \/>\n<meta name=\"twitter:label1\" content=\"Est. reading time\" \/>\n\t<meta name=\"twitter:data1\" content=\"1 minute\" \/>\n<script type=\"application\/ld+json\" class=\"yoast-schema-graph\">{\"@context\":\"https:\/\/schema.org\",\"@graph\":[{\"@type\":\"WebPage\",\"@id\":\"https:\/\/www.istegroup.com\/en\/produit\/les-microalgues\/\",\"url\":\"https:\/\/www.istegroup.com\/en\/produit\/les-microalgues\/\",\"name\":\"Les microalgues - ISTE Group\",\"isPartOf\":{\"@id\":\"https:\/\/www.istegroup.com\/#website\"},\"primaryImageOfPage\":{\"@id\":\"https:\/\/www.istegroup.com\/en\/produit\/les-microalgues\/#primaryimage\"},\"image\":{\"@id\":\"https:\/\/www.istegroup.com\/en\/produit\/les-microalgues\/#primaryimage\"},\"thumbnailUrl\":\"https:\/\/www.istegroup.com\/wp-content\/uploads\/2021\/05\/Les-microalgues.jpg\",\"datePublished\":\"2021-06-17T13:50:28+00:00\",\"dateModified\":\"2024-01-03T13:44:48+00:00\",\"breadcrumb\":{\"@id\":\"https:\/\/www.istegroup.com\/en\/produit\/les-microalgues\/#breadcrumb\"},\"inLanguage\":\"fr-FR\",\"potentialAction\":[{\"@type\":\"ReadAction\",\"target\":[\"https:\/\/www.istegroup.com\/en\/produit\/les-microalgues\/\"]}]},{\"@type\":\"ImageObject\",\"inLanguage\":\"fr-FR\",\"@id\":\"https:\/\/www.istegroup.com\/en\/produit\/les-microalgues\/#primaryimage\",\"url\":\"https:\/\/www.istegroup.com\/wp-content\/uploads\/2021\/05\/Les-microalgues.jpg\",\"contentUrl\":\"https:\/\/www.istegroup.com\/wp-content\/uploads\/2021\/05\/Les-microalgues.jpg\",\"width\":502,\"height\":760},{\"@type\":\"BreadcrumbList\",\"@id\":\"https:\/\/www.istegroup.com\/en\/produit\/les-microalgues\/#breadcrumb\",\"itemListElement\":[{\"@type\":\"ListItem\",\"position\":1,\"name\":\"Home\",\"item\":\"https:\/\/www.istegroup.com\/\"},{\"@type\":\"ListItem\",\"position\":2,\"name\":\"Shop\",\"item\":\"https:\/\/www.istegroup.com\/fr\/nouveautes\/\"},{\"@type\":\"ListItem\",\"position\":3,\"name\":\"Les microalgues\"}]},{\"@type\":\"WebSite\",\"@id\":\"https:\/\/www.istegroup.com\/#website\",\"url\":\"https:\/\/www.istegroup.com\/\",\"name\":\"ISTE Group\",\"description\":\"\u00c9diteur des Sciences\",\"potentialAction\":[{\"@type\":\"SearchAction\",\"target\":{\"@type\":\"EntryPoint\",\"urlTemplate\":\"https:\/\/www.istegroup.com\/?s={search_term_string}\"},\"query-input\":{\"@type\":\"PropertyValueSpecification\",\"valueRequired\":true,\"valueName\":\"search_term_string\"}}],\"inLanguage\":\"fr-FR\"}]}<\/script>\n<!-- \/ Yoast SEO plugin. -->","yoast_head_json":{"title":"Les microalgues - ISTE Group","robots":{"index":"index","follow":"follow","max-snippet":"max-snippet:-1","max-image-preview":"max-image-preview:large","max-video-preview":"max-video-preview:-1"},"canonical":"https:\/\/www.istegroup.com\/en\/produit\/les-microalgues\/","og_locale":"fr_FR","og_type":"article","og_title":"Les microalgues - ISTE Group","og_description":"Premiers organismes de la cha\u00eene alimentaire oc\u00e9anique, les microalgues et les cyanobact\u00e9ries sont des productrices essentielles d\u2019oxyg\u00e8ne sur notre plan\u00e8te et des pi\u00e8ges \u00e0 gaz carbonique. Sources traditionnelles de prot\u00e9ines alimentaires pour les populations azt\u00e8ques, africaines et asiatiques, elles ont acquis, pour certaines d\u2019entre elles, un statut de super aliment. Les microalgues fait le point [&hellip;]","og_url":"https:\/\/www.istegroup.com\/en\/produit\/les-microalgues\/","og_site_name":"ISTE Group","article_modified_time":"2024-01-03T13:44:48+00:00","og_image":[{"width":502,"height":760,"url":"https:\/\/www.istegroup.com\/wp-content\/uploads\/2021\/05\/Les-microalgues.jpg","type":"image\/jpeg"}],"twitter_card":"summary_large_image","twitter_misc":{"Est. reading time":"1 minute"},"schema":{"@context":"https:\/\/schema.org","@graph":[{"@type":"WebPage","@id":"https:\/\/www.istegroup.com\/en\/produit\/les-microalgues\/","url":"https:\/\/www.istegroup.com\/en\/produit\/les-microalgues\/","name":"Les microalgues - ISTE Group","isPartOf":{"@id":"https:\/\/www.istegroup.com\/#website"},"primaryImageOfPage":{"@id":"https:\/\/www.istegroup.com\/en\/produit\/les-microalgues\/#primaryimage"},"image":{"@id":"https:\/\/www.istegroup.com\/en\/produit\/les-microalgues\/#primaryimage"},"thumbnailUrl":"https:\/\/www.istegroup.com\/wp-content\/uploads\/2021\/05\/Les-microalgues.jpg","datePublished":"2021-06-17T13:50:28+00:00","dateModified":"2024-01-03T13:44:48+00:00","breadcrumb":{"@id":"https:\/\/www.istegroup.com\/en\/produit\/les-microalgues\/#breadcrumb"},"inLanguage":"fr-FR","potentialAction":[{"@type":"ReadAction","target":["https:\/\/www.istegroup.com\/en\/produit\/les-microalgues\/"]}]},{"@type":"ImageObject","inLanguage":"fr-FR","@id":"https:\/\/www.istegroup.com\/en\/produit\/les-microalgues\/#primaryimage","url":"https:\/\/www.istegroup.com\/wp-content\/uploads\/2021\/05\/Les-microalgues.jpg","contentUrl":"https:\/\/www.istegroup.com\/wp-content\/uploads\/2021\/05\/Les-microalgues.jpg","width":502,"height":760},{"@type":"BreadcrumbList","@id":"https:\/\/www.istegroup.com\/en\/produit\/les-microalgues\/#breadcrumb","itemListElement":[{"@type":"ListItem","position":1,"name":"Home","item":"https:\/\/www.istegroup.com\/"},{"@type":"ListItem","position":2,"name":"Shop","item":"https:\/\/www.istegroup.com\/fr\/nouveautes\/"},{"@type":"ListItem","position":3,"name":"Les microalgues"}]},{"@type":"WebSite","@id":"https:\/\/www.istegroup.com\/#website","url":"https:\/\/www.istegroup.com\/","name":"ISTE Group","description":"\u00c9diteur des Sciences","potentialAction":[{"@type":"SearchAction","target":{"@type":"EntryPoint","urlTemplate":"https:\/\/www.istegroup.com\/?s={search_term_string}"},"query-input":{"@type":"PropertyValueSpecification","valueRequired":true,"valueName":"search_term_string"}}],"inLanguage":"fr-FR"}]}},"_links":{"self":[{"href":"https:\/\/www.istegroup.com\/fr\/wp-json\/wp\/v2\/product\/40762","targetHints":{"allow":["GET"]}}],"collection":[{"href":"https:\/\/www.istegroup.com\/fr\/wp-json\/wp\/v2\/product"}],"about":[{"href":"https:\/\/www.istegroup.com\/fr\/wp-json\/wp\/v2\/types\/product"}],"wp:featuredmedia":[{"embeddable":true,"href":"https:\/\/www.istegroup.com\/fr\/wp-json\/wp\/v2\/media\/40768"}],"wp:attachment":[{"href":"https:\/\/www.istegroup.com\/fr\/wp-json\/wp\/v2\/media?parent=40762"}],"wp:term":[{"taxonomy":"product_brand","embeddable":true,"href":"https:\/\/www.istegroup.com\/fr\/wp-json\/wp\/v2\/product_brand?post=40762"},{"taxonomy":"product_cat","embeddable":true,"href":"https:\/\/www.istegroup.com\/fr\/wp-json\/wp\/v2\/product_cat?post=40762"},{"taxonomy":"product_tag","embeddable":true,"href":"https:\/\/www.istegroup.com\/fr\/wp-json\/wp\/v2\/product_tag?post=40762"}],"curies":[{"name":"wp","href":"https:\/\/api.w.org\/{rel}","templated":true}]}}