{"id":407,"date":"2017-07-28T13:54:53","date_gmt":"2017-07-28T11:54:53","guid":{"rendered":"https:\/\/iste.yhello.co\/product\/les-essais-in-situ-en-geotechnique\/"},"modified":"2024-01-03T13:39:54","modified_gmt":"2024-01-03T13:39:54","slug":"les-essais-in-situ-en-geotechnique","status":"publish","type":"product","link":"https:\/\/www.istegroup.com\/fr\/produit\/les-essais-in-situ-en-geotechnique\/","title":{"rendered":"Les essais in situ en g\u00e9otechnique"},"content":{"rendered":"<p><em>Les essais in situ en g\u00e9otechnique<\/em>\u00a0permettent d\u2019approfondir l\u2019\u00e9tude des sols et des roches avant toute construction en surface ou en profondeur. Parfois discr\u00e9dit\u00e9s au profit des essais de laboratoire, ils \u00e9vitent pourtant toute contrainte de transport et de conservation susceptible d\u2019alt\u00e9rer les pr\u00e9l\u00e8vements et leurs r\u00e9sultats.<\/p>\n<p>Dans cet ouvrage, l\u2019auteur r\u00e9installe les essais in situ au coeur du g\u00e9nie civil en montrant qu\u2019ils permettent non seulement d\u2019appr\u00e9hender les m\u00eames grandeurs m\u00e9caniques qu\u2019au laboratoire, mais aussi d\u2019\u00e9largir le champ des mesures par la saisie de donn\u00e9es suppl\u00e9mentaires.<\/p>\n<p><em>Les essais in situ en g\u00e9otechnique<\/em>\u00a0r\u00e9pertorie en d\u00e9tail les diff\u00e9rentes mesures (teneur en eau et densit\u00e9, pression, d\u00e9placement, tassement et force, etc.) et les types d\u2019essais (chargement statique, p\u00e9n\u00e9trom\u00e9trie, pressiom\u00e9trie, etc.) indispensables \u00e0 la m\u00e9canique des sols pour le dimensionnement des ouvrages.<\/p>\n","protected":false},"excerpt":{"rendered":"<p>Les essais in situ en g\u00e9otechnique\u00a0permettent d\u2019approfondir l\u2019\u00e9tude des sols et des roches avant toute construction en surface ou en profondeur. Parfois discr\u00e9dit\u00e9s au profit des essais de laboratoire, ils \u00e9vitent pourtant toute contrainte de transport et de conservation susceptible d\u2019alt\u00e9rer les pr\u00e9l\u00e8vements et leurs r\u00e9sultats. Dans cet ouvrage, l\u2019auteur r\u00e9installe les essais in situ [&hellip;]<\/p>\n","protected":false},"featured_media":408,"template":"","meta":{"_acf_changed":false,"_links_to":"","_links_to_target":""},"product_brand":[],"product_cat":[662,675],"product_tag":[1707,1708,1709,31,196,1710,1723,1724,1711,197,198,199,21,200,22,1712,201,1713,203,204,63,25,172,209,1714,1715,212,38,192,145,28,1721,1722,1719,1720,1716,1717,1718],"class_list":{"0":"post-407","1":"product","2":"type-product","3":"status-publish","4":"has-post-thumbnail","6":"product_cat-gnie-civil-et-gomcanique-12506424","7":"product_cat-nouveauts-12519446","8":"product_tag-chargement-statique","9":"product_tag-cisaillement-direct","10":"product_tag-dilatometre","11":"product_tag-ebook","12":"product_tag-ebooks","13":"product_tag-essais-in-situ","14":"product_tag-etude-des-roches","15":"product_tag-etude-des-sols","16":"product_tag-geotechnique","17":"product_tag-iste","18":"product_tag-iste-edition","19":"product_tag-iste-editions","20":"product_tag-iste-group","21":"product_tag-isteedition","22":"product_tag-istegroup","23":"product_tag-jacques-monnet","24":"product_tag-kindle","25":"product_tag-les-essais-in-situ-en-geotechnique","26":"product_tag-liseuse","27":"product_tag-livre","28":"product_tag-livre-electronique","29":"product_tag-livre-numerique","30":"product_tag-livre-scientifique","31":"product_tag-livres-scientifiques","32":"product_tag-mecanique-des-sols","33":"product_tag-nappe-phreatique","34":"product_tag-ouvrage","35":"product_tag-ouvrage-numerique","36":"product_tag-ouvrage-science","37":"product_tag-ouvrage-scientifique","38":"product_tag-ouvrage-scientifique-francais","39":"product_tag-penetrometrie","40":"product_tag-penetrometrique","41":"product_tag-prelevement-des-roches","42":"product_tag-prelevement-des-sols","43":"product_tag-pressiometrie","44":"product_tag-pression-interstitielle","45":"product_tag-pression-totale","47":"first","48":"instock","49":"shipping-taxable","50":"purchasable","51":"product-type-variable"},"acf":[],"yoast_head":"<!-- This site is optimized with the Yoast SEO plugin v27.2 - https:\/\/yoast.com\/product\/yoast-seo-wordpress\/ -->\n<title>Les essais in situ en g\u00e9otechnique - ISTE Group<\/title>\n<meta name=\"robots\" content=\"index, follow, max-snippet:-1, max-image-preview:large, max-video-preview:-1\" \/>\n<link rel=\"canonical\" href=\"https:\/\/www.istegroup.com\/fr\/produit\/les-essais-in-situ-en-geotechnique\/\" \/>\n<meta property=\"og:locale\" content=\"fr_FR\" \/>\n<meta property=\"og:type\" content=\"article\" \/>\n<meta property=\"og:title\" content=\"Les essais in situ en g\u00e9otechnique - ISTE Group\" \/>\n<meta property=\"og:description\" content=\"Les essais in situ en g\u00e9otechnique\u00a0permettent d\u2019approfondir l\u2019\u00e9tude des sols et des roches avant toute construction en surface ou en profondeur. Parfois discr\u00e9dit\u00e9s au profit des essais de laboratoire, ils \u00e9vitent pourtant toute contrainte de transport et de conservation susceptible d\u2019alt\u00e9rer les pr\u00e9l\u00e8vements et leurs r\u00e9sultats. Dans cet ouvrage, l\u2019auteur r\u00e9installe les essais in situ [&hellip;]\" \/>\n<meta property=\"og:url\" content=\"https:\/\/www.istegroup.com\/fr\/produit\/les-essais-in-situ-en-geotechnique\/\" \/>\n<meta property=\"og:site_name\" content=\"ISTE Group\" \/>\n<meta property=\"article:modified_time\" content=\"2024-01-03T13:39:54+00:00\" \/>\n<meta property=\"og:image\" content=\"https:\/\/www.istegroup.com\/wp-content\/uploads\/2017\/07\/9550673860_4231181764-1.jpg\" \/>\n\t<meta property=\"og:image:width\" content=\"633\" \/>\n\t<meta property=\"og:image:height\" content=\"960\" \/>\n\t<meta property=\"og:image:type\" content=\"image\/jpeg\" \/>\n<meta name=\"twitter:card\" content=\"summary_large_image\" \/>\n<meta name=\"twitter:label1\" content=\"Est. reading time\" \/>\n\t<meta name=\"twitter:data1\" content=\"1 minute\" \/>\n<script type=\"application\/ld+json\" class=\"yoast-schema-graph\">{\"@context\":\"https:\/\/schema.org\",\"@graph\":[{\"@type\":\"WebPage\",\"@id\":\"https:\/\/www.istegroup.com\/fr\/produit\/les-essais-in-situ-en-geotechnique\/\",\"url\":\"https:\/\/www.istegroup.com\/fr\/produit\/les-essais-in-situ-en-geotechnique\/\",\"name\":\"Les essais in situ en g\u00e9otechnique - ISTE Group\",\"isPartOf\":{\"@id\":\"https:\/\/www.istegroup.com\/#website\"},\"primaryImageOfPage\":{\"@id\":\"https:\/\/www.istegroup.com\/fr\/produit\/les-essais-in-situ-en-geotechnique\/#primaryimage\"},\"image\":{\"@id\":\"https:\/\/www.istegroup.com\/fr\/produit\/les-essais-in-situ-en-geotechnique\/#primaryimage\"},\"thumbnailUrl\":\"https:\/\/www.istegroup.com\/wp-content\/uploads\/2017\/07\/9550673860_4231181764-1.jpg\",\"datePublished\":\"2017-07-28T11:54:53+00:00\",\"dateModified\":\"2024-01-03T13:39:54+00:00\",\"breadcrumb\":{\"@id\":\"https:\/\/www.istegroup.com\/fr\/produit\/les-essais-in-situ-en-geotechnique\/#breadcrumb\"},\"inLanguage\":\"fr-FR\",\"potentialAction\":[{\"@type\":\"ReadAction\",\"target\":[\"https:\/\/www.istegroup.com\/fr\/produit\/les-essais-in-situ-en-geotechnique\/\"]}]},{\"@type\":\"ImageObject\",\"inLanguage\":\"fr-FR\",\"@id\":\"https:\/\/www.istegroup.com\/fr\/produit\/les-essais-in-situ-en-geotechnique\/#primaryimage\",\"url\":\"https:\/\/www.istegroup.com\/wp-content\/uploads\/2017\/07\/9550673860_4231181764-1.jpg\",\"contentUrl\":\"https:\/\/www.istegroup.com\/wp-content\/uploads\/2017\/07\/9550673860_4231181764-1.jpg\",\"width\":633,\"height\":960,\"caption\":\"Les essais in situ en g\u00e9otechnique\"},{\"@type\":\"BreadcrumbList\",\"@id\":\"https:\/\/www.istegroup.com\/fr\/produit\/les-essais-in-situ-en-geotechnique\/#breadcrumb\",\"itemListElement\":[{\"@type\":\"ListItem\",\"position\":1,\"name\":\"Home\",\"item\":\"https:\/\/www.istegroup.com\/\"},{\"@type\":\"ListItem\",\"position\":2,\"name\":\"Shop\",\"item\":\"https:\/\/www.istegroup.com\/fr\/nouveautes\/\"},{\"@type\":\"ListItem\",\"position\":3,\"name\":\"Les essais in situ en g\u00e9otechnique\"}]},{\"@type\":\"WebSite\",\"@id\":\"https:\/\/www.istegroup.com\/#website\",\"url\":\"https:\/\/www.istegroup.com\/\",\"name\":\"ISTE Group\",\"description\":\"\u00c9diteur des Sciences\",\"potentialAction\":[{\"@type\":\"SearchAction\",\"target\":{\"@type\":\"EntryPoint\",\"urlTemplate\":\"https:\/\/www.istegroup.com\/?s={search_term_string}\"},\"query-input\":{\"@type\":\"PropertyValueSpecification\",\"valueRequired\":true,\"valueName\":\"search_term_string\"}}],\"inLanguage\":\"fr-FR\"}]}<\/script>\n<!-- \/ Yoast SEO plugin. -->","yoast_head_json":{"title":"Les essais in situ en g\u00e9otechnique - ISTE Group","robots":{"index":"index","follow":"follow","max-snippet":"max-snippet:-1","max-image-preview":"max-image-preview:large","max-video-preview":"max-video-preview:-1"},"canonical":"https:\/\/www.istegroup.com\/fr\/produit\/les-essais-in-situ-en-geotechnique\/","og_locale":"fr_FR","og_type":"article","og_title":"Les essais in situ en g\u00e9otechnique - ISTE Group","og_description":"Les essais in situ en g\u00e9otechnique\u00a0permettent d\u2019approfondir l\u2019\u00e9tude des sols et des roches avant toute construction en surface ou en profondeur. Parfois discr\u00e9dit\u00e9s au profit des essais de laboratoire, ils \u00e9vitent pourtant toute contrainte de transport et de conservation susceptible d\u2019alt\u00e9rer les pr\u00e9l\u00e8vements et leurs r\u00e9sultats. Dans cet ouvrage, l\u2019auteur r\u00e9installe les essais in situ [&hellip;]","og_url":"https:\/\/www.istegroup.com\/fr\/produit\/les-essais-in-situ-en-geotechnique\/","og_site_name":"ISTE Group","article_modified_time":"2024-01-03T13:39:54+00:00","og_image":[{"width":633,"height":960,"url":"https:\/\/www.istegroup.com\/wp-content\/uploads\/2017\/07\/9550673860_4231181764-1.jpg","type":"image\/jpeg"}],"twitter_card":"summary_large_image","twitter_misc":{"Est. reading time":"1 minute"},"schema":{"@context":"https:\/\/schema.org","@graph":[{"@type":"WebPage","@id":"https:\/\/www.istegroup.com\/fr\/produit\/les-essais-in-situ-en-geotechnique\/","url":"https:\/\/www.istegroup.com\/fr\/produit\/les-essais-in-situ-en-geotechnique\/","name":"Les essais in situ en g\u00e9otechnique - ISTE Group","isPartOf":{"@id":"https:\/\/www.istegroup.com\/#website"},"primaryImageOfPage":{"@id":"https:\/\/www.istegroup.com\/fr\/produit\/les-essais-in-situ-en-geotechnique\/#primaryimage"},"image":{"@id":"https:\/\/www.istegroup.com\/fr\/produit\/les-essais-in-situ-en-geotechnique\/#primaryimage"},"thumbnailUrl":"https:\/\/www.istegroup.com\/wp-content\/uploads\/2017\/07\/9550673860_4231181764-1.jpg","datePublished":"2017-07-28T11:54:53+00:00","dateModified":"2024-01-03T13:39:54+00:00","breadcrumb":{"@id":"https:\/\/www.istegroup.com\/fr\/produit\/les-essais-in-situ-en-geotechnique\/#breadcrumb"},"inLanguage":"fr-FR","potentialAction":[{"@type":"ReadAction","target":["https:\/\/www.istegroup.com\/fr\/produit\/les-essais-in-situ-en-geotechnique\/"]}]},{"@type":"ImageObject","inLanguage":"fr-FR","@id":"https:\/\/www.istegroup.com\/fr\/produit\/les-essais-in-situ-en-geotechnique\/#primaryimage","url":"https:\/\/www.istegroup.com\/wp-content\/uploads\/2017\/07\/9550673860_4231181764-1.jpg","contentUrl":"https:\/\/www.istegroup.com\/wp-content\/uploads\/2017\/07\/9550673860_4231181764-1.jpg","width":633,"height":960,"caption":"Les essais in situ en g\u00e9otechnique"},{"@type":"BreadcrumbList","@id":"https:\/\/www.istegroup.com\/fr\/produit\/les-essais-in-situ-en-geotechnique\/#breadcrumb","itemListElement":[{"@type":"ListItem","position":1,"name":"Home","item":"https:\/\/www.istegroup.com\/"},{"@type":"ListItem","position":2,"name":"Shop","item":"https:\/\/www.istegroup.com\/fr\/nouveautes\/"},{"@type":"ListItem","position":3,"name":"Les essais in situ en g\u00e9otechnique"}]},{"@type":"WebSite","@id":"https:\/\/www.istegroup.com\/#website","url":"https:\/\/www.istegroup.com\/","name":"ISTE Group","description":"\u00c9diteur des Sciences","potentialAction":[{"@type":"SearchAction","target":{"@type":"EntryPoint","urlTemplate":"https:\/\/www.istegroup.com\/?s={search_term_string}"},"query-input":{"@type":"PropertyValueSpecification","valueRequired":true,"valueName":"search_term_string"}}],"inLanguage":"fr-FR"}]}},"_links":{"self":[{"href":"https:\/\/www.istegroup.com\/fr\/wp-json\/wp\/v2\/product\/407","targetHints":{"allow":["GET"]}}],"collection":[{"href":"https:\/\/www.istegroup.com\/fr\/wp-json\/wp\/v2\/product"}],"about":[{"href":"https:\/\/www.istegroup.com\/fr\/wp-json\/wp\/v2\/types\/product"}],"wp:featuredmedia":[{"embeddable":true,"href":"https:\/\/www.istegroup.com\/fr\/wp-json\/wp\/v2\/media\/408"}],"wp:attachment":[{"href":"https:\/\/www.istegroup.com\/fr\/wp-json\/wp\/v2\/media?parent=407"}],"wp:term":[{"taxonomy":"product_brand","embeddable":true,"href":"https:\/\/www.istegroup.com\/fr\/wp-json\/wp\/v2\/product_brand?post=407"},{"taxonomy":"product_cat","embeddable":true,"href":"https:\/\/www.istegroup.com\/fr\/wp-json\/wp\/v2\/product_cat?post=407"},{"taxonomy":"product_tag","embeddable":true,"href":"https:\/\/www.istegroup.com\/fr\/wp-json\/wp\/v2\/product_tag?post=407"}],"curies":[{"name":"wp","href":"https:\/\/api.w.org\/{rel}","templated":true}]}}