{"id":405,"date":"2017-07-28T13:54:49","date_gmt":"2017-07-28T11:54:49","guid":{"rendered":"https:\/\/iste.yhello.co\/product\/les-entites-nommees-pour-le-traitement-automatique-des-langues\/"},"modified":"2024-01-03T13:39:53","modified_gmt":"2024-01-03T13:39:53","slug":"les-entites-nommees-pour-le-traitement-automatique-des-langues","status":"publish","type":"product","link":"https:\/\/www.istegroup.com\/fr\/produit\/les-entites-nommees-pour-le-traitement-automatique-des-langues\/","title":{"rendered":"Les entit\u00e9s nomm\u00e9es pour le traitement automatique des langues"},"content":{"rendered":"<p>Le monde num\u00e9ris\u00e9 et connect\u00e9 produit de grandes quantit\u00e9s de donn\u00e9es. Analyser automatiquement le langage naturel est un enjeu majeur pour les applications de recherches sur le Web, de suivi d&rsquo;actualit\u00e9s, de fouille, de veille, d&rsquo;opinion, etc.<\/p>\n<p>Les recherches men\u00e9es en extraction d&rsquo;information ont montr\u00e9 l&rsquo;importance de certaines unit\u00e9s, telles que les noms de personnes, de lieux et d\u2019organisations, les dates ou les montants. Le traitement de ces \u00e9l\u00e9ments, les \u00ab entit\u00e9s nomm\u00e9es \u00bb, a donn\u00e9 lieu au d\u00e9veloppement d&rsquo;algorithmes et de ressources utilis\u00e9es par les syst\u00e8mes informatiques.<\/p>\n<p>Th\u00e9orique et pratique, cet ouvrage propose des outils pour d\u00e9finir ces entit\u00e9s, les identifier, les lier \u00e0 des bases de connaissance ou pour proc\u00e9der \u00e0 l\u2019\u00e9valuation des syst\u00e8mes.<\/p>\n","protected":false},"excerpt":{"rendered":"<p>Le monde num\u00e9ris\u00e9 et connect\u00e9 produit de grandes quantit\u00e9s de donn\u00e9es. Analyser automatiquement le langage naturel est un enjeu majeur pour les applications de recherches sur le Web, de suivi d&rsquo;actualit\u00e9s, de fouille, de veille, d&rsquo;opinion, etc. Les recherches men\u00e9es en extraction d&rsquo;information ont montr\u00e9 l&rsquo;importance de certaines unit\u00e9s, telles que les noms de personnes, [&hellip;]<\/p>\n","protected":false},"featured_media":406,"template":"","meta":{"_acf_changed":false,"_links_to":"","_links_to_target":""},"product_brand":[],"product_cat":[682],"product_tag":[1695,817,1696,1697,31,196,1698,833,197,198,199,21,200,22,201,1491,1699,1700,203,204,63,25,172,209,1701,885,1702,212,38,192,145,28,1703,1704,1705,1706],"class_list":{"0":"post-405","1":"product","2":"type-product","3":"status-publish","4":"has-post-thumbnail","6":"product_cat-sciences-cognitives-12506546","7":"product_tag-acces","8":"product_tag-automatique","9":"product_tag-connecte","10":"product_tag-damien-nouvel","11":"product_tag-ebook","12":"product_tag-ebooks","13":"product_tag-entites-nommees","14":"product_tag-information","15":"product_tag-iste","16":"product_tag-iste-edition","17":"product_tag-iste-editions","18":"product_tag-iste-group","19":"product_tag-isteedition","20":"product_tag-istegroup","21":"product_tag-kindle","22":"product_tag-langues","23":"product_tag-les-entites-nommees-pour-le-traitement-automatique-des-langues","24":"product_tag-lier","25":"product_tag-liseuse","26":"product_tag-livre","27":"product_tag-livre-electronique","28":"product_tag-livre-numerique","29":"product_tag-livre-scientifique","30":"product_tag-livres-scientifiques","31":"product_tag-maud-ehrmann","32":"product_tag-monde","33":"product_tag-numerise","34":"product_tag-ouvrage","35":"product_tag-ouvrage-numerique","36":"product_tag-ouvrage-science","37":"product_tag-ouvrage-scientifique","38":"product_tag-ouvrage-scientifique-francais","39":"product_tag-ressource","40":"product_tag-sophie-rosset","41":"product_tag-traitement","42":"product_tag-unites-referentielles","44":"first","45":"instock","46":"shipping-taxable","47":"purchasable","48":"product-type-variable"},"acf":[],"yoast_head":"<!-- This site is optimized with the Yoast SEO plugin v27.2 - https:\/\/yoast.com\/product\/yoast-seo-wordpress\/ -->\n<title>Les entit\u00e9s nomm\u00e9es pour le traitement automatique des langues - ISTE Group<\/title>\n<meta name=\"description\" content=\"L&#039;ouvrage propose des outils pour d\u00e9finir les entit\u00e9s nomm\u00e9es, les identifier, les lier \u00e0 des bases de connaissance ou pour proc\u00e9der \u00e0 l\u2019\u00e9valuation des syst\u00e8mes.\" \/>\n<meta name=\"robots\" content=\"index, follow, max-snippet:-1, max-image-preview:large, max-video-preview:-1\" \/>\n<link rel=\"canonical\" href=\"https:\/\/www.istegroup.com\/fr\/produit\/les-entites-nommees-pour-le-traitement-automatique-des-langues\/\" \/>\n<meta property=\"og:locale\" content=\"fr_FR\" \/>\n<meta property=\"og:type\" content=\"article\" \/>\n<meta property=\"og:title\" content=\"Les entit\u00e9s nomm\u00e9es pour le traitement automatique des langues - ISTE Group\" \/>\n<meta property=\"og:description\" content=\"L&#039;ouvrage propose des outils pour d\u00e9finir les entit\u00e9s nomm\u00e9es, les identifier, les lier \u00e0 des bases de connaissance ou pour proc\u00e9der \u00e0 l\u2019\u00e9valuation des syst\u00e8mes.\" \/>\n<meta property=\"og:url\" content=\"https:\/\/www.istegroup.com\/fr\/produit\/les-entites-nommees-pour-le-traitement-automatique-des-langues\/\" \/>\n<meta property=\"og:site_name\" content=\"ISTE Group\" \/>\n<meta property=\"article:modified_time\" content=\"2024-01-03T13:39:53+00:00\" \/>\n<meta property=\"og:image\" content=\"https:\/\/www.istegroup.com\/wp-content\/uploads\/2017\/07\/4724140932_1705724996-1.jpg\" \/>\n\t<meta property=\"og:image:width\" content=\"300\" \/>\n\t<meta property=\"og:image:height\" content=\"452\" \/>\n\t<meta property=\"og:image:type\" content=\"image\/jpeg\" \/>\n<meta name=\"twitter:card\" content=\"summary_large_image\" \/>\n<meta name=\"twitter:label1\" content=\"Est. reading time\" \/>\n\t<meta name=\"twitter:data1\" content=\"1 minute\" \/>\n<script type=\"application\/ld+json\" class=\"yoast-schema-graph\">{\"@context\":\"https:\/\/schema.org\",\"@graph\":[{\"@type\":\"WebPage\",\"@id\":\"https:\/\/www.istegroup.com\/fr\/produit\/les-entites-nommees-pour-le-traitement-automatique-des-langues\/\",\"url\":\"https:\/\/www.istegroup.com\/fr\/produit\/les-entites-nommees-pour-le-traitement-automatique-des-langues\/\",\"name\":\"Les entit\u00e9s nomm\u00e9es pour le traitement automatique des langues - ISTE Group\",\"isPartOf\":{\"@id\":\"https:\/\/www.istegroup.com\/#website\"},\"primaryImageOfPage\":{\"@id\":\"https:\/\/www.istegroup.com\/fr\/produit\/les-entites-nommees-pour-le-traitement-automatique-des-langues\/#primaryimage\"},\"image\":{\"@id\":\"https:\/\/www.istegroup.com\/fr\/produit\/les-entites-nommees-pour-le-traitement-automatique-des-langues\/#primaryimage\"},\"thumbnailUrl\":\"https:\/\/www.istegroup.com\/wp-content\/uploads\/2017\/07\/4724140932_1705724996-1.jpg\",\"datePublished\":\"2017-07-28T11:54:49+00:00\",\"dateModified\":\"2024-01-03T13:39:53+00:00\",\"description\":\"L'ouvrage propose des outils pour d\u00e9finir les entit\u00e9s nomm\u00e9es, les identifier, les lier \u00e0 des bases de connaissance ou pour proc\u00e9der \u00e0 l\u2019\u00e9valuation des syst\u00e8mes.\",\"breadcrumb\":{\"@id\":\"https:\/\/www.istegroup.com\/fr\/produit\/les-entites-nommees-pour-le-traitement-automatique-des-langues\/#breadcrumb\"},\"inLanguage\":\"fr-FR\",\"potentialAction\":[{\"@type\":\"ReadAction\",\"target\":[\"https:\/\/www.istegroup.com\/fr\/produit\/les-entites-nommees-pour-le-traitement-automatique-des-langues\/\"]}]},{\"@type\":\"ImageObject\",\"inLanguage\":\"fr-FR\",\"@id\":\"https:\/\/www.istegroup.com\/fr\/produit\/les-entites-nommees-pour-le-traitement-automatique-des-langues\/#primaryimage\",\"url\":\"https:\/\/www.istegroup.com\/wp-content\/uploads\/2017\/07\/4724140932_1705724996-1.jpg\",\"contentUrl\":\"https:\/\/www.istegroup.com\/wp-content\/uploads\/2017\/07\/4724140932_1705724996-1.jpg\",\"width\":300,\"height\":452,\"caption\":\"Les entit\u00e9s nomm\u00e9es pour le traitement automatique des langues\"},{\"@type\":\"BreadcrumbList\",\"@id\":\"https:\/\/www.istegroup.com\/fr\/produit\/les-entites-nommees-pour-le-traitement-automatique-des-langues\/#breadcrumb\",\"itemListElement\":[{\"@type\":\"ListItem\",\"position\":1,\"name\":\"Home\",\"item\":\"https:\/\/www.istegroup.com\/\"},{\"@type\":\"ListItem\",\"position\":2,\"name\":\"Shop\",\"item\":\"https:\/\/www.istegroup.com\/fr\/nouveautes\/\"},{\"@type\":\"ListItem\",\"position\":3,\"name\":\"Les entit\u00e9s nomm\u00e9es pour le traitement automatique des langues\"}]},{\"@type\":\"WebSite\",\"@id\":\"https:\/\/www.istegroup.com\/#website\",\"url\":\"https:\/\/www.istegroup.com\/\",\"name\":\"ISTE Group\",\"description\":\"\u00c9diteur des Sciences\",\"potentialAction\":[{\"@type\":\"SearchAction\",\"target\":{\"@type\":\"EntryPoint\",\"urlTemplate\":\"https:\/\/www.istegroup.com\/?s={search_term_string}\"},\"query-input\":{\"@type\":\"PropertyValueSpecification\",\"valueRequired\":true,\"valueName\":\"search_term_string\"}}],\"inLanguage\":\"fr-FR\"}]}<\/script>\n<!-- \/ Yoast SEO plugin. -->","yoast_head_json":{"title":"Les entit\u00e9s nomm\u00e9es pour le traitement automatique des langues - ISTE Group","description":"L'ouvrage propose des outils pour d\u00e9finir les entit\u00e9s nomm\u00e9es, les identifier, les lier \u00e0 des bases de connaissance ou pour proc\u00e9der \u00e0 l\u2019\u00e9valuation des syst\u00e8mes.","robots":{"index":"index","follow":"follow","max-snippet":"max-snippet:-1","max-image-preview":"max-image-preview:large","max-video-preview":"max-video-preview:-1"},"canonical":"https:\/\/www.istegroup.com\/fr\/produit\/les-entites-nommees-pour-le-traitement-automatique-des-langues\/","og_locale":"fr_FR","og_type":"article","og_title":"Les entit\u00e9s nomm\u00e9es pour le traitement automatique des langues - ISTE Group","og_description":"L'ouvrage propose des outils pour d\u00e9finir les entit\u00e9s nomm\u00e9es, les identifier, les lier \u00e0 des bases de connaissance ou pour proc\u00e9der \u00e0 l\u2019\u00e9valuation des syst\u00e8mes.","og_url":"https:\/\/www.istegroup.com\/fr\/produit\/les-entites-nommees-pour-le-traitement-automatique-des-langues\/","og_site_name":"ISTE Group","article_modified_time":"2024-01-03T13:39:53+00:00","og_image":[{"width":300,"height":452,"url":"https:\/\/www.istegroup.com\/wp-content\/uploads\/2017\/07\/4724140932_1705724996-1.jpg","type":"image\/jpeg"}],"twitter_card":"summary_large_image","twitter_misc":{"Est. reading time":"1 minute"},"schema":{"@context":"https:\/\/schema.org","@graph":[{"@type":"WebPage","@id":"https:\/\/www.istegroup.com\/fr\/produit\/les-entites-nommees-pour-le-traitement-automatique-des-langues\/","url":"https:\/\/www.istegroup.com\/fr\/produit\/les-entites-nommees-pour-le-traitement-automatique-des-langues\/","name":"Les entit\u00e9s nomm\u00e9es pour le traitement automatique des langues - ISTE Group","isPartOf":{"@id":"https:\/\/www.istegroup.com\/#website"},"primaryImageOfPage":{"@id":"https:\/\/www.istegroup.com\/fr\/produit\/les-entites-nommees-pour-le-traitement-automatique-des-langues\/#primaryimage"},"image":{"@id":"https:\/\/www.istegroup.com\/fr\/produit\/les-entites-nommees-pour-le-traitement-automatique-des-langues\/#primaryimage"},"thumbnailUrl":"https:\/\/www.istegroup.com\/wp-content\/uploads\/2017\/07\/4724140932_1705724996-1.jpg","datePublished":"2017-07-28T11:54:49+00:00","dateModified":"2024-01-03T13:39:53+00:00","description":"L'ouvrage propose des outils pour d\u00e9finir les entit\u00e9s nomm\u00e9es, les identifier, les lier \u00e0 des bases de connaissance ou pour proc\u00e9der \u00e0 l\u2019\u00e9valuation des syst\u00e8mes.","breadcrumb":{"@id":"https:\/\/www.istegroup.com\/fr\/produit\/les-entites-nommees-pour-le-traitement-automatique-des-langues\/#breadcrumb"},"inLanguage":"fr-FR","potentialAction":[{"@type":"ReadAction","target":["https:\/\/www.istegroup.com\/fr\/produit\/les-entites-nommees-pour-le-traitement-automatique-des-langues\/"]}]},{"@type":"ImageObject","inLanguage":"fr-FR","@id":"https:\/\/www.istegroup.com\/fr\/produit\/les-entites-nommees-pour-le-traitement-automatique-des-langues\/#primaryimage","url":"https:\/\/www.istegroup.com\/wp-content\/uploads\/2017\/07\/4724140932_1705724996-1.jpg","contentUrl":"https:\/\/www.istegroup.com\/wp-content\/uploads\/2017\/07\/4724140932_1705724996-1.jpg","width":300,"height":452,"caption":"Les entit\u00e9s nomm\u00e9es pour le traitement automatique des langues"},{"@type":"BreadcrumbList","@id":"https:\/\/www.istegroup.com\/fr\/produit\/les-entites-nommees-pour-le-traitement-automatique-des-langues\/#breadcrumb","itemListElement":[{"@type":"ListItem","position":1,"name":"Home","item":"https:\/\/www.istegroup.com\/"},{"@type":"ListItem","position":2,"name":"Shop","item":"https:\/\/www.istegroup.com\/fr\/nouveautes\/"},{"@type":"ListItem","position":3,"name":"Les entit\u00e9s nomm\u00e9es pour le traitement automatique des langues"}]},{"@type":"WebSite","@id":"https:\/\/www.istegroup.com\/#website","url":"https:\/\/www.istegroup.com\/","name":"ISTE Group","description":"\u00c9diteur des Sciences","potentialAction":[{"@type":"SearchAction","target":{"@type":"EntryPoint","urlTemplate":"https:\/\/www.istegroup.com\/?s={search_term_string}"},"query-input":{"@type":"PropertyValueSpecification","valueRequired":true,"valueName":"search_term_string"}}],"inLanguage":"fr-FR"}]}},"_links":{"self":[{"href":"https:\/\/www.istegroup.com\/fr\/wp-json\/wp\/v2\/product\/405","targetHints":{"allow":["GET"]}}],"collection":[{"href":"https:\/\/www.istegroup.com\/fr\/wp-json\/wp\/v2\/product"}],"about":[{"href":"https:\/\/www.istegroup.com\/fr\/wp-json\/wp\/v2\/types\/product"}],"wp:featuredmedia":[{"embeddable":true,"href":"https:\/\/www.istegroup.com\/fr\/wp-json\/wp\/v2\/media\/406"}],"wp:attachment":[{"href":"https:\/\/www.istegroup.com\/fr\/wp-json\/wp\/v2\/media?parent=405"}],"wp:term":[{"taxonomy":"product_brand","embeddable":true,"href":"https:\/\/www.istegroup.com\/fr\/wp-json\/wp\/v2\/product_brand?post=405"},{"taxonomy":"product_cat","embeddable":true,"href":"https:\/\/www.istegroup.com\/fr\/wp-json\/wp\/v2\/product_cat?post=405"},{"taxonomy":"product_tag","embeddable":true,"href":"https:\/\/www.istegroup.com\/fr\/wp-json\/wp\/v2\/product_tag?post=405"}],"curies":[{"name":"wp","href":"https:\/\/api.w.org\/{rel}","templated":true}]}}