{"id":401,"date":"2017-05-01T13:54:36","date_gmt":"2017-05-01T11:54:36","guid":{"rendered":"https:\/\/iste.yhello.co\/product\/les-effets-ecotoxicologiques\/"},"modified":"2026-03-06T09:04:41","modified_gmt":"2026-03-06T09:04:41","slug":"les-effets-ecotoxicologiques","status":"publish","type":"product","link":"https:\/\/www.istegroup.com\/fr\/produit\/les-effets-ecotoxicologiques\/","title":{"rendered":"Les effets \u00e9cotoxicologiques"},"content":{"rendered":"<p>La compr\u00e9hension des m\u00e9canismes d\u2019effets toxiques et l\u2019\u00e9valuation du risque des substances pour les \u00e9cosyst\u00e8mes sont des enjeux majeurs des recherches en \u00e9cotoxicologie.<\/p>\n<p><em>Les effets \u00e9cotoxicologiques : de la mol\u00e9cule \u00e0 la population\u00a0<\/em>pr\u00e9sente, au travers d\u2019exemples concrets et de r\u00e9sultats de recherches r\u00e9cents, des concepts, des m\u00e9thodes et des outils de mesure et de mod\u00e9lisation, qui permettent de comprendre, d\u2019expliquer et de pr\u00e9dire l\u2019impact des polluants chimiques de la cellule \u00e0 la population.<\/p>\n<p>Cet ouvrage illustre la complexit\u00e9 et la richesse des questions scientifiques concernant les impacts toxiques sur diff\u00e9rents niveaux d\u2019organisation biologique. Il apporte des r\u00e9ponses aux lecteurs int\u00e9ress\u00e9s par les enjeux de compr\u00e9hension et de pr\u00e9diction des risques toxiques chimiques.<\/p>\n","protected":false},"excerpt":{"rendered":"<div class=\"woocommerce-product-details__short-description\">\n<p>Version papier \u00e9puis\u00e9e<\/p>\n<\/div>\n","protected":false},"featured_media":34336,"template":"","meta":{"_acf_changed":false,"_links_to":"","_links_to_target":""},"product_brand":[],"product_cat":[675,690,705],"product_tag":[120,121,18,20,21,22,122,123,25,26,27,28],"class_list":{"0":"post-401","1":"product","2":"type-product","3":"status-publish","4":"has-post-thumbnail","6":"product_cat-nouveauts-12519446","7":"product_cat-srie-ecotoxicologie-426869329","8":"product_cat-systme-terre-environnement-27112280","9":"product_tag-alexandre-pery","10":"product_tag-de-la-molecule-a-la-population","11":"product_tag-edition-scientifique","12":"product_tag-editions-technique","13":"product_tag-iste-group","14":"product_tag-istegroup","15":"product_tag-jeanne-garric","16":"product_tag-les-effets-ecotoxicologiques","17":"product_tag-livre-numerique","18":"product_tag-livre-scientifique-francais","19":"product_tag-livre-technique-francais","20":"product_tag-ouvrage-scientifique-francais","22":"first","23":"instock","24":"shipping-taxable","25":"purchasable","26":"product-type-variable"},"acf":[],"yoast_head":"<!-- This site is optimized with the Yoast SEO plugin v27.2 - https:\/\/yoast.com\/product\/yoast-seo-wordpress\/ -->\n<title>Les effets \u00e9cotoxicologiques - ISTE Group<\/title>\n<meta name=\"description\" content=\"Les effets \u00e9cotoxicologiques pr\u00e9sente des concepts, m\u00e9thodes et outils de mesure pour comprendre et pr\u00e9dire l\u2019impact des polluants chimiques de la cellule \u00e0 la population.\" \/>\n<meta name=\"robots\" content=\"index, follow, max-snippet:-1, max-image-preview:large, max-video-preview:-1\" \/>\n<link rel=\"canonical\" href=\"https:\/\/www.istegroup.com\/produit\/les-effets-ecotoxicologiques\/\" \/>\n<meta property=\"og:locale\" content=\"fr_FR\" \/>\n<meta property=\"og:type\" content=\"article\" \/>\n<meta property=\"og:title\" content=\"Les effets \u00e9cotoxicologiques - ISTE Group\" \/>\n<meta property=\"og:description\" content=\"Les effets \u00e9cotoxicologiques pr\u00e9sente des concepts, m\u00e9thodes et outils de mesure pour comprendre et pr\u00e9dire l\u2019impact des polluants chimiques de la cellule \u00e0 la population.\" \/>\n<meta property=\"og:url\" content=\"https:\/\/www.istegroup.com\/produit\/les-effets-ecotoxicologiques\/\" \/>\n<meta property=\"og:site_name\" content=\"ISTE Group\" \/>\n<meta property=\"article:modified_time\" content=\"2026-03-06T09:04:41+00:00\" \/>\n<meta property=\"og:image\" content=\"https:\/\/www.istegroup.com\/wp-content\/uploads\/2020\/09\/Pery_Front_1-scaled.jpg\" \/>\n\t<meta property=\"og:image:width\" content=\"1686\" \/>\n\t<meta property=\"og:image:height\" content=\"2560\" \/>\n\t<meta property=\"og:image:type\" content=\"image\/jpeg\" \/>\n<meta name=\"twitter:card\" content=\"summary_large_image\" \/>\n<meta name=\"twitter:label1\" content=\"Est. reading time\" \/>\n\t<meta name=\"twitter:data1\" content=\"1 minute\" \/>\n<script type=\"application\/ld+json\" class=\"yoast-schema-graph\">{\"@context\":\"https:\/\/schema.org\",\"@graph\":[{\"@type\":\"WebPage\",\"@id\":\"https:\/\/www.istegroup.com\/produit\/les-effets-ecotoxicologiques\/\",\"url\":\"https:\/\/www.istegroup.com\/produit\/les-effets-ecotoxicologiques\/\",\"name\":\"Les effets \u00e9cotoxicologiques - ISTE Group\",\"isPartOf\":{\"@id\":\"https:\/\/www.istegroup.com\/#website\"},\"primaryImageOfPage\":{\"@id\":\"https:\/\/www.istegroup.com\/produit\/les-effets-ecotoxicologiques\/#primaryimage\"},\"image\":{\"@id\":\"https:\/\/www.istegroup.com\/produit\/les-effets-ecotoxicologiques\/#primaryimage\"},\"thumbnailUrl\":\"https:\/\/www.istegroup.com\/wp-content\/uploads\/2020\/09\/Pery_Front_1-scaled.jpg\",\"datePublished\":\"2017-05-01T11:54:36+00:00\",\"dateModified\":\"2026-03-06T09:04:41+00:00\",\"description\":\"Les effets \u00e9cotoxicologiques pr\u00e9sente des concepts, m\u00e9thodes et outils de mesure pour comprendre et pr\u00e9dire l\u2019impact des polluants chimiques de la cellule \u00e0 la population.\",\"breadcrumb\":{\"@id\":\"https:\/\/www.istegroup.com\/produit\/les-effets-ecotoxicologiques\/#breadcrumb\"},\"inLanguage\":\"fr-FR\",\"potentialAction\":[{\"@type\":\"ReadAction\",\"target\":[\"https:\/\/www.istegroup.com\/produit\/les-effets-ecotoxicologiques\/\"]}]},{\"@type\":\"ImageObject\",\"inLanguage\":\"fr-FR\",\"@id\":\"https:\/\/www.istegroup.com\/produit\/les-effets-ecotoxicologiques\/#primaryimage\",\"url\":\"https:\/\/www.istegroup.com\/wp-content\/uploads\/2020\/09\/Pery_Front_1-scaled.jpg\",\"contentUrl\":\"https:\/\/www.istegroup.com\/wp-content\/uploads\/2020\/09\/Pery_Front_1-scaled.jpg\",\"width\":1686,\"height\":2560,\"caption\":\"Les effets toxicologiques - Alexandre P\u00e9ry et Jeanne Garric\"},{\"@type\":\"BreadcrumbList\",\"@id\":\"https:\/\/www.istegroup.com\/produit\/les-effets-ecotoxicologiques\/#breadcrumb\",\"itemListElement\":[{\"@type\":\"ListItem\",\"position\":1,\"name\":\"Home\",\"item\":\"https:\/\/www.istegroup.com\/\"},{\"@type\":\"ListItem\",\"position\":2,\"name\":\"Shop\",\"item\":\"https:\/\/www.istegroup.com\/fr\/nouveautes\/\"},{\"@type\":\"ListItem\",\"position\":3,\"name\":\"Les effets \u00e9cotoxicologiques\"}]},{\"@type\":\"WebSite\",\"@id\":\"https:\/\/www.istegroup.com\/#website\",\"url\":\"https:\/\/www.istegroup.com\/\",\"name\":\"ISTE Group\",\"description\":\"\u00c9diteur des Sciences\",\"potentialAction\":[{\"@type\":\"SearchAction\",\"target\":{\"@type\":\"EntryPoint\",\"urlTemplate\":\"https:\/\/www.istegroup.com\/?s={search_term_string}\"},\"query-input\":{\"@type\":\"PropertyValueSpecification\",\"valueRequired\":true,\"valueName\":\"search_term_string\"}}],\"inLanguage\":\"fr-FR\"}]}<\/script>\n<!-- \/ Yoast SEO plugin. -->","yoast_head_json":{"title":"Les effets \u00e9cotoxicologiques - ISTE Group","description":"Les effets \u00e9cotoxicologiques pr\u00e9sente des concepts, m\u00e9thodes et outils de mesure pour comprendre et pr\u00e9dire l\u2019impact des polluants chimiques de la cellule \u00e0 la population.","robots":{"index":"index","follow":"follow","max-snippet":"max-snippet:-1","max-image-preview":"max-image-preview:large","max-video-preview":"max-video-preview:-1"},"canonical":"https:\/\/www.istegroup.com\/produit\/les-effets-ecotoxicologiques\/","og_locale":"fr_FR","og_type":"article","og_title":"Les effets \u00e9cotoxicologiques - ISTE Group","og_description":"Les effets \u00e9cotoxicologiques pr\u00e9sente des concepts, m\u00e9thodes et outils de mesure pour comprendre et pr\u00e9dire l\u2019impact des polluants chimiques de la cellule \u00e0 la population.","og_url":"https:\/\/www.istegroup.com\/produit\/les-effets-ecotoxicologiques\/","og_site_name":"ISTE Group","article_modified_time":"2026-03-06T09:04:41+00:00","og_image":[{"width":1686,"height":2560,"url":"https:\/\/www.istegroup.com\/wp-content\/uploads\/2020\/09\/Pery_Front_1-scaled.jpg","type":"image\/jpeg"}],"twitter_card":"summary_large_image","twitter_misc":{"Est. reading time":"1 minute"},"schema":{"@context":"https:\/\/schema.org","@graph":[{"@type":"WebPage","@id":"https:\/\/www.istegroup.com\/produit\/les-effets-ecotoxicologiques\/","url":"https:\/\/www.istegroup.com\/produit\/les-effets-ecotoxicologiques\/","name":"Les effets \u00e9cotoxicologiques - ISTE Group","isPartOf":{"@id":"https:\/\/www.istegroup.com\/#website"},"primaryImageOfPage":{"@id":"https:\/\/www.istegroup.com\/produit\/les-effets-ecotoxicologiques\/#primaryimage"},"image":{"@id":"https:\/\/www.istegroup.com\/produit\/les-effets-ecotoxicologiques\/#primaryimage"},"thumbnailUrl":"https:\/\/www.istegroup.com\/wp-content\/uploads\/2020\/09\/Pery_Front_1-scaled.jpg","datePublished":"2017-05-01T11:54:36+00:00","dateModified":"2026-03-06T09:04:41+00:00","description":"Les effets \u00e9cotoxicologiques pr\u00e9sente des concepts, m\u00e9thodes et outils de mesure pour comprendre et pr\u00e9dire l\u2019impact des polluants chimiques de la cellule \u00e0 la population.","breadcrumb":{"@id":"https:\/\/www.istegroup.com\/produit\/les-effets-ecotoxicologiques\/#breadcrumb"},"inLanguage":"fr-FR","potentialAction":[{"@type":"ReadAction","target":["https:\/\/www.istegroup.com\/produit\/les-effets-ecotoxicologiques\/"]}]},{"@type":"ImageObject","inLanguage":"fr-FR","@id":"https:\/\/www.istegroup.com\/produit\/les-effets-ecotoxicologiques\/#primaryimage","url":"https:\/\/www.istegroup.com\/wp-content\/uploads\/2020\/09\/Pery_Front_1-scaled.jpg","contentUrl":"https:\/\/www.istegroup.com\/wp-content\/uploads\/2020\/09\/Pery_Front_1-scaled.jpg","width":1686,"height":2560,"caption":"Les effets toxicologiques - Alexandre P\u00e9ry et Jeanne Garric"},{"@type":"BreadcrumbList","@id":"https:\/\/www.istegroup.com\/produit\/les-effets-ecotoxicologiques\/#breadcrumb","itemListElement":[{"@type":"ListItem","position":1,"name":"Home","item":"https:\/\/www.istegroup.com\/"},{"@type":"ListItem","position":2,"name":"Shop","item":"https:\/\/www.istegroup.com\/fr\/nouveautes\/"},{"@type":"ListItem","position":3,"name":"Les effets \u00e9cotoxicologiques"}]},{"@type":"WebSite","@id":"https:\/\/www.istegroup.com\/#website","url":"https:\/\/www.istegroup.com\/","name":"ISTE Group","description":"\u00c9diteur des Sciences","potentialAction":[{"@type":"SearchAction","target":{"@type":"EntryPoint","urlTemplate":"https:\/\/www.istegroup.com\/?s={search_term_string}"},"query-input":{"@type":"PropertyValueSpecification","valueRequired":true,"valueName":"search_term_string"}}],"inLanguage":"fr-FR"}]}},"_links":{"self":[{"href":"https:\/\/www.istegroup.com\/fr\/wp-json\/wp\/v2\/product\/401","targetHints":{"allow":["GET"]}}],"collection":[{"href":"https:\/\/www.istegroup.com\/fr\/wp-json\/wp\/v2\/product"}],"about":[{"href":"https:\/\/www.istegroup.com\/fr\/wp-json\/wp\/v2\/types\/product"}],"wp:featuredmedia":[{"embeddable":true,"href":"https:\/\/www.istegroup.com\/fr\/wp-json\/wp\/v2\/media\/34336"}],"wp:attachment":[{"href":"https:\/\/www.istegroup.com\/fr\/wp-json\/wp\/v2\/media?parent=401"}],"wp:term":[{"taxonomy":"product_brand","embeddable":true,"href":"https:\/\/www.istegroup.com\/fr\/wp-json\/wp\/v2\/product_brand?post=401"},{"taxonomy":"product_cat","embeddable":true,"href":"https:\/\/www.istegroup.com\/fr\/wp-json\/wp\/v2\/product_cat?post=401"},{"taxonomy":"product_tag","embeddable":true,"href":"https:\/\/www.istegroup.com\/fr\/wp-json\/wp\/v2\/product_tag?post=401"}],"curies":[{"name":"wp","href":"https:\/\/api.w.org\/{rel}","templated":true}]}}