{"id":39955,"date":"2021-05-23T14:31:27","date_gmt":"2021-05-23T13:31:27","guid":{"rendered":"https:\/\/www.istegroup.com\/?post_type=product&#038;p=39955"},"modified":"2024-01-03T13:44:43","modified_gmt":"2024-01-03T13:44:43","slug":"la-gestion-documentaire-au-coeur-des-processus-daffaires","status":"publish","type":"product","link":"https:\/\/www.istegroup.com\/fr\/produit\/la-gestion-documentaire-au-coeur-des-processus-daffaires\/","title":{"rendered":"La gestion documentaire au coeur des processus d\u2019affaires"},"content":{"rendered":"<p>\u00c0 l\u2019heure du tout num\u00e9rique et des multiples supports informatiques, les volumes d\u2019information en circulation et dans nos appareils \u00e9lectroniques augmentent. La ma\u00eetrise de cette masse documentaire devient critique en raison de l\u2019explosion des donn\u00e9es num\u00e9riques, de l\u2019informatisation acc\u00e9l\u00e9r\u00e9e des processus d\u2019entreprise et du foisonnement d\u2019obligations l\u00e9gales et r\u00e9glementaires.<\/p>\n<p>Apr\u00e8s avoir \u00e9tudi\u00e9 les diff\u00e9rentes probl\u00e9matiques engendr\u00e9es par la d\u00e9mat\u00e9rialisation de l\u2019information (acc\u00e8s, partage, protection, etc.), cet ouvrage s\u2019int\u00e9resse aux documents d\u2019activit\u00e9 et pr\u00e9sente en d\u00e9tail les normes de gestion documentaire, notamment les ISO 15489 et 30300. Il \u00e9tudie \u00e9galement les diff\u00e9rentes \u00e9coles de pens\u00e9es sur l\u2019\u00e9valuation de la valeur des documents num\u00e9riques, un aspect central du m\u00e9tier des archives, ainsi que l\u2019importance des m\u00e9tadonn\u00e9es pour identifier, classer et conserver l\u2019information. Enfin, dans un univers mouvant, o\u00f9 l\u2019obsolescence rapide des technologies oblige \u00e0 d\u00e9velopper des outils et des proc\u00e9dures pour conserver les archives sur une longue dur\u00e9e tout en garantissant leur s\u00e9curit\u00e9, il traite le point capital de la p\u00e9rennit\u00e9 du patrimoine informationnel.<\/p>\n<p>&nbsp;<\/p>\n<p><strong>Pour aller plus loin<\/strong><\/p>\n<p><a style=\"color: #1e9691\" href=\"https:\/\/www.jpaccart.ch\/edito-du-mois\/edito-136-juillet-2021-la-gestion-documentaire-au-coeur-des-processus-d-affaires.html\"><em>Edito du mois, juillet 2021, Jean-Philippe Accart<\/em><\/a><br \/>\n&nbsp;<\/p>\n<p><a class=\"button\" style=\"margin-right: 10%\" href=\"https:\/\/www.istegroup.com\/wp-content\/uploads\/2020\/03\/776_La-gestion-documentaire-au-c\u0153ur-des-processus-daffaires_Ott_TDM.pdf\" target=\"_blank\" rel=\"noopener noreferrer\">Table des mati\u00e8res<\/a><a class=\"button\" style=\"margin-left: 10%\" href=\"https:\/\/www.istegroup.com\/wp-content\/uploads\/2020\/03\/776_La-gestion-documentaire-au-c\u0153ur-des-processus-daffaires_Ott_Premi\u00e8re-partie.pdf\" target=\"_blank\" rel=\"noopener noreferrer\">Avant-propos et Introduction<\/a><\/p>","protected":false},"excerpt":{"rendered":"<p>\u00c0 l\u2019heure du tout num\u00e9rique et des multiples supports informatiques, les volumes d\u2019information en circulation et dans nos appareils \u00e9lectroniques augmentent. La ma\u00eetrise de cette masse documentaire devient critique en raison de l\u2019explosion des donn\u00e9es num\u00e9riques, de l\u2019informatisation acc\u00e9l\u00e9r\u00e9e des processus d\u2019entreprise et du foisonnement d\u2019obligations l\u00e9gales et r\u00e9glementaires. Apr\u00e8s avoir \u00e9tudi\u00e9 les diff\u00e9rentes probl\u00e9matiques [&hellip;]<\/p>\n","protected":false},"featured_media":39961,"template":"","meta":{"_acf_changed":false,"_links_to":"","_links_to_target":""},"product_brand":[],"product_cat":[3262],"product_tag":[],"class_list":{"0":"post-39955","1":"product","2":"type-product","3":"status-publish","4":"has-post-thumbnail","6":"product_cat-non-classe","8":"first","9":"instock","10":"shipping-taxable","11":"purchasable","12":"product-type-variable"},"acf":[],"yoast_head":"<!-- This site is optimized with the Yoast SEO plugin v27.2 - https:\/\/yoast.com\/product\/yoast-seo-wordpress\/ -->\n<title>La gestion documentaire au coeur des processus d\u2019affaires - ISTE Group<\/title>\n<meta name=\"description\" content=\"Cet ouvrage s\u2019int\u00e9resse aux documents d\u2019activit\u00e9 et pr\u00e9sente en d\u00e9tail les normes de gestion documentaire, notamment les ISO 15489 et 30300.\" \/>\n<meta name=\"robots\" content=\"index, follow, max-snippet:-1, max-image-preview:large, max-video-preview:-1\" \/>\n<link rel=\"canonical\" href=\"https:\/\/www.istegroup.com\/produit\/la-gestion-documentaire-au-coeur-des-processus-daffaires\/\" \/>\n<meta property=\"og:locale\" content=\"fr_FR\" \/>\n<meta property=\"og:type\" content=\"article\" \/>\n<meta property=\"og:title\" content=\"La gestion documentaire au coeur des processus d\u2019affaires - ISTE Group\" \/>\n<meta property=\"og:description\" content=\"Cet ouvrage s\u2019int\u00e9resse aux documents d\u2019activit\u00e9 et pr\u00e9sente en d\u00e9tail les normes de gestion documentaire, notamment les ISO 15489 et 30300.\" \/>\n<meta property=\"og:url\" content=\"https:\/\/www.istegroup.com\/produit\/la-gestion-documentaire-au-coeur-des-processus-daffaires\/\" \/>\n<meta property=\"og:site_name\" content=\"ISTE Group\" \/>\n<meta property=\"article:modified_time\" content=\"2024-01-03T13:44:43+00:00\" \/>\n<meta property=\"og:image\" content=\"https:\/\/www.istegroup.com\/wp-content\/uploads\/2021\/03\/La-gestion-documentaire-au-coeur-des-processus-d\u2019affaires.jpg\" \/>\n\t<meta property=\"og:image:width\" content=\"300\" \/>\n\t<meta property=\"og:image:height\" content=\"452\" \/>\n\t<meta property=\"og:image:type\" content=\"image\/jpeg\" \/>\n<meta name=\"twitter:card\" content=\"summary_large_image\" \/>\n<meta name=\"twitter:label1\" content=\"Est. reading time\" \/>\n\t<meta name=\"twitter:data1\" content=\"1 minute\" \/>\n<script type=\"application\/ld+json\" class=\"yoast-schema-graph\">{\"@context\":\"https:\/\/schema.org\",\"@graph\":[{\"@type\":\"WebPage\",\"@id\":\"https:\/\/www.istegroup.com\/produit\/la-gestion-documentaire-au-coeur-des-processus-daffaires\/\",\"url\":\"https:\/\/www.istegroup.com\/produit\/la-gestion-documentaire-au-coeur-des-processus-daffaires\/\",\"name\":\"La gestion documentaire au coeur des processus d\u2019affaires - ISTE Group\",\"isPartOf\":{\"@id\":\"https:\/\/www.istegroup.com\/#website\"},\"primaryImageOfPage\":{\"@id\":\"https:\/\/www.istegroup.com\/produit\/la-gestion-documentaire-au-coeur-des-processus-daffaires\/#primaryimage\"},\"image\":{\"@id\":\"https:\/\/www.istegroup.com\/produit\/la-gestion-documentaire-au-coeur-des-processus-daffaires\/#primaryimage\"},\"thumbnailUrl\":\"https:\/\/www.istegroup.com\/wp-content\/uploads\/2021\/03\/La-gestion-documentaire-au-coeur-des-processus-d\u2019affaires.jpg\",\"datePublished\":\"2021-05-23T13:31:27+00:00\",\"dateModified\":\"2024-01-03T13:44:43+00:00\",\"description\":\"Cet ouvrage s\u2019int\u00e9resse aux documents d\u2019activit\u00e9 et pr\u00e9sente en d\u00e9tail les normes de gestion documentaire, notamment les ISO 15489 et 30300.\",\"breadcrumb\":{\"@id\":\"https:\/\/www.istegroup.com\/produit\/la-gestion-documentaire-au-coeur-des-processus-daffaires\/#breadcrumb\"},\"inLanguage\":\"fr-FR\",\"potentialAction\":[{\"@type\":\"ReadAction\",\"target\":[\"https:\/\/www.istegroup.com\/produit\/la-gestion-documentaire-au-coeur-des-processus-daffaires\/\"]}]},{\"@type\":\"ImageObject\",\"inLanguage\":\"fr-FR\",\"@id\":\"https:\/\/www.istegroup.com\/produit\/la-gestion-documentaire-au-coeur-des-processus-daffaires\/#primaryimage\",\"url\":\"https:\/\/www.istegroup.com\/wp-content\/uploads\/2021\/03\/La-gestion-documentaire-au-coeur-des-processus-d\u2019affaires.jpg\",\"contentUrl\":\"https:\/\/www.istegroup.com\/wp-content\/uploads\/2021\/03\/La-gestion-documentaire-au-coeur-des-processus-d\u2019affaires.jpg\",\"width\":300,\"height\":452,\"caption\":\"Livre scientifique - La gestion documentaire au coeur des processus d\u2019affaires - Florence Ott\"},{\"@type\":\"BreadcrumbList\",\"@id\":\"https:\/\/www.istegroup.com\/produit\/la-gestion-documentaire-au-coeur-des-processus-daffaires\/#breadcrumb\",\"itemListElement\":[{\"@type\":\"ListItem\",\"position\":1,\"name\":\"Home\",\"item\":\"https:\/\/www.istegroup.com\/\"},{\"@type\":\"ListItem\",\"position\":2,\"name\":\"Shop\",\"item\":\"https:\/\/www.istegroup.com\/fr\/nouveautes\/\"},{\"@type\":\"ListItem\",\"position\":3,\"name\":\"La gestion documentaire au coeur des processus d\u2019affaires\"}]},{\"@type\":\"WebSite\",\"@id\":\"https:\/\/www.istegroup.com\/#website\",\"url\":\"https:\/\/www.istegroup.com\/\",\"name\":\"ISTE Group\",\"description\":\"\u00c9diteur des Sciences\",\"potentialAction\":[{\"@type\":\"SearchAction\",\"target\":{\"@type\":\"EntryPoint\",\"urlTemplate\":\"https:\/\/www.istegroup.com\/?s={search_term_string}\"},\"query-input\":{\"@type\":\"PropertyValueSpecification\",\"valueRequired\":true,\"valueName\":\"search_term_string\"}}],\"inLanguage\":\"fr-FR\"}]}<\/script>\n<!-- \/ Yoast SEO plugin. -->","yoast_head_json":{"title":"La gestion documentaire au coeur des processus d\u2019affaires - ISTE Group","description":"Cet ouvrage s\u2019int\u00e9resse aux documents d\u2019activit\u00e9 et pr\u00e9sente en d\u00e9tail les normes de gestion documentaire, notamment les ISO 15489 et 30300.","robots":{"index":"index","follow":"follow","max-snippet":"max-snippet:-1","max-image-preview":"max-image-preview:large","max-video-preview":"max-video-preview:-1"},"canonical":"https:\/\/www.istegroup.com\/produit\/la-gestion-documentaire-au-coeur-des-processus-daffaires\/","og_locale":"fr_FR","og_type":"article","og_title":"La gestion documentaire au coeur des processus d\u2019affaires - ISTE Group","og_description":"Cet ouvrage s\u2019int\u00e9resse aux documents d\u2019activit\u00e9 et pr\u00e9sente en d\u00e9tail les normes de gestion documentaire, notamment les ISO 15489 et 30300.","og_url":"https:\/\/www.istegroup.com\/produit\/la-gestion-documentaire-au-coeur-des-processus-daffaires\/","og_site_name":"ISTE Group","article_modified_time":"2024-01-03T13:44:43+00:00","og_image":[{"width":300,"height":452,"url":"https:\/\/www.istegroup.com\/wp-content\/uploads\/2021\/03\/La-gestion-documentaire-au-coeur-des-processus-d\u2019affaires.jpg","type":"image\/jpeg"}],"twitter_card":"summary_large_image","twitter_misc":{"Est. reading time":"1 minute"},"schema":{"@context":"https:\/\/schema.org","@graph":[{"@type":"WebPage","@id":"https:\/\/www.istegroup.com\/produit\/la-gestion-documentaire-au-coeur-des-processus-daffaires\/","url":"https:\/\/www.istegroup.com\/produit\/la-gestion-documentaire-au-coeur-des-processus-daffaires\/","name":"La gestion documentaire au coeur des processus d\u2019affaires - ISTE Group","isPartOf":{"@id":"https:\/\/www.istegroup.com\/#website"},"primaryImageOfPage":{"@id":"https:\/\/www.istegroup.com\/produit\/la-gestion-documentaire-au-coeur-des-processus-daffaires\/#primaryimage"},"image":{"@id":"https:\/\/www.istegroup.com\/produit\/la-gestion-documentaire-au-coeur-des-processus-daffaires\/#primaryimage"},"thumbnailUrl":"https:\/\/www.istegroup.com\/wp-content\/uploads\/2021\/03\/La-gestion-documentaire-au-coeur-des-processus-d\u2019affaires.jpg","datePublished":"2021-05-23T13:31:27+00:00","dateModified":"2024-01-03T13:44:43+00:00","description":"Cet ouvrage s\u2019int\u00e9resse aux documents d\u2019activit\u00e9 et pr\u00e9sente en d\u00e9tail les normes de gestion documentaire, notamment les ISO 15489 et 30300.","breadcrumb":{"@id":"https:\/\/www.istegroup.com\/produit\/la-gestion-documentaire-au-coeur-des-processus-daffaires\/#breadcrumb"},"inLanguage":"fr-FR","potentialAction":[{"@type":"ReadAction","target":["https:\/\/www.istegroup.com\/produit\/la-gestion-documentaire-au-coeur-des-processus-daffaires\/"]}]},{"@type":"ImageObject","inLanguage":"fr-FR","@id":"https:\/\/www.istegroup.com\/produit\/la-gestion-documentaire-au-coeur-des-processus-daffaires\/#primaryimage","url":"https:\/\/www.istegroup.com\/wp-content\/uploads\/2021\/03\/La-gestion-documentaire-au-coeur-des-processus-d\u2019affaires.jpg","contentUrl":"https:\/\/www.istegroup.com\/wp-content\/uploads\/2021\/03\/La-gestion-documentaire-au-coeur-des-processus-d\u2019affaires.jpg","width":300,"height":452,"caption":"Livre scientifique - La gestion documentaire au coeur des processus d\u2019affaires - Florence Ott"},{"@type":"BreadcrumbList","@id":"https:\/\/www.istegroup.com\/produit\/la-gestion-documentaire-au-coeur-des-processus-daffaires\/#breadcrumb","itemListElement":[{"@type":"ListItem","position":1,"name":"Home","item":"https:\/\/www.istegroup.com\/"},{"@type":"ListItem","position":2,"name":"Shop","item":"https:\/\/www.istegroup.com\/fr\/nouveautes\/"},{"@type":"ListItem","position":3,"name":"La gestion documentaire au coeur des processus d\u2019affaires"}]},{"@type":"WebSite","@id":"https:\/\/www.istegroup.com\/#website","url":"https:\/\/www.istegroup.com\/","name":"ISTE Group","description":"\u00c9diteur des Sciences","potentialAction":[{"@type":"SearchAction","target":{"@type":"EntryPoint","urlTemplate":"https:\/\/www.istegroup.com\/?s={search_term_string}"},"query-input":{"@type":"PropertyValueSpecification","valueRequired":true,"valueName":"search_term_string"}}],"inLanguage":"fr-FR"}]}},"_links":{"self":[{"href":"https:\/\/www.istegroup.com\/fr\/wp-json\/wp\/v2\/product\/39955","targetHints":{"allow":["GET"]}}],"collection":[{"href":"https:\/\/www.istegroup.com\/fr\/wp-json\/wp\/v2\/product"}],"about":[{"href":"https:\/\/www.istegroup.com\/fr\/wp-json\/wp\/v2\/types\/product"}],"wp:featuredmedia":[{"embeddable":true,"href":"https:\/\/www.istegroup.com\/fr\/wp-json\/wp\/v2\/media\/39961"}],"wp:attachment":[{"href":"https:\/\/www.istegroup.com\/fr\/wp-json\/wp\/v2\/media?parent=39955"}],"wp:term":[{"taxonomy":"product_brand","embeddable":true,"href":"https:\/\/www.istegroup.com\/fr\/wp-json\/wp\/v2\/product_brand?post=39955"},{"taxonomy":"product_cat","embeddable":true,"href":"https:\/\/www.istegroup.com\/fr\/wp-json\/wp\/v2\/product_cat?post=39955"},{"taxonomy":"product_tag","embeddable":true,"href":"https:\/\/www.istegroup.com\/fr\/wp-json\/wp\/v2\/product_tag?post=39955"}],"curies":[{"name":"wp","href":"https:\/\/api.w.org\/{rel}","templated":true}]}}