{"id":39945,"date":"2021-05-23T12:07:31","date_gmt":"2021-05-23T11:07:31","guid":{"rendered":"https:\/\/www.istegroup.com\/?post_type=product&#038;p=39945"},"modified":"2024-01-03T13:44:43","modified_gmt":"2024-01-03T13:44:43","slug":"les-pratiques-de-recherche-sur-la-sante-en-contexte-numerique","status":"publish","type":"product","link":"https:\/\/www.istegroup.com\/fr\/produit\/les-pratiques-de-recherche-sur-la-sante-en-contexte-numerique\/","title":{"rendered":"Les pratiques de recherche sur la sant\u00e9 en contexte num\u00e9rique"},"content":{"rendered":"<p>L\u2019actuelle \u00ab num\u00e9risation g\u00e9n\u00e9ralis\u00e9e \u00bb de la soci\u00e9t\u00e9 influence les organisations de sant\u00e9, leurs acteurs et leurs pratiques. Dans ce contexte, les sciences humaines et sociales d\u00e9construisent, nuancent et parfois remettent en cause certaines id\u00e9es pr\u00e9con\u00e7ues et\/ou discours dominants.<\/p>\n<p>Dans cet ouvrage, des chercheurs de quatre nationalit\u00e9s et de trois disciplines diff\u00e9rentes (sciences de l\u2019information et de la communication, sociologie et psychologie) ont accept\u00e9 d\u2019ouvrir la \u00ab bo\u00eete noire \u00bb de leurs travaux. Ils exposent leurs pratiques scientifiques et apportent un regard r\u00e9flexif sur ce qui a pu influencer le projet, la d\u00e9finition de l\u2019objet et des objectifs, ou encore l\u2019approche des ph\u00e9nom\u00e8nes. Apr\u00e8s une pr\u00e9sentation de certains des changements li\u00e9s \u00e0 la sant\u00e9 en contexte num\u00e9rique, deux espaces de r\u00e9flexion sont ouverts : l\u2019un sur l\u2019\u00e9thique et la d\u00e9ontologie, l\u2019autre sur les m\u00e9thodes.<\/p>\n<p><em>Les pratiques de recherche sur la sant\u00e9 en contexte num\u00e9rique<\/em> s\u2019adresse aussi bien aux chercheurs et \u00e9tudiants de troisi\u00e8me cycle en sciences humaines et sociales qu\u2019aux praticiens de la sant\u00e9.<\/p>\n<p><a class=\"button\" style=\"margin-right: 10%\" href=\"https:\/\/www.istegroup.com\/wp-content\/uploads\/2020\/03\/763_Les-pratiques-de-recherche-sur-la-sant\u00e9-en-contexte-num\u00e9rique_Morillon_TDM.pdf\" target=\"_blank\" rel=\"noopener noreferrer\">Table des mati\u00e8res<\/a><a class=\"button\" style=\"margin-left: 10%\" href=\"https:\/\/www.istegroup.com\/wp-content\/uploads\/2020\/03\/763_Les-pratiques-de-recherche-sur-la-sant\u00e9-en-contexte-num\u00e9rique_Morillon_Premi\u00e8re-partie.pdf\" target=\"_blank\" rel=\"noopener noreferrer\">Avant-propos et Introduction<\/a><\/p>","protected":false},"excerpt":{"rendered":"<p>L\u2019actuelle \u00ab num\u00e9risation g\u00e9n\u00e9ralis\u00e9e \u00bb de la soci\u00e9t\u00e9 influence les organisations de sant\u00e9, leurs acteurs et leurs pratiques. Dans ce contexte, les sciences humaines et sociales d\u00e9construisent, nuancent et parfois remettent en cause certaines id\u00e9es pr\u00e9con\u00e7ues et\/ou discours dominants. Dans cet ouvrage, des chercheurs de quatre nationalit\u00e9s et de trois disciplines diff\u00e9rentes (sciences de l\u2019information [&hellip;]<\/p>\n","protected":false},"featured_media":39952,"template":"","meta":{"_acf_changed":false,"_links_to":"","_links_to_target":""},"product_brand":[],"product_cat":[3262],"product_tag":[],"class_list":{"0":"post-39945","1":"product","2":"type-product","3":"status-publish","4":"has-post-thumbnail","6":"product_cat-non-classe","8":"first","9":"instock","10":"shipping-taxable","11":"purchasable","12":"product-type-variable"},"acf":[],"yoast_head":"<!-- This site is optimized with the Yoast SEO plugin v27.2 - https:\/\/yoast.com\/product\/yoast-seo-wordpress\/ -->\n<title>Les pratiques de recherche sur la sant\u00e9 en contexte num\u00e9rique - ISTE Group<\/title>\n<meta name=\"description\" content=\"Dans cet ouvrage, des chercheurs exposent leurs pratiques scientifiques et apportent un regard r\u00e9flexif sur ce qui a pu influencer le projet, la d\u00e9finition de l\u2019objet et des objectifs, ou encore l\u2019approche des ph\u00e9nom\u00e8nes.\" \/>\n<meta name=\"robots\" content=\"index, follow, max-snippet:-1, max-image-preview:large, max-video-preview:-1\" \/>\n<link rel=\"canonical\" href=\"https:\/\/www.istegroup.com\/produit\/les-pratiques-de-recherche-sur-la-sante-en-contexte-numerique\/\" \/>\n<meta property=\"og:locale\" content=\"fr_FR\" \/>\n<meta property=\"og:type\" content=\"article\" \/>\n<meta property=\"og:title\" content=\"[:fr]Les pratiques de recherche sur la sant\u00e9 en contexte num\u00e9rique[:en]Les pratiques de recherche sur la sant\u00e9 en contexte num\u00e9rique[:] - ISTE Group\" \/>\n<meta property=\"og:description\" content=\"Dans cet ouvrage, des chercheurs exposent leurs pratiques scientifiques et apportent un regard r\u00e9flexif sur ce qui a pu influencer le projet, la d\u00e9finition de l\u2019objet et des objectifs, ou encore l\u2019approche des ph\u00e9nom\u00e8nes.\" \/>\n<meta property=\"og:url\" content=\"https:\/\/www.istegroup.com\/produit\/les-pratiques-de-recherche-sur-la-sante-en-contexte-numerique\/\" \/>\n<meta property=\"og:site_name\" content=\"ISTE Group\" \/>\n<meta property=\"article:modified_time\" content=\"2024-01-03T13:44:43+00:00\" \/>\n<meta property=\"og:image\" content=\"https:\/\/www.istegroup.com\/wp-content\/uploads\/2021\/03\/Les-pratiques-de-recherche-sur-la-sant\u00e9-en-contexte-num\u00e9rique.jpg\" \/>\n\t<meta property=\"og:image:width\" content=\"300\" \/>\n\t<meta property=\"og:image:height\" content=\"451\" \/>\n\t<meta property=\"og:image:type\" content=\"image\/jpeg\" \/>\n<meta name=\"twitter:card\" content=\"summary_large_image\" \/>\n<meta name=\"twitter:label1\" content=\"Est. reading time\" \/>\n\t<meta name=\"twitter:data1\" content=\"1 minute\" \/>\n<script type=\"application\/ld+json\" class=\"yoast-schema-graph\">{\"@context\":\"https:\/\/schema.org\",\"@graph\":[{\"@type\":\"WebPage\",\"@id\":\"https:\/\/www.istegroup.com\/produit\/les-pratiques-de-recherche-sur-la-sante-en-contexte-numerique\/\",\"url\":\"https:\/\/www.istegroup.com\/produit\/les-pratiques-de-recherche-sur-la-sante-en-contexte-numerique\/\",\"name\":\"[:fr]Les pratiques de recherche sur la sant\u00e9 en contexte num\u00e9rique[:en]Les pratiques de recherche sur la sant\u00e9 en contexte num\u00e9rique[:] - ISTE Group\",\"isPartOf\":{\"@id\":\"https:\/\/www.istegroup.com\/#website\"},\"primaryImageOfPage\":{\"@id\":\"https:\/\/www.istegroup.com\/produit\/les-pratiques-de-recherche-sur-la-sante-en-contexte-numerique\/#primaryimage\"},\"image\":{\"@id\":\"https:\/\/www.istegroup.com\/produit\/les-pratiques-de-recherche-sur-la-sante-en-contexte-numerique\/#primaryimage\"},\"thumbnailUrl\":\"https:\/\/www.istegroup.com\/wp-content\/uploads\/2021\/03\/Les-pratiques-de-recherche-sur-la-sant\u00e9-en-contexte-num\u00e9rique.jpg\",\"datePublished\":\"2021-05-23T11:07:31+00:00\",\"dateModified\":\"2024-01-03T13:44:43+00:00\",\"description\":\"Dans cet ouvrage, des chercheurs exposent leurs pratiques scientifiques et apportent un regard r\u00e9flexif sur ce qui a pu influencer le projet, la d\u00e9finition de l\u2019objet et des objectifs, ou encore l\u2019approche des ph\u00e9nom\u00e8nes.\",\"breadcrumb\":{\"@id\":\"https:\/\/www.istegroup.com\/produit\/les-pratiques-de-recherche-sur-la-sante-en-contexte-numerique\/#breadcrumb\"},\"inLanguage\":\"fr-FR\",\"potentialAction\":[{\"@type\":\"ReadAction\",\"target\":[\"https:\/\/www.istegroup.com\/produit\/les-pratiques-de-recherche-sur-la-sante-en-contexte-numerique\/\"]}]},{\"@type\":\"ImageObject\",\"inLanguage\":\"fr-FR\",\"@id\":\"https:\/\/www.istegroup.com\/produit\/les-pratiques-de-recherche-sur-la-sante-en-contexte-numerique\/#primaryimage\",\"url\":\"https:\/\/www.istegroup.com\/wp-content\/uploads\/2021\/03\/Les-pratiques-de-recherche-sur-la-sant\u00e9-en-contexte-num\u00e9rique.jpg\",\"contentUrl\":\"https:\/\/www.istegroup.com\/wp-content\/uploads\/2021\/03\/Les-pratiques-de-recherche-sur-la-sant\u00e9-en-contexte-num\u00e9rique.jpg\",\"width\":300,\"height\":451,\"caption\":\"Livre scientifique - Les pratiques de recherche sur la sant\u00e9 en contexte num\u00e9rique - Laurent Morillon\"},{\"@type\":\"BreadcrumbList\",\"@id\":\"https:\/\/www.istegroup.com\/produit\/les-pratiques-de-recherche-sur-la-sante-en-contexte-numerique\/#breadcrumb\",\"itemListElement\":[{\"@type\":\"ListItem\",\"position\":1,\"name\":\"Home\",\"item\":\"https:\/\/www.istegroup.com\/\"},{\"@type\":\"ListItem\",\"position\":2,\"name\":\"Shop\",\"item\":\"https:\/\/www.istegroup.com\/fr\/nouveautes\/\"},{\"@type\":\"ListItem\",\"position\":3,\"name\":\"Les pratiques de recherche sur la sant\u00e9 en contexte num\u00e9rique\"}]},{\"@type\":\"WebSite\",\"@id\":\"https:\/\/www.istegroup.com\/#website\",\"url\":\"https:\/\/www.istegroup.com\/\",\"name\":\"ISTE Group\",\"description\":\"\u00c9diteur des Sciences\",\"potentialAction\":[{\"@type\":\"SearchAction\",\"target\":{\"@type\":\"EntryPoint\",\"urlTemplate\":\"https:\/\/www.istegroup.com\/?s={search_term_string}\"},\"query-input\":{\"@type\":\"PropertyValueSpecification\",\"valueRequired\":true,\"valueName\":\"search_term_string\"}}],\"inLanguage\":\"fr-FR\"}]}<\/script>\n<!-- \/ Yoast SEO plugin. -->","yoast_head_json":{"title":"[:fr]Les pratiques de recherche sur la sant\u00e9 en contexte num\u00e9rique[:en]Les pratiques de recherche sur la sant\u00e9 en contexte num\u00e9rique[:] - ISTE Group","description":"Dans cet ouvrage, des chercheurs exposent leurs pratiques scientifiques et apportent un regard r\u00e9flexif sur ce qui a pu influencer le projet, la d\u00e9finition de l\u2019objet et des objectifs, ou encore l\u2019approche des ph\u00e9nom\u00e8nes.","robots":{"index":"index","follow":"follow","max-snippet":"max-snippet:-1","max-image-preview":"max-image-preview:large","max-video-preview":"max-video-preview:-1"},"canonical":"https:\/\/www.istegroup.com\/produit\/les-pratiques-de-recherche-sur-la-sante-en-contexte-numerique\/","og_locale":"fr_FR","og_type":"article","og_title":"[:fr]Les pratiques de recherche sur la sant\u00e9 en contexte num\u00e9rique[:en]Les pratiques de recherche sur la sant\u00e9 en contexte num\u00e9rique[:] - ISTE Group","og_description":"Dans cet ouvrage, des chercheurs exposent leurs pratiques scientifiques et apportent un regard r\u00e9flexif sur ce qui a pu influencer le projet, la d\u00e9finition de l\u2019objet et des objectifs, ou encore l\u2019approche des ph\u00e9nom\u00e8nes.","og_url":"https:\/\/www.istegroup.com\/produit\/les-pratiques-de-recherche-sur-la-sante-en-contexte-numerique\/","og_site_name":"ISTE Group","article_modified_time":"2024-01-03T13:44:43+00:00","og_image":[{"width":300,"height":451,"url":"https:\/\/www.istegroup.com\/wp-content\/uploads\/2021\/03\/Les-pratiques-de-recherche-sur-la-sant\u00e9-en-contexte-num\u00e9rique.jpg","type":"image\/jpeg"}],"twitter_card":"summary_large_image","twitter_misc":{"Est. reading time":"1 minute"},"schema":{"@context":"https:\/\/schema.org","@graph":[{"@type":"WebPage","@id":"https:\/\/www.istegroup.com\/produit\/les-pratiques-de-recherche-sur-la-sante-en-contexte-numerique\/","url":"https:\/\/www.istegroup.com\/produit\/les-pratiques-de-recherche-sur-la-sante-en-contexte-numerique\/","name":"[:fr]Les pratiques de recherche sur la sant\u00e9 en contexte num\u00e9rique[:en]Les pratiques de recherche sur la sant\u00e9 en contexte num\u00e9rique[:] - ISTE Group","isPartOf":{"@id":"https:\/\/www.istegroup.com\/#website"},"primaryImageOfPage":{"@id":"https:\/\/www.istegroup.com\/produit\/les-pratiques-de-recherche-sur-la-sante-en-contexte-numerique\/#primaryimage"},"image":{"@id":"https:\/\/www.istegroup.com\/produit\/les-pratiques-de-recherche-sur-la-sante-en-contexte-numerique\/#primaryimage"},"thumbnailUrl":"https:\/\/www.istegroup.com\/wp-content\/uploads\/2021\/03\/Les-pratiques-de-recherche-sur-la-sant\u00e9-en-contexte-num\u00e9rique.jpg","datePublished":"2021-05-23T11:07:31+00:00","dateModified":"2024-01-03T13:44:43+00:00","description":"Dans cet ouvrage, des chercheurs exposent leurs pratiques scientifiques et apportent un regard r\u00e9flexif sur ce qui a pu influencer le projet, la d\u00e9finition de l\u2019objet et des objectifs, ou encore l\u2019approche des ph\u00e9nom\u00e8nes.","breadcrumb":{"@id":"https:\/\/www.istegroup.com\/produit\/les-pratiques-de-recherche-sur-la-sante-en-contexte-numerique\/#breadcrumb"},"inLanguage":"fr-FR","potentialAction":[{"@type":"ReadAction","target":["https:\/\/www.istegroup.com\/produit\/les-pratiques-de-recherche-sur-la-sante-en-contexte-numerique\/"]}]},{"@type":"ImageObject","inLanguage":"fr-FR","@id":"https:\/\/www.istegroup.com\/produit\/les-pratiques-de-recherche-sur-la-sante-en-contexte-numerique\/#primaryimage","url":"https:\/\/www.istegroup.com\/wp-content\/uploads\/2021\/03\/Les-pratiques-de-recherche-sur-la-sant\u00e9-en-contexte-num\u00e9rique.jpg","contentUrl":"https:\/\/www.istegroup.com\/wp-content\/uploads\/2021\/03\/Les-pratiques-de-recherche-sur-la-sant\u00e9-en-contexte-num\u00e9rique.jpg","width":300,"height":451,"caption":"Livre scientifique - Les pratiques de recherche sur la sant\u00e9 en contexte num\u00e9rique - Laurent Morillon"},{"@type":"BreadcrumbList","@id":"https:\/\/www.istegroup.com\/produit\/les-pratiques-de-recherche-sur-la-sante-en-contexte-numerique\/#breadcrumb","itemListElement":[{"@type":"ListItem","position":1,"name":"Home","item":"https:\/\/www.istegroup.com\/"},{"@type":"ListItem","position":2,"name":"Shop","item":"https:\/\/www.istegroup.com\/fr\/nouveautes\/"},{"@type":"ListItem","position":3,"name":"Les pratiques de recherche sur la sant\u00e9 en contexte num\u00e9rique"}]},{"@type":"WebSite","@id":"https:\/\/www.istegroup.com\/#website","url":"https:\/\/www.istegroup.com\/","name":"ISTE Group","description":"\u00c9diteur des Sciences","potentialAction":[{"@type":"SearchAction","target":{"@type":"EntryPoint","urlTemplate":"https:\/\/www.istegroup.com\/?s={search_term_string}"},"query-input":{"@type":"PropertyValueSpecification","valueRequired":true,"valueName":"search_term_string"}}],"inLanguage":"fr-FR"}]}},"_links":{"self":[{"href":"https:\/\/www.istegroup.com\/fr\/wp-json\/wp\/v2\/product\/39945","targetHints":{"allow":["GET"]}}],"collection":[{"href":"https:\/\/www.istegroup.com\/fr\/wp-json\/wp\/v2\/product"}],"about":[{"href":"https:\/\/www.istegroup.com\/fr\/wp-json\/wp\/v2\/types\/product"}],"wp:featuredmedia":[{"embeddable":true,"href":"https:\/\/www.istegroup.com\/fr\/wp-json\/wp\/v2\/media\/39952"}],"wp:attachment":[{"href":"https:\/\/www.istegroup.com\/fr\/wp-json\/wp\/v2\/media?parent=39945"}],"wp:term":[{"taxonomy":"product_brand","embeddable":true,"href":"https:\/\/www.istegroup.com\/fr\/wp-json\/wp\/v2\/product_brand?post=39945"},{"taxonomy":"product_cat","embeddable":true,"href":"https:\/\/www.istegroup.com\/fr\/wp-json\/wp\/v2\/product_cat?post=39945"},{"taxonomy":"product_tag","embeddable":true,"href":"https:\/\/www.istegroup.com\/fr\/wp-json\/wp\/v2\/product_tag?post=39945"}],"curies":[{"name":"wp","href":"https:\/\/api.w.org\/{rel}","templated":true}]}}