{"id":395,"date":"2017-07-28T12:36:54","date_gmt":"2017-07-28T10:36:54","guid":{"rendered":"https:\/\/iste.yhello.co\/product\/les-distributeurs-denergie-electrique-au-coeur-des-smart-grids\/"},"modified":"2024-01-03T13:39:52","modified_gmt":"2024-01-03T13:39:52","slug":"les-distributeurs-denergie-electrique-au-coeur-des-smart-grids","status":"publish","type":"product","link":"https:\/\/www.istegroup.com\/fr\/produit\/les-distributeurs-denergie-electrique-au-coeur-des-smart-grids\/","title":{"rendered":"Les distributeurs d&rsquo;\u00e9nergie \u00e9lectrique au coeur des Smart Grids"},"content":{"rendered":"<p>Les\u00a0<em>smart grids<\/em>, r\u00e9seaux intelligents, sont constitu\u00e9s des r\u00e9seaux \u00e9lectriques auxquels se superposent des r\u00e9seaux informatiques et t\u00e9l\u00e9coms. Leur finalit\u00e9 est d\u2019int\u00e9grer les \u00e9nergies renouvelables intermittentes (\u00e9olien et photovolta\u00efque) et les nouveaux usages de l\u2019\u00e9lectricit\u00e9 (v\u00e9hicule \u00e9lectrique) dans les conditions de s\u00e9curit\u00e9 optimales tout en limitant les investissements de renforcement des r\u00e9seaux.<\/p>\n<p>Cet ouvrage d\u00e9taille comment les distributeurs d\u00e9ploient des technologies tels que les capteurs et les compteurs intelligents, et mettent en place une cha\u00eene renforc\u00e9e de transmission et d\u2019\u00e9change d\u2019informations. Il d\u00e9veloppe les moyens permettant d\u2019am\u00e9liorer la qualit\u00e9 de service et de limiter le temps de coupure moyen des clients.<\/p>\n<p><em>Les distributeurs d\u2019\u00e9nergie \u00e9lectrique au coeur des Smart Grids<\/em>\u00a0propose ainsi un mod\u00e8le dont l\u2019enjeu est d\u2019automatiser et de moderniser le r\u00e9seau \u00e9lectrique basse tension \u00e0 l\u2019instar de ce qui a \u00e9t\u00e9 fait sur la moyenne tension.<\/p>\n","protected":false},"excerpt":{"rendered":"<p>Les\u00a0smart grids, r\u00e9seaux intelligents, sont constitu\u00e9s des r\u00e9seaux \u00e9lectriques auxquels se superposent des r\u00e9seaux informatiques et t\u00e9l\u00e9coms. Leur finalit\u00e9 est d\u2019int\u00e9grer les \u00e9nergies renouvelables intermittentes (\u00e9olien et photovolta\u00efque) et les nouveaux usages de l\u2019\u00e9lectricit\u00e9 (v\u00e9hicule \u00e9lectrique) dans les conditions de s\u00e9curit\u00e9 optimales tout en limitant les investissements de renforcement des r\u00e9seaux. Cet ouvrage d\u00e9taille comment [&hellip;]<\/p>\n","protected":false},"featured_media":396,"template":"","meta":{"_acf_changed":false,"_links_to":"","_links_to_target":""},"product_brand":[],"product_cat":[660,719],"product_tag":[1682,31,196,1160,296,653,375,197,198,199,21,200,22,201,568,1684,1683,203,204,63,25,172,209,1685,212,38,192,145,28,1686],"class_list":{"0":"post-395","1":"product","2":"type-product","3":"status-publish","4":"has-post-thumbnail","6":"product_cat-energie-12506414","7":"product_cat-srie-smart-grids-de-nouvelle-gnration-375915912","8":"product_tag-distributeurs-denergie-electrique","9":"product_tag-ebook","10":"product_tag-ebooks","11":"product_tag-electricite","12":"product_tag-energie","13":"product_tag-energie-electrique","14":"product_tag-energie-livre","15":"product_tag-iste","16":"product_tag-iste-edition","17":"product_tag-iste-editions","18":"product_tag-iste-group","19":"product_tag-isteedition","20":"product_tag-istegroup","21":"product_tag-kindle","22":"product_tag-la-guerre-livre","23":"product_tag-les-distributeurs-denergie-electrique-au-coeur-des-smart-grids","24":"product_tag-les-distributeurs-denergies-electrique-au-coeur-des-smart-grids","25":"product_tag-liseuse","26":"product_tag-livre","27":"product_tag-livre-electronique","28":"product_tag-livre-numerique","29":"product_tag-livre-scientifique","30":"product_tag-livres-scientifiques","31":"product_tag-marc-boillet","32":"product_tag-ouvrage","33":"product_tag-ouvrage-numerique","34":"product_tag-ouvrage-science","35":"product_tag-ouvrage-scientifique","36":"product_tag-ouvrage-scientifique-francais","37":"product_tag-smart-grids","39":"first","40":"instock","41":"shipping-taxable","42":"purchasable","43":"product-type-variable"},"acf":[],"yoast_head":"<!-- This site is optimized with the Yoast SEO plugin v27.2 - https:\/\/yoast.com\/product\/yoast-seo-wordpress\/ -->\n<title>Les distributeurs d&#039;\u00e9nergie \u00e9lectrique au coeur des Smart Grids - ISTE Group<\/title>\n<meta name=\"description\" content=\"Cet ouvrage d\u00e9taille comment les distributeurs d\u00e9ploient des technologies et mettent en place une cha\u00eene renforc\u00e9e de transmission et d\u2019\u00e9change d\u2019informations.\" \/>\n<meta name=\"robots\" content=\"index, follow, max-snippet:-1, max-image-preview:large, max-video-preview:-1\" \/>\n<link rel=\"canonical\" href=\"https:\/\/www.istegroup.com\/fr\/produit\/les-distributeurs-denergie-electrique-au-coeur-des-smart-grids\/\" \/>\n<meta property=\"og:locale\" content=\"fr_FR\" \/>\n<meta property=\"og:type\" content=\"article\" \/>\n<meta property=\"og:title\" content=\"Les distributeurs d&#039;\u00e9nergie \u00e9lectrique au coeur des Smart Grids - ISTE Group\" \/>\n<meta property=\"og:description\" content=\"Cet ouvrage d\u00e9taille comment les distributeurs d\u00e9ploient des technologies et mettent en place une cha\u00eene renforc\u00e9e de transmission et d\u2019\u00e9change d\u2019informations.\" \/>\n<meta property=\"og:url\" content=\"https:\/\/www.istegroup.com\/fr\/produit\/les-distributeurs-denergie-electrique-au-coeur-des-smart-grids\/\" \/>\n<meta property=\"og:site_name\" content=\"ISTE Group\" \/>\n<meta property=\"article:modified_time\" content=\"2024-01-03T13:39:52+00:00\" \/>\n<meta property=\"og:image\" content=\"https:\/\/www.istegroup.com\/wp-content\/uploads\/2017\/07\/1089519396_383519116-1.jpg\" \/>\n\t<meta property=\"og:image:width\" content=\"300\" \/>\n\t<meta property=\"og:image:height\" content=\"451\" \/>\n\t<meta property=\"og:image:type\" content=\"image\/jpeg\" \/>\n<meta name=\"twitter:card\" content=\"summary_large_image\" \/>\n<meta name=\"twitter:label1\" content=\"Est. reading time\" \/>\n\t<meta name=\"twitter:data1\" content=\"1 minute\" \/>\n<script type=\"application\/ld+json\" class=\"yoast-schema-graph\">{\"@context\":\"https:\/\/schema.org\",\"@graph\":[{\"@type\":\"WebPage\",\"@id\":\"https:\/\/www.istegroup.com\/fr\/produit\/les-distributeurs-denergie-electrique-au-coeur-des-smart-grids\/\",\"url\":\"https:\/\/www.istegroup.com\/fr\/produit\/les-distributeurs-denergie-electrique-au-coeur-des-smart-grids\/\",\"name\":\"Les distributeurs d'\u00e9nergie \u00e9lectrique au coeur des Smart Grids - ISTE Group\",\"isPartOf\":{\"@id\":\"https:\/\/www.istegroup.com\/#website\"},\"primaryImageOfPage\":{\"@id\":\"https:\/\/www.istegroup.com\/fr\/produit\/les-distributeurs-denergie-electrique-au-coeur-des-smart-grids\/#primaryimage\"},\"image\":{\"@id\":\"https:\/\/www.istegroup.com\/fr\/produit\/les-distributeurs-denergie-electrique-au-coeur-des-smart-grids\/#primaryimage\"},\"thumbnailUrl\":\"https:\/\/www.istegroup.com\/wp-content\/uploads\/2017\/07\/1089519396_383519116-1.jpg\",\"datePublished\":\"2017-07-28T10:36:54+00:00\",\"dateModified\":\"2024-01-03T13:39:52+00:00\",\"description\":\"Cet ouvrage d\u00e9taille comment les distributeurs d\u00e9ploient des technologies et mettent en place une cha\u00eene renforc\u00e9e de transmission et d\u2019\u00e9change d\u2019informations.\",\"breadcrumb\":{\"@id\":\"https:\/\/www.istegroup.com\/fr\/produit\/les-distributeurs-denergie-electrique-au-coeur-des-smart-grids\/#breadcrumb\"},\"inLanguage\":\"fr-FR\",\"potentialAction\":[{\"@type\":\"ReadAction\",\"target\":[\"https:\/\/www.istegroup.com\/fr\/produit\/les-distributeurs-denergie-electrique-au-coeur-des-smart-grids\/\"]}]},{\"@type\":\"ImageObject\",\"inLanguage\":\"fr-FR\",\"@id\":\"https:\/\/www.istegroup.com\/fr\/produit\/les-distributeurs-denergie-electrique-au-coeur-des-smart-grids\/#primaryimage\",\"url\":\"https:\/\/www.istegroup.com\/wp-content\/uploads\/2017\/07\/1089519396_383519116-1.jpg\",\"contentUrl\":\"https:\/\/www.istegroup.com\/wp-content\/uploads\/2017\/07\/1089519396_383519116-1.jpg\",\"width\":300,\"height\":451,\"caption\":\"Les distributeurs d\u2019\u00e9nergie \u00e9lectrique au coeur des Smart Grids\"},{\"@type\":\"BreadcrumbList\",\"@id\":\"https:\/\/www.istegroup.com\/fr\/produit\/les-distributeurs-denergie-electrique-au-coeur-des-smart-grids\/#breadcrumb\",\"itemListElement\":[{\"@type\":\"ListItem\",\"position\":1,\"name\":\"Home\",\"item\":\"https:\/\/www.istegroup.com\/\"},{\"@type\":\"ListItem\",\"position\":2,\"name\":\"Shop\",\"item\":\"https:\/\/www.istegroup.com\/fr\/nouveautes\/\"},{\"@type\":\"ListItem\",\"position\":3,\"name\":\"Les distributeurs d&rsquo;\u00e9nergie \u00e9lectrique au coeur des Smart Grids\"}]},{\"@type\":\"WebSite\",\"@id\":\"https:\/\/www.istegroup.com\/#website\",\"url\":\"https:\/\/www.istegroup.com\/\",\"name\":\"ISTE Group\",\"description\":\"\u00c9diteur des Sciences\",\"potentialAction\":[{\"@type\":\"SearchAction\",\"target\":{\"@type\":\"EntryPoint\",\"urlTemplate\":\"https:\/\/www.istegroup.com\/?s={search_term_string}\"},\"query-input\":{\"@type\":\"PropertyValueSpecification\",\"valueRequired\":true,\"valueName\":\"search_term_string\"}}],\"inLanguage\":\"fr-FR\"}]}<\/script>\n<!-- \/ Yoast SEO plugin. -->","yoast_head_json":{"title":"Les distributeurs d'\u00e9nergie \u00e9lectrique au coeur des Smart Grids - ISTE Group","description":"Cet ouvrage d\u00e9taille comment les distributeurs d\u00e9ploient des technologies et mettent en place une cha\u00eene renforc\u00e9e de transmission et d\u2019\u00e9change d\u2019informations.","robots":{"index":"index","follow":"follow","max-snippet":"max-snippet:-1","max-image-preview":"max-image-preview:large","max-video-preview":"max-video-preview:-1"},"canonical":"https:\/\/www.istegroup.com\/fr\/produit\/les-distributeurs-denergie-electrique-au-coeur-des-smart-grids\/","og_locale":"fr_FR","og_type":"article","og_title":"Les distributeurs d'\u00e9nergie \u00e9lectrique au coeur des Smart Grids - ISTE Group","og_description":"Cet ouvrage d\u00e9taille comment les distributeurs d\u00e9ploient des technologies et mettent en place une cha\u00eene renforc\u00e9e de transmission et d\u2019\u00e9change d\u2019informations.","og_url":"https:\/\/www.istegroup.com\/fr\/produit\/les-distributeurs-denergie-electrique-au-coeur-des-smart-grids\/","og_site_name":"ISTE Group","article_modified_time":"2024-01-03T13:39:52+00:00","og_image":[{"width":300,"height":451,"url":"https:\/\/www.istegroup.com\/wp-content\/uploads\/2017\/07\/1089519396_383519116-1.jpg","type":"image\/jpeg"}],"twitter_card":"summary_large_image","twitter_misc":{"Est. reading time":"1 minute"},"schema":{"@context":"https:\/\/schema.org","@graph":[{"@type":"WebPage","@id":"https:\/\/www.istegroup.com\/fr\/produit\/les-distributeurs-denergie-electrique-au-coeur-des-smart-grids\/","url":"https:\/\/www.istegroup.com\/fr\/produit\/les-distributeurs-denergie-electrique-au-coeur-des-smart-grids\/","name":"Les distributeurs d'\u00e9nergie \u00e9lectrique au coeur des Smart Grids - ISTE Group","isPartOf":{"@id":"https:\/\/www.istegroup.com\/#website"},"primaryImageOfPage":{"@id":"https:\/\/www.istegroup.com\/fr\/produit\/les-distributeurs-denergie-electrique-au-coeur-des-smart-grids\/#primaryimage"},"image":{"@id":"https:\/\/www.istegroup.com\/fr\/produit\/les-distributeurs-denergie-electrique-au-coeur-des-smart-grids\/#primaryimage"},"thumbnailUrl":"https:\/\/www.istegroup.com\/wp-content\/uploads\/2017\/07\/1089519396_383519116-1.jpg","datePublished":"2017-07-28T10:36:54+00:00","dateModified":"2024-01-03T13:39:52+00:00","description":"Cet ouvrage d\u00e9taille comment les distributeurs d\u00e9ploient des technologies et mettent en place une cha\u00eene renforc\u00e9e de transmission et d\u2019\u00e9change d\u2019informations.","breadcrumb":{"@id":"https:\/\/www.istegroup.com\/fr\/produit\/les-distributeurs-denergie-electrique-au-coeur-des-smart-grids\/#breadcrumb"},"inLanguage":"fr-FR","potentialAction":[{"@type":"ReadAction","target":["https:\/\/www.istegroup.com\/fr\/produit\/les-distributeurs-denergie-electrique-au-coeur-des-smart-grids\/"]}]},{"@type":"ImageObject","inLanguage":"fr-FR","@id":"https:\/\/www.istegroup.com\/fr\/produit\/les-distributeurs-denergie-electrique-au-coeur-des-smart-grids\/#primaryimage","url":"https:\/\/www.istegroup.com\/wp-content\/uploads\/2017\/07\/1089519396_383519116-1.jpg","contentUrl":"https:\/\/www.istegroup.com\/wp-content\/uploads\/2017\/07\/1089519396_383519116-1.jpg","width":300,"height":451,"caption":"Les distributeurs d\u2019\u00e9nergie \u00e9lectrique au coeur des Smart Grids"},{"@type":"BreadcrumbList","@id":"https:\/\/www.istegroup.com\/fr\/produit\/les-distributeurs-denergie-electrique-au-coeur-des-smart-grids\/#breadcrumb","itemListElement":[{"@type":"ListItem","position":1,"name":"Home","item":"https:\/\/www.istegroup.com\/"},{"@type":"ListItem","position":2,"name":"Shop","item":"https:\/\/www.istegroup.com\/fr\/nouveautes\/"},{"@type":"ListItem","position":3,"name":"Les distributeurs d&rsquo;\u00e9nergie \u00e9lectrique au coeur des Smart Grids"}]},{"@type":"WebSite","@id":"https:\/\/www.istegroup.com\/#website","url":"https:\/\/www.istegroup.com\/","name":"ISTE Group","description":"\u00c9diteur des Sciences","potentialAction":[{"@type":"SearchAction","target":{"@type":"EntryPoint","urlTemplate":"https:\/\/www.istegroup.com\/?s={search_term_string}"},"query-input":{"@type":"PropertyValueSpecification","valueRequired":true,"valueName":"search_term_string"}}],"inLanguage":"fr-FR"}]}},"_links":{"self":[{"href":"https:\/\/www.istegroup.com\/fr\/wp-json\/wp\/v2\/product\/395","targetHints":{"allow":["GET"]}}],"collection":[{"href":"https:\/\/www.istegroup.com\/fr\/wp-json\/wp\/v2\/product"}],"about":[{"href":"https:\/\/www.istegroup.com\/fr\/wp-json\/wp\/v2\/types\/product"}],"wp:featuredmedia":[{"embeddable":true,"href":"https:\/\/www.istegroup.com\/fr\/wp-json\/wp\/v2\/media\/396"}],"wp:attachment":[{"href":"https:\/\/www.istegroup.com\/fr\/wp-json\/wp\/v2\/media?parent=395"}],"wp:term":[{"taxonomy":"product_brand","embeddable":true,"href":"https:\/\/www.istegroup.com\/fr\/wp-json\/wp\/v2\/product_brand?post=395"},{"taxonomy":"product_cat","embeddable":true,"href":"https:\/\/www.istegroup.com\/fr\/wp-json\/wp\/v2\/product_cat?post=395"},{"taxonomy":"product_tag","embeddable":true,"href":"https:\/\/www.istegroup.com\/fr\/wp-json\/wp\/v2\/product_tag?post=395"}],"curies":[{"name":"wp","href":"https:\/\/api.w.org\/{rel}","templated":true}]}}