{"id":39377,"date":"2021-05-21T13:34:15","date_gmt":"2021-05-21T12:34:15","guid":{"rendered":"https:\/\/www.istegroup.com\/?post_type=product&#038;p=39377"},"modified":"2024-01-03T13:44:36","modified_gmt":"2024-01-03T13:44:36","slug":"bibliotheques-numeriques-et-societe-de-linformation","status":"publish","type":"product","link":"https:\/\/www.istegroup.com\/fr\/produit\/bibliotheques-numeriques-et-societe-de-linformation\/","title":{"rendered":"Biblioth\u00e8ques num\u00e9riques et soci\u00e9t\u00e9 de l\u2019information"},"content":{"rendered":"<p>Les biblioth\u00e8ques num\u00e9riques de la soci\u00e9t\u00e9 de l\u2019information et de la connaissance r\u00e9sultent du d\u00e9ploiement continu de technologies de l\u2019information et de la communication (TIC) aujourd\u2019hui devenues matures. Le robuste appareillage technologique disponible permet d\u2019envisager l\u2019instrumentation d\u2019une diversit\u00e9 de pratiques info-documentaires et communicationnelles des acteurs de la soci\u00e9t\u00e9, la scalabilit\u00e9 des connaissances.<\/p>\n<p>Cet ouvrage questionne l\u2019environnement info-documentaire et communicationnel articul\u00e9 aux technologies web. Il propose d\u2019analyser comment les biblioth\u00e8ques num\u00e9riques r\u00e9pondent aux besoins informationnels, de montrer comment elles participent de la construction de biens communs informationnels et \u00e9tendent les questions d\u2019interop\u00e9rabilit\u00e9 aux espaces s\u00e9mantique, culturel et \u00e9pist\u00e9mique. Il souligne que ces biblioth\u00e8ques num\u00e9riques d\u2019une soci\u00e9t\u00e9 de l\u2019information et de la connaissance agencent des syst\u00e8mes ouverts d\u2019organisations des connaissances qui tendent \u00e0 les rendre cognitivement accessibles et utilisables par une diversit\u00e9 de communaut\u00e9s. Soulignant les modalit\u00e9s de mise en oeuvre de la scalabilit\u00e9 des connaissances, l\u2019ouvrage ouvre sur les perspectives qui en r\u00e9sultent.<\/p>\n<p><a class=\"button\" style=\"margin-right: 10%\" href=\"https:\/\/www.istegroup.com\/wp-content\/uploads\/2021\/04\/752_Biblioth\u00e8ques-num\u00e9riques-et-soci\u00e9t\u00e9-de-linformation_Pierot_TDM.pdf\" target=\"_blank\" rel=\"noopener noreferrer\">Table des mati\u00e8res<\/a><\/p>","protected":false},"excerpt":{"rendered":"<p>Les biblioth\u00e8ques num\u00e9riques de la soci\u00e9t\u00e9 de l\u2019information et de la connaissance r\u00e9sultent du d\u00e9ploiement continu de technologies de l\u2019information et de la communication (TIC) aujourd\u2019hui devenues matures. Le robuste appareillage technologique disponible permet d\u2019envisager l\u2019instrumentation d\u2019une diversit\u00e9 de pratiques info-documentaires et communicationnelles des acteurs de la soci\u00e9t\u00e9, la scalabilit\u00e9 des connaissances. Cet ouvrage questionne [&hellip;]<\/p>\n","protected":false},"featured_media":39380,"template":"","meta":{"_acf_changed":false,"_links_to":"","_links_to_target":""},"product_brand":[],"product_cat":[3262],"product_tag":[],"class_list":{"0":"post-39377","1":"product","2":"type-product","3":"status-publish","4":"has-post-thumbnail","6":"product_cat-non-classe","8":"first","9":"instock","10":"shipping-taxable","11":"purchasable","12":"product-type-variable"},"acf":[],"yoast_head":"<!-- This site is optimized with the Yoast SEO plugin v27.2 - https:\/\/yoast.com\/product\/yoast-seo-wordpress\/ -->\n<title>Biblioth\u00e8ques num\u00e9riques et soci\u00e9t\u00e9 de l\u2019information - ISTE Group<\/title>\n<meta name=\"description\" content=\"Cet ouvrage questionne l\u2019environnement info-documentaire et communicationnel articul\u00e9 aux technologies web.\" \/>\n<meta name=\"robots\" content=\"index, follow, max-snippet:-1, max-image-preview:large, max-video-preview:-1\" \/>\n<link rel=\"canonical\" href=\"https:\/\/www.istegroup.com\/produit\/bibliotheques-numeriques-et-societe-de-linformation\/\" \/>\n<meta property=\"og:locale\" content=\"fr_FR\" \/>\n<meta property=\"og:type\" content=\"article\" \/>\n<meta property=\"og:title\" content=\"Biblioth\u00e8ques num\u00e9riques et soci\u00e9t\u00e9 de l\u2019information - ISTE Group\" \/>\n<meta property=\"og:description\" content=\"Cet ouvrage questionne l\u2019environnement info-documentaire et communicationnel articul\u00e9 aux technologies web.\" \/>\n<meta property=\"og:url\" content=\"https:\/\/www.istegroup.com\/produit\/bibliotheques-numeriques-et-societe-de-linformation\/\" \/>\n<meta property=\"og:site_name\" content=\"ISTE Group\" \/>\n<meta property=\"article:modified_time\" content=\"2024-01-03T13:44:36+00:00\" \/>\n<meta property=\"og:image\" content=\"https:\/\/www.istegroup.com\/wp-content\/uploads\/2021\/03\/Biblioth\u00e8ques-num\u00e9riques-et-soci\u00e9t\u00e9-de-linformation.jpg\" \/>\n\t<meta property=\"og:image:width\" content=\"300\" \/>\n\t<meta property=\"og:image:height\" content=\"454\" \/>\n\t<meta property=\"og:image:type\" content=\"image\/jpeg\" \/>\n<meta name=\"twitter:card\" content=\"summary_large_image\" \/>\n<meta name=\"twitter:label1\" content=\"Est. reading time\" \/>\n\t<meta name=\"twitter:data1\" content=\"1 minute\" \/>\n<script type=\"application\/ld+json\" class=\"yoast-schema-graph\">{\"@context\":\"https:\/\/schema.org\",\"@graph\":[{\"@type\":\"WebPage\",\"@id\":\"https:\/\/www.istegroup.com\/produit\/bibliotheques-numeriques-et-societe-de-linformation\/\",\"url\":\"https:\/\/www.istegroup.com\/produit\/bibliotheques-numeriques-et-societe-de-linformation\/\",\"name\":\"Biblioth\u00e8ques num\u00e9riques et soci\u00e9t\u00e9 de l\u2019information - ISTE Group\",\"isPartOf\":{\"@id\":\"https:\/\/www.istegroup.com\/#website\"},\"primaryImageOfPage\":{\"@id\":\"https:\/\/www.istegroup.com\/produit\/bibliotheques-numeriques-et-societe-de-linformation\/#primaryimage\"},\"image\":{\"@id\":\"https:\/\/www.istegroup.com\/produit\/bibliotheques-numeriques-et-societe-de-linformation\/#primaryimage\"},\"thumbnailUrl\":\"https:\/\/www.istegroup.com\/wp-content\/uploads\/2021\/03\/Biblioth\u00e8ques-num\u00e9riques-et-soci\u00e9t\u00e9-de-linformation.jpg\",\"datePublished\":\"2021-05-21T12:34:15+00:00\",\"dateModified\":\"2024-01-03T13:44:36+00:00\",\"description\":\"Cet ouvrage questionne l\u2019environnement info-documentaire et communicationnel articul\u00e9 aux technologies web.\",\"breadcrumb\":{\"@id\":\"https:\/\/www.istegroup.com\/produit\/bibliotheques-numeriques-et-societe-de-linformation\/#breadcrumb\"},\"inLanguage\":\"fr-FR\",\"potentialAction\":[{\"@type\":\"ReadAction\",\"target\":[\"https:\/\/www.istegroup.com\/produit\/bibliotheques-numeriques-et-societe-de-linformation\/\"]}]},{\"@type\":\"ImageObject\",\"inLanguage\":\"fr-FR\",\"@id\":\"https:\/\/www.istegroup.com\/produit\/bibliotheques-numeriques-et-societe-de-linformation\/#primaryimage\",\"url\":\"https:\/\/www.istegroup.com\/wp-content\/uploads\/2021\/03\/Biblioth\u00e8ques-num\u00e9riques-et-soci\u00e9t\u00e9-de-linformation.jpg\",\"contentUrl\":\"https:\/\/www.istegroup.com\/wp-content\/uploads\/2021\/03\/Biblioth\u00e8ques-num\u00e9riques-et-soci\u00e9t\u00e9-de-linformation.jpg\",\"width\":300,\"height\":454,\"caption\":\"Livre scientifique - Biblioth\u00e8ques num\u00e9riques et soci\u00e9t\u00e9 de l'information - Edwige Pierot\"},{\"@type\":\"BreadcrumbList\",\"@id\":\"https:\/\/www.istegroup.com\/produit\/bibliotheques-numeriques-et-societe-de-linformation\/#breadcrumb\",\"itemListElement\":[{\"@type\":\"ListItem\",\"position\":1,\"name\":\"Home\",\"item\":\"https:\/\/www.istegroup.com\/\"},{\"@type\":\"ListItem\",\"position\":2,\"name\":\"Shop\",\"item\":\"https:\/\/www.istegroup.com\/fr\/nouveautes\/\"},{\"@type\":\"ListItem\",\"position\":3,\"name\":\"Biblioth\u00e8ques num\u00e9riques et soci\u00e9t\u00e9 de l\u2019information\"}]},{\"@type\":\"WebSite\",\"@id\":\"https:\/\/www.istegroup.com\/#website\",\"url\":\"https:\/\/www.istegroup.com\/\",\"name\":\"ISTE Group\",\"description\":\"\u00c9diteur des Sciences\",\"potentialAction\":[{\"@type\":\"SearchAction\",\"target\":{\"@type\":\"EntryPoint\",\"urlTemplate\":\"https:\/\/www.istegroup.com\/?s={search_term_string}\"},\"query-input\":{\"@type\":\"PropertyValueSpecification\",\"valueRequired\":true,\"valueName\":\"search_term_string\"}}],\"inLanguage\":\"fr-FR\"}]}<\/script>\n<!-- \/ Yoast SEO plugin. -->","yoast_head_json":{"title":"Biblioth\u00e8ques num\u00e9riques et soci\u00e9t\u00e9 de l\u2019information - ISTE Group","description":"Cet ouvrage questionne l\u2019environnement info-documentaire et communicationnel articul\u00e9 aux technologies web.","robots":{"index":"index","follow":"follow","max-snippet":"max-snippet:-1","max-image-preview":"max-image-preview:large","max-video-preview":"max-video-preview:-1"},"canonical":"https:\/\/www.istegroup.com\/produit\/bibliotheques-numeriques-et-societe-de-linformation\/","og_locale":"fr_FR","og_type":"article","og_title":"Biblioth\u00e8ques num\u00e9riques et soci\u00e9t\u00e9 de l\u2019information - ISTE Group","og_description":"Cet ouvrage questionne l\u2019environnement info-documentaire et communicationnel articul\u00e9 aux technologies web.","og_url":"https:\/\/www.istegroup.com\/produit\/bibliotheques-numeriques-et-societe-de-linformation\/","og_site_name":"ISTE Group","article_modified_time":"2024-01-03T13:44:36+00:00","og_image":[{"width":300,"height":454,"url":"https:\/\/www.istegroup.com\/wp-content\/uploads\/2021\/03\/Biblioth\u00e8ques-num\u00e9riques-et-soci\u00e9t\u00e9-de-linformation.jpg","type":"image\/jpeg"}],"twitter_card":"summary_large_image","twitter_misc":{"Est. reading time":"1 minute"},"schema":{"@context":"https:\/\/schema.org","@graph":[{"@type":"WebPage","@id":"https:\/\/www.istegroup.com\/produit\/bibliotheques-numeriques-et-societe-de-linformation\/","url":"https:\/\/www.istegroup.com\/produit\/bibliotheques-numeriques-et-societe-de-linformation\/","name":"Biblioth\u00e8ques num\u00e9riques et soci\u00e9t\u00e9 de l\u2019information - ISTE Group","isPartOf":{"@id":"https:\/\/www.istegroup.com\/#website"},"primaryImageOfPage":{"@id":"https:\/\/www.istegroup.com\/produit\/bibliotheques-numeriques-et-societe-de-linformation\/#primaryimage"},"image":{"@id":"https:\/\/www.istegroup.com\/produit\/bibliotheques-numeriques-et-societe-de-linformation\/#primaryimage"},"thumbnailUrl":"https:\/\/www.istegroup.com\/wp-content\/uploads\/2021\/03\/Biblioth\u00e8ques-num\u00e9riques-et-soci\u00e9t\u00e9-de-linformation.jpg","datePublished":"2021-05-21T12:34:15+00:00","dateModified":"2024-01-03T13:44:36+00:00","description":"Cet ouvrage questionne l\u2019environnement info-documentaire et communicationnel articul\u00e9 aux technologies web.","breadcrumb":{"@id":"https:\/\/www.istegroup.com\/produit\/bibliotheques-numeriques-et-societe-de-linformation\/#breadcrumb"},"inLanguage":"fr-FR","potentialAction":[{"@type":"ReadAction","target":["https:\/\/www.istegroup.com\/produit\/bibliotheques-numeriques-et-societe-de-linformation\/"]}]},{"@type":"ImageObject","inLanguage":"fr-FR","@id":"https:\/\/www.istegroup.com\/produit\/bibliotheques-numeriques-et-societe-de-linformation\/#primaryimage","url":"https:\/\/www.istegroup.com\/wp-content\/uploads\/2021\/03\/Biblioth\u00e8ques-num\u00e9riques-et-soci\u00e9t\u00e9-de-linformation.jpg","contentUrl":"https:\/\/www.istegroup.com\/wp-content\/uploads\/2021\/03\/Biblioth\u00e8ques-num\u00e9riques-et-soci\u00e9t\u00e9-de-linformation.jpg","width":300,"height":454,"caption":"Livre scientifique - Biblioth\u00e8ques num\u00e9riques et soci\u00e9t\u00e9 de l'information - Edwige Pierot"},{"@type":"BreadcrumbList","@id":"https:\/\/www.istegroup.com\/produit\/bibliotheques-numeriques-et-societe-de-linformation\/#breadcrumb","itemListElement":[{"@type":"ListItem","position":1,"name":"Home","item":"https:\/\/www.istegroup.com\/"},{"@type":"ListItem","position":2,"name":"Shop","item":"https:\/\/www.istegroup.com\/fr\/nouveautes\/"},{"@type":"ListItem","position":3,"name":"Biblioth\u00e8ques num\u00e9riques et soci\u00e9t\u00e9 de l\u2019information"}]},{"@type":"WebSite","@id":"https:\/\/www.istegroup.com\/#website","url":"https:\/\/www.istegroup.com\/","name":"ISTE Group","description":"\u00c9diteur des Sciences","potentialAction":[{"@type":"SearchAction","target":{"@type":"EntryPoint","urlTemplate":"https:\/\/www.istegroup.com\/?s={search_term_string}"},"query-input":{"@type":"PropertyValueSpecification","valueRequired":true,"valueName":"search_term_string"}}],"inLanguage":"fr-FR"}]}},"_links":{"self":[{"href":"https:\/\/www.istegroup.com\/fr\/wp-json\/wp\/v2\/product\/39377","targetHints":{"allow":["GET"]}}],"collection":[{"href":"https:\/\/www.istegroup.com\/fr\/wp-json\/wp\/v2\/product"}],"about":[{"href":"https:\/\/www.istegroup.com\/fr\/wp-json\/wp\/v2\/types\/product"}],"wp:featuredmedia":[{"embeddable":true,"href":"https:\/\/www.istegroup.com\/fr\/wp-json\/wp\/v2\/media\/39380"}],"wp:attachment":[{"href":"https:\/\/www.istegroup.com\/fr\/wp-json\/wp\/v2\/media?parent=39377"}],"wp:term":[{"taxonomy":"product_brand","embeddable":true,"href":"https:\/\/www.istegroup.com\/fr\/wp-json\/wp\/v2\/product_brand?post=39377"},{"taxonomy":"product_cat","embeddable":true,"href":"https:\/\/www.istegroup.com\/fr\/wp-json\/wp\/v2\/product_cat?post=39377"},{"taxonomy":"product_tag","embeddable":true,"href":"https:\/\/www.istegroup.com\/fr\/wp-json\/wp\/v2\/product_tag?post=39377"}],"curies":[{"name":"wp","href":"https:\/\/api.w.org\/{rel}","templated":true}]}}