{"id":39371,"date":"2021-05-21T08:40:02","date_gmt":"2021-05-21T07:40:02","guid":{"rendered":"https:\/\/www.istegroup.com\/?post_type=product&#038;p=39371"},"modified":"2024-01-03T13:44:35","modified_gmt":"2024-01-03T13:44:35","slug":"chimie-des-medicaments-des-pathologies-cardiovasculaires","status":"publish","type":"product","link":"https:\/\/www.istegroup.com\/fr\/produit\/chimie-des-medicaments-des-pathologies-cardiovasculaires\/","title":{"rendered":"Chimie des m\u00e9dicaments des pathologies cardiovasculaires"},"content":{"rendered":"<p>Cet ouvrage pr\u00e9sente et analyse, au sens le plus large possible, les diff\u00e9rentes \u00e9tapes dans lesquelles la chimie intervient lors de la conception des m\u00e9dicaments cardiovasculaires.<\/p>\n<p>Pour cela, diff\u00e9rents points de vue compl\u00e9mentaires sont d\u00e9velopp\u00e9s pour chaque famille de m\u00e9dicament : celui du chimiste (nomenclature, r\u00e9tro-synth\u00e8se, synth\u00e8se et propri\u00e9t\u00e9s physico-chimiques des principes actifs), du chimiste m\u00e9dicinal (relations structure-activit\u00e9, modifications structurales), de l\u2019industriel (produits inscrits \u00e0 la <em>Pharmacop\u00e9e europ\u00e9enne<\/em>, description des r\u00e9actions de caract\u00e9risation, des impuret\u00e9s potentielles et des dosages des principes actifs) et de l\u2019officinal (rappels des indications principales, m\u00e9dicaments essentiels de la liste de l\u2019OMS, sp\u00e9cialit\u00e9s commercialis\u00e9es en France et leur positionnement sur le march\u00e9).<\/p>\n<p>De nombreux rappels sur les m\u00e9canismes r\u00e9actionnels et les strat\u00e9gies de synth\u00e8se sont effectu\u00e9s afin de permettre \u00e0 un large public (\u00e9tudiants pharmaciens ou de masters de chimie, mais aussi professionnels de ce domaine) de s\u2019approprier au mieux cette partie de la chimie des m\u00e9dicaments.<\/p>\n<p><a class=\"button\" style=\"margin-right: 10%\" href=\"https:\/\/www.istegroup.com\/wp-content\/uploads\/2021\/04\/748_Chimie-des-m\u00e9dicaments-de-pathologies-cardiovasculaires_Barret_TDM.pdf\" target=\"_blank\" rel=\"noopener noreferrer\">Table des mati\u00e8res<\/a><a class=\"button\" style=\"margin-left: 10%\" href=\"https:\/\/www.istegroup.com\/wp-content\/uploads\/2021\/04\/748_Chimie-des-m\u00e9dicaments-de-pathologies-cardiovasculaires_Barret_Premi\u00e8re-partie.pdf\" target=\"_blank\" rel=\"noopener noreferrer\">Avant-propos<\/a><\/p>","protected":false},"excerpt":{"rendered":"<p>Cet ouvrage pr\u00e9sente et analyse, au sens le plus large possible, les diff\u00e9rentes \u00e9tapes dans lesquelles la chimie intervient lors de la conception des m\u00e9dicaments cardiovasculaires. Pour cela, diff\u00e9rents points de vue compl\u00e9mentaires sont d\u00e9velopp\u00e9s pour chaque famille de m\u00e9dicament : celui du chimiste (nomenclature, r\u00e9tro-synth\u00e8se, synth\u00e8se et propri\u00e9t\u00e9s physico-chimiques des principes actifs), du chimiste [&hellip;]<\/p>\n","protected":false},"featured_media":39376,"template":"","meta":{"_acf_changed":false,"_links_to":"","_links_to_target":""},"product_brand":[],"product_cat":[3262],"product_tag":[],"class_list":{"0":"post-39371","1":"product","2":"type-product","3":"status-publish","4":"has-post-thumbnail","6":"product_cat-non-classe","8":"first","9":"instock","10":"shipping-taxable","11":"purchasable","12":"product-type-variable"},"acf":[],"yoast_head":"<!-- This site is optimized with the Yoast SEO plugin v27.2 - https:\/\/yoast.com\/product\/yoast-seo-wordpress\/ -->\n<title>Chimie des m\u00e9dicaments des pathologies cardiovasculaires - ISTE Group<\/title>\n<meta name=\"description\" content=\"Cet ouvrage pr\u00e9sente et analyse, au sens le plus large possible, les diff\u00e9rentes \u00e9tapes dans lesquelles la chimie intervient lors de la conception des m\u00e9dicaments cardiovasculaires.\" \/>\n<meta name=\"robots\" content=\"index, follow, max-snippet:-1, max-image-preview:large, max-video-preview:-1\" \/>\n<link rel=\"canonical\" href=\"https:\/\/www.istegroup.com\/produit\/chimie-des-medicaments-des-pathologies-cardiovasculaires\/\" \/>\n<meta property=\"og:locale\" content=\"fr_FR\" \/>\n<meta property=\"og:type\" content=\"article\" \/>\n<meta property=\"og:title\" content=\"Chimie des m\u00e9dicaments des pathologies cardiovasculaires - ISTE Group\" \/>\n<meta property=\"og:description\" content=\"Cet ouvrage pr\u00e9sente et analyse, au sens le plus large possible, les diff\u00e9rentes \u00e9tapes dans lesquelles la chimie intervient lors de la conception des m\u00e9dicaments cardiovasculaires.\" \/>\n<meta property=\"og:url\" content=\"https:\/\/www.istegroup.com\/produit\/chimie-des-medicaments-des-pathologies-cardiovasculaires\/\" \/>\n<meta property=\"og:site_name\" content=\"ISTE Group\" \/>\n<meta property=\"article:modified_time\" content=\"2024-01-03T13:44:35+00:00\" \/>\n<meta property=\"og:image\" content=\"https:\/\/www.istegroup.com\/wp-content\/uploads\/2021\/03\/Chimie-des-m\u00e9dicaments-de-pathologies-cardiovasculaires.jpg\" \/>\n\t<meta property=\"og:image:width\" content=\"300\" \/>\n\t<meta property=\"og:image:height\" content=\"451\" \/>\n\t<meta property=\"og:image:type\" content=\"image\/jpeg\" \/>\n<meta name=\"twitter:card\" content=\"summary_large_image\" \/>\n<meta name=\"twitter:label1\" content=\"Est. reading time\" \/>\n\t<meta name=\"twitter:data1\" content=\"1 minute\" \/>\n<script type=\"application\/ld+json\" class=\"yoast-schema-graph\">{\"@context\":\"https:\/\/schema.org\",\"@graph\":[{\"@type\":\"WebPage\",\"@id\":\"https:\/\/www.istegroup.com\/produit\/chimie-des-medicaments-des-pathologies-cardiovasculaires\/\",\"url\":\"https:\/\/www.istegroup.com\/produit\/chimie-des-medicaments-des-pathologies-cardiovasculaires\/\",\"name\":\"Chimie des m\u00e9dicaments des pathologies cardiovasculaires - ISTE Group\",\"isPartOf\":{\"@id\":\"https:\/\/www.istegroup.com\/#website\"},\"primaryImageOfPage\":{\"@id\":\"https:\/\/www.istegroup.com\/produit\/chimie-des-medicaments-des-pathologies-cardiovasculaires\/#primaryimage\"},\"image\":{\"@id\":\"https:\/\/www.istegroup.com\/produit\/chimie-des-medicaments-des-pathologies-cardiovasculaires\/#primaryimage\"},\"thumbnailUrl\":\"https:\/\/www.istegroup.com\/wp-content\/uploads\/2021\/03\/Chimie-des-m\u00e9dicaments-de-pathologies-cardiovasculaires.jpg\",\"datePublished\":\"2021-05-21T07:40:02+00:00\",\"dateModified\":\"2024-01-03T13:44:35+00:00\",\"description\":\"Cet ouvrage pr\u00e9sente et analyse, au sens le plus large possible, les diff\u00e9rentes \u00e9tapes dans lesquelles la chimie intervient lors de la conception des m\u00e9dicaments cardiovasculaires.\",\"breadcrumb\":{\"@id\":\"https:\/\/www.istegroup.com\/produit\/chimie-des-medicaments-des-pathologies-cardiovasculaires\/#breadcrumb\"},\"inLanguage\":\"fr-FR\",\"potentialAction\":[{\"@type\":\"ReadAction\",\"target\":[\"https:\/\/www.istegroup.com\/produit\/chimie-des-medicaments-des-pathologies-cardiovasculaires\/\"]}]},{\"@type\":\"ImageObject\",\"inLanguage\":\"fr-FR\",\"@id\":\"https:\/\/www.istegroup.com\/produit\/chimie-des-medicaments-des-pathologies-cardiovasculaires\/#primaryimage\",\"url\":\"https:\/\/www.istegroup.com\/wp-content\/uploads\/2021\/03\/Chimie-des-m\u00e9dicaments-de-pathologies-cardiovasculaires.jpg\",\"contentUrl\":\"https:\/\/www.istegroup.com\/wp-content\/uploads\/2021\/03\/Chimie-des-m\u00e9dicaments-de-pathologies-cardiovasculaires.jpg\",\"width\":300,\"height\":451,\"caption\":\"Livre scientifique - Chimie des m\u00e9dicaments de pathologies cardiovasculaires - Roland Barret\"},{\"@type\":\"BreadcrumbList\",\"@id\":\"https:\/\/www.istegroup.com\/produit\/chimie-des-medicaments-des-pathologies-cardiovasculaires\/#breadcrumb\",\"itemListElement\":[{\"@type\":\"ListItem\",\"position\":1,\"name\":\"Home\",\"item\":\"https:\/\/www.istegroup.com\/\"},{\"@type\":\"ListItem\",\"position\":2,\"name\":\"Shop\",\"item\":\"https:\/\/www.istegroup.com\/fr\/nouveautes\/\"},{\"@type\":\"ListItem\",\"position\":3,\"name\":\"Chimie des m\u00e9dicaments des pathologies cardiovasculaires\"}]},{\"@type\":\"WebSite\",\"@id\":\"https:\/\/www.istegroup.com\/#website\",\"url\":\"https:\/\/www.istegroup.com\/\",\"name\":\"ISTE Group\",\"description\":\"\u00c9diteur des Sciences\",\"potentialAction\":[{\"@type\":\"SearchAction\",\"target\":{\"@type\":\"EntryPoint\",\"urlTemplate\":\"https:\/\/www.istegroup.com\/?s={search_term_string}\"},\"query-input\":{\"@type\":\"PropertyValueSpecification\",\"valueRequired\":true,\"valueName\":\"search_term_string\"}}],\"inLanguage\":\"fr-FR\"}]}<\/script>\n<!-- \/ Yoast SEO plugin. -->","yoast_head_json":{"title":"Chimie des m\u00e9dicaments des pathologies cardiovasculaires - ISTE Group","description":"Cet ouvrage pr\u00e9sente et analyse, au sens le plus large possible, les diff\u00e9rentes \u00e9tapes dans lesquelles la chimie intervient lors de la conception des m\u00e9dicaments cardiovasculaires.","robots":{"index":"index","follow":"follow","max-snippet":"max-snippet:-1","max-image-preview":"max-image-preview:large","max-video-preview":"max-video-preview:-1"},"canonical":"https:\/\/www.istegroup.com\/produit\/chimie-des-medicaments-des-pathologies-cardiovasculaires\/","og_locale":"fr_FR","og_type":"article","og_title":"Chimie des m\u00e9dicaments des pathologies cardiovasculaires - ISTE Group","og_description":"Cet ouvrage pr\u00e9sente et analyse, au sens le plus large possible, les diff\u00e9rentes \u00e9tapes dans lesquelles la chimie intervient lors de la conception des m\u00e9dicaments cardiovasculaires.","og_url":"https:\/\/www.istegroup.com\/produit\/chimie-des-medicaments-des-pathologies-cardiovasculaires\/","og_site_name":"ISTE Group","article_modified_time":"2024-01-03T13:44:35+00:00","og_image":[{"width":300,"height":451,"url":"https:\/\/www.istegroup.com\/wp-content\/uploads\/2021\/03\/Chimie-des-m\u00e9dicaments-de-pathologies-cardiovasculaires.jpg","type":"image\/jpeg"}],"twitter_card":"summary_large_image","twitter_misc":{"Est. reading time":"1 minute"},"schema":{"@context":"https:\/\/schema.org","@graph":[{"@type":"WebPage","@id":"https:\/\/www.istegroup.com\/produit\/chimie-des-medicaments-des-pathologies-cardiovasculaires\/","url":"https:\/\/www.istegroup.com\/produit\/chimie-des-medicaments-des-pathologies-cardiovasculaires\/","name":"Chimie des m\u00e9dicaments des pathologies cardiovasculaires - ISTE Group","isPartOf":{"@id":"https:\/\/www.istegroup.com\/#website"},"primaryImageOfPage":{"@id":"https:\/\/www.istegroup.com\/produit\/chimie-des-medicaments-des-pathologies-cardiovasculaires\/#primaryimage"},"image":{"@id":"https:\/\/www.istegroup.com\/produit\/chimie-des-medicaments-des-pathologies-cardiovasculaires\/#primaryimage"},"thumbnailUrl":"https:\/\/www.istegroup.com\/wp-content\/uploads\/2021\/03\/Chimie-des-m\u00e9dicaments-de-pathologies-cardiovasculaires.jpg","datePublished":"2021-05-21T07:40:02+00:00","dateModified":"2024-01-03T13:44:35+00:00","description":"Cet ouvrage pr\u00e9sente et analyse, au sens le plus large possible, les diff\u00e9rentes \u00e9tapes dans lesquelles la chimie intervient lors de la conception des m\u00e9dicaments cardiovasculaires.","breadcrumb":{"@id":"https:\/\/www.istegroup.com\/produit\/chimie-des-medicaments-des-pathologies-cardiovasculaires\/#breadcrumb"},"inLanguage":"fr-FR","potentialAction":[{"@type":"ReadAction","target":["https:\/\/www.istegroup.com\/produit\/chimie-des-medicaments-des-pathologies-cardiovasculaires\/"]}]},{"@type":"ImageObject","inLanguage":"fr-FR","@id":"https:\/\/www.istegroup.com\/produit\/chimie-des-medicaments-des-pathologies-cardiovasculaires\/#primaryimage","url":"https:\/\/www.istegroup.com\/wp-content\/uploads\/2021\/03\/Chimie-des-m\u00e9dicaments-de-pathologies-cardiovasculaires.jpg","contentUrl":"https:\/\/www.istegroup.com\/wp-content\/uploads\/2021\/03\/Chimie-des-m\u00e9dicaments-de-pathologies-cardiovasculaires.jpg","width":300,"height":451,"caption":"Livre scientifique - Chimie des m\u00e9dicaments de pathologies cardiovasculaires - Roland Barret"},{"@type":"BreadcrumbList","@id":"https:\/\/www.istegroup.com\/produit\/chimie-des-medicaments-des-pathologies-cardiovasculaires\/#breadcrumb","itemListElement":[{"@type":"ListItem","position":1,"name":"Home","item":"https:\/\/www.istegroup.com\/"},{"@type":"ListItem","position":2,"name":"Shop","item":"https:\/\/www.istegroup.com\/fr\/nouveautes\/"},{"@type":"ListItem","position":3,"name":"Chimie des m\u00e9dicaments des pathologies cardiovasculaires"}]},{"@type":"WebSite","@id":"https:\/\/www.istegroup.com\/#website","url":"https:\/\/www.istegroup.com\/","name":"ISTE Group","description":"\u00c9diteur des Sciences","potentialAction":[{"@type":"SearchAction","target":{"@type":"EntryPoint","urlTemplate":"https:\/\/www.istegroup.com\/?s={search_term_string}"},"query-input":{"@type":"PropertyValueSpecification","valueRequired":true,"valueName":"search_term_string"}}],"inLanguage":"fr-FR"}]}},"_links":{"self":[{"href":"https:\/\/www.istegroup.com\/fr\/wp-json\/wp\/v2\/product\/39371","targetHints":{"allow":["GET"]}}],"collection":[{"href":"https:\/\/www.istegroup.com\/fr\/wp-json\/wp\/v2\/product"}],"about":[{"href":"https:\/\/www.istegroup.com\/fr\/wp-json\/wp\/v2\/types\/product"}],"wp:featuredmedia":[{"embeddable":true,"href":"https:\/\/www.istegroup.com\/fr\/wp-json\/wp\/v2\/media\/39376"}],"wp:attachment":[{"href":"https:\/\/www.istegroup.com\/fr\/wp-json\/wp\/v2\/media?parent=39371"}],"wp:term":[{"taxonomy":"product_brand","embeddable":true,"href":"https:\/\/www.istegroup.com\/fr\/wp-json\/wp\/v2\/product_brand?post=39371"},{"taxonomy":"product_cat","embeddable":true,"href":"https:\/\/www.istegroup.com\/fr\/wp-json\/wp\/v2\/product_cat?post=39371"},{"taxonomy":"product_tag","embeddable":true,"href":"https:\/\/www.istegroup.com\/fr\/wp-json\/wp\/v2\/product_tag?post=39371"}],"curies":[{"name":"wp","href":"https:\/\/api.w.org\/{rel}","templated":true}]}}