{"id":39316,"date":"2021-05-20T08:58:24","date_gmt":"2021-05-20T07:58:24","guid":{"rendered":"https:\/\/www.istegroup.com\/?post_type=product&#038;p=39316"},"modified":"2024-01-03T13:44:35","modified_gmt":"2024-01-03T13:44:35","slug":"performance-des-methodes-de-valorisation-dans-les-transactions-financieres","status":"publish","type":"product","link":"https:\/\/www.istegroup.com\/fr\/produit\/performance-des-methodes-de-valorisation-dans-les-transactions-financieres\/","title":{"rendered":"Performance des m\u00e9thodes de valorisation dans les transactions financi\u00e8res"},"content":{"rendered":"<p>Les op\u00e9rations financi\u00e8res d\u00e9pendent de la cr\u00e9ation de valeur potentielle, de la nature de l\u2019actionnariat, du niveau de d\u00e9veloppement de l\u2019entreprise et de ses perspectives de croissance. Elles r\u00e9sultent de diff\u00e9rentes strat\u00e9gies commerciales et financi\u00e8res qui doivent int\u00e9grer l\u2019int\u00e9r\u00eat des d\u00e9tenteurs du capital, l\u2019influence et la strat\u00e9gie du groupe \u00e0 l\u2019initiative ainsi que la structure de l\u2019offre.<\/p>\n<p>Cet ouvrage examine comment, en pratique, le capital d\u2019une entreprise se structure, en tenant compte des int\u00e9r\u00eats des diff\u00e9rentes parties prenantes. Les performances des m\u00e9thodes de valorisation, qui servent les investisseurs dans leur prise de d\u00e9cision et dans les montages financiers, sont d\u00e9velopp\u00e9es de fa\u00e7on d\u00e9taill\u00e9e. En fonction de contextes pr\u00e9sents sur le march\u00e9 du contr\u00f4le, les m\u00e9thodes des comparables boursiers et transactionnels, celle des flux de tr\u00e9sorerie actualis\u00e9s et l\u2019approche patrimoniale vont \u00eatre privil\u00e9gi\u00e9es pour \u00e9valuer la valeur des actions des soci\u00e9t\u00e9s.<\/p>\n<p>Analysant en profondeur les op\u00e9rations de haut de bilan, <em>Performance des m\u00e9thodes de valorisation dans les transactions financi\u00e8res<\/em> s\u2019adresse aux \u00e9tudiants et aux professionnels de la finance d\u2019entreprise.<\/p>\n<p><a class=\"button\" style=\"margin-right: 10%\" href=\"https:\/\/www.istegroup.com\/wp-content\/uploads\/2021\/03\/725_Performance-des-m\u00e9thodes-de-valorisation-dans-les-transcations-financi\u00e8res_Heller_TDM.pdf\" target=\"_blank\" rel=\"noopener noreferrer\">Table des mati\u00e8res<\/a><a class=\"button\" style=\"margin-left: 10%\" href=\"https:\/\/www.istegroup.com\/wp-content\/uploads\/2021\/03\/725_Performance-des-m\u00e9thodes-de-valorisation-dans-les-transcations-financi\u00e8res_Heller_Premi\u00e8re-partie.pdf\" target=\"_blank\" rel=\"noopener noreferrer\">Introduction<\/a><\/p>","protected":false},"excerpt":{"rendered":"<p>Les op\u00e9rations financi\u00e8res d\u00e9pendent de la cr\u00e9ation de valeur potentielle, de la nature de l\u2019actionnariat, du niveau de d\u00e9veloppement de l\u2019entreprise et de ses perspectives de croissance. Elles r\u00e9sultent de diff\u00e9rentes strat\u00e9gies commerciales et financi\u00e8res qui doivent int\u00e9grer l\u2019int\u00e9r\u00eat des d\u00e9tenteurs du capital, l\u2019influence et la strat\u00e9gie du groupe \u00e0 l\u2019initiative ainsi que la structure [&hellip;]<\/p>\n","protected":false},"featured_media":40282,"template":"","meta":{"_acf_changed":false,"_links_to":"","_links_to_target":""},"product_brand":[],"product_cat":[3262],"product_tag":[],"class_list":{"0":"post-39316","1":"product","2":"type-product","3":"status-publish","4":"has-post-thumbnail","6":"product_cat-non-classe","8":"first","9":"instock","10":"shipping-taxable","11":"purchasable","12":"product-type-variable"},"acf":[],"yoast_head":"<!-- This site is optimized with the Yoast SEO plugin v27.2 - https:\/\/yoast.com\/product\/yoast-seo-wordpress\/ -->\n<title>Performance des m\u00e9thodes de valorisation dans les transactions financi\u00e8res - ISTE Group<\/title>\n<meta name=\"description\" content=\"Cet ouvrage examine comment, en pratique, le capital d\u2019une entreprise se structure, en tenant compte des int\u00e9r\u00eats des diff\u00e9rentes parties prenantes.\" \/>\n<meta name=\"robots\" content=\"index, follow, max-snippet:-1, max-image-preview:large, max-video-preview:-1\" \/>\n<link rel=\"canonical\" href=\"https:\/\/www.istegroup.com\/produit\/performance-des-methodes-de-valorisation-dans-les-transactions-financieres\/\" \/>\n<meta property=\"og:locale\" content=\"fr_FR\" \/>\n<meta property=\"og:type\" content=\"article\" \/>\n<meta property=\"og:title\" content=\"Performance des m\u00e9thodes de valorisation dans les transactions financi\u00e8res - ISTE Group\" \/>\n<meta property=\"og:description\" content=\"Cet ouvrage examine comment, en pratique, le capital d\u2019une entreprise se structure, en tenant compte des int\u00e9r\u00eats des diff\u00e9rentes parties prenantes.\" \/>\n<meta property=\"og:url\" content=\"https:\/\/www.istegroup.com\/produit\/performance-des-methodes-de-valorisation-dans-les-transactions-financieres\/\" \/>\n<meta property=\"og:site_name\" content=\"ISTE Group\" \/>\n<meta property=\"article:modified_time\" content=\"2024-01-03T13:44:35+00:00\" \/>\n<meta property=\"og:image\" content=\"https:\/\/www.istegroup.com\/wp-content\/uploads\/2021\/04\/Performance-des-m\u00e9thodes-de-valorisation-dans-les-transactions-financi\u00e8res_Heller.jpeg\" \/>\n\t<meta property=\"og:image:width\" content=\"300\" \/>\n\t<meta property=\"og:image:height\" content=\"452\" \/>\n\t<meta property=\"og:image:type\" content=\"image\/jpeg\" \/>\n<meta name=\"twitter:card\" content=\"summary_large_image\" \/>\n<meta name=\"twitter:label1\" content=\"Est. reading time\" \/>\n\t<meta name=\"twitter:data1\" content=\"1 minute\" \/>\n<script type=\"application\/ld+json\" class=\"yoast-schema-graph\">{\"@context\":\"https:\/\/schema.org\",\"@graph\":[{\"@type\":\"WebPage\",\"@id\":\"https:\/\/www.istegroup.com\/produit\/performance-des-methodes-de-valorisation-dans-les-transactions-financieres\/\",\"url\":\"https:\/\/www.istegroup.com\/produit\/performance-des-methodes-de-valorisation-dans-les-transactions-financieres\/\",\"name\":\"Performance des m\u00e9thodes de valorisation dans les transactions financi\u00e8res - ISTE Group\",\"isPartOf\":{\"@id\":\"https:\/\/www.istegroup.com\/#website\"},\"primaryImageOfPage\":{\"@id\":\"https:\/\/www.istegroup.com\/produit\/performance-des-methodes-de-valorisation-dans-les-transactions-financieres\/#primaryimage\"},\"image\":{\"@id\":\"https:\/\/www.istegroup.com\/produit\/performance-des-methodes-de-valorisation-dans-les-transactions-financieres\/#primaryimage\"},\"thumbnailUrl\":\"https:\/\/www.istegroup.com\/wp-content\/uploads\/2021\/04\/Performance-des-m\u00e9thodes-de-valorisation-dans-les-transactions-financi\u00e8res_Heller.jpeg\",\"datePublished\":\"2021-05-20T07:58:24+00:00\",\"dateModified\":\"2024-01-03T13:44:35+00:00\",\"description\":\"Cet ouvrage examine comment, en pratique, le capital d\u2019une entreprise se structure, en tenant compte des int\u00e9r\u00eats des diff\u00e9rentes parties prenantes.\",\"breadcrumb\":{\"@id\":\"https:\/\/www.istegroup.com\/produit\/performance-des-methodes-de-valorisation-dans-les-transactions-financieres\/#breadcrumb\"},\"inLanguage\":\"fr-FR\",\"potentialAction\":[{\"@type\":\"ReadAction\",\"target\":[\"https:\/\/www.istegroup.com\/produit\/performance-des-methodes-de-valorisation-dans-les-transactions-financieres\/\"]}]},{\"@type\":\"ImageObject\",\"inLanguage\":\"fr-FR\",\"@id\":\"https:\/\/www.istegroup.com\/produit\/performance-des-methodes-de-valorisation-dans-les-transactions-financieres\/#primaryimage\",\"url\":\"https:\/\/www.istegroup.com\/wp-content\/uploads\/2021\/04\/Performance-des-m\u00e9thodes-de-valorisation-dans-les-transactions-financi\u00e8res_Heller.jpeg\",\"contentUrl\":\"https:\/\/www.istegroup.com\/wp-content\/uploads\/2021\/04\/Performance-des-m\u00e9thodes-de-valorisation-dans-les-transactions-financi\u00e8res_Heller.jpeg\",\"width\":300,\"height\":452,\"caption\":\"Livre scientifique - Performance des m\u00e9thodes de valorisation dans les transactions financi\u00e8res - David Heller\"},{\"@type\":\"BreadcrumbList\",\"@id\":\"https:\/\/www.istegroup.com\/produit\/performance-des-methodes-de-valorisation-dans-les-transactions-financieres\/#breadcrumb\",\"itemListElement\":[{\"@type\":\"ListItem\",\"position\":1,\"name\":\"Home\",\"item\":\"https:\/\/www.istegroup.com\/\"},{\"@type\":\"ListItem\",\"position\":2,\"name\":\"Shop\",\"item\":\"https:\/\/www.istegroup.com\/fr\/nouveautes\/\"},{\"@type\":\"ListItem\",\"position\":3,\"name\":\"Performance des m\u00e9thodes de valorisation dans les transactions financi\u00e8res\"}]},{\"@type\":\"WebSite\",\"@id\":\"https:\/\/www.istegroup.com\/#website\",\"url\":\"https:\/\/www.istegroup.com\/\",\"name\":\"ISTE Group\",\"description\":\"\u00c9diteur des Sciences\",\"potentialAction\":[{\"@type\":\"SearchAction\",\"target\":{\"@type\":\"EntryPoint\",\"urlTemplate\":\"https:\/\/www.istegroup.com\/?s={search_term_string}\"},\"query-input\":{\"@type\":\"PropertyValueSpecification\",\"valueRequired\":true,\"valueName\":\"search_term_string\"}}],\"inLanguage\":\"fr-FR\"}]}<\/script>\n<!-- \/ Yoast SEO plugin. -->","yoast_head_json":{"title":"Performance des m\u00e9thodes de valorisation dans les transactions financi\u00e8res - ISTE Group","description":"Cet ouvrage examine comment, en pratique, le capital d\u2019une entreprise se structure, en tenant compte des int\u00e9r\u00eats des diff\u00e9rentes parties prenantes.","robots":{"index":"index","follow":"follow","max-snippet":"max-snippet:-1","max-image-preview":"max-image-preview:large","max-video-preview":"max-video-preview:-1"},"canonical":"https:\/\/www.istegroup.com\/produit\/performance-des-methodes-de-valorisation-dans-les-transactions-financieres\/","og_locale":"fr_FR","og_type":"article","og_title":"Performance des m\u00e9thodes de valorisation dans les transactions financi\u00e8res - ISTE Group","og_description":"Cet ouvrage examine comment, en pratique, le capital d\u2019une entreprise se structure, en tenant compte des int\u00e9r\u00eats des diff\u00e9rentes parties prenantes.","og_url":"https:\/\/www.istegroup.com\/produit\/performance-des-methodes-de-valorisation-dans-les-transactions-financieres\/","og_site_name":"ISTE Group","article_modified_time":"2024-01-03T13:44:35+00:00","og_image":[{"width":300,"height":452,"url":"https:\/\/www.istegroup.com\/wp-content\/uploads\/2021\/04\/Performance-des-m\u00e9thodes-de-valorisation-dans-les-transactions-financi\u00e8res_Heller.jpeg","type":"image\/jpeg"}],"twitter_card":"summary_large_image","twitter_misc":{"Est. reading time":"1 minute"},"schema":{"@context":"https:\/\/schema.org","@graph":[{"@type":"WebPage","@id":"https:\/\/www.istegroup.com\/produit\/performance-des-methodes-de-valorisation-dans-les-transactions-financieres\/","url":"https:\/\/www.istegroup.com\/produit\/performance-des-methodes-de-valorisation-dans-les-transactions-financieres\/","name":"Performance des m\u00e9thodes de valorisation dans les transactions financi\u00e8res - ISTE Group","isPartOf":{"@id":"https:\/\/www.istegroup.com\/#website"},"primaryImageOfPage":{"@id":"https:\/\/www.istegroup.com\/produit\/performance-des-methodes-de-valorisation-dans-les-transactions-financieres\/#primaryimage"},"image":{"@id":"https:\/\/www.istegroup.com\/produit\/performance-des-methodes-de-valorisation-dans-les-transactions-financieres\/#primaryimage"},"thumbnailUrl":"https:\/\/www.istegroup.com\/wp-content\/uploads\/2021\/04\/Performance-des-m\u00e9thodes-de-valorisation-dans-les-transactions-financi\u00e8res_Heller.jpeg","datePublished":"2021-05-20T07:58:24+00:00","dateModified":"2024-01-03T13:44:35+00:00","description":"Cet ouvrage examine comment, en pratique, le capital d\u2019une entreprise se structure, en tenant compte des int\u00e9r\u00eats des diff\u00e9rentes parties prenantes.","breadcrumb":{"@id":"https:\/\/www.istegroup.com\/produit\/performance-des-methodes-de-valorisation-dans-les-transactions-financieres\/#breadcrumb"},"inLanguage":"fr-FR","potentialAction":[{"@type":"ReadAction","target":["https:\/\/www.istegroup.com\/produit\/performance-des-methodes-de-valorisation-dans-les-transactions-financieres\/"]}]},{"@type":"ImageObject","inLanguage":"fr-FR","@id":"https:\/\/www.istegroup.com\/produit\/performance-des-methodes-de-valorisation-dans-les-transactions-financieres\/#primaryimage","url":"https:\/\/www.istegroup.com\/wp-content\/uploads\/2021\/04\/Performance-des-m\u00e9thodes-de-valorisation-dans-les-transactions-financi\u00e8res_Heller.jpeg","contentUrl":"https:\/\/www.istegroup.com\/wp-content\/uploads\/2021\/04\/Performance-des-m\u00e9thodes-de-valorisation-dans-les-transactions-financi\u00e8res_Heller.jpeg","width":300,"height":452,"caption":"Livre scientifique - Performance des m\u00e9thodes de valorisation dans les transactions financi\u00e8res - David Heller"},{"@type":"BreadcrumbList","@id":"https:\/\/www.istegroup.com\/produit\/performance-des-methodes-de-valorisation-dans-les-transactions-financieres\/#breadcrumb","itemListElement":[{"@type":"ListItem","position":1,"name":"Home","item":"https:\/\/www.istegroup.com\/"},{"@type":"ListItem","position":2,"name":"Shop","item":"https:\/\/www.istegroup.com\/fr\/nouveautes\/"},{"@type":"ListItem","position":3,"name":"Performance des m\u00e9thodes de valorisation dans les transactions financi\u00e8res"}]},{"@type":"WebSite","@id":"https:\/\/www.istegroup.com\/#website","url":"https:\/\/www.istegroup.com\/","name":"ISTE Group","description":"\u00c9diteur des Sciences","potentialAction":[{"@type":"SearchAction","target":{"@type":"EntryPoint","urlTemplate":"https:\/\/www.istegroup.com\/?s={search_term_string}"},"query-input":{"@type":"PropertyValueSpecification","valueRequired":true,"valueName":"search_term_string"}}],"inLanguage":"fr-FR"}]}},"_links":{"self":[{"href":"https:\/\/www.istegroup.com\/fr\/wp-json\/wp\/v2\/product\/39316","targetHints":{"allow":["GET"]}}],"collection":[{"href":"https:\/\/www.istegroup.com\/fr\/wp-json\/wp\/v2\/product"}],"about":[{"href":"https:\/\/www.istegroup.com\/fr\/wp-json\/wp\/v2\/types\/product"}],"wp:featuredmedia":[{"embeddable":true,"href":"https:\/\/www.istegroup.com\/fr\/wp-json\/wp\/v2\/media\/40282"}],"wp:attachment":[{"href":"https:\/\/www.istegroup.com\/fr\/wp-json\/wp\/v2\/media?parent=39316"}],"wp:term":[{"taxonomy":"product_brand","embeddable":true,"href":"https:\/\/www.istegroup.com\/fr\/wp-json\/wp\/v2\/product_brand?post=39316"},{"taxonomy":"product_cat","embeddable":true,"href":"https:\/\/www.istegroup.com\/fr\/wp-json\/wp\/v2\/product_cat?post=39316"},{"taxonomy":"product_tag","embeddable":true,"href":"https:\/\/www.istegroup.com\/fr\/wp-json\/wp\/v2\/product_tag?post=39316"}],"curies":[{"name":"wp","href":"https:\/\/api.w.org\/{rel}","templated":true}]}}