{"id":393,"date":"2017-01-01T12:36:48","date_gmt":"2017-01-01T11:36:48","guid":{"rendered":"https:\/\/iste.yhello.co\/product\/les-alliances-asymetriques-et-les-systemes-dinformation\/"},"modified":"2024-01-03T13:39:52","modified_gmt":"2024-01-03T13:39:52","slug":"les-alliances-asymetriques-et-les-systemes-dinformation","status":"publish","type":"product","link":"https:\/\/www.istegroup.com\/fr\/produit\/les-alliances-asymetriques-et-les-systemes-dinformation\/","title":{"rendered":"Les alliances asym\u00e9triques et les syst\u00e8mes d\u2019information"},"content":{"rendered":"<p>La s\u00e9rie\u00a0<em>Syst\u00e8mes d\u2019information avanc\u00e9s<\/em>\u00a0approfondit les nouvelles formes du SI qui est devenu, avec le num\u00e9rique, le v\u00e9ritable syst\u00e8me nerveux de toute organisation.<\/p>\n<p>Cet ouvrage analyse l\u2019impact des syst\u00e8mes d\u2019information (SI) sur le management des alliances strat\u00e9giques asym\u00e9triques Nord-Sud et \u00e9tudie les diff\u00e9rentes formes de partenariats \u00e0 travers une s\u00e9rie d&rsquo;\u00e9tudes de cas approfondies.<\/p>\n<p>Il expose les diff\u00e9rentes modalit\u00e9s d\u2019int\u00e9gration des SI, lesquelles sont intimement li\u00e9es aux choix organisationnels et structurels de l\u2019alliance.<\/p>\n<p>La nature et l\u2019intensit\u00e9 de l\u2019interd\u00e9pendance des partenaires strat\u00e9giques d\u00e9terminent non seulement la configuration de leur int\u00e9gration informationnelle mais \u00e9galement les modalit\u00e9s de diffusion de l\u2019information, de coordination et de contr\u00f4le des activit\u00e9s d\u00e9velopp\u00e9es en commun. Plac\u00e9 au coeur du processus de cr\u00e9ation de valeur, le choix du type de SI appara\u00eet d\u00e8s lors comme un enjeu strat\u00e9gique qui doit s\u2019articuler tant avec les choix organisationnels li\u00e9s \u00e0 la forme de l\u2019alliance retenue qu\u2019avec les syst\u00e8mes de gestion et pratiques manag\u00e9riales propres \u00e0 chacun des partenaires.<\/p>\n","protected":false},"excerpt":{"rendered":"<p>La s\u00e9rie\u00a0Syst\u00e8mes d\u2019information avanc\u00e9s\u00a0approfondit les nouvelles formes du SI qui est devenu, avec le num\u00e9rique, le v\u00e9ritable syst\u00e8me nerveux de toute organisation. Cet ouvrage analyse l\u2019impact des syst\u00e8mes d\u2019information (SI) sur le management des alliances strat\u00e9giques asym\u00e9triques Nord-Sud et \u00e9tudie les diff\u00e9rentes formes de partenariats \u00e0 travers une s\u00e9rie d&rsquo;\u00e9tudes de cas approfondies. Il expose [&hellip;]<\/p>\n","protected":false},"featured_media":394,"template":"","meta":{"_acf_changed":false,"_links_to":"","_links_to_target":""},"product_brand":[],"product_cat":[675,722,707],"product_tag":[587,588,589,590,591,592,31,196,495,593,197,198,199,21,200,22,594,201,595,203,204,63,25,205,172,209,212,38,192,145,28,597,598,599,600,601],"class_list":{"0":"post-393","1":"product","2":"type-product","3":"status-publish","4":"has-post-thumbnail","6":"product_cat-nouveauts-12519446","7":"product_cat-srie-systmes-dinformation-avancs-36251780","8":"product_cat-systmes-dinformation-web-et-socit-12506570","9":"product_tag-alliances-asymetriques","10":"product_tag-alliances-strategiques-versus-les-alliances-asymetriques","11":"product_tag-cas-alpha","12":"product_tag-cas-delta","13":"product_tag-cas-iota","14":"product_tag-cas-kappa","15":"product_tag-ebook","16":"product_tag-ebooks","17":"product_tag-edition-francais","18":"product_tag-fadia-bahri-korbi","19":"product_tag-iste","20":"product_tag-iste-edition","21":"product_tag-iste-editions","22":"product_tag-iste-group","23":"product_tag-isteedition","24":"product_tag-istegroup","25":"product_tag-karim-said","26":"product_tag-kindle","27":"product_tag-les-alliances-asymetriques-et-les-systemes-dinformation","28":"product_tag-liseuse","29":"product_tag-livre","30":"product_tag-livre-electronique","31":"product_tag-livre-numerique","32":"product_tag-livre-science","33":"product_tag-livre-scientifique","34":"product_tag-livres-scientifiques","35":"product_tag-ouvrage","36":"product_tag-ouvrage-numerique","37":"product_tag-ouvrage-science","38":"product_tag-ouvrage-scientifique","39":"product_tag-ouvrage-scientifique-francais","40":"product_tag-paris-saclay","41":"product_tag-systemes-dinformation","42":"product_tag-systemes-dinformation-interorganisationnels","43":"product_tag-universite-paris","44":"product_tag-versailles-st-quentin-en-yvelines","46":"first","47":"instock","48":"shipping-taxable","49":"purchasable","50":"product-type-variable"},"acf":[],"yoast_head":"<!-- This site is optimized with the Yoast SEO plugin v27.2 - https:\/\/yoast.com\/product\/yoast-seo-wordpress\/ -->\n<title>Les alliances asym\u00e9triques et les syst\u00e8mes d\u2019information - ISTE Group<\/title>\n<meta name=\"description\" content=\"Cet ouvrage analyse l\u2019impact des syst\u00e8mes d\u2019information (SI) sur le management des alliances asym\u00e9triques Nord-Sud.\" \/>\n<meta name=\"robots\" content=\"index, follow, max-snippet:-1, max-image-preview:large, max-video-preview:-1\" \/>\n<link rel=\"canonical\" href=\"https:\/\/www.istegroup.com\/fr\/produit\/les-alliances-asymetriques-et-les-systemes-dinformation\/\" \/>\n<meta property=\"og:locale\" content=\"fr_FR\" \/>\n<meta property=\"og:type\" content=\"article\" \/>\n<meta property=\"og:title\" content=\"Les alliances asym\u00e9triques et les syst\u00e8mes d\u2019information - ISTE Group\" \/>\n<meta property=\"og:description\" content=\"Cet ouvrage analyse l\u2019impact des syst\u00e8mes d\u2019information (SI) sur le management des alliances asym\u00e9triques Nord-Sud.\" \/>\n<meta property=\"og:url\" content=\"https:\/\/www.istegroup.com\/fr\/produit\/les-alliances-asymetriques-et-les-systemes-dinformation\/\" \/>\n<meta property=\"og:site_name\" content=\"ISTE Group\" \/>\n<meta property=\"article:modified_time\" content=\"2024-01-03T13:39:52+00:00\" \/>\n<meta property=\"og:image\" content=\"https:\/\/www.istegroup.com\/wp-content\/uploads\/2017\/07\/18082008273_8452436241-1.jpg\" \/>\n\t<meta property=\"og:image:width\" content=\"1369\" \/>\n\t<meta property=\"og:image:height\" content=\"2048\" \/>\n\t<meta property=\"og:image:type\" content=\"image\/jpeg\" \/>\n<meta name=\"twitter:card\" content=\"summary_large_image\" \/>\n<meta name=\"twitter:label1\" content=\"Est. reading time\" \/>\n\t<meta name=\"twitter:data1\" content=\"1 minute\" \/>\n<script type=\"application\/ld+json\" class=\"yoast-schema-graph\">{\"@context\":\"https:\/\/schema.org\",\"@graph\":[{\"@type\":\"WebPage\",\"@id\":\"https:\/\/www.istegroup.com\/fr\/produit\/les-alliances-asymetriques-et-les-systemes-dinformation\/\",\"url\":\"https:\/\/www.istegroup.com\/fr\/produit\/les-alliances-asymetriques-et-les-systemes-dinformation\/\",\"name\":\"Les alliances asym\u00e9triques et les syst\u00e8mes d\u2019information - ISTE Group\",\"isPartOf\":{\"@id\":\"https:\/\/www.istegroup.com\/#website\"},\"primaryImageOfPage\":{\"@id\":\"https:\/\/www.istegroup.com\/fr\/produit\/les-alliances-asymetriques-et-les-systemes-dinformation\/#primaryimage\"},\"image\":{\"@id\":\"https:\/\/www.istegroup.com\/fr\/produit\/les-alliances-asymetriques-et-les-systemes-dinformation\/#primaryimage\"},\"thumbnailUrl\":\"https:\/\/www.istegroup.com\/wp-content\/uploads\/2017\/07\/18082008273_8452436241-1.jpg\",\"datePublished\":\"2017-01-01T11:36:48+00:00\",\"dateModified\":\"2024-01-03T13:39:52+00:00\",\"description\":\"Cet ouvrage analyse l\u2019impact des syst\u00e8mes d\u2019information (SI) sur le management des alliances asym\u00e9triques Nord-Sud.\",\"breadcrumb\":{\"@id\":\"https:\/\/www.istegroup.com\/fr\/produit\/les-alliances-asymetriques-et-les-systemes-dinformation\/#breadcrumb\"},\"inLanguage\":\"fr-FR\",\"potentialAction\":[{\"@type\":\"ReadAction\",\"target\":[\"https:\/\/www.istegroup.com\/fr\/produit\/les-alliances-asymetriques-et-les-systemes-dinformation\/\"]}]},{\"@type\":\"ImageObject\",\"inLanguage\":\"fr-FR\",\"@id\":\"https:\/\/www.istegroup.com\/fr\/produit\/les-alliances-asymetriques-et-les-systemes-dinformation\/#primaryimage\",\"url\":\"https:\/\/www.istegroup.com\/wp-content\/uploads\/2017\/07\/18082008273_8452436241-1.jpg\",\"contentUrl\":\"https:\/\/www.istegroup.com\/wp-content\/uploads\/2017\/07\/18082008273_8452436241-1.jpg\",\"width\":1369,\"height\":2048,\"caption\":\"Management, enjeux et perspectives\"},{\"@type\":\"BreadcrumbList\",\"@id\":\"https:\/\/www.istegroup.com\/fr\/produit\/les-alliances-asymetriques-et-les-systemes-dinformation\/#breadcrumb\",\"itemListElement\":[{\"@type\":\"ListItem\",\"position\":1,\"name\":\"Home\",\"item\":\"https:\/\/www.istegroup.com\/\"},{\"@type\":\"ListItem\",\"position\":2,\"name\":\"Shop\",\"item\":\"https:\/\/www.istegroup.com\/fr\/nouveautes\/\"},{\"@type\":\"ListItem\",\"position\":3,\"name\":\"Les alliances asym\u00e9triques et les syst\u00e8mes d\u2019information\"}]},{\"@type\":\"WebSite\",\"@id\":\"https:\/\/www.istegroup.com\/#website\",\"url\":\"https:\/\/www.istegroup.com\/\",\"name\":\"ISTE Group\",\"description\":\"\u00c9diteur des Sciences\",\"potentialAction\":[{\"@type\":\"SearchAction\",\"target\":{\"@type\":\"EntryPoint\",\"urlTemplate\":\"https:\/\/www.istegroup.com\/?s={search_term_string}\"},\"query-input\":{\"@type\":\"PropertyValueSpecification\",\"valueRequired\":true,\"valueName\":\"search_term_string\"}}],\"inLanguage\":\"fr-FR\"}]}<\/script>\n<!-- \/ Yoast SEO plugin. -->","yoast_head_json":{"title":"Les alliances asym\u00e9triques et les syst\u00e8mes d\u2019information - ISTE Group","description":"Cet ouvrage analyse l\u2019impact des syst\u00e8mes d\u2019information (SI) sur le management des alliances asym\u00e9triques Nord-Sud.","robots":{"index":"index","follow":"follow","max-snippet":"max-snippet:-1","max-image-preview":"max-image-preview:large","max-video-preview":"max-video-preview:-1"},"canonical":"https:\/\/www.istegroup.com\/fr\/produit\/les-alliances-asymetriques-et-les-systemes-dinformation\/","og_locale":"fr_FR","og_type":"article","og_title":"Les alliances asym\u00e9triques et les syst\u00e8mes d\u2019information - ISTE Group","og_description":"Cet ouvrage analyse l\u2019impact des syst\u00e8mes d\u2019information (SI) sur le management des alliances asym\u00e9triques Nord-Sud.","og_url":"https:\/\/www.istegroup.com\/fr\/produit\/les-alliances-asymetriques-et-les-systemes-dinformation\/","og_site_name":"ISTE Group","article_modified_time":"2024-01-03T13:39:52+00:00","og_image":[{"width":1369,"height":2048,"url":"https:\/\/www.istegroup.com\/wp-content\/uploads\/2017\/07\/18082008273_8452436241-1.jpg","type":"image\/jpeg"}],"twitter_card":"summary_large_image","twitter_misc":{"Est. reading time":"1 minute"},"schema":{"@context":"https:\/\/schema.org","@graph":[{"@type":"WebPage","@id":"https:\/\/www.istegroup.com\/fr\/produit\/les-alliances-asymetriques-et-les-systemes-dinformation\/","url":"https:\/\/www.istegroup.com\/fr\/produit\/les-alliances-asymetriques-et-les-systemes-dinformation\/","name":"Les alliances asym\u00e9triques et les syst\u00e8mes d\u2019information - ISTE Group","isPartOf":{"@id":"https:\/\/www.istegroup.com\/#website"},"primaryImageOfPage":{"@id":"https:\/\/www.istegroup.com\/fr\/produit\/les-alliances-asymetriques-et-les-systemes-dinformation\/#primaryimage"},"image":{"@id":"https:\/\/www.istegroup.com\/fr\/produit\/les-alliances-asymetriques-et-les-systemes-dinformation\/#primaryimage"},"thumbnailUrl":"https:\/\/www.istegroup.com\/wp-content\/uploads\/2017\/07\/18082008273_8452436241-1.jpg","datePublished":"2017-01-01T11:36:48+00:00","dateModified":"2024-01-03T13:39:52+00:00","description":"Cet ouvrage analyse l\u2019impact des syst\u00e8mes d\u2019information (SI) sur le management des alliances asym\u00e9triques Nord-Sud.","breadcrumb":{"@id":"https:\/\/www.istegroup.com\/fr\/produit\/les-alliances-asymetriques-et-les-systemes-dinformation\/#breadcrumb"},"inLanguage":"fr-FR","potentialAction":[{"@type":"ReadAction","target":["https:\/\/www.istegroup.com\/fr\/produit\/les-alliances-asymetriques-et-les-systemes-dinformation\/"]}]},{"@type":"ImageObject","inLanguage":"fr-FR","@id":"https:\/\/www.istegroup.com\/fr\/produit\/les-alliances-asymetriques-et-les-systemes-dinformation\/#primaryimage","url":"https:\/\/www.istegroup.com\/wp-content\/uploads\/2017\/07\/18082008273_8452436241-1.jpg","contentUrl":"https:\/\/www.istegroup.com\/wp-content\/uploads\/2017\/07\/18082008273_8452436241-1.jpg","width":1369,"height":2048,"caption":"Management, enjeux et perspectives"},{"@type":"BreadcrumbList","@id":"https:\/\/www.istegroup.com\/fr\/produit\/les-alliances-asymetriques-et-les-systemes-dinformation\/#breadcrumb","itemListElement":[{"@type":"ListItem","position":1,"name":"Home","item":"https:\/\/www.istegroup.com\/"},{"@type":"ListItem","position":2,"name":"Shop","item":"https:\/\/www.istegroup.com\/fr\/nouveautes\/"},{"@type":"ListItem","position":3,"name":"Les alliances asym\u00e9triques et les syst\u00e8mes d\u2019information"}]},{"@type":"WebSite","@id":"https:\/\/www.istegroup.com\/#website","url":"https:\/\/www.istegroup.com\/","name":"ISTE Group","description":"\u00c9diteur des Sciences","potentialAction":[{"@type":"SearchAction","target":{"@type":"EntryPoint","urlTemplate":"https:\/\/www.istegroup.com\/?s={search_term_string}"},"query-input":{"@type":"PropertyValueSpecification","valueRequired":true,"valueName":"search_term_string"}}],"inLanguage":"fr-FR"}]}},"_links":{"self":[{"href":"https:\/\/www.istegroup.com\/fr\/wp-json\/wp\/v2\/product\/393","targetHints":{"allow":["GET"]}}],"collection":[{"href":"https:\/\/www.istegroup.com\/fr\/wp-json\/wp\/v2\/product"}],"about":[{"href":"https:\/\/www.istegroup.com\/fr\/wp-json\/wp\/v2\/types\/product"}],"wp:featuredmedia":[{"embeddable":true,"href":"https:\/\/www.istegroup.com\/fr\/wp-json\/wp\/v2\/media\/394"}],"wp:attachment":[{"href":"https:\/\/www.istegroup.com\/fr\/wp-json\/wp\/v2\/media?parent=393"}],"wp:term":[{"taxonomy":"product_brand","embeddable":true,"href":"https:\/\/www.istegroup.com\/fr\/wp-json\/wp\/v2\/product_brand?post=393"},{"taxonomy":"product_cat","embeddable":true,"href":"https:\/\/www.istegroup.com\/fr\/wp-json\/wp\/v2\/product_cat?post=393"},{"taxonomy":"product_tag","embeddable":true,"href":"https:\/\/www.istegroup.com\/fr\/wp-json\/wp\/v2\/product_tag?post=393"}],"curies":[{"name":"wp","href":"https:\/\/api.w.org\/{rel}","templated":true}]}}