{"id":39279,"date":"2021-05-20T11:53:31","date_gmt":"2021-05-20T10:53:31","guid":{"rendered":"https:\/\/www.istegroup.com\/?post_type=product&#038;p=39279"},"modified":"2024-01-03T13:44:35","modified_gmt":"2024-01-03T13:44:35","slug":"mutations-technologiques-et-dynamiques-societales","status":"publish","type":"product","link":"https:\/\/www.istegroup.com\/fr\/produit\/mutations-technologiques-et-dynamiques-societales\/","title":{"rendered":"Mutations technologiques et dynamiques soci\u00e9tales"},"content":{"rendered":"<p>L\u2019analyse traditionnelle des changements techniques et de leurs effets sur le fonctionnement des soci\u00e9t\u00e9s repose g\u00e9n\u00e9ralement sur deux facteurs : les inventions et les innovations.<\/p>\n<p>De nouvelles analyses ont propos\u00e9 deux concepts distincts : les inventions partag\u00e9es, qui sont des ensembles d\u2019intelligences r\u00e9unies par des acteurs diff\u00e9rents, et les innovations concurrentielles, pr\u00e9sent\u00e9es sur les march\u00e9s en tant qu\u2019associations d\u2019exp\u00e9riences d\u2019acteurs.<br \/>\nCes deux concepts reposent sur celui de \u00ab dynamiques sociales \u00bb, des ensembles de strat\u00e9gies et de nouvelles techniques assurant la coh\u00e9rence des relations indispensables \u00e0 la p\u00e9rennit\u00e9 et \u00e0 la vitalit\u00e9 des acteurs sociaux, des institutions et des fondements socio-\u00e9conomiques des \u00e9conomies.<\/p>\n<p>Cet ouvrage pr\u00e9sente ces nouvelles approches et, par l\u2019\u00e9tude de cas concrets, produit une analyse des liens existants entre les inventions partag\u00e9es, les innovations concurrentielles et les dynamiques sociales.<\/p>\n<p><a class=\"button\" style=\"margin-right: 10%\" href=\"https:\/\/www.istegroup.com\/wp-content\/uploads\/2021\/04\/720_Mutations-technologiques-et-dynamiques-soci\u00e9tales_Vigezzi_TDM.pdf\" target=\"_blank\" rel=\"noopener noreferrer\">Table des mati\u00e8res<\/a><a class=\"button\" style=\"margin-left: 10%\" href=\"https:\/\/www.istegroup.com\/wp-content\/uploads\/2021\/04\/720_Mutations-technologiques-et-dynamiques-soci\u00e9tales_Vigezzi_Premi\u00e8re-partie.pdf\" target=\"_blank\" rel=\"noopener noreferrer\">Introduction<\/a><\/p>","protected":false},"excerpt":{"rendered":"<p>L\u2019analyse traditionnelle des changements techniques et de leurs effets sur le fonctionnement des soci\u00e9t\u00e9s repose g\u00e9n\u00e9ralement sur deux facteurs : les inventions et les innovations. De nouvelles analyses ont propos\u00e9 deux concepts distincts : les inventions partag\u00e9es, qui sont des ensembles d\u2019intelligences r\u00e9unies par des acteurs diff\u00e9rents, et les innovations concurrentielles, pr\u00e9sent\u00e9es sur les march\u00e9s [&hellip;]<\/p>\n","protected":false},"featured_media":39293,"template":"","meta":{"_acf_changed":false,"_links_to":"","_links_to_target":""},"product_brand":[],"product_cat":[3262],"product_tag":[],"class_list":{"0":"post-39279","1":"product","2":"type-product","3":"status-publish","4":"has-post-thumbnail","6":"product_cat-non-classe","8":"first","9":"instock","10":"shipping-taxable","11":"purchasable","12":"product-type-variable"},"acf":[],"yoast_head":"<!-- This site is optimized with the Yoast SEO plugin v27.2 - https:\/\/yoast.com\/product\/yoast-seo-wordpress\/ -->\n<title>Mutations technologiques et dynamiques soci\u00e9tales - ISTE Group<\/title>\n<meta name=\"description\" content=\"L\u2019analyse traditionnelle des changements techniques et de leurs effets sur le fonctionnement des soci\u00e9t\u00e9s repose g\u00e9n\u00e9ralement sur deux facteurs : les inventions et les innovations.\" \/>\n<meta name=\"robots\" content=\"index, follow, max-snippet:-1, max-image-preview:large, max-video-preview:-1\" \/>\n<link rel=\"canonical\" href=\"https:\/\/www.istegroup.com\/produit\/mutations-technologiques-et-dynamiques-societales\/\" \/>\n<meta property=\"og:locale\" content=\"fr_FR\" \/>\n<meta property=\"og:type\" content=\"article\" \/>\n<meta property=\"og:title\" content=\"Mutations technologiques et dynamiques soci\u00e9tales - ISTE Group\" \/>\n<meta property=\"og:description\" content=\"L\u2019analyse traditionnelle des changements techniques et de leurs effets sur le fonctionnement des soci\u00e9t\u00e9s repose g\u00e9n\u00e9ralement sur deux facteurs : les inventions et les innovations.\" \/>\n<meta property=\"og:url\" content=\"https:\/\/www.istegroup.com\/produit\/mutations-technologiques-et-dynamiques-societales\/\" \/>\n<meta property=\"og:site_name\" content=\"ISTE Group\" \/>\n<meta property=\"article:modified_time\" content=\"2024-01-03T13:44:35+00:00\" \/>\n<meta property=\"og:image\" content=\"https:\/\/www.istegroup.com\/wp-content\/uploads\/2021\/03\/Mutations-technologiques-et-dynamiques-soci\u00e9tales.jpg\" \/>\n\t<meta property=\"og:image:width\" content=\"300\" \/>\n\t<meta property=\"og:image:height\" content=\"451\" \/>\n\t<meta property=\"og:image:type\" content=\"image\/jpeg\" \/>\n<meta name=\"twitter:card\" content=\"summary_large_image\" \/>\n<meta name=\"twitter:label1\" content=\"Est. reading time\" \/>\n\t<meta name=\"twitter:data1\" content=\"1 minute\" \/>\n<script type=\"application\/ld+json\" class=\"yoast-schema-graph\">{\"@context\":\"https:\/\/schema.org\",\"@graph\":[{\"@type\":\"WebPage\",\"@id\":\"https:\/\/www.istegroup.com\/produit\/mutations-technologiques-et-dynamiques-societales\/\",\"url\":\"https:\/\/www.istegroup.com\/produit\/mutations-technologiques-et-dynamiques-societales\/\",\"name\":\"Mutations technologiques et dynamiques soci\u00e9tales - ISTE Group\",\"isPartOf\":{\"@id\":\"https:\/\/www.istegroup.com\/#website\"},\"primaryImageOfPage\":{\"@id\":\"https:\/\/www.istegroup.com\/produit\/mutations-technologiques-et-dynamiques-societales\/#primaryimage\"},\"image\":{\"@id\":\"https:\/\/www.istegroup.com\/produit\/mutations-technologiques-et-dynamiques-societales\/#primaryimage\"},\"thumbnailUrl\":\"https:\/\/www.istegroup.com\/wp-content\/uploads\/2021\/03\/Mutations-technologiques-et-dynamiques-soci\u00e9tales.jpg\",\"datePublished\":\"2021-05-20T10:53:31+00:00\",\"dateModified\":\"2024-01-03T13:44:35+00:00\",\"description\":\"L\u2019analyse traditionnelle des changements techniques et de leurs effets sur le fonctionnement des soci\u00e9t\u00e9s repose g\u00e9n\u00e9ralement sur deux facteurs : les inventions et les innovations.\",\"breadcrumb\":{\"@id\":\"https:\/\/www.istegroup.com\/produit\/mutations-technologiques-et-dynamiques-societales\/#breadcrumb\"},\"inLanguage\":\"fr-FR\",\"potentialAction\":[{\"@type\":\"ReadAction\",\"target\":[\"https:\/\/www.istegroup.com\/produit\/mutations-technologiques-et-dynamiques-societales\/\"]}]},{\"@type\":\"ImageObject\",\"inLanguage\":\"fr-FR\",\"@id\":\"https:\/\/www.istegroup.com\/produit\/mutations-technologiques-et-dynamiques-societales\/#primaryimage\",\"url\":\"https:\/\/www.istegroup.com\/wp-content\/uploads\/2021\/03\/Mutations-technologiques-et-dynamiques-soci\u00e9tales.jpg\",\"contentUrl\":\"https:\/\/www.istegroup.com\/wp-content\/uploads\/2021\/03\/Mutations-technologiques-et-dynamiques-soci\u00e9tales.jpg\",\"width\":300,\"height\":451,\"caption\":\"Livre scientifique - Mutations technologiques et dynamiques soci\u00e9tales - Michel Vigezzi\"},{\"@type\":\"BreadcrumbList\",\"@id\":\"https:\/\/www.istegroup.com\/produit\/mutations-technologiques-et-dynamiques-societales\/#breadcrumb\",\"itemListElement\":[{\"@type\":\"ListItem\",\"position\":1,\"name\":\"Home\",\"item\":\"https:\/\/www.istegroup.com\/\"},{\"@type\":\"ListItem\",\"position\":2,\"name\":\"Shop\",\"item\":\"https:\/\/www.istegroup.com\/fr\/nouveautes\/\"},{\"@type\":\"ListItem\",\"position\":3,\"name\":\"Mutations technologiques et dynamiques soci\u00e9tales\"}]},{\"@type\":\"WebSite\",\"@id\":\"https:\/\/www.istegroup.com\/#website\",\"url\":\"https:\/\/www.istegroup.com\/\",\"name\":\"ISTE Group\",\"description\":\"\u00c9diteur des Sciences\",\"potentialAction\":[{\"@type\":\"SearchAction\",\"target\":{\"@type\":\"EntryPoint\",\"urlTemplate\":\"https:\/\/www.istegroup.com\/?s={search_term_string}\"},\"query-input\":{\"@type\":\"PropertyValueSpecification\",\"valueRequired\":true,\"valueName\":\"search_term_string\"}}],\"inLanguage\":\"fr-FR\"}]}<\/script>\n<!-- \/ Yoast SEO plugin. -->","yoast_head_json":{"title":"Mutations technologiques et dynamiques soci\u00e9tales - ISTE Group","description":"L\u2019analyse traditionnelle des changements techniques et de leurs effets sur le fonctionnement des soci\u00e9t\u00e9s repose g\u00e9n\u00e9ralement sur deux facteurs : les inventions et les innovations.","robots":{"index":"index","follow":"follow","max-snippet":"max-snippet:-1","max-image-preview":"max-image-preview:large","max-video-preview":"max-video-preview:-1"},"canonical":"https:\/\/www.istegroup.com\/produit\/mutations-technologiques-et-dynamiques-societales\/","og_locale":"fr_FR","og_type":"article","og_title":"Mutations technologiques et dynamiques soci\u00e9tales - ISTE Group","og_description":"L\u2019analyse traditionnelle des changements techniques et de leurs effets sur le fonctionnement des soci\u00e9t\u00e9s repose g\u00e9n\u00e9ralement sur deux facteurs : les inventions et les innovations.","og_url":"https:\/\/www.istegroup.com\/produit\/mutations-technologiques-et-dynamiques-societales\/","og_site_name":"ISTE Group","article_modified_time":"2024-01-03T13:44:35+00:00","og_image":[{"width":300,"height":451,"url":"https:\/\/www.istegroup.com\/wp-content\/uploads\/2021\/03\/Mutations-technologiques-et-dynamiques-soci\u00e9tales.jpg","type":"image\/jpeg"}],"twitter_card":"summary_large_image","twitter_misc":{"Est. reading time":"1 minute"},"schema":{"@context":"https:\/\/schema.org","@graph":[{"@type":"WebPage","@id":"https:\/\/www.istegroup.com\/produit\/mutations-technologiques-et-dynamiques-societales\/","url":"https:\/\/www.istegroup.com\/produit\/mutations-technologiques-et-dynamiques-societales\/","name":"Mutations technologiques et dynamiques soci\u00e9tales - ISTE Group","isPartOf":{"@id":"https:\/\/www.istegroup.com\/#website"},"primaryImageOfPage":{"@id":"https:\/\/www.istegroup.com\/produit\/mutations-technologiques-et-dynamiques-societales\/#primaryimage"},"image":{"@id":"https:\/\/www.istegroup.com\/produit\/mutations-technologiques-et-dynamiques-societales\/#primaryimage"},"thumbnailUrl":"https:\/\/www.istegroup.com\/wp-content\/uploads\/2021\/03\/Mutations-technologiques-et-dynamiques-soci\u00e9tales.jpg","datePublished":"2021-05-20T10:53:31+00:00","dateModified":"2024-01-03T13:44:35+00:00","description":"L\u2019analyse traditionnelle des changements techniques et de leurs effets sur le fonctionnement des soci\u00e9t\u00e9s repose g\u00e9n\u00e9ralement sur deux facteurs : les inventions et les innovations.","breadcrumb":{"@id":"https:\/\/www.istegroup.com\/produit\/mutations-technologiques-et-dynamiques-societales\/#breadcrumb"},"inLanguage":"fr-FR","potentialAction":[{"@type":"ReadAction","target":["https:\/\/www.istegroup.com\/produit\/mutations-technologiques-et-dynamiques-societales\/"]}]},{"@type":"ImageObject","inLanguage":"fr-FR","@id":"https:\/\/www.istegroup.com\/produit\/mutations-technologiques-et-dynamiques-societales\/#primaryimage","url":"https:\/\/www.istegroup.com\/wp-content\/uploads\/2021\/03\/Mutations-technologiques-et-dynamiques-soci\u00e9tales.jpg","contentUrl":"https:\/\/www.istegroup.com\/wp-content\/uploads\/2021\/03\/Mutations-technologiques-et-dynamiques-soci\u00e9tales.jpg","width":300,"height":451,"caption":"Livre scientifique - Mutations technologiques et dynamiques soci\u00e9tales - Michel Vigezzi"},{"@type":"BreadcrumbList","@id":"https:\/\/www.istegroup.com\/produit\/mutations-technologiques-et-dynamiques-societales\/#breadcrumb","itemListElement":[{"@type":"ListItem","position":1,"name":"Home","item":"https:\/\/www.istegroup.com\/"},{"@type":"ListItem","position":2,"name":"Shop","item":"https:\/\/www.istegroup.com\/fr\/nouveautes\/"},{"@type":"ListItem","position":3,"name":"Mutations technologiques et dynamiques soci\u00e9tales"}]},{"@type":"WebSite","@id":"https:\/\/www.istegroup.com\/#website","url":"https:\/\/www.istegroup.com\/","name":"ISTE Group","description":"\u00c9diteur des Sciences","potentialAction":[{"@type":"SearchAction","target":{"@type":"EntryPoint","urlTemplate":"https:\/\/www.istegroup.com\/?s={search_term_string}"},"query-input":{"@type":"PropertyValueSpecification","valueRequired":true,"valueName":"search_term_string"}}],"inLanguage":"fr-FR"}]}},"_links":{"self":[{"href":"https:\/\/www.istegroup.com\/fr\/wp-json\/wp\/v2\/product\/39279","targetHints":{"allow":["GET"]}}],"collection":[{"href":"https:\/\/www.istegroup.com\/fr\/wp-json\/wp\/v2\/product"}],"about":[{"href":"https:\/\/www.istegroup.com\/fr\/wp-json\/wp\/v2\/types\/product"}],"wp:featuredmedia":[{"embeddable":true,"href":"https:\/\/www.istegroup.com\/fr\/wp-json\/wp\/v2\/media\/39293"}],"wp:attachment":[{"href":"https:\/\/www.istegroup.com\/fr\/wp-json\/wp\/v2\/media?parent=39279"}],"wp:term":[{"taxonomy":"product_brand","embeddable":true,"href":"https:\/\/www.istegroup.com\/fr\/wp-json\/wp\/v2\/product_brand?post=39279"},{"taxonomy":"product_cat","embeddable":true,"href":"https:\/\/www.istegroup.com\/fr\/wp-json\/wp\/v2\/product_cat?post=39279"},{"taxonomy":"product_tag","embeddable":true,"href":"https:\/\/www.istegroup.com\/fr\/wp-json\/wp\/v2\/product_tag?post=39279"}],"curies":[{"name":"wp","href":"https:\/\/api.w.org\/{rel}","templated":true}]}}