{"id":391,"date":"2017-07-28T12:36:45","date_gmt":"2017-07-28T10:36:45","guid":{"rendered":"https:\/\/iste.yhello.co\/product\/les-actionneurs-aeronautiques-2\/"},"modified":"2024-01-03T13:39:51","modified_gmt":"2024-01-03T13:39:51","slug":"les-actionneurs-aeronautiques-2","status":"publish","type":"product","link":"https:\/\/www.istegroup.com\/fr\/produit\/les-actionneurs-aeronautiques-2\/","title":{"rendered":"Les actionneurs a\u00e9ronautiques 2"},"content":{"rendered":"<p>Cette s\u00e9rie de trois ouvrages traite des actionneurs a\u00e9ronautiques selon une vision syst\u00e8me centr\u00e9e sur les besoins et les architectures (fonctionnelles, conceptuelles et technologiques). Au-del\u00e0 des concepts et de leur mise en oeuvre, l\u2019accent est mis sur les imperfections technologiques, la fiabilit\u00e9 et les ordres de grandeur num\u00e9riques.<\/p>\n<p>Ce deuxi\u00e8me volume porte une vision originale, fonctionnelle et architecturale, sur les actionneurs a\u00e9ronautiques plus (ou tout) \u00e9lectriques. Il traite des aspects signal (Signal-by-Wire) et puissance (Power-by-Wire) du point de vue des besoins, de l\u2019\u00e9volution historique, des solutions op\u00e9rationnelles (ou en cours de d\u00e9veloppement) et des d\u00e9fis \u00e0 relever.<\/p>\n<p><em>Les actionneurs a\u00e9ronautiques 2<\/em>\u00a0s\u2019appuie sur de nombreux exemples et ordres de grandeur, concernant les commandes de vol, les atterrisseurs et les moteurs, pour des types vari\u00e9s d\u2019a\u00e9ronefs (avions, h\u00e9licopt\u00e8res, lanceurs) et d\u2019applications (commerciales, priv\u00e9es, militaires).<\/p>\n<p>Quelle que soit leur sp\u00e9cialit\u00e9, les techniciens, les ing\u00e9nieurs et les chercheurs trouveront dans cet ouvrage une information accessible, orient\u00e9e syst\u00e8me et abordant de fa\u00e7on transversale les domaines de la m\u00e9canique, de l\u2019hydraulique, de l\u2019\u00e9lectrique, de l\u2019\u00e9lectronique et de l\u2019\u00e9lectromagn\u00e9tique.<\/p>\n","protected":false},"excerpt":{"rendered":"<p>Cette s\u00e9rie de trois ouvrages traite des actionneurs a\u00e9ronautiques selon une vision syst\u00e8me centr\u00e9e sur les besoins et les architectures (fonctionnelles, conceptuelles et technologiques). Au-del\u00e0 des concepts et de leur mise en oeuvre, l\u2019accent est mis sur les imperfections technologiques, la fiabilit\u00e9 et les ordres de grandeur num\u00e9riques. Ce deuxi\u00e8me volume porte une vision originale, [&hellip;]<\/p>\n","protected":false},"featured_media":392,"template":"","meta":{"_acf_changed":false,"_links_to":"","_links_to_target":""},"product_brand":[],"product_cat":[675,708],"product_tag":[18,19,20,21,22,46,47,25,26,27,48,49,28,50],"class_list":{"0":"post-391","1":"product","2":"type-product","3":"status-publish","4":"has-post-thumbnail","6":"product_cat-nouveauts-12519446","7":"product_cat-systmes-et-gnie-industriel-11476925","8":"product_tag-edition-scientifique","9":"product_tag-editions-francaise","10":"product_tag-editions-technique","11":"product_tag-iste-group","12":"product_tag-istegroup","13":"product_tag-jean-charles-mare","14":"product_tag-les-actionneurs-aeronautiques-2","15":"product_tag-livre-numerique","16":"product_tag-livre-scientifique-francais","17":"product_tag-livre-technique-francais","18":"product_tag-livres-sciences","19":"product_tag-livres-sciences-francais","20":"product_tag-ouvrage-scientifique-francais","21":"product_tag-solutions-a-puissance-et-signaux-electriques","23":"first","24":"instock","25":"shipping-taxable","26":"purchasable","27":"product-type-variable"},"acf":[],"yoast_head":"<!-- This site is optimized with the Yoast SEO plugin v27.2 - https:\/\/yoast.com\/product\/yoast-seo-wordpress\/ -->\n<title>Les actionneurs a\u00e9ronautiques 2 - ISTE Group<\/title>\n<meta name=\"description\" content=\"Ce deuxi\u00e8me volume porte une vision originale, fonctionnelle et architecturale, sur les actionneurs a\u00e9ronautiques plus (ou tout) \u00e9lectriques.\" \/>\n<meta name=\"robots\" content=\"index, follow, max-snippet:-1, max-image-preview:large, max-video-preview:-1\" \/>\n<link rel=\"canonical\" href=\"https:\/\/www.istegroup.com\/fr\/produit\/les-actionneurs-aeronautiques-2\/\" \/>\n<meta property=\"og:locale\" content=\"fr_FR\" \/>\n<meta property=\"og:type\" content=\"article\" \/>\n<meta property=\"og:title\" content=\"Les actionneurs a\u00e9ronautiques 2 - ISTE Group\" \/>\n<meta property=\"og:description\" content=\"Ce deuxi\u00e8me volume porte une vision originale, fonctionnelle et architecturale, sur les actionneurs a\u00e9ronautiques plus (ou tout) \u00e9lectriques.\" \/>\n<meta property=\"og:url\" content=\"https:\/\/www.istegroup.com\/fr\/produit\/les-actionneurs-aeronautiques-2\/\" \/>\n<meta property=\"og:site_name\" content=\"ISTE Group\" \/>\n<meta property=\"article:modified_time\" content=\"2024-01-03T13:39:51+00:00\" \/>\n<meta property=\"og:image\" content=\"https:\/\/www.istegroup.com\/wp-content\/uploads\/2017\/07\/21936305873_9737890257-1.jpg\" \/>\n\t<meta property=\"og:image:width\" content=\"300\" \/>\n\t<meta property=\"og:image:height\" content=\"450\" \/>\n\t<meta property=\"og:image:type\" content=\"image\/jpeg\" \/>\n<meta name=\"twitter:card\" content=\"summary_large_image\" \/>\n<meta name=\"twitter:label1\" content=\"Est. reading time\" \/>\n\t<meta name=\"twitter:data1\" content=\"1 minute\" \/>\n<script type=\"application\/ld+json\" class=\"yoast-schema-graph\">{\"@context\":\"https:\/\/schema.org\",\"@graph\":[{\"@type\":\"WebPage\",\"@id\":\"https:\/\/www.istegroup.com\/fr\/produit\/les-actionneurs-aeronautiques-2\/\",\"url\":\"https:\/\/www.istegroup.com\/fr\/produit\/les-actionneurs-aeronautiques-2\/\",\"name\":\"Les actionneurs a\u00e9ronautiques 2 - ISTE Group\",\"isPartOf\":{\"@id\":\"https:\/\/www.istegroup.com\/#website\"},\"primaryImageOfPage\":{\"@id\":\"https:\/\/www.istegroup.com\/fr\/produit\/les-actionneurs-aeronautiques-2\/#primaryimage\"},\"image\":{\"@id\":\"https:\/\/www.istegroup.com\/fr\/produit\/les-actionneurs-aeronautiques-2\/#primaryimage\"},\"thumbnailUrl\":\"https:\/\/www.istegroup.com\/wp-content\/uploads\/2017\/07\/21936305873_9737890257-1.jpg\",\"datePublished\":\"2017-07-28T10:36:45+00:00\",\"dateModified\":\"2024-01-03T13:39:51+00:00\",\"description\":\"Ce deuxi\u00e8me volume porte une vision originale, fonctionnelle et architecturale, sur les actionneurs a\u00e9ronautiques plus (ou tout) \u00e9lectriques.\",\"breadcrumb\":{\"@id\":\"https:\/\/www.istegroup.com\/fr\/produit\/les-actionneurs-aeronautiques-2\/#breadcrumb\"},\"inLanguage\":\"fr-FR\",\"potentialAction\":[{\"@type\":\"ReadAction\",\"target\":[\"https:\/\/www.istegroup.com\/fr\/produit\/les-actionneurs-aeronautiques-2\/\"]}]},{\"@type\":\"ImageObject\",\"inLanguage\":\"fr-FR\",\"@id\":\"https:\/\/www.istegroup.com\/fr\/produit\/les-actionneurs-aeronautiques-2\/#primaryimage\",\"url\":\"https:\/\/www.istegroup.com\/wp-content\/uploads\/2017\/07\/21936305873_9737890257-1.jpg\",\"contentUrl\":\"https:\/\/www.istegroup.com\/wp-content\/uploads\/2017\/07\/21936305873_9737890257-1.jpg\",\"width\":300,\"height\":450,\"caption\":\"Solutions \u00e0 puissance et signaux \u00e9lectriques\"},{\"@type\":\"BreadcrumbList\",\"@id\":\"https:\/\/www.istegroup.com\/fr\/produit\/les-actionneurs-aeronautiques-2\/#breadcrumb\",\"itemListElement\":[{\"@type\":\"ListItem\",\"position\":1,\"name\":\"Home\",\"item\":\"https:\/\/www.istegroup.com\/\"},{\"@type\":\"ListItem\",\"position\":2,\"name\":\"Shop\",\"item\":\"https:\/\/www.istegroup.com\/fr\/nouveautes\/\"},{\"@type\":\"ListItem\",\"position\":3,\"name\":\"Les actionneurs a\u00e9ronautiques 2\"}]},{\"@type\":\"WebSite\",\"@id\":\"https:\/\/www.istegroup.com\/#website\",\"url\":\"https:\/\/www.istegroup.com\/\",\"name\":\"ISTE Group\",\"description\":\"\u00c9diteur des Sciences\",\"potentialAction\":[{\"@type\":\"SearchAction\",\"target\":{\"@type\":\"EntryPoint\",\"urlTemplate\":\"https:\/\/www.istegroup.com\/?s={search_term_string}\"},\"query-input\":{\"@type\":\"PropertyValueSpecification\",\"valueRequired\":true,\"valueName\":\"search_term_string\"}}],\"inLanguage\":\"fr-FR\"}]}<\/script>\n<!-- \/ Yoast SEO plugin. -->","yoast_head_json":{"title":"Les actionneurs a\u00e9ronautiques 2 - ISTE Group","description":"Ce deuxi\u00e8me volume porte une vision originale, fonctionnelle et architecturale, sur les actionneurs a\u00e9ronautiques plus (ou tout) \u00e9lectriques.","robots":{"index":"index","follow":"follow","max-snippet":"max-snippet:-1","max-image-preview":"max-image-preview:large","max-video-preview":"max-video-preview:-1"},"canonical":"https:\/\/www.istegroup.com\/fr\/produit\/les-actionneurs-aeronautiques-2\/","og_locale":"fr_FR","og_type":"article","og_title":"Les actionneurs a\u00e9ronautiques 2 - ISTE Group","og_description":"Ce deuxi\u00e8me volume porte une vision originale, fonctionnelle et architecturale, sur les actionneurs a\u00e9ronautiques plus (ou tout) \u00e9lectriques.","og_url":"https:\/\/www.istegroup.com\/fr\/produit\/les-actionneurs-aeronautiques-2\/","og_site_name":"ISTE Group","article_modified_time":"2024-01-03T13:39:51+00:00","og_image":[{"width":300,"height":450,"url":"https:\/\/www.istegroup.com\/wp-content\/uploads\/2017\/07\/21936305873_9737890257-1.jpg","type":"image\/jpeg"}],"twitter_card":"summary_large_image","twitter_misc":{"Est. reading time":"1 minute"},"schema":{"@context":"https:\/\/schema.org","@graph":[{"@type":"WebPage","@id":"https:\/\/www.istegroup.com\/fr\/produit\/les-actionneurs-aeronautiques-2\/","url":"https:\/\/www.istegroup.com\/fr\/produit\/les-actionneurs-aeronautiques-2\/","name":"Les actionneurs a\u00e9ronautiques 2 - ISTE Group","isPartOf":{"@id":"https:\/\/www.istegroup.com\/#website"},"primaryImageOfPage":{"@id":"https:\/\/www.istegroup.com\/fr\/produit\/les-actionneurs-aeronautiques-2\/#primaryimage"},"image":{"@id":"https:\/\/www.istegroup.com\/fr\/produit\/les-actionneurs-aeronautiques-2\/#primaryimage"},"thumbnailUrl":"https:\/\/www.istegroup.com\/wp-content\/uploads\/2017\/07\/21936305873_9737890257-1.jpg","datePublished":"2017-07-28T10:36:45+00:00","dateModified":"2024-01-03T13:39:51+00:00","description":"Ce deuxi\u00e8me volume porte une vision originale, fonctionnelle et architecturale, sur les actionneurs a\u00e9ronautiques plus (ou tout) \u00e9lectriques.","breadcrumb":{"@id":"https:\/\/www.istegroup.com\/fr\/produit\/les-actionneurs-aeronautiques-2\/#breadcrumb"},"inLanguage":"fr-FR","potentialAction":[{"@type":"ReadAction","target":["https:\/\/www.istegroup.com\/fr\/produit\/les-actionneurs-aeronautiques-2\/"]}]},{"@type":"ImageObject","inLanguage":"fr-FR","@id":"https:\/\/www.istegroup.com\/fr\/produit\/les-actionneurs-aeronautiques-2\/#primaryimage","url":"https:\/\/www.istegroup.com\/wp-content\/uploads\/2017\/07\/21936305873_9737890257-1.jpg","contentUrl":"https:\/\/www.istegroup.com\/wp-content\/uploads\/2017\/07\/21936305873_9737890257-1.jpg","width":300,"height":450,"caption":"Solutions \u00e0 puissance et signaux \u00e9lectriques"},{"@type":"BreadcrumbList","@id":"https:\/\/www.istegroup.com\/fr\/produit\/les-actionneurs-aeronautiques-2\/#breadcrumb","itemListElement":[{"@type":"ListItem","position":1,"name":"Home","item":"https:\/\/www.istegroup.com\/"},{"@type":"ListItem","position":2,"name":"Shop","item":"https:\/\/www.istegroup.com\/fr\/nouveautes\/"},{"@type":"ListItem","position":3,"name":"Les actionneurs a\u00e9ronautiques 2"}]},{"@type":"WebSite","@id":"https:\/\/www.istegroup.com\/#website","url":"https:\/\/www.istegroup.com\/","name":"ISTE Group","description":"\u00c9diteur des Sciences","potentialAction":[{"@type":"SearchAction","target":{"@type":"EntryPoint","urlTemplate":"https:\/\/www.istegroup.com\/?s={search_term_string}"},"query-input":{"@type":"PropertyValueSpecification","valueRequired":true,"valueName":"search_term_string"}}],"inLanguage":"fr-FR"}]}},"_links":{"self":[{"href":"https:\/\/www.istegroup.com\/fr\/wp-json\/wp\/v2\/product\/391","targetHints":{"allow":["GET"]}}],"collection":[{"href":"https:\/\/www.istegroup.com\/fr\/wp-json\/wp\/v2\/product"}],"about":[{"href":"https:\/\/www.istegroup.com\/fr\/wp-json\/wp\/v2\/types\/product"}],"wp:featuredmedia":[{"embeddable":true,"href":"https:\/\/www.istegroup.com\/fr\/wp-json\/wp\/v2\/media\/392"}],"wp:attachment":[{"href":"https:\/\/www.istegroup.com\/fr\/wp-json\/wp\/v2\/media?parent=391"}],"wp:term":[{"taxonomy":"product_brand","embeddable":true,"href":"https:\/\/www.istegroup.com\/fr\/wp-json\/wp\/v2\/product_brand?post=391"},{"taxonomy":"product_cat","embeddable":true,"href":"https:\/\/www.istegroup.com\/fr\/wp-json\/wp\/v2\/product_cat?post=391"},{"taxonomy":"product_tag","embeddable":true,"href":"https:\/\/www.istegroup.com\/fr\/wp-json\/wp\/v2\/product_tag?post=391"}],"curies":[{"name":"wp","href":"https:\/\/api.w.org\/{rel}","templated":true}]}}