{"id":38953,"date":"2021-05-20T10:20:44","date_gmt":"2021-05-20T09:20:44","guid":{"rendered":"https:\/\/www.istegroup.com\/?post_type=product&#038;p=38953"},"modified":"2024-01-03T13:44:35","modified_gmt":"2024-01-03T13:44:35","slug":"la-revolution-digitale-dans-le-systeme-de-sante","status":"publish","type":"product","link":"https:\/\/www.istegroup.com\/fr\/produit\/la-revolution-digitale-dans-le-systeme-de-sante\/","title":{"rendered":"La r\u00e9volution digitale dans le syst\u00e8me de sant\u00e9"},"content":{"rendered":"<p>Quel syst\u00e8me de sant\u00e9 voulons-nous mettre en oeuvre face \u00e0 l\u2019arriv\u00e9e imminente de l\u2019intelligence artificielle et de la robotique dans les pratiques m\u00e9dicales ? La crise sanitaire de la Covid-19 a d\u00e9montr\u00e9 tout autant l\u2019int\u00e9r\u00eat des technologies num\u00e9riques pour continuer \u00e0 soigner et accompagner les patients et leurs familles que l\u2019imp\u00e9rieuse attention \u00e0 une \u00e9thique et une pratique relationnelle au plus pr\u00e8s de ces derniers.<\/p>\n<p>L\u2019ouvrage analyse de nombreux retours d\u2019exp\u00e9riences pour r\u00e9v\u00e9ler les multiples facettes de cette m\u00e9decine dite 4.0. Il r\u00e9v\u00e8le combien cette m\u00e9decine num\u00e9rique requiert de nouvelles formes d\u2019organisation et de nouvelles approches de coconception, dans une logique r\u00e9solument collaborative avec les patients. Des points de vue juridique et \u00e9thique cl\u00f4turent l\u2019ouvrage afin d\u2019interpeller le lecteur sur son devoir \u00e0 permettre \u00e0 tout un chacun d\u2019\u00eatre v\u00e9ritablement \u00ab acteur de sa sant\u00e9 \u00bb.<\/p>\n<p><a class=\"button\" style=\"margin-right: 10%\" href=\"https:\/\/www.istegroup.com\/wp-content\/uploads\/2021\/02\/740_La-revolution-digitale-dans-le-systeme-de-sante_Rizoulieres_TOC.pdf\" target=\"_blank\" rel=\"noopener noreferrer\">Table des mati\u00e8res<\/a><a class=\"button\" style=\"margin-left: 10%\" href=\"https:\/\/www.istegroup.com\/wp-content\/uploads\/2021\/02\/740_La-revolution-digitale-dans-le-systeme-de-sante_Rizoulieres_Premiere-partie.pdf\" target=\"_blank\" rel=\"noopener noreferrer\">Pr\u00e9face et Introduction<\/a><\/p>","protected":false},"excerpt":{"rendered":"<p>Quel syst\u00e8me de sant\u00e9 voulons-nous mettre en oeuvre face \u00e0 l\u2019arriv\u00e9e imminente de l\u2019intelligence artificielle et de la robotique dans les pratiques m\u00e9dicales ? La crise sanitaire de la Covid-19 a d\u00e9montr\u00e9 tout autant l\u2019int\u00e9r\u00eat des technologies num\u00e9riques pour continuer \u00e0 soigner et accompagner les patients et leurs familles que l\u2019imp\u00e9rieuse attention \u00e0 une \u00e9thique [&hellip;]<\/p>\n","protected":false},"featured_media":38961,"template":"","meta":{"_acf_changed":false,"_links_to":"","_links_to_target":""},"product_brand":[],"product_cat":[3262],"product_tag":[],"class_list":{"0":"post-38953","1":"product","2":"type-product","3":"status-publish","4":"has-post-thumbnail","6":"product_cat-non-classe","8":"first","9":"instock","10":"shipping-taxable","11":"purchasable","12":"product-type-variable"},"acf":[],"yoast_head":"<!-- This site is optimized with the Yoast SEO plugin v27.2 - https:\/\/yoast.com\/product\/yoast-seo-wordpress\/ -->\n<title>La r\u00e9volution digitale dans le syst\u00e8me de sant\u00e9 - ISTE Group<\/title>\n<meta name=\"description\" content=\"La r\u00e9volution digitale dans le syst\u00e8me de sant\u00e9 analyse de nombreux retours d\u2019exp\u00e9riences pour r\u00e9v\u00e9ler les multiples facettes de cette m\u00e9decine dite 4.0.\" \/>\n<meta name=\"robots\" content=\"index, follow, max-snippet:-1, max-image-preview:large, max-video-preview:-1\" \/>\n<link rel=\"canonical\" href=\"https:\/\/www.istegroup.com\/produit\/la-revolution-digitale-dans-le-systeme-de-sante\/\" \/>\n<meta property=\"og:locale\" content=\"fr_FR\" \/>\n<meta property=\"og:type\" content=\"article\" \/>\n<meta property=\"og:title\" content=\"La r\u00e9volution digitale dans le syst\u00e8me de sant\u00e9 - ISTE Group\" \/>\n<meta property=\"og:description\" content=\"La r\u00e9volution digitale dans le syst\u00e8me de sant\u00e9 analyse de nombreux retours d\u2019exp\u00e9riences pour r\u00e9v\u00e9ler les multiples facettes de cette m\u00e9decine dite 4.0.\" \/>\n<meta property=\"og:url\" content=\"https:\/\/www.istegroup.com\/produit\/la-revolution-digitale-dans-le-systeme-de-sante\/\" \/>\n<meta property=\"og:site_name\" content=\"ISTE Group\" \/>\n<meta property=\"article:modified_time\" content=\"2024-01-03T13:44:35+00:00\" \/>\n<meta property=\"og:image\" content=\"https:\/\/www.istegroup.com\/wp-content\/uploads\/2021\/02\/La-revolution-digitale-dans-le-systeme-de-sante.jpg\" \/>\n\t<meta property=\"og:image:width\" content=\"300\" \/>\n\t<meta property=\"og:image:height\" content=\"453\" \/>\n\t<meta property=\"og:image:type\" content=\"image\/jpeg\" \/>\n<meta name=\"twitter:card\" content=\"summary_large_image\" \/>\n<meta name=\"twitter:label1\" content=\"Est. reading time\" \/>\n\t<meta name=\"twitter:data1\" content=\"1 minute\" \/>\n<script type=\"application\/ld+json\" class=\"yoast-schema-graph\">{\"@context\":\"https:\/\/schema.org\",\"@graph\":[{\"@type\":\"WebPage\",\"@id\":\"https:\/\/www.istegroup.com\/produit\/la-revolution-digitale-dans-le-systeme-de-sante\/\",\"url\":\"https:\/\/www.istegroup.com\/produit\/la-revolution-digitale-dans-le-systeme-de-sante\/\",\"name\":\"La r\u00e9volution digitale dans le syst\u00e8me de sant\u00e9 - ISTE Group\",\"isPartOf\":{\"@id\":\"https:\/\/www.istegroup.com\/#website\"},\"primaryImageOfPage\":{\"@id\":\"https:\/\/www.istegroup.com\/produit\/la-revolution-digitale-dans-le-systeme-de-sante\/#primaryimage\"},\"image\":{\"@id\":\"https:\/\/www.istegroup.com\/produit\/la-revolution-digitale-dans-le-systeme-de-sante\/#primaryimage\"},\"thumbnailUrl\":\"https:\/\/www.istegroup.com\/wp-content\/uploads\/2021\/02\/La-revolution-digitale-dans-le-systeme-de-sante.jpg\",\"datePublished\":\"2021-05-20T09:20:44+00:00\",\"dateModified\":\"2024-01-03T13:44:35+00:00\",\"description\":\"La r\u00e9volution digitale dans le syst\u00e8me de sant\u00e9 analyse de nombreux retours d\u2019exp\u00e9riences pour r\u00e9v\u00e9ler les multiples facettes de cette m\u00e9decine dite 4.0.\",\"breadcrumb\":{\"@id\":\"https:\/\/www.istegroup.com\/produit\/la-revolution-digitale-dans-le-systeme-de-sante\/#breadcrumb\"},\"inLanguage\":\"fr-FR\",\"potentialAction\":[{\"@type\":\"ReadAction\",\"target\":[\"https:\/\/www.istegroup.com\/produit\/la-revolution-digitale-dans-le-systeme-de-sante\/\"]}]},{\"@type\":\"ImageObject\",\"inLanguage\":\"fr-FR\",\"@id\":\"https:\/\/www.istegroup.com\/produit\/la-revolution-digitale-dans-le-systeme-de-sante\/#primaryimage\",\"url\":\"https:\/\/www.istegroup.com\/wp-content\/uploads\/2021\/02\/La-revolution-digitale-dans-le-systeme-de-sante.jpg\",\"contentUrl\":\"https:\/\/www.istegroup.com\/wp-content\/uploads\/2021\/02\/La-revolution-digitale-dans-le-systeme-de-sante.jpg\",\"width\":300,\"height\":453,\"caption\":\"Livre scientifique - La r\u00e9volution digitale dans le syst\u00e8me de sant\u00e9 - J\u00e9r\u00f4me B\u00e9ranger, Roland Rizouli\u00e8res\"},{\"@type\":\"BreadcrumbList\",\"@id\":\"https:\/\/www.istegroup.com\/produit\/la-revolution-digitale-dans-le-systeme-de-sante\/#breadcrumb\",\"itemListElement\":[{\"@type\":\"ListItem\",\"position\":1,\"name\":\"Home\",\"item\":\"https:\/\/www.istegroup.com\/\"},{\"@type\":\"ListItem\",\"position\":2,\"name\":\"Shop\",\"item\":\"https:\/\/www.istegroup.com\/fr\/nouveautes\/\"},{\"@type\":\"ListItem\",\"position\":3,\"name\":\"La r\u00e9volution digitale dans le syst\u00e8me de sant\u00e9\"}]},{\"@type\":\"WebSite\",\"@id\":\"https:\/\/www.istegroup.com\/#website\",\"url\":\"https:\/\/www.istegroup.com\/\",\"name\":\"ISTE Group\",\"description\":\"\u00c9diteur des Sciences\",\"potentialAction\":[{\"@type\":\"SearchAction\",\"target\":{\"@type\":\"EntryPoint\",\"urlTemplate\":\"https:\/\/www.istegroup.com\/?s={search_term_string}\"},\"query-input\":{\"@type\":\"PropertyValueSpecification\",\"valueRequired\":true,\"valueName\":\"search_term_string\"}}],\"inLanguage\":\"fr-FR\"}]}<\/script>\n<!-- \/ Yoast SEO plugin. -->","yoast_head_json":{"title":"La r\u00e9volution digitale dans le syst\u00e8me de sant\u00e9 - ISTE Group","description":"La r\u00e9volution digitale dans le syst\u00e8me de sant\u00e9 analyse de nombreux retours d\u2019exp\u00e9riences pour r\u00e9v\u00e9ler les multiples facettes de cette m\u00e9decine dite 4.0.","robots":{"index":"index","follow":"follow","max-snippet":"max-snippet:-1","max-image-preview":"max-image-preview:large","max-video-preview":"max-video-preview:-1"},"canonical":"https:\/\/www.istegroup.com\/produit\/la-revolution-digitale-dans-le-systeme-de-sante\/","og_locale":"fr_FR","og_type":"article","og_title":"La r\u00e9volution digitale dans le syst\u00e8me de sant\u00e9 - ISTE Group","og_description":"La r\u00e9volution digitale dans le syst\u00e8me de sant\u00e9 analyse de nombreux retours d\u2019exp\u00e9riences pour r\u00e9v\u00e9ler les multiples facettes de cette m\u00e9decine dite 4.0.","og_url":"https:\/\/www.istegroup.com\/produit\/la-revolution-digitale-dans-le-systeme-de-sante\/","og_site_name":"ISTE Group","article_modified_time":"2024-01-03T13:44:35+00:00","og_image":[{"width":300,"height":453,"url":"https:\/\/www.istegroup.com\/wp-content\/uploads\/2021\/02\/La-revolution-digitale-dans-le-systeme-de-sante.jpg","type":"image\/jpeg"}],"twitter_card":"summary_large_image","twitter_misc":{"Est. reading time":"1 minute"},"schema":{"@context":"https:\/\/schema.org","@graph":[{"@type":"WebPage","@id":"https:\/\/www.istegroup.com\/produit\/la-revolution-digitale-dans-le-systeme-de-sante\/","url":"https:\/\/www.istegroup.com\/produit\/la-revolution-digitale-dans-le-systeme-de-sante\/","name":"La r\u00e9volution digitale dans le syst\u00e8me de sant\u00e9 - ISTE Group","isPartOf":{"@id":"https:\/\/www.istegroup.com\/#website"},"primaryImageOfPage":{"@id":"https:\/\/www.istegroup.com\/produit\/la-revolution-digitale-dans-le-systeme-de-sante\/#primaryimage"},"image":{"@id":"https:\/\/www.istegroup.com\/produit\/la-revolution-digitale-dans-le-systeme-de-sante\/#primaryimage"},"thumbnailUrl":"https:\/\/www.istegroup.com\/wp-content\/uploads\/2021\/02\/La-revolution-digitale-dans-le-systeme-de-sante.jpg","datePublished":"2021-05-20T09:20:44+00:00","dateModified":"2024-01-03T13:44:35+00:00","description":"La r\u00e9volution digitale dans le syst\u00e8me de sant\u00e9 analyse de nombreux retours d\u2019exp\u00e9riences pour r\u00e9v\u00e9ler les multiples facettes de cette m\u00e9decine dite 4.0.","breadcrumb":{"@id":"https:\/\/www.istegroup.com\/produit\/la-revolution-digitale-dans-le-systeme-de-sante\/#breadcrumb"},"inLanguage":"fr-FR","potentialAction":[{"@type":"ReadAction","target":["https:\/\/www.istegroup.com\/produit\/la-revolution-digitale-dans-le-systeme-de-sante\/"]}]},{"@type":"ImageObject","inLanguage":"fr-FR","@id":"https:\/\/www.istegroup.com\/produit\/la-revolution-digitale-dans-le-systeme-de-sante\/#primaryimage","url":"https:\/\/www.istegroup.com\/wp-content\/uploads\/2021\/02\/La-revolution-digitale-dans-le-systeme-de-sante.jpg","contentUrl":"https:\/\/www.istegroup.com\/wp-content\/uploads\/2021\/02\/La-revolution-digitale-dans-le-systeme-de-sante.jpg","width":300,"height":453,"caption":"Livre scientifique - La r\u00e9volution digitale dans le syst\u00e8me de sant\u00e9 - J\u00e9r\u00f4me B\u00e9ranger, Roland Rizouli\u00e8res"},{"@type":"BreadcrumbList","@id":"https:\/\/www.istegroup.com\/produit\/la-revolution-digitale-dans-le-systeme-de-sante\/#breadcrumb","itemListElement":[{"@type":"ListItem","position":1,"name":"Home","item":"https:\/\/www.istegroup.com\/"},{"@type":"ListItem","position":2,"name":"Shop","item":"https:\/\/www.istegroup.com\/fr\/nouveautes\/"},{"@type":"ListItem","position":3,"name":"La r\u00e9volution digitale dans le syst\u00e8me de sant\u00e9"}]},{"@type":"WebSite","@id":"https:\/\/www.istegroup.com\/#website","url":"https:\/\/www.istegroup.com\/","name":"ISTE Group","description":"\u00c9diteur des Sciences","potentialAction":[{"@type":"SearchAction","target":{"@type":"EntryPoint","urlTemplate":"https:\/\/www.istegroup.com\/?s={search_term_string}"},"query-input":{"@type":"PropertyValueSpecification","valueRequired":true,"valueName":"search_term_string"}}],"inLanguage":"fr-FR"}]}},"_links":{"self":[{"href":"https:\/\/www.istegroup.com\/fr\/wp-json\/wp\/v2\/product\/38953","targetHints":{"allow":["GET"]}}],"collection":[{"href":"https:\/\/www.istegroup.com\/fr\/wp-json\/wp\/v2\/product"}],"about":[{"href":"https:\/\/www.istegroup.com\/fr\/wp-json\/wp\/v2\/types\/product"}],"wp:featuredmedia":[{"embeddable":true,"href":"https:\/\/www.istegroup.com\/fr\/wp-json\/wp\/v2\/media\/38961"}],"wp:attachment":[{"href":"https:\/\/www.istegroup.com\/fr\/wp-json\/wp\/v2\/media?parent=38953"}],"wp:term":[{"taxonomy":"product_brand","embeddable":true,"href":"https:\/\/www.istegroup.com\/fr\/wp-json\/wp\/v2\/product_brand?post=38953"},{"taxonomy":"product_cat","embeddable":true,"href":"https:\/\/www.istegroup.com\/fr\/wp-json\/wp\/v2\/product_cat?post=38953"},{"taxonomy":"product_tag","embeddable":true,"href":"https:\/\/www.istegroup.com\/fr\/wp-json\/wp\/v2\/product_tag?post=38953"}],"curies":[{"name":"wp","href":"https:\/\/api.w.org\/{rel}","templated":true}]}}