{"id":38934,"date":"2021-05-21T14:46:00","date_gmt":"2021-05-21T13:46:00","guid":{"rendered":"https:\/\/www.istegroup.com\/?post_type=product&#038;p=38934"},"modified":"2024-01-03T13:44:35","modified_gmt":"2024-01-03T13:44:35","slug":"les-communs-culturels-dans-lecosysteme-numerique","status":"publish","type":"product","link":"https:\/\/www.istegroup.com\/fr\/produit\/les-communs-culturels-dans-lecosysteme-numerique\/","title":{"rendered":"Les communs culturels dans l\u2019\u00e9cosyst\u00e8me num\u00e9rique"},"content":{"rendered":"<p>Les dynamiques de production, de circulation et de diffusion de la connaissance qui se d\u00e9veloppent dans l\u2019\u00e9cosyst\u00e8me num\u00e9rique t\u00e9moignent d\u2019une mutation profonde du capitalisme. En marge du couple traditionnel march\u00e9s de la connaissance\/ droits de propri\u00e9t\u00e9 exclusifs, la notion de commun culturel ouvre la voie \u00e0 de nouveaux modes de production articulant des agencements marchands hybrides et une conception inclusive de la propri\u00e9t\u00e9.<\/p>\n<p>Cet ouvrage \u00e9tudie les fondements de l\u2019\u00e9conomie politique des communs culturels dans l\u2019\u00e9cosyst\u00e8me num\u00e9rique. Il pr\u00e9sente les lieux et les espaces de r\u00e9flexion dans lesquels cette notion a \u00e9merg\u00e9 et identifie les enjeux socio-\u00e9conomiques, techniques et politiques qui lui sont associ\u00e9s. Il analyse \u00e9galement les conditions concr\u00e8tes de d\u00e9ploiement de l\u2019\u00e9conomie des communs culturels dans un \u00e9cosyst\u00e8me num\u00e9rique sp\u00e9cifique, celui du livre, en traitant des biblioth\u00e8ques num\u00e9riques et des plateformes d\u2019auto-\u00e9dition.<\/p>\n<p><a class=\"button\" style=\"margin-right: 10%\" href=\"https:\/\/www.istegroup.com\/wp-content\/uploads\/2021\/02\/739_Les-communs-culturels-dans-lecosysteme-numerique_Pelissier_TOC.pdf\" target=\"_blank\" rel=\"noopener noreferrer\">Table des mati\u00e8res<\/a><a class=\"button\" style=\"margin-left: 10%\" href=\"https:\/\/www.istegroup.com\/wp-content\/uploads\/2021\/02\/739_Les-communs-culturels-dans-lecosysteme-numerique_Pelissier_Premiere-partie.pdf\" target=\"_blank\" rel=\"noopener noreferrer\">Introduction<\/a><\/p>","protected":false},"excerpt":{"rendered":"<p>Les dynamiques de production, de circulation et de diffusion de la connaissance qui se d\u00e9veloppent dans l\u2019\u00e9cosyst\u00e8me num\u00e9rique t\u00e9moignent d\u2019une mutation profonde du capitalisme. En marge du couple traditionnel march\u00e9s de la connaissance\/ droits de propri\u00e9t\u00e9 exclusifs, la notion de commun culturel ouvre la voie \u00e0 de nouveaux modes de production articulant des agencements marchands [&hellip;]<\/p>\n","protected":false},"featured_media":38939,"template":"","meta":{"_acf_changed":false,"_links_to":"","_links_to_target":""},"product_brand":[],"product_cat":[3262],"product_tag":[],"class_list":{"0":"post-38934","1":"product","2":"type-product","3":"status-publish","4":"has-post-thumbnail","6":"product_cat-non-classe","8":"first","9":"instock","10":"shipping-taxable","11":"purchasable","12":"product-type-variable"},"acf":[],"yoast_head":"<!-- This site is optimized with the Yoast SEO plugin v27.2 - https:\/\/yoast.com\/product\/yoast-seo-wordpress\/ -->\n<title>Les communs culturels dans l\u2019\u00e9cosyst\u00e8me num\u00e9rique - ISTE Group<\/title>\n<meta name=\"description\" content=\"Cet ouvrage \u00e9tudie les fondements de l\u2019\u00e9conomie politique des communs culturels dans l\u2019\u00e9cosyst\u00e8me num\u00e9rique.\" \/>\n<meta name=\"robots\" content=\"index, follow, max-snippet:-1, max-image-preview:large, max-video-preview:-1\" \/>\n<link rel=\"canonical\" href=\"https:\/\/www.istegroup.com\/produit\/les-communs-culturels-dans-lecosysteme-numerique\/\" \/>\n<meta property=\"og:locale\" content=\"fr_FR\" \/>\n<meta property=\"og:type\" content=\"article\" \/>\n<meta property=\"og:title\" content=\"Les communs culturels dans l\u2019\u00e9cosyst\u00e8me num\u00e9rique - ISTE Group\" \/>\n<meta property=\"og:description\" content=\"Cet ouvrage \u00e9tudie les fondements de l\u2019\u00e9conomie politique des communs culturels dans l\u2019\u00e9cosyst\u00e8me num\u00e9rique.\" \/>\n<meta property=\"og:url\" content=\"https:\/\/www.istegroup.com\/produit\/les-communs-culturels-dans-lecosysteme-numerique\/\" \/>\n<meta property=\"og:site_name\" content=\"ISTE Group\" \/>\n<meta property=\"article:modified_time\" content=\"2024-01-03T13:44:35+00:00\" \/>\n<meta property=\"og:image\" content=\"https:\/\/www.istegroup.com\/wp-content\/uploads\/2021\/02\/Les-communs-culturels-dans-lecosysteme-numerique.jpg\" \/>\n\t<meta property=\"og:image:width\" content=\"300\" \/>\n\t<meta property=\"og:image:height\" content=\"454\" \/>\n\t<meta property=\"og:image:type\" content=\"image\/jpeg\" \/>\n<meta name=\"twitter:card\" content=\"summary_large_image\" \/>\n<meta name=\"twitter:label1\" content=\"Est. reading time\" \/>\n\t<meta name=\"twitter:data1\" content=\"1 minute\" \/>\n<script type=\"application\/ld+json\" class=\"yoast-schema-graph\">{\"@context\":\"https:\/\/schema.org\",\"@graph\":[{\"@type\":\"WebPage\",\"@id\":\"https:\/\/www.istegroup.com\/produit\/les-communs-culturels-dans-lecosysteme-numerique\/\",\"url\":\"https:\/\/www.istegroup.com\/produit\/les-communs-culturels-dans-lecosysteme-numerique\/\",\"name\":\"Les communs culturels dans l\u2019\u00e9cosyst\u00e8me num\u00e9rique - ISTE Group\",\"isPartOf\":{\"@id\":\"https:\/\/www.istegroup.com\/#website\"},\"primaryImageOfPage\":{\"@id\":\"https:\/\/www.istegroup.com\/produit\/les-communs-culturels-dans-lecosysteme-numerique\/#primaryimage\"},\"image\":{\"@id\":\"https:\/\/www.istegroup.com\/produit\/les-communs-culturels-dans-lecosysteme-numerique\/#primaryimage\"},\"thumbnailUrl\":\"https:\/\/www.istegroup.com\/wp-content\/uploads\/2021\/02\/Les-communs-culturels-dans-lecosysteme-numerique.jpg\",\"datePublished\":\"2021-05-21T13:46:00+00:00\",\"dateModified\":\"2024-01-03T13:44:35+00:00\",\"description\":\"Cet ouvrage \u00e9tudie les fondements de l\u2019\u00e9conomie politique des communs culturels dans l\u2019\u00e9cosyst\u00e8me num\u00e9rique.\",\"breadcrumb\":{\"@id\":\"https:\/\/www.istegroup.com\/produit\/les-communs-culturels-dans-lecosysteme-numerique\/#breadcrumb\"},\"inLanguage\":\"fr-FR\",\"potentialAction\":[{\"@type\":\"ReadAction\",\"target\":[\"https:\/\/www.istegroup.com\/produit\/les-communs-culturels-dans-lecosysteme-numerique\/\"]}]},{\"@type\":\"ImageObject\",\"inLanguage\":\"fr-FR\",\"@id\":\"https:\/\/www.istegroup.com\/produit\/les-communs-culturels-dans-lecosysteme-numerique\/#primaryimage\",\"url\":\"https:\/\/www.istegroup.com\/wp-content\/uploads\/2021\/02\/Les-communs-culturels-dans-lecosysteme-numerique.jpg\",\"contentUrl\":\"https:\/\/www.istegroup.com\/wp-content\/uploads\/2021\/02\/Les-communs-culturels-dans-lecosysteme-numerique.jpg\",\"width\":300,\"height\":454,\"caption\":\"Livre scientifique - Les communs culturels dans l'\u00e9cosyst\u00e8me num\u00e9rique - Maud P\u00e9lissier\"},{\"@type\":\"BreadcrumbList\",\"@id\":\"https:\/\/www.istegroup.com\/produit\/les-communs-culturels-dans-lecosysteme-numerique\/#breadcrumb\",\"itemListElement\":[{\"@type\":\"ListItem\",\"position\":1,\"name\":\"Home\",\"item\":\"https:\/\/www.istegroup.com\/\"},{\"@type\":\"ListItem\",\"position\":2,\"name\":\"Shop\",\"item\":\"https:\/\/www.istegroup.com\/fr\/nouveautes\/\"},{\"@type\":\"ListItem\",\"position\":3,\"name\":\"Les communs culturels dans l\u2019\u00e9cosyst\u00e8me num\u00e9rique\"}]},{\"@type\":\"WebSite\",\"@id\":\"https:\/\/www.istegroup.com\/#website\",\"url\":\"https:\/\/www.istegroup.com\/\",\"name\":\"ISTE Group\",\"description\":\"\u00c9diteur des Sciences\",\"potentialAction\":[{\"@type\":\"SearchAction\",\"target\":{\"@type\":\"EntryPoint\",\"urlTemplate\":\"https:\/\/www.istegroup.com\/?s={search_term_string}\"},\"query-input\":{\"@type\":\"PropertyValueSpecification\",\"valueRequired\":true,\"valueName\":\"search_term_string\"}}],\"inLanguage\":\"fr-FR\"}]}<\/script>\n<!-- \/ Yoast SEO plugin. -->","yoast_head_json":{"title":"Les communs culturels dans l\u2019\u00e9cosyst\u00e8me num\u00e9rique - ISTE Group","description":"Cet ouvrage \u00e9tudie les fondements de l\u2019\u00e9conomie politique des communs culturels dans l\u2019\u00e9cosyst\u00e8me num\u00e9rique.","robots":{"index":"index","follow":"follow","max-snippet":"max-snippet:-1","max-image-preview":"max-image-preview:large","max-video-preview":"max-video-preview:-1"},"canonical":"https:\/\/www.istegroup.com\/produit\/les-communs-culturels-dans-lecosysteme-numerique\/","og_locale":"fr_FR","og_type":"article","og_title":"Les communs culturels dans l\u2019\u00e9cosyst\u00e8me num\u00e9rique - ISTE Group","og_description":"Cet ouvrage \u00e9tudie les fondements de l\u2019\u00e9conomie politique des communs culturels dans l\u2019\u00e9cosyst\u00e8me num\u00e9rique.","og_url":"https:\/\/www.istegroup.com\/produit\/les-communs-culturels-dans-lecosysteme-numerique\/","og_site_name":"ISTE Group","article_modified_time":"2024-01-03T13:44:35+00:00","og_image":[{"width":300,"height":454,"url":"https:\/\/www.istegroup.com\/wp-content\/uploads\/2021\/02\/Les-communs-culturels-dans-lecosysteme-numerique.jpg","type":"image\/jpeg"}],"twitter_card":"summary_large_image","twitter_misc":{"Est. reading time":"1 minute"},"schema":{"@context":"https:\/\/schema.org","@graph":[{"@type":"WebPage","@id":"https:\/\/www.istegroup.com\/produit\/les-communs-culturels-dans-lecosysteme-numerique\/","url":"https:\/\/www.istegroup.com\/produit\/les-communs-culturels-dans-lecosysteme-numerique\/","name":"Les communs culturels dans l\u2019\u00e9cosyst\u00e8me num\u00e9rique - ISTE Group","isPartOf":{"@id":"https:\/\/www.istegroup.com\/#website"},"primaryImageOfPage":{"@id":"https:\/\/www.istegroup.com\/produit\/les-communs-culturels-dans-lecosysteme-numerique\/#primaryimage"},"image":{"@id":"https:\/\/www.istegroup.com\/produit\/les-communs-culturels-dans-lecosysteme-numerique\/#primaryimage"},"thumbnailUrl":"https:\/\/www.istegroup.com\/wp-content\/uploads\/2021\/02\/Les-communs-culturels-dans-lecosysteme-numerique.jpg","datePublished":"2021-05-21T13:46:00+00:00","dateModified":"2024-01-03T13:44:35+00:00","description":"Cet ouvrage \u00e9tudie les fondements de l\u2019\u00e9conomie politique des communs culturels dans l\u2019\u00e9cosyst\u00e8me num\u00e9rique.","breadcrumb":{"@id":"https:\/\/www.istegroup.com\/produit\/les-communs-culturels-dans-lecosysteme-numerique\/#breadcrumb"},"inLanguage":"fr-FR","potentialAction":[{"@type":"ReadAction","target":["https:\/\/www.istegroup.com\/produit\/les-communs-culturels-dans-lecosysteme-numerique\/"]}]},{"@type":"ImageObject","inLanguage":"fr-FR","@id":"https:\/\/www.istegroup.com\/produit\/les-communs-culturels-dans-lecosysteme-numerique\/#primaryimage","url":"https:\/\/www.istegroup.com\/wp-content\/uploads\/2021\/02\/Les-communs-culturels-dans-lecosysteme-numerique.jpg","contentUrl":"https:\/\/www.istegroup.com\/wp-content\/uploads\/2021\/02\/Les-communs-culturels-dans-lecosysteme-numerique.jpg","width":300,"height":454,"caption":"Livre scientifique - Les communs culturels dans l'\u00e9cosyst\u00e8me num\u00e9rique - Maud P\u00e9lissier"},{"@type":"BreadcrumbList","@id":"https:\/\/www.istegroup.com\/produit\/les-communs-culturels-dans-lecosysteme-numerique\/#breadcrumb","itemListElement":[{"@type":"ListItem","position":1,"name":"Home","item":"https:\/\/www.istegroup.com\/"},{"@type":"ListItem","position":2,"name":"Shop","item":"https:\/\/www.istegroup.com\/fr\/nouveautes\/"},{"@type":"ListItem","position":3,"name":"Les communs culturels dans l\u2019\u00e9cosyst\u00e8me num\u00e9rique"}]},{"@type":"WebSite","@id":"https:\/\/www.istegroup.com\/#website","url":"https:\/\/www.istegroup.com\/","name":"ISTE Group","description":"\u00c9diteur des Sciences","potentialAction":[{"@type":"SearchAction","target":{"@type":"EntryPoint","urlTemplate":"https:\/\/www.istegroup.com\/?s={search_term_string}"},"query-input":{"@type":"PropertyValueSpecification","valueRequired":true,"valueName":"search_term_string"}}],"inLanguage":"fr-FR"}]}},"_links":{"self":[{"href":"https:\/\/www.istegroup.com\/fr\/wp-json\/wp\/v2\/product\/38934","targetHints":{"allow":["GET"]}}],"collection":[{"href":"https:\/\/www.istegroup.com\/fr\/wp-json\/wp\/v2\/product"}],"about":[{"href":"https:\/\/www.istegroup.com\/fr\/wp-json\/wp\/v2\/types\/product"}],"wp:featuredmedia":[{"embeddable":true,"href":"https:\/\/www.istegroup.com\/fr\/wp-json\/wp\/v2\/media\/38939"}],"wp:attachment":[{"href":"https:\/\/www.istegroup.com\/fr\/wp-json\/wp\/v2\/media?parent=38934"}],"wp:term":[{"taxonomy":"product_brand","embeddable":true,"href":"https:\/\/www.istegroup.com\/fr\/wp-json\/wp\/v2\/product_brand?post=38934"},{"taxonomy":"product_cat","embeddable":true,"href":"https:\/\/www.istegroup.com\/fr\/wp-json\/wp\/v2\/product_cat?post=38934"},{"taxonomy":"product_tag","embeddable":true,"href":"https:\/\/www.istegroup.com\/fr\/wp-json\/wp\/v2\/product_tag?post=38934"}],"curies":[{"name":"wp","href":"https:\/\/api.w.org\/{rel}","templated":true}]}}