{"id":38920,"date":"2021-04-10T09:16:50","date_gmt":"2021-04-10T08:16:50","guid":{"rendered":"https:\/\/www.istegroup.com\/?post_type=product&#038;p=38920"},"modified":"2024-01-03T13:44:05","modified_gmt":"2024-01-03T13:44:05","slug":"humanites-numeriques","status":"publish","type":"product","link":"https:\/\/www.istegroup.com\/fr\/produit\/humanites-numeriques\/","title":{"rendered":"Humanit\u00e9s num\u00e9riques"},"content":{"rendered":"<p>Les humanit\u00e9s num\u00e9riques rel\u00e8vent du tissage des id\u00e9es de technique, d\u2019information, de social et d\u2019engagement humain dans la r\u00e9organisation g\u00e9n\u00e9ralis\u00e9e d\u2019une culture. Elles repr\u00e9sentent un mouvement \u00e9pist\u00e9mologique, culturel et informationnel majeur. Associ\u00e9es aux dispositifs num\u00e9riques qui red\u00e9finissent notre environnement et nos modes de connaissance, les humanit\u00e9s num\u00e9riques constituent un ensemble de pratiques (englobant celles des humanit\u00e9s) et d\u2019interrogations \u00e0 explorer.<\/p>\n<p>Cet ouvrage offre un parcours \u00e9pist\u00e9mologique et critique sur le sens du nouvel ordre informationnel et sur la transformation que le num\u00e9rique op\u00e8re sur nos humanit\u00e9s. Il interroge, au-del\u00e0 des conformismes, les reconfigurations \u00e9pist\u00e9mologiques li\u00e9es \u00e0 la recherche, les significations exp\u00e9rientielles au sein d\u2019une \u00e9cologie de l\u2019information, ainsi que l\u2019attention port\u00e9e \u00e0 l\u2019humain et \u00e0 son \u00ab intelligence \u00bb. Loin d\u2019une zone de confort ou d\u2019une \u00ab solution \u00bb technologique, il traite bien, au coeur de l\u2019existence informationnelle, des enjeux d\u2019une humanit\u00e9.<\/p>\n<p><a class=\"button\" style=\"margin-right: 10%\" href=\"https:\/\/www.istegroup.com\/wp-content\/uploads\/2021\/02\/727_Humanites-numeriques_Morandi_TOC.pdf\" target=\"_blank\" rel=\"noopener noreferrer\">Table des mati\u00e8res<\/a><a class=\"button\" style=\"margin-left: 10%\" href=\"https:\/\/www.istegroup.com\/wp-content\/uploads\/2021\/02\/727_Humanites-numeriques_Morandi_Premiere-partie.pdf\" target=\"_blank\" rel=\"noopener noreferrer\">Introduction<\/a><\/p>","protected":false},"excerpt":{"rendered":"<p>Les humanit\u00e9s num\u00e9riques rel\u00e8vent du tissage des id\u00e9es de technique, d\u2019information, de social et d\u2019engagement humain dans la r\u00e9organisation g\u00e9n\u00e9ralis\u00e9e d\u2019une culture. Elles repr\u00e9sentent un mouvement \u00e9pist\u00e9mologique, culturel et informationnel majeur. Associ\u00e9es aux dispositifs num\u00e9riques qui red\u00e9finissent notre environnement et nos modes de connaissance, les humanit\u00e9s num\u00e9riques constituent un ensemble de pratiques (englobant celles des [&hellip;]<\/p>\n","protected":false},"featured_media":38929,"template":"","meta":{"_acf_changed":false,"_links_to":"","_links_to_target":""},"product_brand":[],"product_cat":[3262],"product_tag":[],"class_list":{"0":"post-38920","1":"product","2":"type-product","3":"status-publish","4":"has-post-thumbnail","6":"product_cat-non-classe","8":"first","9":"instock","10":"shipping-taxable","11":"purchasable","12":"product-type-variable"},"acf":[],"yoast_head":"<!-- This site is optimized with the Yoast SEO plugin v27.2 - https:\/\/yoast.com\/product\/yoast-seo-wordpress\/ -->\n<title>Humanit\u00e9s num\u00e9riques - ISTE Group<\/title>\n<meta name=\"description\" content=\"Cet ouvrage offre un parcours \u00e9pist\u00e9mologique et critique sur le sens du nouvel ordre informationnel et sur la transformation que le num\u00e9rique op\u00e8re sur nos humanit\u00e9s.\" \/>\n<meta name=\"robots\" content=\"index, follow, max-snippet:-1, max-image-preview:large, max-video-preview:-1\" \/>\n<link rel=\"canonical\" href=\"https:\/\/www.istegroup.com\/produit\/humanites-numeriques\/\" \/>\n<meta property=\"og:locale\" content=\"fr_FR\" \/>\n<meta property=\"og:type\" content=\"article\" \/>\n<meta property=\"og:title\" content=\"Humanit\u00e9s num\u00e9riques - ISTE Group\" \/>\n<meta property=\"og:description\" content=\"Cet ouvrage offre un parcours \u00e9pist\u00e9mologique et critique sur le sens du nouvel ordre informationnel et sur la transformation que le num\u00e9rique op\u00e8re sur nos humanit\u00e9s.\" \/>\n<meta property=\"og:url\" content=\"https:\/\/www.istegroup.com\/produit\/humanites-numeriques\/\" \/>\n<meta property=\"og:site_name\" content=\"ISTE Group\" \/>\n<meta property=\"article:modified_time\" content=\"2024-01-03T13:44:05+00:00\" \/>\n<meta property=\"og:image\" content=\"https:\/\/www.istegroup.com\/wp-content\/uploads\/2021\/02\/Humanites-numeriques.jpg\" \/>\n\t<meta property=\"og:image:width\" content=\"300\" \/>\n\t<meta property=\"og:image:height\" content=\"453\" \/>\n\t<meta property=\"og:image:type\" content=\"image\/jpeg\" \/>\n<meta name=\"twitter:card\" content=\"summary_large_image\" \/>\n<meta name=\"twitter:label1\" content=\"Est. reading time\" \/>\n\t<meta name=\"twitter:data1\" content=\"1 minute\" \/>\n<script type=\"application\/ld+json\" class=\"yoast-schema-graph\">{\"@context\":\"https:\/\/schema.org\",\"@graph\":[{\"@type\":\"WebPage\",\"@id\":\"https:\/\/www.istegroup.com\/produit\/humanites-numeriques\/\",\"url\":\"https:\/\/www.istegroup.com\/produit\/humanites-numeriques\/\",\"name\":\"Humanit\u00e9s num\u00e9riques - ISTE Group\",\"isPartOf\":{\"@id\":\"https:\/\/www.istegroup.com\/#website\"},\"primaryImageOfPage\":{\"@id\":\"https:\/\/www.istegroup.com\/produit\/humanites-numeriques\/#primaryimage\"},\"image\":{\"@id\":\"https:\/\/www.istegroup.com\/produit\/humanites-numeriques\/#primaryimage\"},\"thumbnailUrl\":\"https:\/\/www.istegroup.com\/wp-content\/uploads\/2021\/02\/Humanites-numeriques.jpg\",\"datePublished\":\"2021-04-10T08:16:50+00:00\",\"dateModified\":\"2024-01-03T13:44:05+00:00\",\"description\":\"Cet ouvrage offre un parcours \u00e9pist\u00e9mologique et critique sur le sens du nouvel ordre informationnel et sur la transformation que le num\u00e9rique op\u00e8re sur nos humanit\u00e9s.\",\"breadcrumb\":{\"@id\":\"https:\/\/www.istegroup.com\/produit\/humanites-numeriques\/#breadcrumb\"},\"inLanguage\":\"fr-FR\",\"potentialAction\":[{\"@type\":\"ReadAction\",\"target\":[\"https:\/\/www.istegroup.com\/produit\/humanites-numeriques\/\"]}]},{\"@type\":\"ImageObject\",\"inLanguage\":\"fr-FR\",\"@id\":\"https:\/\/www.istegroup.com\/produit\/humanites-numeriques\/#primaryimage\",\"url\":\"https:\/\/www.istegroup.com\/wp-content\/uploads\/2021\/02\/Humanites-numeriques.jpg\",\"contentUrl\":\"https:\/\/www.istegroup.com\/wp-content\/uploads\/2021\/02\/Humanites-numeriques.jpg\",\"width\":300,\"height\":453,\"caption\":\"Livre scientifique - Humanit\u00e9s num\u00e9riques - Franc Morandi, Claude Baltz, \u00c9ric Delamotte\"},{\"@type\":\"BreadcrumbList\",\"@id\":\"https:\/\/www.istegroup.com\/produit\/humanites-numeriques\/#breadcrumb\",\"itemListElement\":[{\"@type\":\"ListItem\",\"position\":1,\"name\":\"Home\",\"item\":\"https:\/\/www.istegroup.com\/\"},{\"@type\":\"ListItem\",\"position\":2,\"name\":\"Shop\",\"item\":\"https:\/\/www.istegroup.com\/fr\/nouveautes\/\"},{\"@type\":\"ListItem\",\"position\":3,\"name\":\"Humanit\u00e9s num\u00e9riques\"}]},{\"@type\":\"WebSite\",\"@id\":\"https:\/\/www.istegroup.com\/#website\",\"url\":\"https:\/\/www.istegroup.com\/\",\"name\":\"ISTE Group\",\"description\":\"\u00c9diteur des Sciences\",\"potentialAction\":[{\"@type\":\"SearchAction\",\"target\":{\"@type\":\"EntryPoint\",\"urlTemplate\":\"https:\/\/www.istegroup.com\/?s={search_term_string}\"},\"query-input\":{\"@type\":\"PropertyValueSpecification\",\"valueRequired\":true,\"valueName\":\"search_term_string\"}}],\"inLanguage\":\"fr-FR\"}]}<\/script>\n<!-- \/ Yoast SEO plugin. -->","yoast_head_json":{"title":"Humanit\u00e9s num\u00e9riques - ISTE Group","description":"Cet ouvrage offre un parcours \u00e9pist\u00e9mologique et critique sur le sens du nouvel ordre informationnel et sur la transformation que le num\u00e9rique op\u00e8re sur nos humanit\u00e9s.","robots":{"index":"index","follow":"follow","max-snippet":"max-snippet:-1","max-image-preview":"max-image-preview:large","max-video-preview":"max-video-preview:-1"},"canonical":"https:\/\/www.istegroup.com\/produit\/humanites-numeriques\/","og_locale":"fr_FR","og_type":"article","og_title":"Humanit\u00e9s num\u00e9riques - ISTE Group","og_description":"Cet ouvrage offre un parcours \u00e9pist\u00e9mologique et critique sur le sens du nouvel ordre informationnel et sur la transformation que le num\u00e9rique op\u00e8re sur nos humanit\u00e9s.","og_url":"https:\/\/www.istegroup.com\/produit\/humanites-numeriques\/","og_site_name":"ISTE Group","article_modified_time":"2024-01-03T13:44:05+00:00","og_image":[{"width":300,"height":453,"url":"https:\/\/www.istegroup.com\/wp-content\/uploads\/2021\/02\/Humanites-numeriques.jpg","type":"image\/jpeg"}],"twitter_card":"summary_large_image","twitter_misc":{"Est. reading time":"1 minute"},"schema":{"@context":"https:\/\/schema.org","@graph":[{"@type":"WebPage","@id":"https:\/\/www.istegroup.com\/produit\/humanites-numeriques\/","url":"https:\/\/www.istegroup.com\/produit\/humanites-numeriques\/","name":"Humanit\u00e9s num\u00e9riques - ISTE Group","isPartOf":{"@id":"https:\/\/www.istegroup.com\/#website"},"primaryImageOfPage":{"@id":"https:\/\/www.istegroup.com\/produit\/humanites-numeriques\/#primaryimage"},"image":{"@id":"https:\/\/www.istegroup.com\/produit\/humanites-numeriques\/#primaryimage"},"thumbnailUrl":"https:\/\/www.istegroup.com\/wp-content\/uploads\/2021\/02\/Humanites-numeriques.jpg","datePublished":"2021-04-10T08:16:50+00:00","dateModified":"2024-01-03T13:44:05+00:00","description":"Cet ouvrage offre un parcours \u00e9pist\u00e9mologique et critique sur le sens du nouvel ordre informationnel et sur la transformation que le num\u00e9rique op\u00e8re sur nos humanit\u00e9s.","breadcrumb":{"@id":"https:\/\/www.istegroup.com\/produit\/humanites-numeriques\/#breadcrumb"},"inLanguage":"fr-FR","potentialAction":[{"@type":"ReadAction","target":["https:\/\/www.istegroup.com\/produit\/humanites-numeriques\/"]}]},{"@type":"ImageObject","inLanguage":"fr-FR","@id":"https:\/\/www.istegroup.com\/produit\/humanites-numeriques\/#primaryimage","url":"https:\/\/www.istegroup.com\/wp-content\/uploads\/2021\/02\/Humanites-numeriques.jpg","contentUrl":"https:\/\/www.istegroup.com\/wp-content\/uploads\/2021\/02\/Humanites-numeriques.jpg","width":300,"height":453,"caption":"Livre scientifique - Humanit\u00e9s num\u00e9riques - Franc Morandi, Claude Baltz, \u00c9ric Delamotte"},{"@type":"BreadcrumbList","@id":"https:\/\/www.istegroup.com\/produit\/humanites-numeriques\/#breadcrumb","itemListElement":[{"@type":"ListItem","position":1,"name":"Home","item":"https:\/\/www.istegroup.com\/"},{"@type":"ListItem","position":2,"name":"Shop","item":"https:\/\/www.istegroup.com\/fr\/nouveautes\/"},{"@type":"ListItem","position":3,"name":"Humanit\u00e9s num\u00e9riques"}]},{"@type":"WebSite","@id":"https:\/\/www.istegroup.com\/#website","url":"https:\/\/www.istegroup.com\/","name":"ISTE Group","description":"\u00c9diteur des Sciences","potentialAction":[{"@type":"SearchAction","target":{"@type":"EntryPoint","urlTemplate":"https:\/\/www.istegroup.com\/?s={search_term_string}"},"query-input":{"@type":"PropertyValueSpecification","valueRequired":true,"valueName":"search_term_string"}}],"inLanguage":"fr-FR"}]}},"_links":{"self":[{"href":"https:\/\/www.istegroup.com\/fr\/wp-json\/wp\/v2\/product\/38920","targetHints":{"allow":["GET"]}}],"collection":[{"href":"https:\/\/www.istegroup.com\/fr\/wp-json\/wp\/v2\/product"}],"about":[{"href":"https:\/\/www.istegroup.com\/fr\/wp-json\/wp\/v2\/types\/product"}],"wp:featuredmedia":[{"embeddable":true,"href":"https:\/\/www.istegroup.com\/fr\/wp-json\/wp\/v2\/media\/38929"}],"wp:attachment":[{"href":"https:\/\/www.istegroup.com\/fr\/wp-json\/wp\/v2\/media?parent=38920"}],"wp:term":[{"taxonomy":"product_brand","embeddable":true,"href":"https:\/\/www.istegroup.com\/fr\/wp-json\/wp\/v2\/product_brand?post=38920"},{"taxonomy":"product_cat","embeddable":true,"href":"https:\/\/www.istegroup.com\/fr\/wp-json\/wp\/v2\/product_cat?post=38920"},{"taxonomy":"product_tag","embeddable":true,"href":"https:\/\/www.istegroup.com\/fr\/wp-json\/wp\/v2\/product_tag?post=38920"}],"curies":[{"name":"wp","href":"https:\/\/api.w.org\/{rel}","templated":true}]}}