{"id":38900,"date":"2021-05-20T12:06:35","date_gmt":"2021-05-20T11:06:35","guid":{"rendered":"https:\/\/www.istegroup.com\/?post_type=product&#038;p=38900"},"modified":"2024-01-03T13:44:16","modified_gmt":"2024-01-03T13:44:16","slug":"la-mer-mediterranee-face-au-changement-global-1","status":"publish","type":"product","link":"https:\/\/www.istegroup.com\/fr\/produit\/la-mer-mediterranee-face-au-changement-global-1\/","title":{"rendered":"La mer M\u00e9diterran\u00e9e face au changement global 1"},"content":{"rendered":"<p>En raison de ses caract\u00e9ristiques particuli\u00e8res, la mer M\u00e9diterran\u00e9e est souvent consid\u00e9r\u00e9e comme un mod\u00e8le de l\u2019oc\u00e9an mondial. Ses dimensions r\u00e9duites et sa circulation hydrologique particuli\u00e8re la rendent tr\u00e8s sensible aux contraintes environnementales et climatiques qui \u00e9voluent rapidement.<\/p>\n<p>La M\u00e9diterran\u00e9e est un site id\u00e9al pour comprendre un certain nombre de processus oc\u00e9anographiques cl\u00e9s, en particulier la mer Ligure o\u00f9 les conditions oc\u00e9aniques se trouvent \u00e0 proximit\u00e9 des c\u00f4tes, en raison de sa g\u00e9ologie particuli\u00e8re. Une station d\u2019observation a \u00e9t\u00e9 \u00e9tablie au large pour produire des s\u00e9ries chronologiques de donn\u00e9es. Cet ouvrage divis\u00e9 en deux volumes synth\u00e9tise cet important ensemble de donn\u00e9es et de connaissances. Il fournit des \u00e9l\u00e9ments cl\u00e9s de l\u2019oc\u00e9anographie dans un monde en mutation.<\/p>\n<p>Ce volume 1 pr\u00e9sente les conditions g\u00e9omorphologiques, physiques et chimiques de la mer Ligure ainsi que les premi\u00e8res bases de la dynamique biologique qu\u2019elles d\u00e9terminent, c\u2019est-\u00e0-dire les productions phytoplanctonique et bact\u00e9rienne.<\/p>\n<p><a class=\"button\" style=\"margin-right: 10%\" href=\"https:\/\/www.istegroup.com\/wp-content\/uploads\/2021\/02\/732_La-mer-Mediterranee-face-au-changement-global-1_Migon_TOC.pdf\" target=\"_blank\" rel=\"noopener noreferrer\">Table des mati\u00e8res<\/a><a class=\"button\" style=\"margin-left: 10%\" href=\"https:\/\/www.istegroup.com\/wp-content\/uploads\/2021\/02\/732_La-mer-Mediterranee-face-au-changement-global-1_Migon_Premiere-partie.pdf\" target=\"_blank\" rel=\"noopener noreferrer\">Introduction<\/a><\/p>","protected":false},"excerpt":{"rendered":"<p>En raison de ses caract\u00e9ristiques particuli\u00e8res, la mer M\u00e9diterran\u00e9e est souvent consid\u00e9r\u00e9e comme un mod\u00e8le de l\u2019oc\u00e9an mondial. Ses dimensions r\u00e9duites et sa circulation hydrologique particuli\u00e8re la rendent tr\u00e8s sensible aux contraintes environnementales et climatiques qui \u00e9voluent rapidement. La M\u00e9diterran\u00e9e est un site id\u00e9al pour comprendre un certain nombre de processus oc\u00e9anographiques cl\u00e9s, en particulier [&hellip;]<\/p>\n","protected":false},"featured_media":38915,"template":"","meta":{"_acf_changed":false,"_links_to":"","_links_to_target":""},"product_brand":[],"product_cat":[3262],"product_tag":[],"class_list":{"0":"post-38900","1":"product","2":"type-product","3":"status-publish","4":"has-post-thumbnail","6":"product_cat-non-classe","8":"first","9":"instock","10":"shipping-taxable","11":"purchasable","12":"product-type-variable"},"acf":[],"yoast_head":"<!-- This site is optimized with the Yoast SEO plugin v27.2 - https:\/\/yoast.com\/product\/yoast-seo-wordpress\/ -->\n<title>La mer M\u00e9diterran\u00e9e face au changement global 1 - ISTE Group<\/title>\n<meta name=\"description\" content=\"Ce volume 1 pr\u00e9sente les conditions g\u00e9omorphologiques, physiques et chimiques de la mer Ligure ainsi que les premi\u00e8res bases de la dynamique biologique qu\u2019elles d\u00e9terminent.\" \/>\n<meta name=\"robots\" content=\"index, follow, max-snippet:-1, max-image-preview:large, max-video-preview:-1\" \/>\n<link rel=\"canonical\" href=\"https:\/\/www.istegroup.com\/produit\/la-mer-mediterranee-face-au-changement-global-1\/\" \/>\n<meta property=\"og:locale\" content=\"fr_FR\" \/>\n<meta property=\"og:type\" content=\"article\" \/>\n<meta property=\"og:title\" content=\"La mer M\u00e9diterran\u00e9e face au changement global 1 - ISTE Group\" \/>\n<meta property=\"og:description\" content=\"Ce volume 1 pr\u00e9sente les conditions g\u00e9omorphologiques, physiques et chimiques de la mer Ligure ainsi que les premi\u00e8res bases de la dynamique biologique qu\u2019elles d\u00e9terminent.\" \/>\n<meta property=\"og:url\" content=\"https:\/\/www.istegroup.com\/produit\/la-mer-mediterranee-face-au-changement-global-1\/\" \/>\n<meta property=\"og:site_name\" content=\"ISTE Group\" \/>\n<meta property=\"article:modified_time\" content=\"2024-01-03T13:44:16+00:00\" \/>\n<meta property=\"og:image\" content=\"https:\/\/www.istegroup.com\/wp-content\/uploads\/2021\/02\/La-mer-Mediterranee-face-au-changement-global-1.jpg\" \/>\n\t<meta property=\"og:image:width\" content=\"300\" \/>\n\t<meta property=\"og:image:height\" content=\"451\" \/>\n\t<meta property=\"og:image:type\" content=\"image\/jpeg\" \/>\n<meta name=\"twitter:card\" content=\"summary_large_image\" \/>\n<meta name=\"twitter:label1\" content=\"Est. reading time\" \/>\n\t<meta name=\"twitter:data1\" content=\"1 minute\" \/>\n<script type=\"application\/ld+json\" class=\"yoast-schema-graph\">{\"@context\":\"https:\/\/schema.org\",\"@graph\":[{\"@type\":\"WebPage\",\"@id\":\"https:\/\/www.istegroup.com\/produit\/la-mer-mediterranee-face-au-changement-global-1\/\",\"url\":\"https:\/\/www.istegroup.com\/produit\/la-mer-mediterranee-face-au-changement-global-1\/\",\"name\":\"La mer M\u00e9diterran\u00e9e face au changement global 1 - ISTE Group\",\"isPartOf\":{\"@id\":\"https:\/\/www.istegroup.com\/#website\"},\"primaryImageOfPage\":{\"@id\":\"https:\/\/www.istegroup.com\/produit\/la-mer-mediterranee-face-au-changement-global-1\/#primaryimage\"},\"image\":{\"@id\":\"https:\/\/www.istegroup.com\/produit\/la-mer-mediterranee-face-au-changement-global-1\/#primaryimage\"},\"thumbnailUrl\":\"https:\/\/www.istegroup.com\/wp-content\/uploads\/2021\/02\/La-mer-Mediterranee-face-au-changement-global-1.jpg\",\"datePublished\":\"2021-05-20T11:06:35+00:00\",\"dateModified\":\"2024-01-03T13:44:16+00:00\",\"description\":\"Ce volume 1 pr\u00e9sente les conditions g\u00e9omorphologiques, physiques et chimiques de la mer Ligure ainsi que les premi\u00e8res bases de la dynamique biologique qu\u2019elles d\u00e9terminent.\",\"breadcrumb\":{\"@id\":\"https:\/\/www.istegroup.com\/produit\/la-mer-mediterranee-face-au-changement-global-1\/#breadcrumb\"},\"inLanguage\":\"fr-FR\",\"potentialAction\":[{\"@type\":\"ReadAction\",\"target\":[\"https:\/\/www.istegroup.com\/produit\/la-mer-mediterranee-face-au-changement-global-1\/\"]}]},{\"@type\":\"ImageObject\",\"inLanguage\":\"fr-FR\",\"@id\":\"https:\/\/www.istegroup.com\/produit\/la-mer-mediterranee-face-au-changement-global-1\/#primaryimage\",\"url\":\"https:\/\/www.istegroup.com\/wp-content\/uploads\/2021\/02\/La-mer-Mediterranee-face-au-changement-global-1.jpg\",\"contentUrl\":\"https:\/\/www.istegroup.com\/wp-content\/uploads\/2021\/02\/La-mer-Mediterranee-face-au-changement-global-1.jpg\",\"width\":300,\"height\":451,\"caption\":\"Livre scientifique - La mer M\u00e9diterran\u00e9e face au changement global 1 - Christophe Migon, Paul Nival, Antoine Sciandra\"},{\"@type\":\"BreadcrumbList\",\"@id\":\"https:\/\/www.istegroup.com\/produit\/la-mer-mediterranee-face-au-changement-global-1\/#breadcrumb\",\"itemListElement\":[{\"@type\":\"ListItem\",\"position\":1,\"name\":\"Home\",\"item\":\"https:\/\/www.istegroup.com\/\"},{\"@type\":\"ListItem\",\"position\":2,\"name\":\"Shop\",\"item\":\"https:\/\/www.istegroup.com\/fr\/nouveautes\/\"},{\"@type\":\"ListItem\",\"position\":3,\"name\":\"La mer M\u00e9diterran\u00e9e face au changement global 1\"}]},{\"@type\":\"WebSite\",\"@id\":\"https:\/\/www.istegroup.com\/#website\",\"url\":\"https:\/\/www.istegroup.com\/\",\"name\":\"ISTE Group\",\"description\":\"\u00c9diteur des Sciences\",\"potentialAction\":[{\"@type\":\"SearchAction\",\"target\":{\"@type\":\"EntryPoint\",\"urlTemplate\":\"https:\/\/www.istegroup.com\/?s={search_term_string}\"},\"query-input\":{\"@type\":\"PropertyValueSpecification\",\"valueRequired\":true,\"valueName\":\"search_term_string\"}}],\"inLanguage\":\"fr-FR\"}]}<\/script>\n<!-- \/ Yoast SEO plugin. -->","yoast_head_json":{"title":"La mer M\u00e9diterran\u00e9e face au changement global 1 - ISTE Group","description":"Ce volume 1 pr\u00e9sente les conditions g\u00e9omorphologiques, physiques et chimiques de la mer Ligure ainsi que les premi\u00e8res bases de la dynamique biologique qu\u2019elles d\u00e9terminent.","robots":{"index":"index","follow":"follow","max-snippet":"max-snippet:-1","max-image-preview":"max-image-preview:large","max-video-preview":"max-video-preview:-1"},"canonical":"https:\/\/www.istegroup.com\/produit\/la-mer-mediterranee-face-au-changement-global-1\/","og_locale":"fr_FR","og_type":"article","og_title":"La mer M\u00e9diterran\u00e9e face au changement global 1 - ISTE Group","og_description":"Ce volume 1 pr\u00e9sente les conditions g\u00e9omorphologiques, physiques et chimiques de la mer Ligure ainsi que les premi\u00e8res bases de la dynamique biologique qu\u2019elles d\u00e9terminent.","og_url":"https:\/\/www.istegroup.com\/produit\/la-mer-mediterranee-face-au-changement-global-1\/","og_site_name":"ISTE Group","article_modified_time":"2024-01-03T13:44:16+00:00","og_image":[{"width":300,"height":451,"url":"https:\/\/www.istegroup.com\/wp-content\/uploads\/2021\/02\/La-mer-Mediterranee-face-au-changement-global-1.jpg","type":"image\/jpeg"}],"twitter_card":"summary_large_image","twitter_misc":{"Est. reading time":"1 minute"},"schema":{"@context":"https:\/\/schema.org","@graph":[{"@type":"WebPage","@id":"https:\/\/www.istegroup.com\/produit\/la-mer-mediterranee-face-au-changement-global-1\/","url":"https:\/\/www.istegroup.com\/produit\/la-mer-mediterranee-face-au-changement-global-1\/","name":"La mer M\u00e9diterran\u00e9e face au changement global 1 - ISTE Group","isPartOf":{"@id":"https:\/\/www.istegroup.com\/#website"},"primaryImageOfPage":{"@id":"https:\/\/www.istegroup.com\/produit\/la-mer-mediterranee-face-au-changement-global-1\/#primaryimage"},"image":{"@id":"https:\/\/www.istegroup.com\/produit\/la-mer-mediterranee-face-au-changement-global-1\/#primaryimage"},"thumbnailUrl":"https:\/\/www.istegroup.com\/wp-content\/uploads\/2021\/02\/La-mer-Mediterranee-face-au-changement-global-1.jpg","datePublished":"2021-05-20T11:06:35+00:00","dateModified":"2024-01-03T13:44:16+00:00","description":"Ce volume 1 pr\u00e9sente les conditions g\u00e9omorphologiques, physiques et chimiques de la mer Ligure ainsi que les premi\u00e8res bases de la dynamique biologique qu\u2019elles d\u00e9terminent.","breadcrumb":{"@id":"https:\/\/www.istegroup.com\/produit\/la-mer-mediterranee-face-au-changement-global-1\/#breadcrumb"},"inLanguage":"fr-FR","potentialAction":[{"@type":"ReadAction","target":["https:\/\/www.istegroup.com\/produit\/la-mer-mediterranee-face-au-changement-global-1\/"]}]},{"@type":"ImageObject","inLanguage":"fr-FR","@id":"https:\/\/www.istegroup.com\/produit\/la-mer-mediterranee-face-au-changement-global-1\/#primaryimage","url":"https:\/\/www.istegroup.com\/wp-content\/uploads\/2021\/02\/La-mer-Mediterranee-face-au-changement-global-1.jpg","contentUrl":"https:\/\/www.istegroup.com\/wp-content\/uploads\/2021\/02\/La-mer-Mediterranee-face-au-changement-global-1.jpg","width":300,"height":451,"caption":"Livre scientifique - La mer M\u00e9diterran\u00e9e face au changement global 1 - Christophe Migon, Paul Nival, Antoine Sciandra"},{"@type":"BreadcrumbList","@id":"https:\/\/www.istegroup.com\/produit\/la-mer-mediterranee-face-au-changement-global-1\/#breadcrumb","itemListElement":[{"@type":"ListItem","position":1,"name":"Home","item":"https:\/\/www.istegroup.com\/"},{"@type":"ListItem","position":2,"name":"Shop","item":"https:\/\/www.istegroup.com\/fr\/nouveautes\/"},{"@type":"ListItem","position":3,"name":"La mer M\u00e9diterran\u00e9e face au changement global 1"}]},{"@type":"WebSite","@id":"https:\/\/www.istegroup.com\/#website","url":"https:\/\/www.istegroup.com\/","name":"ISTE Group","description":"\u00c9diteur des Sciences","potentialAction":[{"@type":"SearchAction","target":{"@type":"EntryPoint","urlTemplate":"https:\/\/www.istegroup.com\/?s={search_term_string}"},"query-input":{"@type":"PropertyValueSpecification","valueRequired":true,"valueName":"search_term_string"}}],"inLanguage":"fr-FR"}]}},"_links":{"self":[{"href":"https:\/\/www.istegroup.com\/fr\/wp-json\/wp\/v2\/product\/38900","targetHints":{"allow":["GET"]}}],"collection":[{"href":"https:\/\/www.istegroup.com\/fr\/wp-json\/wp\/v2\/product"}],"about":[{"href":"https:\/\/www.istegroup.com\/fr\/wp-json\/wp\/v2\/types\/product"}],"wp:featuredmedia":[{"embeddable":true,"href":"https:\/\/www.istegroup.com\/fr\/wp-json\/wp\/v2\/media\/38915"}],"wp:attachment":[{"href":"https:\/\/www.istegroup.com\/fr\/wp-json\/wp\/v2\/media?parent=38900"}],"wp:term":[{"taxonomy":"product_brand","embeddable":true,"href":"https:\/\/www.istegroup.com\/fr\/wp-json\/wp\/v2\/product_brand?post=38900"},{"taxonomy":"product_cat","embeddable":true,"href":"https:\/\/www.istegroup.com\/fr\/wp-json\/wp\/v2\/product_cat?post=38900"},{"taxonomy":"product_tag","embeddable":true,"href":"https:\/\/www.istegroup.com\/fr\/wp-json\/wp\/v2\/product_tag?post=38900"}],"curies":[{"name":"wp","href":"https:\/\/api.w.org\/{rel}","templated":true}]}}