{"id":38879,"date":"2021-04-10T10:10:43","date_gmt":"2021-04-10T09:10:43","guid":{"rendered":"https:\/\/www.istegroup.com\/?post_type=product&#038;p=38879"},"modified":"2024-01-03T13:44:05","modified_gmt":"2024-01-03T13:44:05","slug":"communications-numeriques-en-sante","status":"publish","type":"product","link":"https:\/\/www.istegroup.com\/fr\/produit\/communications-numeriques-en-sante\/","title":{"rendered":"Communications num\u00e9riques en sant\u00e9"},"content":{"rendered":"<p>Controverses sur la gestion des crises sanitaires, recherche d\u2019informations sur les sympt\u00f4mes, fausses informations sur les traitements \u00e9mergents, usage massif d\u2019outils collaboratifs par les professionnels de sant\u00e9, d\u00e9ploiement d\u2019applications de tra\u00e7age des malades infect\u00e9s\u2026 La crise de la COVID-19 repr\u00e9sente un exemple pertinent de la n\u00e9cessit\u00e9 de la recherche en communication num\u00e9rique permettant de comprendre le contexte info-communicationnel en sant\u00e9 actuel.<\/p>\n<p>Apr\u00e8s un tour d\u2019horizon des enjeux du num\u00e9rique en sant\u00e9, cet ouvrage offre un regard critique sur les limites organisationnelles et professionnelles des usages des TIC pour les malades, leurs aidants et les professionnels du soin. Il analyse les liens entre TIC et \u00e9thique du soin (<em>care<\/em>) o\u00f9 la communication en sant\u00e9 participe d\u2019une prise en charge globale, humaniste et \u00e9mancipatrice pour les patients et les aidants. Il pr\u00e9sente les nouvelles formes num\u00e9ris\u00e9es de la m\u00e9diation des savoirs en sant\u00e9 qui voient, \u00e0 travers Internet, une mise en concurrence des savoirs experts biom\u00e9dicaux et des savoirs profanes exp\u00e9rientiels.<\/p>\n<p><a class=\"button\" style=\"margin-right: 10%\" href=\"https:\/\/www.istegroup.com\/wp-content\/uploads\/2021\/02\/744_Communications-numeriques-en-sante_Cordelier_TOC.pdf\" target=\"_blank\" rel=\"noopener noreferrer\">Table des mati\u00e8res<\/a><a class=\"button\" style=\"margin-left: 10%\" href=\"https:\/\/www.istegroup.com\/wp-content\/uploads\/2021\/02\/744_Communications-numeriques-en-sante_Cordelier_Premiere-partie.pdf\" target=\"_blank\" rel=\"noopener noreferrer\">Avant-propos et Introduction<\/a><\/p>","protected":false},"excerpt":{"rendered":"<p>Controverses sur la gestion des crises sanitaires, recherche d\u2019informations sur les sympt\u00f4mes, fausses informations sur les traitements \u00e9mergents, usage massif d\u2019outils collaboratifs par les professionnels de sant\u00e9, d\u00e9ploiement d\u2019applications de tra\u00e7age des malades infect\u00e9s\u2026 La crise de la COVID-19 repr\u00e9sente un exemple pertinent de la n\u00e9cessit\u00e9 de la recherche en communication num\u00e9rique permettant de comprendre [&hellip;]<\/p>\n","protected":false},"featured_media":38886,"template":"","meta":{"_acf_changed":false,"_links_to":"","_links_to_target":""},"product_brand":[],"product_cat":[3262],"product_tag":[],"class_list":{"0":"post-38879","1":"product","2":"type-product","3":"status-publish","4":"has-post-thumbnail","6":"product_cat-non-classe","8":"first","9":"instock","10":"shipping-taxable","11":"purchasable","12":"product-type-variable"},"acf":[],"yoast_head":"<!-- This site is optimized with the Yoast SEO plugin v27.2 - https:\/\/yoast.com\/product\/yoast-seo-wordpress\/ -->\n<title>Communications num\u00e9riques en sant\u00e9 - ISTE Group<\/title>\n<meta name=\"description\" content=\"Apr\u00e8s un tour d\u2019horizon des enjeux du num\u00e9rique en sant\u00e9, cet ouvrage offre un regard critique sur les limites organisationnelles et professionnelles des usages des TIC pour les malades, leurs aidants et les professionnels du soin.\" \/>\n<meta name=\"robots\" content=\"index, follow, max-snippet:-1, max-image-preview:large, max-video-preview:-1\" \/>\n<link rel=\"canonical\" href=\"https:\/\/www.istegroup.com\/produit\/communications-numeriques-en-sante\/\" \/>\n<meta property=\"og:locale\" content=\"fr_FR\" \/>\n<meta property=\"og:type\" content=\"article\" \/>\n<meta property=\"og:title\" content=\"Communications num\u00e9riques en sant\u00e9 - ISTE Group\" \/>\n<meta property=\"og:description\" content=\"Apr\u00e8s un tour d\u2019horizon des enjeux du num\u00e9rique en sant\u00e9, cet ouvrage offre un regard critique sur les limites organisationnelles et professionnelles des usages des TIC pour les malades, leurs aidants et les professionnels du soin.\" \/>\n<meta property=\"og:url\" content=\"https:\/\/www.istegroup.com\/produit\/communications-numeriques-en-sante\/\" \/>\n<meta property=\"og:site_name\" content=\"ISTE Group\" \/>\n<meta property=\"article:modified_time\" content=\"2024-01-03T13:44:05+00:00\" \/>\n<meta property=\"og:image\" content=\"https:\/\/www.istegroup.com\/wp-content\/uploads\/2021\/02\/Communications-numeriques-en-sante.jpg\" \/>\n\t<meta property=\"og:image:width\" content=\"300\" \/>\n\t<meta property=\"og:image:height\" content=\"454\" \/>\n\t<meta property=\"og:image:type\" content=\"image\/jpeg\" \/>\n<meta name=\"twitter:card\" content=\"summary_large_image\" \/>\n<meta name=\"twitter:label1\" content=\"Est. reading time\" \/>\n\t<meta name=\"twitter:data1\" content=\"1 minute\" \/>\n<script type=\"application\/ld+json\" class=\"yoast-schema-graph\">{\"@context\":\"https:\/\/schema.org\",\"@graph\":[{\"@type\":\"WebPage\",\"@id\":\"https:\/\/www.istegroup.com\/produit\/communications-numeriques-en-sante\/\",\"url\":\"https:\/\/www.istegroup.com\/produit\/communications-numeriques-en-sante\/\",\"name\":\"Communications num\u00e9riques en sant\u00e9 - ISTE Group\",\"isPartOf\":{\"@id\":\"https:\/\/www.istegroup.com\/#website\"},\"primaryImageOfPage\":{\"@id\":\"https:\/\/www.istegroup.com\/produit\/communications-numeriques-en-sante\/#primaryimage\"},\"image\":{\"@id\":\"https:\/\/www.istegroup.com\/produit\/communications-numeriques-en-sante\/#primaryimage\"},\"thumbnailUrl\":\"https:\/\/www.istegroup.com\/wp-content\/uploads\/2021\/02\/Communications-numeriques-en-sante.jpg\",\"datePublished\":\"2021-04-10T09:10:43+00:00\",\"dateModified\":\"2024-01-03T13:44:05+00:00\",\"description\":\"Apr\u00e8s un tour d\u2019horizon des enjeux du num\u00e9rique en sant\u00e9, cet ouvrage offre un regard critique sur les limites organisationnelles et professionnelles des usages des TIC pour les malades, leurs aidants et les professionnels du soin.\",\"breadcrumb\":{\"@id\":\"https:\/\/www.istegroup.com\/produit\/communications-numeriques-en-sante\/#breadcrumb\"},\"inLanguage\":\"fr-FR\",\"potentialAction\":[{\"@type\":\"ReadAction\",\"target\":[\"https:\/\/www.istegroup.com\/produit\/communications-numeriques-en-sante\/\"]}]},{\"@type\":\"ImageObject\",\"inLanguage\":\"fr-FR\",\"@id\":\"https:\/\/www.istegroup.com\/produit\/communications-numeriques-en-sante\/#primaryimage\",\"url\":\"https:\/\/www.istegroup.com\/wp-content\/uploads\/2021\/02\/Communications-numeriques-en-sante.jpg\",\"contentUrl\":\"https:\/\/www.istegroup.com\/wp-content\/uploads\/2021\/02\/Communications-numeriques-en-sante.jpg\",\"width\":300,\"height\":454,\"caption\":\"Livre scientifique - Communications num\u00e9riques en sant\u00e9 - Benoit Cordelier, Olivier Galibert\"},{\"@type\":\"BreadcrumbList\",\"@id\":\"https:\/\/www.istegroup.com\/produit\/communications-numeriques-en-sante\/#breadcrumb\",\"itemListElement\":[{\"@type\":\"ListItem\",\"position\":1,\"name\":\"Home\",\"item\":\"https:\/\/www.istegroup.com\/\"},{\"@type\":\"ListItem\",\"position\":2,\"name\":\"Shop\",\"item\":\"https:\/\/www.istegroup.com\/fr\/nouveautes\/\"},{\"@type\":\"ListItem\",\"position\":3,\"name\":\"Communications num\u00e9riques en sant\u00e9\"}]},{\"@type\":\"WebSite\",\"@id\":\"https:\/\/www.istegroup.com\/#website\",\"url\":\"https:\/\/www.istegroup.com\/\",\"name\":\"ISTE Group\",\"description\":\"\u00c9diteur des Sciences\",\"potentialAction\":[{\"@type\":\"SearchAction\",\"target\":{\"@type\":\"EntryPoint\",\"urlTemplate\":\"https:\/\/www.istegroup.com\/?s={search_term_string}\"},\"query-input\":{\"@type\":\"PropertyValueSpecification\",\"valueRequired\":true,\"valueName\":\"search_term_string\"}}],\"inLanguage\":\"fr-FR\"}]}<\/script>\n<!-- \/ Yoast SEO plugin. -->","yoast_head_json":{"title":"Communications num\u00e9riques en sant\u00e9 - ISTE Group","description":"Apr\u00e8s un tour d\u2019horizon des enjeux du num\u00e9rique en sant\u00e9, cet ouvrage offre un regard critique sur les limites organisationnelles et professionnelles des usages des TIC pour les malades, leurs aidants et les professionnels du soin.","robots":{"index":"index","follow":"follow","max-snippet":"max-snippet:-1","max-image-preview":"max-image-preview:large","max-video-preview":"max-video-preview:-1"},"canonical":"https:\/\/www.istegroup.com\/produit\/communications-numeriques-en-sante\/","og_locale":"fr_FR","og_type":"article","og_title":"Communications num\u00e9riques en sant\u00e9 - ISTE Group","og_description":"Apr\u00e8s un tour d\u2019horizon des enjeux du num\u00e9rique en sant\u00e9, cet ouvrage offre un regard critique sur les limites organisationnelles et professionnelles des usages des TIC pour les malades, leurs aidants et les professionnels du soin.","og_url":"https:\/\/www.istegroup.com\/produit\/communications-numeriques-en-sante\/","og_site_name":"ISTE Group","article_modified_time":"2024-01-03T13:44:05+00:00","og_image":[{"width":300,"height":454,"url":"https:\/\/www.istegroup.com\/wp-content\/uploads\/2021\/02\/Communications-numeriques-en-sante.jpg","type":"image\/jpeg"}],"twitter_card":"summary_large_image","twitter_misc":{"Est. reading time":"1 minute"},"schema":{"@context":"https:\/\/schema.org","@graph":[{"@type":"WebPage","@id":"https:\/\/www.istegroup.com\/produit\/communications-numeriques-en-sante\/","url":"https:\/\/www.istegroup.com\/produit\/communications-numeriques-en-sante\/","name":"Communications num\u00e9riques en sant\u00e9 - ISTE Group","isPartOf":{"@id":"https:\/\/www.istegroup.com\/#website"},"primaryImageOfPage":{"@id":"https:\/\/www.istegroup.com\/produit\/communications-numeriques-en-sante\/#primaryimage"},"image":{"@id":"https:\/\/www.istegroup.com\/produit\/communications-numeriques-en-sante\/#primaryimage"},"thumbnailUrl":"https:\/\/www.istegroup.com\/wp-content\/uploads\/2021\/02\/Communications-numeriques-en-sante.jpg","datePublished":"2021-04-10T09:10:43+00:00","dateModified":"2024-01-03T13:44:05+00:00","description":"Apr\u00e8s un tour d\u2019horizon des enjeux du num\u00e9rique en sant\u00e9, cet ouvrage offre un regard critique sur les limites organisationnelles et professionnelles des usages des TIC pour les malades, leurs aidants et les professionnels du soin.","breadcrumb":{"@id":"https:\/\/www.istegroup.com\/produit\/communications-numeriques-en-sante\/#breadcrumb"},"inLanguage":"fr-FR","potentialAction":[{"@type":"ReadAction","target":["https:\/\/www.istegroup.com\/produit\/communications-numeriques-en-sante\/"]}]},{"@type":"ImageObject","inLanguage":"fr-FR","@id":"https:\/\/www.istegroup.com\/produit\/communications-numeriques-en-sante\/#primaryimage","url":"https:\/\/www.istegroup.com\/wp-content\/uploads\/2021\/02\/Communications-numeriques-en-sante.jpg","contentUrl":"https:\/\/www.istegroup.com\/wp-content\/uploads\/2021\/02\/Communications-numeriques-en-sante.jpg","width":300,"height":454,"caption":"Livre scientifique - Communications num\u00e9riques en sant\u00e9 - Benoit Cordelier, Olivier Galibert"},{"@type":"BreadcrumbList","@id":"https:\/\/www.istegroup.com\/produit\/communications-numeriques-en-sante\/#breadcrumb","itemListElement":[{"@type":"ListItem","position":1,"name":"Home","item":"https:\/\/www.istegroup.com\/"},{"@type":"ListItem","position":2,"name":"Shop","item":"https:\/\/www.istegroup.com\/fr\/nouveautes\/"},{"@type":"ListItem","position":3,"name":"Communications num\u00e9riques en sant\u00e9"}]},{"@type":"WebSite","@id":"https:\/\/www.istegroup.com\/#website","url":"https:\/\/www.istegroup.com\/","name":"ISTE Group","description":"\u00c9diteur des Sciences","potentialAction":[{"@type":"SearchAction","target":{"@type":"EntryPoint","urlTemplate":"https:\/\/www.istegroup.com\/?s={search_term_string}"},"query-input":{"@type":"PropertyValueSpecification","valueRequired":true,"valueName":"search_term_string"}}],"inLanguage":"fr-FR"}]}},"_links":{"self":[{"href":"https:\/\/www.istegroup.com\/fr\/wp-json\/wp\/v2\/product\/38879","targetHints":{"allow":["GET"]}}],"collection":[{"href":"https:\/\/www.istegroup.com\/fr\/wp-json\/wp\/v2\/product"}],"about":[{"href":"https:\/\/www.istegroup.com\/fr\/wp-json\/wp\/v2\/types\/product"}],"wp:featuredmedia":[{"embeddable":true,"href":"https:\/\/www.istegroup.com\/fr\/wp-json\/wp\/v2\/media\/38886"}],"wp:attachment":[{"href":"https:\/\/www.istegroup.com\/fr\/wp-json\/wp\/v2\/media?parent=38879"}],"wp:term":[{"taxonomy":"product_brand","embeddable":true,"href":"https:\/\/www.istegroup.com\/fr\/wp-json\/wp\/v2\/product_brand?post=38879"},{"taxonomy":"product_cat","embeddable":true,"href":"https:\/\/www.istegroup.com\/fr\/wp-json\/wp\/v2\/product_cat?post=38879"},{"taxonomy":"product_tag","embeddable":true,"href":"https:\/\/www.istegroup.com\/fr\/wp-json\/wp\/v2\/product_tag?post=38879"}],"curies":[{"name":"wp","href":"https:\/\/api.w.org\/{rel}","templated":true}]}}