{"id":38791,"date":"2021-04-10T09:00:34","date_gmt":"2021-04-10T08:00:34","guid":{"rendered":"https:\/\/www.istegroup.com\/?post_type=product&#038;p=38791"},"modified":"2024-01-03T13:44:04","modified_gmt":"2024-01-03T13:44:04","slug":"migration-et-changement-climatique","status":"publish","type":"product","link":"https:\/\/www.istegroup.com\/fr\/produit\/migration-et-changement-climatique\/","title":{"rendered":"Migration et changement climatique"},"content":{"rendered":"<p>Cet ouvrage vise \u00e0 mieux saisir la mani\u00e8re dont les cultures humaines interagissent au regard du changement climatique. Il conjugue le pass\u00e9 et le pr\u00e9sent sur une longue p\u00e9riode allant des premi\u00e8res formes d\u2019organisation \u00e0 la gestion organisationnelle dans le monde contemporain.<\/p>\n<p><em>Migration et changement climatique<\/em> emprunte une approche initi\u00e9e par le philosophe Michel Foucault qui d\u00e9finit la spiritualit\u00e9 comme la recherche, la pratique, l\u2019exp\u00e9rience par lesquelles le sujet op\u00e8re sur lui-m\u00eame les transformations n\u00e9cessaires pour acc\u00e9der \u00e0 la v\u00e9rit\u00e9.<\/p>\n<p>L\u2019ouvrage analyse les changements climatiques de grande ampleur qui apportent des transformations significatives dans les premi\u00e8res cultures humaines. Il s\u2019interroge \u00e9galement, en temps de changement climatique d\u2019origine anthropique, sur le r\u00f4le des organisations et les \u00e9laborations de nouveaux cadres d\u2019action.<\/p>\n<p><a class=\"button\" style=\"margin-right: 10%\" href=\"https:\/\/www.istegroup.com\/wp-content\/uploads\/2020\/02\/721_Migration-et-changement-climatique_Alaktif_TOC.pdf\" target=\"_blank\" rel=\"noopener noreferrer\">Table des mati\u00e8res<\/a><a class=\"button\" style=\"margin-left: 10%\" href=\"https:\/\/www.istegroup.com\/wp-content\/uploads\/2020\/02\/721_Migration-et-changement-climatique_Alaktif_Premiere-partie.pdf\" target=\"_blank\" rel=\"noopener noreferrer\">Introduction<\/a><\/p>","protected":false},"excerpt":{"rendered":"<p>Cet ouvrage vise \u00e0 mieux saisir la mani\u00e8re dont les cultures humaines interagissent au regard du changement climatique. Il conjugue le pass\u00e9 et le pr\u00e9sent sur une longue p\u00e9riode allant des premi\u00e8res formes d\u2019organisation \u00e0 la gestion organisationnelle dans le monde contemporain. Migration et changement climatique emprunte une approche initi\u00e9e par le philosophe Michel Foucault [&hellip;]<\/p>\n","protected":false},"featured_media":38841,"template":"","meta":{"_acf_changed":false,"_links_to":"","_links_to_target":""},"product_brand":[],"product_cat":[3262],"product_tag":[],"class_list":{"0":"post-38791","1":"product","2":"type-product","3":"status-publish","4":"has-post-thumbnail","6":"product_cat-non-classe","8":"first","9":"instock","10":"shipping-taxable","11":"purchasable","12":"product-type-variable"},"acf":[],"yoast_head":"<!-- This site is optimized with the Yoast SEO plugin v27.2 - https:\/\/yoast.com\/product\/yoast-seo-wordpress\/ -->\n<title>Migration et changement climatique - ISTE Group<\/title>\n<meta name=\"description\" content=\"Migration et changement climatique vise \u00e0 mieux saisir la mani\u00e8re dont les cultures humaines interagissent au regard du changement climatique.\" \/>\n<meta name=\"robots\" content=\"index, follow, max-snippet:-1, max-image-preview:large, max-video-preview:-1\" \/>\n<link rel=\"canonical\" href=\"https:\/\/www.istegroup.com\/produit\/migration-et-changement-climatique\/\" \/>\n<meta property=\"og:locale\" content=\"fr_FR\" \/>\n<meta property=\"og:type\" content=\"article\" \/>\n<meta property=\"og:title\" content=\"Migration et changement climatique - ISTE Group\" \/>\n<meta property=\"og:description\" content=\"Migration et changement climatique vise \u00e0 mieux saisir la mani\u00e8re dont les cultures humaines interagissent au regard du changement climatique.\" \/>\n<meta property=\"og:url\" content=\"https:\/\/www.istegroup.com\/produit\/migration-et-changement-climatique\/\" \/>\n<meta property=\"og:site_name\" content=\"ISTE Group\" \/>\n<meta property=\"article:modified_time\" content=\"2024-01-03T13:44:04+00:00\" \/>\n<meta property=\"og:image\" content=\"https:\/\/www.istegroup.com\/wp-content\/uploads\/2021\/02\/Migration-et-changement-climatique.jpg\" \/>\n\t<meta property=\"og:image:width\" content=\"300\" \/>\n\t<meta property=\"og:image:height\" content=\"452\" \/>\n\t<meta property=\"og:image:type\" content=\"image\/jpeg\" \/>\n<meta name=\"twitter:card\" content=\"summary_large_image\" \/>\n<meta name=\"twitter:label1\" content=\"Est. reading time\" \/>\n\t<meta name=\"twitter:data1\" content=\"1 minute\" \/>\n<script type=\"application\/ld+json\" class=\"yoast-schema-graph\">{\"@context\":\"https:\/\/schema.org\",\"@graph\":[{\"@type\":\"WebPage\",\"@id\":\"https:\/\/www.istegroup.com\/produit\/migration-et-changement-climatique\/\",\"url\":\"https:\/\/www.istegroup.com\/produit\/migration-et-changement-climatique\/\",\"name\":\"Migration et changement climatique - ISTE Group\",\"isPartOf\":{\"@id\":\"https:\/\/www.istegroup.com\/#website\"},\"primaryImageOfPage\":{\"@id\":\"https:\/\/www.istegroup.com\/produit\/migration-et-changement-climatique\/#primaryimage\"},\"image\":{\"@id\":\"https:\/\/www.istegroup.com\/produit\/migration-et-changement-climatique\/#primaryimage\"},\"thumbnailUrl\":\"https:\/\/www.istegroup.com\/wp-content\/uploads\/2021\/02\/Migration-et-changement-climatique.jpg\",\"datePublished\":\"2021-04-10T08:00:34+00:00\",\"dateModified\":\"2024-01-03T13:44:04+00:00\",\"description\":\"Migration et changement climatique vise \u00e0 mieux saisir la mani\u00e8re dont les cultures humaines interagissent au regard du changement climatique.\",\"breadcrumb\":{\"@id\":\"https:\/\/www.istegroup.com\/produit\/migration-et-changement-climatique\/#breadcrumb\"},\"inLanguage\":\"fr-FR\",\"potentialAction\":[{\"@type\":\"ReadAction\",\"target\":[\"https:\/\/www.istegroup.com\/produit\/migration-et-changement-climatique\/\"]}]},{\"@type\":\"ImageObject\",\"inLanguage\":\"fr-FR\",\"@id\":\"https:\/\/www.istegroup.com\/produit\/migration-et-changement-climatique\/#primaryimage\",\"url\":\"https:\/\/www.istegroup.com\/wp-content\/uploads\/2021\/02\/Migration-et-changement-climatique.jpg\",\"contentUrl\":\"https:\/\/www.istegroup.com\/wp-content\/uploads\/2021\/02\/Migration-et-changement-climatique.jpg\",\"width\":300,\"height\":452,\"caption\":\"Livre scientifique - Migration et changement climatique - Jamila Alaktif, St\u00e9phane Callens\"},{\"@type\":\"BreadcrumbList\",\"@id\":\"https:\/\/www.istegroup.com\/produit\/migration-et-changement-climatique\/#breadcrumb\",\"itemListElement\":[{\"@type\":\"ListItem\",\"position\":1,\"name\":\"Home\",\"item\":\"https:\/\/www.istegroup.com\/\"},{\"@type\":\"ListItem\",\"position\":2,\"name\":\"Shop\",\"item\":\"https:\/\/www.istegroup.com\/fr\/nouveautes\/\"},{\"@type\":\"ListItem\",\"position\":3,\"name\":\"Migration et changement climatique\"}]},{\"@type\":\"WebSite\",\"@id\":\"https:\/\/www.istegroup.com\/#website\",\"url\":\"https:\/\/www.istegroup.com\/\",\"name\":\"ISTE Group\",\"description\":\"\u00c9diteur des Sciences\",\"potentialAction\":[{\"@type\":\"SearchAction\",\"target\":{\"@type\":\"EntryPoint\",\"urlTemplate\":\"https:\/\/www.istegroup.com\/?s={search_term_string}\"},\"query-input\":{\"@type\":\"PropertyValueSpecification\",\"valueRequired\":true,\"valueName\":\"search_term_string\"}}],\"inLanguage\":\"fr-FR\"}]}<\/script>\n<!-- \/ Yoast SEO plugin. -->","yoast_head_json":{"title":"Migration et changement climatique - ISTE Group","description":"Migration et changement climatique vise \u00e0 mieux saisir la mani\u00e8re dont les cultures humaines interagissent au regard du changement climatique.","robots":{"index":"index","follow":"follow","max-snippet":"max-snippet:-1","max-image-preview":"max-image-preview:large","max-video-preview":"max-video-preview:-1"},"canonical":"https:\/\/www.istegroup.com\/produit\/migration-et-changement-climatique\/","og_locale":"fr_FR","og_type":"article","og_title":"Migration et changement climatique - ISTE Group","og_description":"Migration et changement climatique vise \u00e0 mieux saisir la mani\u00e8re dont les cultures humaines interagissent au regard du changement climatique.","og_url":"https:\/\/www.istegroup.com\/produit\/migration-et-changement-climatique\/","og_site_name":"ISTE Group","article_modified_time":"2024-01-03T13:44:04+00:00","og_image":[{"width":300,"height":452,"url":"https:\/\/www.istegroup.com\/wp-content\/uploads\/2021\/02\/Migration-et-changement-climatique.jpg","type":"image\/jpeg"}],"twitter_card":"summary_large_image","twitter_misc":{"Est. reading time":"1 minute"},"schema":{"@context":"https:\/\/schema.org","@graph":[{"@type":"WebPage","@id":"https:\/\/www.istegroup.com\/produit\/migration-et-changement-climatique\/","url":"https:\/\/www.istegroup.com\/produit\/migration-et-changement-climatique\/","name":"Migration et changement climatique - ISTE Group","isPartOf":{"@id":"https:\/\/www.istegroup.com\/#website"},"primaryImageOfPage":{"@id":"https:\/\/www.istegroup.com\/produit\/migration-et-changement-climatique\/#primaryimage"},"image":{"@id":"https:\/\/www.istegroup.com\/produit\/migration-et-changement-climatique\/#primaryimage"},"thumbnailUrl":"https:\/\/www.istegroup.com\/wp-content\/uploads\/2021\/02\/Migration-et-changement-climatique.jpg","datePublished":"2021-04-10T08:00:34+00:00","dateModified":"2024-01-03T13:44:04+00:00","description":"Migration et changement climatique vise \u00e0 mieux saisir la mani\u00e8re dont les cultures humaines interagissent au regard du changement climatique.","breadcrumb":{"@id":"https:\/\/www.istegroup.com\/produit\/migration-et-changement-climatique\/#breadcrumb"},"inLanguage":"fr-FR","potentialAction":[{"@type":"ReadAction","target":["https:\/\/www.istegroup.com\/produit\/migration-et-changement-climatique\/"]}]},{"@type":"ImageObject","inLanguage":"fr-FR","@id":"https:\/\/www.istegroup.com\/produit\/migration-et-changement-climatique\/#primaryimage","url":"https:\/\/www.istegroup.com\/wp-content\/uploads\/2021\/02\/Migration-et-changement-climatique.jpg","contentUrl":"https:\/\/www.istegroup.com\/wp-content\/uploads\/2021\/02\/Migration-et-changement-climatique.jpg","width":300,"height":452,"caption":"Livre scientifique - Migration et changement climatique - Jamila Alaktif, St\u00e9phane Callens"},{"@type":"BreadcrumbList","@id":"https:\/\/www.istegroup.com\/produit\/migration-et-changement-climatique\/#breadcrumb","itemListElement":[{"@type":"ListItem","position":1,"name":"Home","item":"https:\/\/www.istegroup.com\/"},{"@type":"ListItem","position":2,"name":"Shop","item":"https:\/\/www.istegroup.com\/fr\/nouveautes\/"},{"@type":"ListItem","position":3,"name":"Migration et changement climatique"}]},{"@type":"WebSite","@id":"https:\/\/www.istegroup.com\/#website","url":"https:\/\/www.istegroup.com\/","name":"ISTE Group","description":"\u00c9diteur des Sciences","potentialAction":[{"@type":"SearchAction","target":{"@type":"EntryPoint","urlTemplate":"https:\/\/www.istegroup.com\/?s={search_term_string}"},"query-input":{"@type":"PropertyValueSpecification","valueRequired":true,"valueName":"search_term_string"}}],"inLanguage":"fr-FR"}]}},"_links":{"self":[{"href":"https:\/\/www.istegroup.com\/fr\/wp-json\/wp\/v2\/product\/38791","targetHints":{"allow":["GET"]}}],"collection":[{"href":"https:\/\/www.istegroup.com\/fr\/wp-json\/wp\/v2\/product"}],"about":[{"href":"https:\/\/www.istegroup.com\/fr\/wp-json\/wp\/v2\/types\/product"}],"wp:featuredmedia":[{"embeddable":true,"href":"https:\/\/www.istegroup.com\/fr\/wp-json\/wp\/v2\/media\/38841"}],"wp:attachment":[{"href":"https:\/\/www.istegroup.com\/fr\/wp-json\/wp\/v2\/media?parent=38791"}],"wp:term":[{"taxonomy":"product_brand","embeddable":true,"href":"https:\/\/www.istegroup.com\/fr\/wp-json\/wp\/v2\/product_brand?post=38791"},{"taxonomy":"product_cat","embeddable":true,"href":"https:\/\/www.istegroup.com\/fr\/wp-json\/wp\/v2\/product_cat?post=38791"},{"taxonomy":"product_tag","embeddable":true,"href":"https:\/\/www.istegroup.com\/fr\/wp-json\/wp\/v2\/product_tag?post=38791"}],"curies":[{"name":"wp","href":"https:\/\/api.w.org\/{rel}","templated":true}]}}