{"id":38723,"date":"2021-04-11T12:08:29","date_gmt":"2021-04-11T11:08:29","guid":{"rendered":"https:\/\/www.istegroup.com\/?post_type=product&#038;p=38723"},"modified":"2024-01-03T13:44:16","modified_gmt":"2024-01-03T13:44:16","slug":"vers-une-education-au-politique-a-travers-les-questions-environnementales","status":"publish","type":"product","link":"https:\/\/www.istegroup.com\/fr\/produit\/vers-une-education-au-politique-a-travers-les-questions-environnementales\/","title":{"rendered":"Vers une \u00e9ducation au politique \u00e0 travers les questions environnementales"},"content":{"rendered":"<p>Cet ouvrage s\u2019inscrit dans le champ de l\u2019\u00e9ducation au politique \u00e0 travers les questions environnementales ; cette \u00e9ducation s\u2019organise autour de processus, tant informels dans les mobilisations sociales que non formels dans les diff\u00e9rents dispositifs \u00e9ducatifs internationaux ou formels dans les curriculums nationaux disciplinaires.<\/p>\n<p>Des approches th\u00e9oriques ancr\u00e9es dans les domaines de la philosophie politique et des sciences sociales sont exploit\u00e9es pour \u00e9laborer un mod\u00e8le conceptuel et analytique du politique dans les contenus \u00e9ducatifs impliquant des questions environnementales. Ce mod\u00e8le sert, par la suite, \u00e0 analyser empiriquement les contenus de l\u2019\u00e9ducation en vue des objectifs du d\u00e9veloppement durable \u00e9labor\u00e9s par l\u2019UNESCO et ceux du curriculum tunisien.<\/p>\n<p>Les \u00e9tudes th\u00e9oriques et empiriques men\u00e9es dans cet ouvrage permettent l\u2019\u00e9laboration des balises pour un curriculum possible de l\u2019\u00e9ducation au politique \u00e0 travers les questions environnementales. Ainsi, elles ouvrent le champ d\u2019une didactique curriculaire de l\u2019\u00e9ducation au politique.<\/p>\n<p><a class=\"button\" style=\"margin-right: 10%\" href=\"https:\/\/www.istegroup.com\/wp-content\/uploads\/2020\/02\/741_Vers-une-education-au-politique-a-travers-les-questions-environnementales_Slimani_TOC.pdf\" target=\"_blank\" rel=\"noopener noreferrer\">Table des mati\u00e8res<\/a><a class=\"button\" style=\"margin-left: 10%\" href=\"https:\/\/www.istegroup.com\/wp-content\/uploads\/2020\/02\/741_Vers-une-education-au-politique-a-travers-les-questions-environnementales_Slimani_Premiere-partie.pdf\" target=\"_blank\" rel=\"noopener noreferrer\">Pr\u00e9face et Introduction<\/a><\/p>\n","protected":false},"excerpt":{"rendered":"<p>Cet ouvrage s\u2019inscrit dans le champ de l\u2019\u00e9ducation au politique \u00e0 travers les questions environnementales ; cette \u00e9ducation s\u2019organise autour de processus, tant informels dans les mobilisations sociales que non formels dans les diff\u00e9rents dispositifs \u00e9ducatifs internationaux ou formels dans les curriculums nationaux disciplinaires. Des approches th\u00e9oriques ancr\u00e9es dans les domaines de la philosophie politique [&hellip;]<\/p>\n","protected":false},"featured_media":38816,"template":"","meta":{"_acf_changed":false,"_links_to":"","_links_to_target":""},"product_brand":[],"product_cat":[3262],"product_tag":[],"class_list":{"0":"post-38723","1":"product","2":"type-product","3":"status-publish","4":"has-post-thumbnail","6":"product_cat-non-classe","8":"first","9":"instock","10":"shipping-taxable","11":"purchasable","12":"product-type-variable"},"acf":[],"yoast_head":"<!-- This site is optimized with the Yoast SEO plugin v27.2 - https:\/\/yoast.com\/product\/yoast-seo-wordpress\/ -->\n<title>Vers une \u00e9ducation au politique \u00e0 travers les questions environnementales - ISTE Group<\/title>\n<meta name=\"description\" content=\"Cet ouvrage s\u2019inscrit dans le champ de l\u2019\u00e9ducation au politique \u00e0 travers les questions environnementales.\" \/>\n<meta name=\"robots\" content=\"index, follow, max-snippet:-1, max-image-preview:large, max-video-preview:-1\" \/>\n<link rel=\"canonical\" href=\"https:\/\/www.istegroup.com\/produit\/vers-une-education-au-politique-a-travers-les-questions-environnementales\/\" \/>\n<meta property=\"og:locale\" content=\"fr_FR\" \/>\n<meta property=\"og:type\" content=\"article\" \/>\n<meta property=\"og:title\" content=\"Vers une \u00e9ducation au politique \u00e0 travers les questions environnementales - ISTE Group\" \/>\n<meta property=\"og:description\" content=\"Cet ouvrage s\u2019inscrit dans le champ de l\u2019\u00e9ducation au politique \u00e0 travers les questions environnementales.\" \/>\n<meta property=\"og:url\" content=\"https:\/\/www.istegroup.com\/produit\/vers-une-education-au-politique-a-travers-les-questions-environnementales\/\" \/>\n<meta property=\"og:site_name\" content=\"ISTE Group\" \/>\n<meta property=\"article:modified_time\" content=\"2024-01-03T13:44:16+00:00\" \/>\n<meta property=\"og:image\" content=\"https:\/\/www.istegroup.com\/wp-content\/uploads\/2021\/02\/Vers-une-education-au-politique-a-travers-les-questions-environnementales.jpg\" \/>\n\t<meta property=\"og:image:width\" content=\"300\" \/>\n\t<meta property=\"og:image:height\" content=\"452\" \/>\n\t<meta property=\"og:image:type\" content=\"image\/jpeg\" \/>\n<meta name=\"twitter:card\" content=\"summary_large_image\" \/>\n<meta name=\"twitter:label1\" content=\"Est. reading time\" \/>\n\t<meta name=\"twitter:data1\" content=\"1 minute\" \/>\n<script type=\"application\/ld+json\" class=\"yoast-schema-graph\">{\"@context\":\"https:\/\/schema.org\",\"@graph\":[{\"@type\":\"WebPage\",\"@id\":\"https:\/\/www.istegroup.com\/produit\/vers-une-education-au-politique-a-travers-les-questions-environnementales\/\",\"url\":\"https:\/\/www.istegroup.com\/produit\/vers-une-education-au-politique-a-travers-les-questions-environnementales\/\",\"name\":\"Vers une \u00e9ducation au politique \u00e0 travers les questions environnementales - ISTE Group\",\"isPartOf\":{\"@id\":\"https:\/\/www.istegroup.com\/#website\"},\"primaryImageOfPage\":{\"@id\":\"https:\/\/www.istegroup.com\/produit\/vers-une-education-au-politique-a-travers-les-questions-environnementales\/#primaryimage\"},\"image\":{\"@id\":\"https:\/\/www.istegroup.com\/produit\/vers-une-education-au-politique-a-travers-les-questions-environnementales\/#primaryimage\"},\"thumbnailUrl\":\"https:\/\/www.istegroup.com\/wp-content\/uploads\/2021\/02\/Vers-une-education-au-politique-a-travers-les-questions-environnementales.jpg\",\"datePublished\":\"2021-04-11T11:08:29+00:00\",\"dateModified\":\"2024-01-03T13:44:16+00:00\",\"description\":\"Cet ouvrage s\u2019inscrit dans le champ de l\u2019\u00e9ducation au politique \u00e0 travers les questions environnementales.\",\"breadcrumb\":{\"@id\":\"https:\/\/www.istegroup.com\/produit\/vers-une-education-au-politique-a-travers-les-questions-environnementales\/#breadcrumb\"},\"inLanguage\":\"fr-FR\",\"potentialAction\":[{\"@type\":\"ReadAction\",\"target\":[\"https:\/\/www.istegroup.com\/produit\/vers-une-education-au-politique-a-travers-les-questions-environnementales\/\"]}]},{\"@type\":\"ImageObject\",\"inLanguage\":\"fr-FR\",\"@id\":\"https:\/\/www.istegroup.com\/produit\/vers-une-education-au-politique-a-travers-les-questions-environnementales\/#primaryimage\",\"url\":\"https:\/\/www.istegroup.com\/wp-content\/uploads\/2021\/02\/Vers-une-education-au-politique-a-travers-les-questions-environnementales.jpg\",\"contentUrl\":\"https:\/\/www.istegroup.com\/wp-content\/uploads\/2021\/02\/Vers-une-education-au-politique-a-travers-les-questions-environnementales.jpg\",\"width\":300,\"height\":452,\"caption\":\"Livre scientifique - Vers une \u00e9ducation au politique \u00e0 travers les questions environnementales - Melki Slimani\"},{\"@type\":\"BreadcrumbList\",\"@id\":\"https:\/\/www.istegroup.com\/produit\/vers-une-education-au-politique-a-travers-les-questions-environnementales\/#breadcrumb\",\"itemListElement\":[{\"@type\":\"ListItem\",\"position\":1,\"name\":\"Home\",\"item\":\"https:\/\/www.istegroup.com\/\"},{\"@type\":\"ListItem\",\"position\":2,\"name\":\"Shop\",\"item\":\"https:\/\/www.istegroup.com\/fr\/nouveautes\/\"},{\"@type\":\"ListItem\",\"position\":3,\"name\":\"Vers une \u00e9ducation au politique \u00e0 travers les questions environnementales\"}]},{\"@type\":\"WebSite\",\"@id\":\"https:\/\/www.istegroup.com\/#website\",\"url\":\"https:\/\/www.istegroup.com\/\",\"name\":\"ISTE Group\",\"description\":\"\u00c9diteur des Sciences\",\"potentialAction\":[{\"@type\":\"SearchAction\",\"target\":{\"@type\":\"EntryPoint\",\"urlTemplate\":\"https:\/\/www.istegroup.com\/?s={search_term_string}\"},\"query-input\":{\"@type\":\"PropertyValueSpecification\",\"valueRequired\":true,\"valueName\":\"search_term_string\"}}],\"inLanguage\":\"fr-FR\"}]}<\/script>\n<!-- \/ Yoast SEO plugin. -->","yoast_head_json":{"title":"Vers une \u00e9ducation au politique \u00e0 travers les questions environnementales - ISTE Group","description":"Cet ouvrage s\u2019inscrit dans le champ de l\u2019\u00e9ducation au politique \u00e0 travers les questions environnementales.","robots":{"index":"index","follow":"follow","max-snippet":"max-snippet:-1","max-image-preview":"max-image-preview:large","max-video-preview":"max-video-preview:-1"},"canonical":"https:\/\/www.istegroup.com\/produit\/vers-une-education-au-politique-a-travers-les-questions-environnementales\/","og_locale":"fr_FR","og_type":"article","og_title":"Vers une \u00e9ducation au politique \u00e0 travers les questions environnementales - ISTE Group","og_description":"Cet ouvrage s\u2019inscrit dans le champ de l\u2019\u00e9ducation au politique \u00e0 travers les questions environnementales.","og_url":"https:\/\/www.istegroup.com\/produit\/vers-une-education-au-politique-a-travers-les-questions-environnementales\/","og_site_name":"ISTE Group","article_modified_time":"2024-01-03T13:44:16+00:00","og_image":[{"width":300,"height":452,"url":"https:\/\/www.istegroup.com\/wp-content\/uploads\/2021\/02\/Vers-une-education-au-politique-a-travers-les-questions-environnementales.jpg","type":"image\/jpeg"}],"twitter_card":"summary_large_image","twitter_misc":{"Est. reading time":"1 minute"},"schema":{"@context":"https:\/\/schema.org","@graph":[{"@type":"WebPage","@id":"https:\/\/www.istegroup.com\/produit\/vers-une-education-au-politique-a-travers-les-questions-environnementales\/","url":"https:\/\/www.istegroup.com\/produit\/vers-une-education-au-politique-a-travers-les-questions-environnementales\/","name":"Vers une \u00e9ducation au politique \u00e0 travers les questions environnementales - ISTE Group","isPartOf":{"@id":"https:\/\/www.istegroup.com\/#website"},"primaryImageOfPage":{"@id":"https:\/\/www.istegroup.com\/produit\/vers-une-education-au-politique-a-travers-les-questions-environnementales\/#primaryimage"},"image":{"@id":"https:\/\/www.istegroup.com\/produit\/vers-une-education-au-politique-a-travers-les-questions-environnementales\/#primaryimage"},"thumbnailUrl":"https:\/\/www.istegroup.com\/wp-content\/uploads\/2021\/02\/Vers-une-education-au-politique-a-travers-les-questions-environnementales.jpg","datePublished":"2021-04-11T11:08:29+00:00","dateModified":"2024-01-03T13:44:16+00:00","description":"Cet ouvrage s\u2019inscrit dans le champ de l\u2019\u00e9ducation au politique \u00e0 travers les questions environnementales.","breadcrumb":{"@id":"https:\/\/www.istegroup.com\/produit\/vers-une-education-au-politique-a-travers-les-questions-environnementales\/#breadcrumb"},"inLanguage":"fr-FR","potentialAction":[{"@type":"ReadAction","target":["https:\/\/www.istegroup.com\/produit\/vers-une-education-au-politique-a-travers-les-questions-environnementales\/"]}]},{"@type":"ImageObject","inLanguage":"fr-FR","@id":"https:\/\/www.istegroup.com\/produit\/vers-une-education-au-politique-a-travers-les-questions-environnementales\/#primaryimage","url":"https:\/\/www.istegroup.com\/wp-content\/uploads\/2021\/02\/Vers-une-education-au-politique-a-travers-les-questions-environnementales.jpg","contentUrl":"https:\/\/www.istegroup.com\/wp-content\/uploads\/2021\/02\/Vers-une-education-au-politique-a-travers-les-questions-environnementales.jpg","width":300,"height":452,"caption":"Livre scientifique - Vers une \u00e9ducation au politique \u00e0 travers les questions environnementales - Melki Slimani"},{"@type":"BreadcrumbList","@id":"https:\/\/www.istegroup.com\/produit\/vers-une-education-au-politique-a-travers-les-questions-environnementales\/#breadcrumb","itemListElement":[{"@type":"ListItem","position":1,"name":"Home","item":"https:\/\/www.istegroup.com\/"},{"@type":"ListItem","position":2,"name":"Shop","item":"https:\/\/www.istegroup.com\/fr\/nouveautes\/"},{"@type":"ListItem","position":3,"name":"Vers une \u00e9ducation au politique \u00e0 travers les questions environnementales"}]},{"@type":"WebSite","@id":"https:\/\/www.istegroup.com\/#website","url":"https:\/\/www.istegroup.com\/","name":"ISTE Group","description":"\u00c9diteur des Sciences","potentialAction":[{"@type":"SearchAction","target":{"@type":"EntryPoint","urlTemplate":"https:\/\/www.istegroup.com\/?s={search_term_string}"},"query-input":{"@type":"PropertyValueSpecification","valueRequired":true,"valueName":"search_term_string"}}],"inLanguage":"fr-FR"}]}},"_links":{"self":[{"href":"https:\/\/www.istegroup.com\/fr\/wp-json\/wp\/v2\/product\/38723","targetHints":{"allow":["GET"]}}],"collection":[{"href":"https:\/\/www.istegroup.com\/fr\/wp-json\/wp\/v2\/product"}],"about":[{"href":"https:\/\/www.istegroup.com\/fr\/wp-json\/wp\/v2\/types\/product"}],"wp:featuredmedia":[{"embeddable":true,"href":"https:\/\/www.istegroup.com\/fr\/wp-json\/wp\/v2\/media\/38816"}],"wp:attachment":[{"href":"https:\/\/www.istegroup.com\/fr\/wp-json\/wp\/v2\/media?parent=38723"}],"wp:term":[{"taxonomy":"product_brand","embeddable":true,"href":"https:\/\/www.istegroup.com\/fr\/wp-json\/wp\/v2\/product_brand?post=38723"},{"taxonomy":"product_cat","embeddable":true,"href":"https:\/\/www.istegroup.com\/fr\/wp-json\/wp\/v2\/product_cat?post=38723"},{"taxonomy":"product_tag","embeddable":true,"href":"https:\/\/www.istegroup.com\/fr\/wp-json\/wp\/v2\/product_tag?post=38723"}],"curies":[{"name":"wp","href":"https:\/\/api.w.org\/{rel}","templated":true}]}}