{"id":38718,"date":"2021-04-11T11:59:22","date_gmt":"2021-04-11T10:59:22","guid":{"rendered":"https:\/\/www.istegroup.com\/?post_type=product&#038;p=38718"},"modified":"2024-01-03T13:44:58","modified_gmt":"2024-01-03T13:44:58","slug":"le-tiers-comme-objet-et-sujet","status":"publish","type":"product","link":"https:\/\/www.istegroup.com\/fr\/produit\/le-tiers-comme-objet-et-sujet\/","title":{"rendered":"Le tiers comme objet et sujet"},"content":{"rendered":"<p>R\u00f4le souvent jou\u00e9 par un objet mat\u00e9riel ou psychique, ou encore par un autre \u00eatre vivant, appel\u00e9 alors sujet, le tiers permet la relation, surtout en \u00e9ducation.<\/p>\n<p>Selon Michel Vial, \u00ab l\u2019objet tiers est un m\u00e9dia qui renvoie le sujet \u00e0 lui-m\u00eame et lui permet de travailler \u00e0 son changement, de se r\u00e9guler, de s\u2019auto\u00e9valuer \u00bb. Et si l\u2019objet peut exercer le r\u00f4le de tiers dans la relation interpersonnelle ou intrapersonnelle, c\u2019est toujours le sujet et la relation du sujet avec l\u2019autre humain ou avec le groupe qui en b\u00e9n\u00e9ficient ou en p\u00e2tissent. Paradoxalement, il se pourrait bien que la condition de possibilit\u00e9 pour permettre le processus de personnification soit le tiers, \u00ab non personne \u00bb selon Benveniste.<\/p>\n<p>Cet ouvrage est destin\u00e9 aux professionnels de la relation, aux \u00e9ducateurs, aux parents ou enseignants, aux animateurs, aux formateurs ainsi qu&rsquo;aux soignants et th\u00e9rapeutes, afin de les aider \u00e0 comprendre la question du tiers, \u00e0 la fois prioritaire et d\u00e9licate.<\/p>\n<p><a class=\"button\" style=\"margin-right: 10%\" href=\"https:\/\/www.istegroup.com\/wp-content\/uploads\/2021\/07\/738_Le-tiers-comme-objet-et-sujet_TDM.pdf\" target=\"_blank\" rel=\"noopener noreferrer\">Table des mati\u00e8res<\/a><a class=\"button\" style=\"margin-left: 10%\" href=\"https:\/\/www.istegroup.com\/wp-content\/uploads\/2021\/07\/738_Le-tiers-comme-objet-et-sujet_Premiere-partie.pdf\" target=\"_blank\" rel=\"noopener noreferrer\">Introduction<\/a><\/p>","protected":false},"excerpt":{"rendered":"<p>R\u00f4le souvent jou\u00e9 par un objet mat\u00e9riel ou psychique, ou encore par un autre \u00eatre vivant, appel\u00e9 alors sujet, le tiers permet la relation, surtout en \u00e9ducation. Selon Michel Vial, \u00ab l\u2019objet tiers est un m\u00e9dia qui renvoie le sujet \u00e0 lui-m\u00eame et lui permet de travailler \u00e0 son changement, de se r\u00e9guler, de s\u2019auto\u00e9valuer [&hellip;]<\/p>\n","protected":false},"featured_media":38815,"template":"","meta":{"_acf_changed":false,"_links_to":"","_links_to_target":""},"product_brand":[],"product_cat":[3262],"product_tag":[],"class_list":{"0":"post-38718","1":"product","2":"type-product","3":"status-publish","4":"has-post-thumbnail","6":"product_cat-non-classe","8":"first","9":"instock","10":"shipping-taxable","11":"purchasable","12":"product-type-variable"},"acf":[],"yoast_head":"<!-- This site is optimized with the Yoast SEO plugin v27.2 - https:\/\/yoast.com\/product\/yoast-seo-wordpress\/ -->\n<title>Le tiers comme objet et sujet - ISTE Group<\/title>\n<meta name=\"description\" content=\"R\u00f4le souvent jou\u00e9 par un objet mat\u00e9riel ou psychique, ou encore par un autre \u00eatre vivant, appel\u00e9 alors sujet, le tiers permet la relation, surtout en \u00e9ducation.\" \/>\n<meta name=\"robots\" content=\"index, follow, max-snippet:-1, max-image-preview:large, max-video-preview:-1\" \/>\n<link rel=\"canonical\" href=\"https:\/\/www.istegroup.com\/produit\/le-tiers-comme-objet-et-sujet\/\" \/>\n<meta property=\"og:locale\" content=\"fr_FR\" \/>\n<meta property=\"og:type\" content=\"article\" \/>\n<meta property=\"og:title\" content=\"Le tiers comme objet et sujet - ISTE Group\" \/>\n<meta property=\"og:description\" content=\"R\u00f4le souvent jou\u00e9 par un objet mat\u00e9riel ou psychique, ou encore par un autre \u00eatre vivant, appel\u00e9 alors sujet, le tiers permet la relation, surtout en \u00e9ducation.\" \/>\n<meta property=\"og:url\" content=\"https:\/\/www.istegroup.com\/produit\/le-tiers-comme-objet-et-sujet\/\" \/>\n<meta property=\"og:site_name\" content=\"ISTE Group\" \/>\n<meta property=\"article:modified_time\" content=\"2024-01-03T13:44:58+00:00\" \/>\n<meta property=\"og:image\" content=\"https:\/\/www.istegroup.com\/wp-content\/uploads\/2021\/02\/Le-tiers-comme-objet-et-sujet.jpg\" \/>\n\t<meta property=\"og:image:width\" content=\"300\" \/>\n\t<meta property=\"og:image:height\" content=\"452\" \/>\n\t<meta property=\"og:image:type\" content=\"image\/jpeg\" \/>\n<meta name=\"twitter:card\" content=\"summary_large_image\" \/>\n<meta name=\"twitter:label1\" content=\"Est. reading time\" \/>\n\t<meta name=\"twitter:data1\" content=\"1 minute\" \/>\n<script type=\"application\/ld+json\" class=\"yoast-schema-graph\">{\"@context\":\"https:\/\/schema.org\",\"@graph\":[{\"@type\":\"WebPage\",\"@id\":\"https:\/\/www.istegroup.com\/produit\/le-tiers-comme-objet-et-sujet\/\",\"url\":\"https:\/\/www.istegroup.com\/produit\/le-tiers-comme-objet-et-sujet\/\",\"name\":\"Le tiers comme objet et sujet - ISTE Group\",\"isPartOf\":{\"@id\":\"https:\/\/www.istegroup.com\/#website\"},\"primaryImageOfPage\":{\"@id\":\"https:\/\/www.istegroup.com\/produit\/le-tiers-comme-objet-et-sujet\/#primaryimage\"},\"image\":{\"@id\":\"https:\/\/www.istegroup.com\/produit\/le-tiers-comme-objet-et-sujet\/#primaryimage\"},\"thumbnailUrl\":\"https:\/\/www.istegroup.com\/wp-content\/uploads\/2021\/02\/Le-tiers-comme-objet-et-sujet.jpg\",\"datePublished\":\"2021-04-11T10:59:22+00:00\",\"dateModified\":\"2024-01-03T13:44:58+00:00\",\"description\":\"R\u00f4le souvent jou\u00e9 par un objet mat\u00e9riel ou psychique, ou encore par un autre \u00eatre vivant, appel\u00e9 alors sujet, le tiers permet la relation, surtout en \u00e9ducation.\",\"breadcrumb\":{\"@id\":\"https:\/\/www.istegroup.com\/produit\/le-tiers-comme-objet-et-sujet\/#breadcrumb\"},\"inLanguage\":\"fr-FR\",\"potentialAction\":[{\"@type\":\"ReadAction\",\"target\":[\"https:\/\/www.istegroup.com\/produit\/le-tiers-comme-objet-et-sujet\/\"]}]},{\"@type\":\"ImageObject\",\"inLanguage\":\"fr-FR\",\"@id\":\"https:\/\/www.istegroup.com\/produit\/le-tiers-comme-objet-et-sujet\/#primaryimage\",\"url\":\"https:\/\/www.istegroup.com\/wp-content\/uploads\/2021\/02\/Le-tiers-comme-objet-et-sujet.jpg\",\"contentUrl\":\"https:\/\/www.istegroup.com\/wp-content\/uploads\/2021\/02\/Le-tiers-comme-objet-et-sujet.jpg\",\"width\":300,\"height\":452,\"caption\":\"Livre scientifique - Le tiers comme objet et sujet - Marie-Louise Martinez, Christine Poplimont\"},{\"@type\":\"BreadcrumbList\",\"@id\":\"https:\/\/www.istegroup.com\/produit\/le-tiers-comme-objet-et-sujet\/#breadcrumb\",\"itemListElement\":[{\"@type\":\"ListItem\",\"position\":1,\"name\":\"Home\",\"item\":\"https:\/\/www.istegroup.com\/\"},{\"@type\":\"ListItem\",\"position\":2,\"name\":\"Shop\",\"item\":\"https:\/\/www.istegroup.com\/fr\/nouveautes\/\"},{\"@type\":\"ListItem\",\"position\":3,\"name\":\"Le tiers comme objet et sujet\"}]},{\"@type\":\"WebSite\",\"@id\":\"https:\/\/www.istegroup.com\/#website\",\"url\":\"https:\/\/www.istegroup.com\/\",\"name\":\"ISTE Group\",\"description\":\"\u00c9diteur des Sciences\",\"potentialAction\":[{\"@type\":\"SearchAction\",\"target\":{\"@type\":\"EntryPoint\",\"urlTemplate\":\"https:\/\/www.istegroup.com\/?s={search_term_string}\"},\"query-input\":{\"@type\":\"PropertyValueSpecification\",\"valueRequired\":true,\"valueName\":\"search_term_string\"}}],\"inLanguage\":\"fr-FR\"}]}<\/script>\n<!-- \/ Yoast SEO plugin. -->","yoast_head_json":{"title":"Le tiers comme objet et sujet - ISTE Group","description":"R\u00f4le souvent jou\u00e9 par un objet mat\u00e9riel ou psychique, ou encore par un autre \u00eatre vivant, appel\u00e9 alors sujet, le tiers permet la relation, surtout en \u00e9ducation.","robots":{"index":"index","follow":"follow","max-snippet":"max-snippet:-1","max-image-preview":"max-image-preview:large","max-video-preview":"max-video-preview:-1"},"canonical":"https:\/\/www.istegroup.com\/produit\/le-tiers-comme-objet-et-sujet\/","og_locale":"fr_FR","og_type":"article","og_title":"Le tiers comme objet et sujet - ISTE Group","og_description":"R\u00f4le souvent jou\u00e9 par un objet mat\u00e9riel ou psychique, ou encore par un autre \u00eatre vivant, appel\u00e9 alors sujet, le tiers permet la relation, surtout en \u00e9ducation.","og_url":"https:\/\/www.istegroup.com\/produit\/le-tiers-comme-objet-et-sujet\/","og_site_name":"ISTE Group","article_modified_time":"2024-01-03T13:44:58+00:00","og_image":[{"width":300,"height":452,"url":"https:\/\/www.istegroup.com\/wp-content\/uploads\/2021\/02\/Le-tiers-comme-objet-et-sujet.jpg","type":"image\/jpeg"}],"twitter_card":"summary_large_image","twitter_misc":{"Est. reading time":"1 minute"},"schema":{"@context":"https:\/\/schema.org","@graph":[{"@type":"WebPage","@id":"https:\/\/www.istegroup.com\/produit\/le-tiers-comme-objet-et-sujet\/","url":"https:\/\/www.istegroup.com\/produit\/le-tiers-comme-objet-et-sujet\/","name":"Le tiers comme objet et sujet - ISTE Group","isPartOf":{"@id":"https:\/\/www.istegroup.com\/#website"},"primaryImageOfPage":{"@id":"https:\/\/www.istegroup.com\/produit\/le-tiers-comme-objet-et-sujet\/#primaryimage"},"image":{"@id":"https:\/\/www.istegroup.com\/produit\/le-tiers-comme-objet-et-sujet\/#primaryimage"},"thumbnailUrl":"https:\/\/www.istegroup.com\/wp-content\/uploads\/2021\/02\/Le-tiers-comme-objet-et-sujet.jpg","datePublished":"2021-04-11T10:59:22+00:00","dateModified":"2024-01-03T13:44:58+00:00","description":"R\u00f4le souvent jou\u00e9 par un objet mat\u00e9riel ou psychique, ou encore par un autre \u00eatre vivant, appel\u00e9 alors sujet, le tiers permet la relation, surtout en \u00e9ducation.","breadcrumb":{"@id":"https:\/\/www.istegroup.com\/produit\/le-tiers-comme-objet-et-sujet\/#breadcrumb"},"inLanguage":"fr-FR","potentialAction":[{"@type":"ReadAction","target":["https:\/\/www.istegroup.com\/produit\/le-tiers-comme-objet-et-sujet\/"]}]},{"@type":"ImageObject","inLanguage":"fr-FR","@id":"https:\/\/www.istegroup.com\/produit\/le-tiers-comme-objet-et-sujet\/#primaryimage","url":"https:\/\/www.istegroup.com\/wp-content\/uploads\/2021\/02\/Le-tiers-comme-objet-et-sujet.jpg","contentUrl":"https:\/\/www.istegroup.com\/wp-content\/uploads\/2021\/02\/Le-tiers-comme-objet-et-sujet.jpg","width":300,"height":452,"caption":"Livre scientifique - Le tiers comme objet et sujet - Marie-Louise Martinez, Christine Poplimont"},{"@type":"BreadcrumbList","@id":"https:\/\/www.istegroup.com\/produit\/le-tiers-comme-objet-et-sujet\/#breadcrumb","itemListElement":[{"@type":"ListItem","position":1,"name":"Home","item":"https:\/\/www.istegroup.com\/"},{"@type":"ListItem","position":2,"name":"Shop","item":"https:\/\/www.istegroup.com\/fr\/nouveautes\/"},{"@type":"ListItem","position":3,"name":"Le tiers comme objet et sujet"}]},{"@type":"WebSite","@id":"https:\/\/www.istegroup.com\/#website","url":"https:\/\/www.istegroup.com\/","name":"ISTE Group","description":"\u00c9diteur des Sciences","potentialAction":[{"@type":"SearchAction","target":{"@type":"EntryPoint","urlTemplate":"https:\/\/www.istegroup.com\/?s={search_term_string}"},"query-input":{"@type":"PropertyValueSpecification","valueRequired":true,"valueName":"search_term_string"}}],"inLanguage":"fr-FR"}]}},"_links":{"self":[{"href":"https:\/\/www.istegroup.com\/fr\/wp-json\/wp\/v2\/product\/38718","targetHints":{"allow":["GET"]}}],"collection":[{"href":"https:\/\/www.istegroup.com\/fr\/wp-json\/wp\/v2\/product"}],"about":[{"href":"https:\/\/www.istegroup.com\/fr\/wp-json\/wp\/v2\/types\/product"}],"wp:featuredmedia":[{"embeddable":true,"href":"https:\/\/www.istegroup.com\/fr\/wp-json\/wp\/v2\/media\/38815"}],"wp:attachment":[{"href":"https:\/\/www.istegroup.com\/fr\/wp-json\/wp\/v2\/media?parent=38718"}],"wp:term":[{"taxonomy":"product_brand","embeddable":true,"href":"https:\/\/www.istegroup.com\/fr\/wp-json\/wp\/v2\/product_brand?post=38718"},{"taxonomy":"product_cat","embeddable":true,"href":"https:\/\/www.istegroup.com\/fr\/wp-json\/wp\/v2\/product_cat?post=38718"},{"taxonomy":"product_tag","embeddable":true,"href":"https:\/\/www.istegroup.com\/fr\/wp-json\/wp\/v2\/product_tag?post=38718"}],"curies":[{"name":"wp","href":"https:\/\/api.w.org\/{rel}","templated":true}]}}