{"id":38716,"date":"2021-05-20T11:50:54","date_gmt":"2021-05-20T10:50:54","guid":{"rendered":"https:\/\/www.istegroup.com\/?post_type=product&#038;p=38716"},"modified":"2024-01-03T13:44:39","modified_gmt":"2024-01-03T13:44:39","slug":"liberalisme-et-capitalisme-daujourdhui","status":"publish","type":"product","link":"https:\/\/www.istegroup.com\/fr\/produit\/liberalisme-et-capitalisme-daujourdhui\/","title":{"rendered":"Lib\u00e9ralisme et capitalisme d\u2019aujourd\u2019hui"},"content":{"rendered":"<p>Il semble aujourd\u2019hui acquis que les principes qui ont pr\u00e9sid\u00e9 \u00e0 la naissance du lib\u00e9ralisme et du capitalisme ne sont plus d\u2019actualit\u00e9. Pour bien comprendre l\u2019\u00e9volution de cette id\u00e9ologie et de ce syst\u00e8me \u00e9conomique, <em>Lib\u00e9ralisme et capitalisme d\u2019aujourd\u2019hui<\/em> examine les th\u00e8ses des deux auteurs qui ont le plus contribu\u00e9 \u00e0 analyser les conditions d\u2019apparition de ces deux types d\u2019organisation : le Fran\u00e7ais Alexis de Tocqueville et l\u2019Allemand Max Weber.<\/p>\n<p>Cet ouvrage analyse ainsi comment l\u2019\u00e9volution de l\u2019environnement g\u00e9n\u00e9ral d\u2019une civilisation a pu conduire \u00e0 l\u2019\u00e9mergence d\u2019une nouvelle mani\u00e8re d\u2019aborder la vie \u00e9conomique, puis \u00e0 son essor, gr\u00e2ce \u00e0 des innovations dans de multiples domaines.<\/p>\n<p>Ces rappels historiques permettent de se rendre compte des transformations que lib\u00e9ralisme et capitalisme devraient envisager, non pas pour revenir \u00e0 un fonctionnement aujourd\u2019hui totalement d\u00e9pass\u00e9 par l\u2019\u00e9volution des civilisations et de l\u2019\u00e9conomie, mais pour conduire \u00e0 une situation apais\u00e9e dans la plupart des pays du monde.<\/p>\n<p><a class=\"button\" style=\"margin-right: 10%\" href=\"https:\/\/www.istegroup.com\/wp-content\/uploads\/2020\/02\/737_Liberalisme-et-capitalisme-daujourdhui_Lehmann_TOC.pdf\" target=\"_blank\" rel=\"noopener noreferrer\">Table des mati\u00e8res<\/a><a class=\"button\" style=\"margin-left: 10%\" href=\"https:\/\/www.istegroup.com\/wp-content\/uploads\/2020\/02\/737_Liberalisme-et-capitalisme-daujourdhui_Lehmann_Premiere-partie.pdf\" target=\"_blank\" rel=\"noopener noreferrer\">Introduction<\/a><\/p>","protected":false},"excerpt":{"rendered":"<p>Il semble aujourd\u2019hui acquis que les principes qui ont pr\u00e9sid\u00e9 \u00e0 la naissance du lib\u00e9ralisme et du capitalisme ne sont plus d\u2019actualit\u00e9. Pour bien comprendre l\u2019\u00e9volution de cette id\u00e9ologie et de ce syst\u00e8me \u00e9conomique, Lib\u00e9ralisme et capitalisme d\u2019aujourd\u2019hui examine les th\u00e8ses des deux auteurs qui ont le plus contribu\u00e9 \u00e0 analyser les conditions d\u2019apparition de [&hellip;]<\/p>\n","protected":false},"featured_media":38814,"template":"","meta":{"_acf_changed":false,"_links_to":"","_links_to_target":""},"product_brand":[],"product_cat":[3262],"product_tag":[],"class_list":{"0":"post-38716","1":"product","2":"type-product","3":"status-publish","4":"has-post-thumbnail","6":"product_cat-non-classe","8":"first","9":"instock","10":"shipping-taxable","11":"purchasable","12":"product-type-variable"},"acf":[],"yoast_head":"<!-- This site is optimized with the Yoast SEO plugin v27.2 - https:\/\/yoast.com\/product\/yoast-seo-wordpress\/ -->\n<title>Lib\u00e9ralisme et capitalisme d\u2019aujourd\u2019hui - ISTE Group<\/title>\n<meta name=\"description\" content=\"Cet ouvrage analyse comment l\u2019\u00e9volution de l\u2019environnement g\u00e9n\u00e9ral d\u2019une civilisation a pu conduire \u00e0 l\u2019\u00e9mergence d\u2019une nouvelle mani\u00e8re d\u2019aborder la vie \u00e9conomique, puis \u00e0 son essor, gr\u00e2ce \u00e0 des innovations dans de multiples domaines.\" \/>\n<meta name=\"robots\" content=\"index, follow, max-snippet:-1, max-image-preview:large, max-video-preview:-1\" \/>\n<link rel=\"canonical\" href=\"https:\/\/www.istegroup.com\/produit\/liberalisme-et-capitalisme-daujourdhui\/\" \/>\n<meta property=\"og:locale\" content=\"fr_FR\" \/>\n<meta property=\"og:type\" content=\"article\" \/>\n<meta property=\"og:title\" content=\"Lib\u00e9ralisme et capitalisme d\u2019aujourd\u2019hui - ISTE Group\" \/>\n<meta property=\"og:description\" content=\"Cet ouvrage analyse comment l\u2019\u00e9volution de l\u2019environnement g\u00e9n\u00e9ral d\u2019une civilisation a pu conduire \u00e0 l\u2019\u00e9mergence d\u2019une nouvelle mani\u00e8re d\u2019aborder la vie \u00e9conomique, puis \u00e0 son essor, gr\u00e2ce \u00e0 des innovations dans de multiples domaines.\" \/>\n<meta property=\"og:url\" content=\"https:\/\/www.istegroup.com\/produit\/liberalisme-et-capitalisme-daujourdhui\/\" \/>\n<meta property=\"og:site_name\" content=\"ISTE Group\" \/>\n<meta property=\"article:modified_time\" content=\"2024-01-03T13:44:39+00:00\" \/>\n<meta property=\"og:image\" content=\"https:\/\/www.istegroup.com\/wp-content\/uploads\/2021\/02\/Liberalisme-et-capitalisme-daujourdhui.jpg\" \/>\n\t<meta property=\"og:image:width\" content=\"300\" \/>\n\t<meta property=\"og:image:height\" content=\"454\" \/>\n\t<meta property=\"og:image:type\" content=\"image\/jpeg\" \/>\n<meta name=\"twitter:card\" content=\"summary_large_image\" \/>\n<meta name=\"twitter:label1\" content=\"Est. reading time\" \/>\n\t<meta name=\"twitter:data1\" content=\"1 minute\" \/>\n<script type=\"application\/ld+json\" class=\"yoast-schema-graph\">{\"@context\":\"https:\/\/schema.org\",\"@graph\":[{\"@type\":\"WebPage\",\"@id\":\"https:\/\/www.istegroup.com\/produit\/liberalisme-et-capitalisme-daujourdhui\/\",\"url\":\"https:\/\/www.istegroup.com\/produit\/liberalisme-et-capitalisme-daujourdhui\/\",\"name\":\"Lib\u00e9ralisme et capitalisme d\u2019aujourd\u2019hui - ISTE Group\",\"isPartOf\":{\"@id\":\"https:\/\/www.istegroup.com\/#website\"},\"primaryImageOfPage\":{\"@id\":\"https:\/\/www.istegroup.com\/produit\/liberalisme-et-capitalisme-daujourdhui\/#primaryimage\"},\"image\":{\"@id\":\"https:\/\/www.istegroup.com\/produit\/liberalisme-et-capitalisme-daujourdhui\/#primaryimage\"},\"thumbnailUrl\":\"https:\/\/www.istegroup.com\/wp-content\/uploads\/2021\/02\/Liberalisme-et-capitalisme-daujourdhui.jpg\",\"datePublished\":\"2021-05-20T10:50:54+00:00\",\"dateModified\":\"2024-01-03T13:44:39+00:00\",\"description\":\"Cet ouvrage analyse comment l\u2019\u00e9volution de l\u2019environnement g\u00e9n\u00e9ral d\u2019une civilisation a pu conduire \u00e0 l\u2019\u00e9mergence d\u2019une nouvelle mani\u00e8re d\u2019aborder la vie \u00e9conomique, puis \u00e0 son essor, gr\u00e2ce \u00e0 des innovations dans de multiples domaines.\",\"breadcrumb\":{\"@id\":\"https:\/\/www.istegroup.com\/produit\/liberalisme-et-capitalisme-daujourdhui\/#breadcrumb\"},\"inLanguage\":\"fr-FR\",\"potentialAction\":[{\"@type\":\"ReadAction\",\"target\":[\"https:\/\/www.istegroup.com\/produit\/liberalisme-et-capitalisme-daujourdhui\/\"]}]},{\"@type\":\"ImageObject\",\"inLanguage\":\"fr-FR\",\"@id\":\"https:\/\/www.istegroup.com\/produit\/liberalisme-et-capitalisme-daujourdhui\/#primaryimage\",\"url\":\"https:\/\/www.istegroup.com\/wp-content\/uploads\/2021\/02\/Liberalisme-et-capitalisme-daujourdhui.jpg\",\"contentUrl\":\"https:\/\/www.istegroup.com\/wp-content\/uploads\/2021\/02\/Liberalisme-et-capitalisme-daujourdhui.jpg\",\"width\":300,\"height\":454,\"caption\":\"Livre scientifique - Lib\u00e9ralisme et capitalisme d'aujourd'hui - Paul-Jacques Lehmann\"},{\"@type\":\"BreadcrumbList\",\"@id\":\"https:\/\/www.istegroup.com\/produit\/liberalisme-et-capitalisme-daujourdhui\/#breadcrumb\",\"itemListElement\":[{\"@type\":\"ListItem\",\"position\":1,\"name\":\"Home\",\"item\":\"https:\/\/www.istegroup.com\/\"},{\"@type\":\"ListItem\",\"position\":2,\"name\":\"Shop\",\"item\":\"https:\/\/www.istegroup.com\/fr\/nouveautes\/\"},{\"@type\":\"ListItem\",\"position\":3,\"name\":\"Lib\u00e9ralisme et capitalisme d\u2019aujourd\u2019hui\"}]},{\"@type\":\"WebSite\",\"@id\":\"https:\/\/www.istegroup.com\/#website\",\"url\":\"https:\/\/www.istegroup.com\/\",\"name\":\"ISTE Group\",\"description\":\"\u00c9diteur des Sciences\",\"potentialAction\":[{\"@type\":\"SearchAction\",\"target\":{\"@type\":\"EntryPoint\",\"urlTemplate\":\"https:\/\/www.istegroup.com\/?s={search_term_string}\"},\"query-input\":{\"@type\":\"PropertyValueSpecification\",\"valueRequired\":true,\"valueName\":\"search_term_string\"}}],\"inLanguage\":\"fr-FR\"}]}<\/script>\n<!-- \/ Yoast SEO plugin. -->","yoast_head_json":{"title":"Lib\u00e9ralisme et capitalisme d\u2019aujourd\u2019hui - ISTE Group","description":"Cet ouvrage analyse comment l\u2019\u00e9volution de l\u2019environnement g\u00e9n\u00e9ral d\u2019une civilisation a pu conduire \u00e0 l\u2019\u00e9mergence d\u2019une nouvelle mani\u00e8re d\u2019aborder la vie \u00e9conomique, puis \u00e0 son essor, gr\u00e2ce \u00e0 des innovations dans de multiples domaines.","robots":{"index":"index","follow":"follow","max-snippet":"max-snippet:-1","max-image-preview":"max-image-preview:large","max-video-preview":"max-video-preview:-1"},"canonical":"https:\/\/www.istegroup.com\/produit\/liberalisme-et-capitalisme-daujourdhui\/","og_locale":"fr_FR","og_type":"article","og_title":"Lib\u00e9ralisme et capitalisme d\u2019aujourd\u2019hui - ISTE Group","og_description":"Cet ouvrage analyse comment l\u2019\u00e9volution de l\u2019environnement g\u00e9n\u00e9ral d\u2019une civilisation a pu conduire \u00e0 l\u2019\u00e9mergence d\u2019une nouvelle mani\u00e8re d\u2019aborder la vie \u00e9conomique, puis \u00e0 son essor, gr\u00e2ce \u00e0 des innovations dans de multiples domaines.","og_url":"https:\/\/www.istegroup.com\/produit\/liberalisme-et-capitalisme-daujourdhui\/","og_site_name":"ISTE Group","article_modified_time":"2024-01-03T13:44:39+00:00","og_image":[{"width":300,"height":454,"url":"https:\/\/www.istegroup.com\/wp-content\/uploads\/2021\/02\/Liberalisme-et-capitalisme-daujourdhui.jpg","type":"image\/jpeg"}],"twitter_card":"summary_large_image","twitter_misc":{"Est. reading time":"1 minute"},"schema":{"@context":"https:\/\/schema.org","@graph":[{"@type":"WebPage","@id":"https:\/\/www.istegroup.com\/produit\/liberalisme-et-capitalisme-daujourdhui\/","url":"https:\/\/www.istegroup.com\/produit\/liberalisme-et-capitalisme-daujourdhui\/","name":"Lib\u00e9ralisme et capitalisme d\u2019aujourd\u2019hui - ISTE Group","isPartOf":{"@id":"https:\/\/www.istegroup.com\/#website"},"primaryImageOfPage":{"@id":"https:\/\/www.istegroup.com\/produit\/liberalisme-et-capitalisme-daujourdhui\/#primaryimage"},"image":{"@id":"https:\/\/www.istegroup.com\/produit\/liberalisme-et-capitalisme-daujourdhui\/#primaryimage"},"thumbnailUrl":"https:\/\/www.istegroup.com\/wp-content\/uploads\/2021\/02\/Liberalisme-et-capitalisme-daujourdhui.jpg","datePublished":"2021-05-20T10:50:54+00:00","dateModified":"2024-01-03T13:44:39+00:00","description":"Cet ouvrage analyse comment l\u2019\u00e9volution de l\u2019environnement g\u00e9n\u00e9ral d\u2019une civilisation a pu conduire \u00e0 l\u2019\u00e9mergence d\u2019une nouvelle mani\u00e8re d\u2019aborder la vie \u00e9conomique, puis \u00e0 son essor, gr\u00e2ce \u00e0 des innovations dans de multiples domaines.","breadcrumb":{"@id":"https:\/\/www.istegroup.com\/produit\/liberalisme-et-capitalisme-daujourdhui\/#breadcrumb"},"inLanguage":"fr-FR","potentialAction":[{"@type":"ReadAction","target":["https:\/\/www.istegroup.com\/produit\/liberalisme-et-capitalisme-daujourdhui\/"]}]},{"@type":"ImageObject","inLanguage":"fr-FR","@id":"https:\/\/www.istegroup.com\/produit\/liberalisme-et-capitalisme-daujourdhui\/#primaryimage","url":"https:\/\/www.istegroup.com\/wp-content\/uploads\/2021\/02\/Liberalisme-et-capitalisme-daujourdhui.jpg","contentUrl":"https:\/\/www.istegroup.com\/wp-content\/uploads\/2021\/02\/Liberalisme-et-capitalisme-daujourdhui.jpg","width":300,"height":454,"caption":"Livre scientifique - Lib\u00e9ralisme et capitalisme d'aujourd'hui - Paul-Jacques Lehmann"},{"@type":"BreadcrumbList","@id":"https:\/\/www.istegroup.com\/produit\/liberalisme-et-capitalisme-daujourdhui\/#breadcrumb","itemListElement":[{"@type":"ListItem","position":1,"name":"Home","item":"https:\/\/www.istegroup.com\/"},{"@type":"ListItem","position":2,"name":"Shop","item":"https:\/\/www.istegroup.com\/fr\/nouveautes\/"},{"@type":"ListItem","position":3,"name":"Lib\u00e9ralisme et capitalisme d\u2019aujourd\u2019hui"}]},{"@type":"WebSite","@id":"https:\/\/www.istegroup.com\/#website","url":"https:\/\/www.istegroup.com\/","name":"ISTE Group","description":"\u00c9diteur des Sciences","potentialAction":[{"@type":"SearchAction","target":{"@type":"EntryPoint","urlTemplate":"https:\/\/www.istegroup.com\/?s={search_term_string}"},"query-input":{"@type":"PropertyValueSpecification","valueRequired":true,"valueName":"search_term_string"}}],"inLanguage":"fr-FR"}]}},"_links":{"self":[{"href":"https:\/\/www.istegroup.com\/fr\/wp-json\/wp\/v2\/product\/38716","targetHints":{"allow":["GET"]}}],"collection":[{"href":"https:\/\/www.istegroup.com\/fr\/wp-json\/wp\/v2\/product"}],"about":[{"href":"https:\/\/www.istegroup.com\/fr\/wp-json\/wp\/v2\/types\/product"}],"wp:featuredmedia":[{"embeddable":true,"href":"https:\/\/www.istegroup.com\/fr\/wp-json\/wp\/v2\/media\/38814"}],"wp:attachment":[{"href":"https:\/\/www.istegroup.com\/fr\/wp-json\/wp\/v2\/media?parent=38716"}],"wp:term":[{"taxonomy":"product_brand","embeddable":true,"href":"https:\/\/www.istegroup.com\/fr\/wp-json\/wp\/v2\/product_brand?post=38716"},{"taxonomy":"product_cat","embeddable":true,"href":"https:\/\/www.istegroup.com\/fr\/wp-json\/wp\/v2\/product_cat?post=38716"},{"taxonomy":"product_tag","embeddable":true,"href":"https:\/\/www.istegroup.com\/fr\/wp-json\/wp\/v2\/product_tag?post=38716"}],"curies":[{"name":"wp","href":"https:\/\/api.w.org\/{rel}","templated":true}]}}