{"id":38710,"date":"2021-04-10T08:23:22","date_gmt":"2021-04-10T07:23:22","guid":{"rendered":"https:\/\/www.istegroup.com\/?post_type=product&#038;p=38710"},"modified":"2024-01-03T13:44:04","modified_gmt":"2024-01-03T13:44:04","slug":"systematique-et-exploration-du-vivant","status":"publish","type":"product","link":"https:\/\/www.istegroup.com\/fr\/produit\/systematique-et-exploration-du-vivant\/","title":{"rendered":"Syst\u00e9matique et exploration du vivant"},"content":{"rendered":"<p>Le vivant a d\u2019innombrables facettes qui sont prises en compte par le concept de diversit\u00e9 biologique (biodiversit\u00e9). Ne s\u2019attacher qu\u2019aux m\u00e9canismes ou processus g\u00e9n\u00e9raux qui seraient communs \u00e0 un grand nombre d\u2019esp\u00e8ces v\u00e9hicule une pens\u00e9e r\u00e9ductionniste qui ne permet pas de r\u00e9pondre aux questions d\u2019\u00e9volution, d\u2019adaptation et de changement environnementaux.<\/p>\n<p>Il faut donc r\u00e9investir la pens\u00e9e de la diversit\u00e9 en biologie et comprendre que la biologie comparative et la syst\u00e9matique offrent des cl\u00e9s pour interpr\u00e9ter l\u2019origine et la fonction de chaque m\u00e9canisme. Plus encore, comparer des organismes pour comprendre leur \u00e9volution et leur fonctionnement nous am\u00e8ne \u00e0 explorer les \u00e9cosyst\u00e8mes et les biomes et \u00e0 \u00e9tendre nos connaissances en simple mati\u00e8re de r\u00e9f\u00e9rencement de l\u2019existant.<\/p>\n<p><em>Syst\u00e9matique et exploration du vivant<\/em> montre que la science doit s\u2019emparer de l\u2019\u00e9tude des parties inconnues du vivant et examine ces th\u00e9matiques indispensables pour affronter les grandes crises environnementales actuelles.<\/p>\n<p><a class=\"button\" style=\"margin-right: 10%\" href=\"https:\/\/www.istegroup.com\/wp-content\/uploads\/2020\/02\/731_Systematique-et-exloration-du-vivant_Grandcolas_TOC.pdf\" target=\"_blank\" rel=\"noopener noreferrer\">Table des mati\u00e8res<\/a><a class=\"button\" style=\"margin-left: 10%\" href=\"https:\/\/www.istegroup.com\/wp-content\/uploads\/2020\/02\/731_Systematique-et-exloration-du-vivant_Grandcolas_Premiere-partie.pdf\" target=\"_blank\" rel=\"noopener noreferrer\">Introduction<\/a><\/p>","protected":false},"excerpt":{"rendered":"<p>Le vivant a d\u2019innombrables facettes qui sont prises en compte par le concept de diversit\u00e9 biologique (biodiversit\u00e9). Ne s\u2019attacher qu\u2019aux m\u00e9canismes ou processus g\u00e9n\u00e9raux qui seraient communs \u00e0 un grand nombre d\u2019esp\u00e8ces v\u00e9hicule une pens\u00e9e r\u00e9ductionniste qui ne permet pas de r\u00e9pondre aux questions d\u2019\u00e9volution, d\u2019adaptation et de changement environnementaux. Il faut donc r\u00e9investir la [&hellip;]<\/p>\n","protected":false},"featured_media":38812,"template":"","meta":{"_acf_changed":false,"_links_to":"","_links_to_target":""},"product_brand":[],"product_cat":[3262],"product_tag":[],"class_list":{"0":"post-38710","1":"product","2":"type-product","3":"status-publish","4":"has-post-thumbnail","6":"product_cat-non-classe","8":"first","9":"instock","10":"shipping-taxable","11":"purchasable","12":"product-type-variable"},"acf":[],"yoast_head":"<!-- This site is optimized with the Yoast SEO plugin v27.2 - https:\/\/yoast.com\/product\/yoast-seo-wordpress\/ -->\n<title>Syst\u00e9matique et exploration du vivant - ISTE Group<\/title>\n<meta name=\"description\" content=\"Syst\u00e9matique et exploration du vivant montre que la science doit s\u2019emparer de l\u2019\u00e9tude des parties inconnues du vivant et examine ces th\u00e9matiques indispensables pour affronter les grandes crises environnementales actuelles.\" \/>\n<meta name=\"robots\" content=\"index, follow, max-snippet:-1, max-image-preview:large, max-video-preview:-1\" \/>\n<link rel=\"canonical\" href=\"https:\/\/www.istegroup.com\/produit\/systematique-et-exploration-du-vivant\/\" \/>\n<meta property=\"og:locale\" content=\"fr_FR\" \/>\n<meta property=\"og:type\" content=\"article\" \/>\n<meta property=\"og:title\" content=\"Syst\u00e9matique et exploration du vivant - ISTE Group\" \/>\n<meta property=\"og:description\" content=\"Syst\u00e9matique et exploration du vivant montre que la science doit s\u2019emparer de l\u2019\u00e9tude des parties inconnues du vivant et examine ces th\u00e9matiques indispensables pour affronter les grandes crises environnementales actuelles.\" \/>\n<meta property=\"og:url\" content=\"https:\/\/www.istegroup.com\/produit\/systematique-et-exploration-du-vivant\/\" \/>\n<meta property=\"og:site_name\" content=\"ISTE Group\" \/>\n<meta property=\"article:modified_time\" content=\"2024-01-03T13:44:04+00:00\" \/>\n<meta property=\"og:image\" content=\"https:\/\/www.istegroup.com\/wp-content\/uploads\/2021\/02\/Systematique-et-exloration-du-vivant.jpg\" \/>\n\t<meta property=\"og:image:width\" content=\"300\" \/>\n\t<meta property=\"og:image:height\" content=\"451\" \/>\n\t<meta property=\"og:image:type\" content=\"image\/jpeg\" \/>\n<meta name=\"twitter:card\" content=\"summary_large_image\" \/>\n<meta name=\"twitter:label1\" content=\"Est. reading time\" \/>\n\t<meta name=\"twitter:data1\" content=\"1 minute\" \/>\n<script type=\"application\/ld+json\" class=\"yoast-schema-graph\">{\"@context\":\"https:\/\/schema.org\",\"@graph\":[{\"@type\":\"WebPage\",\"@id\":\"https:\/\/www.istegroup.com\/produit\/systematique-et-exploration-du-vivant\/\",\"url\":\"https:\/\/www.istegroup.com\/produit\/systematique-et-exploration-du-vivant\/\",\"name\":\"Syst\u00e9matique et exploration du vivant - ISTE Group\",\"isPartOf\":{\"@id\":\"https:\/\/www.istegroup.com\/#website\"},\"primaryImageOfPage\":{\"@id\":\"https:\/\/www.istegroup.com\/produit\/systematique-et-exploration-du-vivant\/#primaryimage\"},\"image\":{\"@id\":\"https:\/\/www.istegroup.com\/produit\/systematique-et-exploration-du-vivant\/#primaryimage\"},\"thumbnailUrl\":\"https:\/\/www.istegroup.com\/wp-content\/uploads\/2021\/02\/Systematique-et-exloration-du-vivant.jpg\",\"datePublished\":\"2021-04-10T07:23:22+00:00\",\"dateModified\":\"2024-01-03T13:44:04+00:00\",\"description\":\"Syst\u00e9matique et exploration du vivant montre que la science doit s\u2019emparer de l\u2019\u00e9tude des parties inconnues du vivant et examine ces th\u00e9matiques indispensables pour affronter les grandes crises environnementales actuelles.\",\"breadcrumb\":{\"@id\":\"https:\/\/www.istegroup.com\/produit\/systematique-et-exploration-du-vivant\/#breadcrumb\"},\"inLanguage\":\"fr-FR\",\"potentialAction\":[{\"@type\":\"ReadAction\",\"target\":[\"https:\/\/www.istegroup.com\/produit\/systematique-et-exploration-du-vivant\/\"]}]},{\"@type\":\"ImageObject\",\"inLanguage\":\"fr-FR\",\"@id\":\"https:\/\/www.istegroup.com\/produit\/systematique-et-exploration-du-vivant\/#primaryimage\",\"url\":\"https:\/\/www.istegroup.com\/wp-content\/uploads\/2021\/02\/Systematique-et-exloration-du-vivant.jpg\",\"contentUrl\":\"https:\/\/www.istegroup.com\/wp-content\/uploads\/2021\/02\/Systematique-et-exloration-du-vivant.jpg\",\"width\":300,\"height\":451,\"caption\":\"Livre scientifique - Syst\u00e9matique et exploration du vivant - Philippe Grandcolas, Marie-Christine Maurel\"},{\"@type\":\"BreadcrumbList\",\"@id\":\"https:\/\/www.istegroup.com\/produit\/systematique-et-exploration-du-vivant\/#breadcrumb\",\"itemListElement\":[{\"@type\":\"ListItem\",\"position\":1,\"name\":\"Home\",\"item\":\"https:\/\/www.istegroup.com\/\"},{\"@type\":\"ListItem\",\"position\":2,\"name\":\"Shop\",\"item\":\"https:\/\/www.istegroup.com\/fr\/nouveautes\/\"},{\"@type\":\"ListItem\",\"position\":3,\"name\":\"Syst\u00e9matique et exploration du vivant\"}]},{\"@type\":\"WebSite\",\"@id\":\"https:\/\/www.istegroup.com\/#website\",\"url\":\"https:\/\/www.istegroup.com\/\",\"name\":\"ISTE Group\",\"description\":\"\u00c9diteur des Sciences\",\"potentialAction\":[{\"@type\":\"SearchAction\",\"target\":{\"@type\":\"EntryPoint\",\"urlTemplate\":\"https:\/\/www.istegroup.com\/?s={search_term_string}\"},\"query-input\":{\"@type\":\"PropertyValueSpecification\",\"valueRequired\":true,\"valueName\":\"search_term_string\"}}],\"inLanguage\":\"fr-FR\"}]}<\/script>\n<!-- \/ Yoast SEO plugin. -->","yoast_head_json":{"title":"Syst\u00e9matique et exploration du vivant - ISTE Group","description":"Syst\u00e9matique et exploration du vivant montre que la science doit s\u2019emparer de l\u2019\u00e9tude des parties inconnues du vivant et examine ces th\u00e9matiques indispensables pour affronter les grandes crises environnementales actuelles.","robots":{"index":"index","follow":"follow","max-snippet":"max-snippet:-1","max-image-preview":"max-image-preview:large","max-video-preview":"max-video-preview:-1"},"canonical":"https:\/\/www.istegroup.com\/produit\/systematique-et-exploration-du-vivant\/","og_locale":"fr_FR","og_type":"article","og_title":"Syst\u00e9matique et exploration du vivant - ISTE Group","og_description":"Syst\u00e9matique et exploration du vivant montre que la science doit s\u2019emparer de l\u2019\u00e9tude des parties inconnues du vivant et examine ces th\u00e9matiques indispensables pour affronter les grandes crises environnementales actuelles.","og_url":"https:\/\/www.istegroup.com\/produit\/systematique-et-exploration-du-vivant\/","og_site_name":"ISTE Group","article_modified_time":"2024-01-03T13:44:04+00:00","og_image":[{"width":300,"height":451,"url":"https:\/\/www.istegroup.com\/wp-content\/uploads\/2021\/02\/Systematique-et-exloration-du-vivant.jpg","type":"image\/jpeg"}],"twitter_card":"summary_large_image","twitter_misc":{"Est. reading time":"1 minute"},"schema":{"@context":"https:\/\/schema.org","@graph":[{"@type":"WebPage","@id":"https:\/\/www.istegroup.com\/produit\/systematique-et-exploration-du-vivant\/","url":"https:\/\/www.istegroup.com\/produit\/systematique-et-exploration-du-vivant\/","name":"Syst\u00e9matique et exploration du vivant - ISTE Group","isPartOf":{"@id":"https:\/\/www.istegroup.com\/#website"},"primaryImageOfPage":{"@id":"https:\/\/www.istegroup.com\/produit\/systematique-et-exploration-du-vivant\/#primaryimage"},"image":{"@id":"https:\/\/www.istegroup.com\/produit\/systematique-et-exploration-du-vivant\/#primaryimage"},"thumbnailUrl":"https:\/\/www.istegroup.com\/wp-content\/uploads\/2021\/02\/Systematique-et-exloration-du-vivant.jpg","datePublished":"2021-04-10T07:23:22+00:00","dateModified":"2024-01-03T13:44:04+00:00","description":"Syst\u00e9matique et exploration du vivant montre que la science doit s\u2019emparer de l\u2019\u00e9tude des parties inconnues du vivant et examine ces th\u00e9matiques indispensables pour affronter les grandes crises environnementales actuelles.","breadcrumb":{"@id":"https:\/\/www.istegroup.com\/produit\/systematique-et-exploration-du-vivant\/#breadcrumb"},"inLanguage":"fr-FR","potentialAction":[{"@type":"ReadAction","target":["https:\/\/www.istegroup.com\/produit\/systematique-et-exploration-du-vivant\/"]}]},{"@type":"ImageObject","inLanguage":"fr-FR","@id":"https:\/\/www.istegroup.com\/produit\/systematique-et-exploration-du-vivant\/#primaryimage","url":"https:\/\/www.istegroup.com\/wp-content\/uploads\/2021\/02\/Systematique-et-exloration-du-vivant.jpg","contentUrl":"https:\/\/www.istegroup.com\/wp-content\/uploads\/2021\/02\/Systematique-et-exloration-du-vivant.jpg","width":300,"height":451,"caption":"Livre scientifique - Syst\u00e9matique et exploration du vivant - Philippe Grandcolas, Marie-Christine Maurel"},{"@type":"BreadcrumbList","@id":"https:\/\/www.istegroup.com\/produit\/systematique-et-exploration-du-vivant\/#breadcrumb","itemListElement":[{"@type":"ListItem","position":1,"name":"Home","item":"https:\/\/www.istegroup.com\/"},{"@type":"ListItem","position":2,"name":"Shop","item":"https:\/\/www.istegroup.com\/fr\/nouveautes\/"},{"@type":"ListItem","position":3,"name":"Syst\u00e9matique et exploration du vivant"}]},{"@type":"WebSite","@id":"https:\/\/www.istegroup.com\/#website","url":"https:\/\/www.istegroup.com\/","name":"ISTE Group","description":"\u00c9diteur des Sciences","potentialAction":[{"@type":"SearchAction","target":{"@type":"EntryPoint","urlTemplate":"https:\/\/www.istegroup.com\/?s={search_term_string}"},"query-input":{"@type":"PropertyValueSpecification","valueRequired":true,"valueName":"search_term_string"}}],"inLanguage":"fr-FR"}]}},"_links":{"self":[{"href":"https:\/\/www.istegroup.com\/fr\/wp-json\/wp\/v2\/product\/38710","targetHints":{"allow":["GET"]}}],"collection":[{"href":"https:\/\/www.istegroup.com\/fr\/wp-json\/wp\/v2\/product"}],"about":[{"href":"https:\/\/www.istegroup.com\/fr\/wp-json\/wp\/v2\/types\/product"}],"wp:featuredmedia":[{"embeddable":true,"href":"https:\/\/www.istegroup.com\/fr\/wp-json\/wp\/v2\/media\/38812"}],"wp:attachment":[{"href":"https:\/\/www.istegroup.com\/fr\/wp-json\/wp\/v2\/media?parent=38710"}],"wp:term":[{"taxonomy":"product_brand","embeddable":true,"href":"https:\/\/www.istegroup.com\/fr\/wp-json\/wp\/v2\/product_brand?post=38710"},{"taxonomy":"product_cat","embeddable":true,"href":"https:\/\/www.istegroup.com\/fr\/wp-json\/wp\/v2\/product_cat?post=38710"},{"taxonomy":"product_tag","embeddable":true,"href":"https:\/\/www.istegroup.com\/fr\/wp-json\/wp\/v2\/product_tag?post=38710"}],"curies":[{"name":"wp","href":"https:\/\/api.w.org\/{rel}","templated":true}]}}