{"id":38701,"date":"2021-04-11T10:45:31","date_gmt":"2021-04-11T09:45:31","guid":{"rendered":"https:\/\/www.istegroup.com\/?post_type=product&#038;p=38701"},"modified":"2024-01-03T13:44:16","modified_gmt":"2024-01-03T13:44:16","slug":"innovation-et-marches-financiers","status":"publish","type":"product","link":"https:\/\/www.istegroup.com\/fr\/produit\/innovation-et-marches-financiers\/","title":{"rendered":"Innovation et march\u00e9s financiers"},"content":{"rendered":"<p><em>Innovation et march\u00e9s financiers<\/em> d\u00e9taille, dans une approche didactique destin\u00e9e aux non-sp\u00e9cialistes, l\u2019ensemble du processus et les \u00e9tapes \u00e0 respecter par l\u2019entrepreneur qui cherche \u00e0 transformer une simple id\u00e9e en une soci\u00e9t\u00e9 cot\u00e9e en bourse qui s\u2019impose dans son domaine.<\/p>\n<p>Cet ouvrage p\u00e9dagogique couvre non seulement les th\u00e8mes op\u00e9rationnels essentiels \u00e0 ces op\u00e9rations, mais il fournit \u00e9galement des pistes de r\u00e9flexion visant \u00e0 renouveler la capacit\u00e9 d\u2019innovation d\u2019une organisation afin d\u2019\u00e9viter son d\u00e9clin naturel. Pour compl\u00e9ter ces aspects industriels fondamentaux, il analyse la dimension financi\u00e8re de ce parcours : comment se financer des d\u00e9buts jusqu\u2019\u00e0 l\u2019ultracroissance, comment valoriser son entreprise et quelles sont les m\u00e9thodes et les outils utilis\u00e9s par les investisseurs pour valoriser les soci\u00e9t\u00e9s innovantes jusqu\u2019\u00e0 leur entr\u00e9e en bourse.<\/p>\n<p>L\u2019ouvrage traite \u00e9galement des march\u00e9s financiers qui \u00e9valuent les entreprises cot\u00e9es et leur caract\u00e8re innovant, et cherche \u00e0 mieux comprendre s\u2019ils reconnaissent et valorisent la gestion efficace de l\u2019innovation par les entreprises.<\/p>\n<p><a class=\"button\" style=\"margin-right: 10%\" href=\"https:\/\/www.istegroup.com\/wp-content\/uploads\/2020\/02\/730_Innovation-et-marches-financiers_Dispas_TOC.pdf\" target=\"_blank\" rel=\"noopener noreferrer\">Table des mati\u00e8res<\/a><a class=\"button\" style=\"margin-left: 10%\" href=\"https:\/\/www.istegroup.com\/wp-content\/uploads\/2020\/02\/730_Innovation-et-marches-financiers_Dispas_Premiere-partie.pdf\" target=\"_blank\" rel=\"noopener noreferrer\">Pr\u00e9face et Introduction<\/a><\/p>\n","protected":false},"excerpt":{"rendered":"<p>Innovation et march\u00e9s financiers d\u00e9taille, dans une approche didactique destin\u00e9e aux non-sp\u00e9cialistes, l\u2019ensemble du processus et les \u00e9tapes \u00e0 respecter par l\u2019entrepreneur qui cherche \u00e0 transformer une simple id\u00e9e en une soci\u00e9t\u00e9 cot\u00e9e en bourse qui s\u2019impose dans son domaine. Cet ouvrage p\u00e9dagogique couvre non seulement les th\u00e8mes op\u00e9rationnels essentiels \u00e0 ces op\u00e9rations, mais il [&hellip;]<\/p>\n","protected":false},"featured_media":38811,"template":"","meta":{"_acf_changed":false,"_links_to":"","_links_to_target":""},"product_brand":[],"product_cat":[3262],"product_tag":[],"class_list":{"0":"post-38701","1":"product","2":"type-product","3":"status-publish","4":"has-post-thumbnail","6":"product_cat-non-classe","8":"first","9":"instock","10":"shipping-taxable","11":"purchasable","12":"product-type-variable"},"acf":[],"yoast_head":"<!-- This site is optimized with the Yoast SEO plugin v27.2 - https:\/\/yoast.com\/product\/yoast-seo-wordpress\/ -->\n<title>Innovation et march\u00e9s financiers - ISTE Group<\/title>\n<meta name=\"description\" content=\"Innovation et march\u00e9s financiers d\u00e9taille l\u2019ensemble du processus et les \u00e9tapes \u00e0 respecter par l\u2019entrepreneur qui cherche \u00e0 transformer une simple id\u00e9e en une soci\u00e9t\u00e9 cot\u00e9e en bourse qui s\u2019impose dans son domaine.\" \/>\n<meta name=\"robots\" content=\"index, follow, max-snippet:-1, max-image-preview:large, max-video-preview:-1\" \/>\n<link rel=\"canonical\" href=\"https:\/\/www.istegroup.com\/produit\/innovation-et-marches-financiers\/\" \/>\n<meta property=\"og:locale\" content=\"fr_FR\" \/>\n<meta property=\"og:type\" content=\"article\" \/>\n<meta property=\"og:title\" content=\"Innovation et march\u00e9s financiers - ISTE Group\" \/>\n<meta property=\"og:description\" content=\"Innovation et march\u00e9s financiers d\u00e9taille l\u2019ensemble du processus et les \u00e9tapes \u00e0 respecter par l\u2019entrepreneur qui cherche \u00e0 transformer une simple id\u00e9e en une soci\u00e9t\u00e9 cot\u00e9e en bourse qui s\u2019impose dans son domaine.\" \/>\n<meta property=\"og:url\" content=\"https:\/\/www.istegroup.com\/produit\/innovation-et-marches-financiers\/\" \/>\n<meta property=\"og:site_name\" content=\"ISTE Group\" \/>\n<meta property=\"article:modified_time\" content=\"2024-01-03T13:44:16+00:00\" \/>\n<meta property=\"og:image\" content=\"https:\/\/www.istegroup.com\/wp-content\/uploads\/2021\/02\/Innovation-et-marches-financiers.jpg\" \/>\n\t<meta property=\"og:image:width\" content=\"300\" \/>\n\t<meta property=\"og:image:height\" content=\"454\" \/>\n\t<meta property=\"og:image:type\" content=\"image\/jpeg\" \/>\n<meta name=\"twitter:card\" content=\"summary_large_image\" \/>\n<meta name=\"twitter:label1\" content=\"Est. reading time\" \/>\n\t<meta name=\"twitter:data1\" content=\"1 minute\" \/>\n<script type=\"application\/ld+json\" class=\"yoast-schema-graph\">{\"@context\":\"https:\/\/schema.org\",\"@graph\":[{\"@type\":\"WebPage\",\"@id\":\"https:\/\/www.istegroup.com\/produit\/innovation-et-marches-financiers\/\",\"url\":\"https:\/\/www.istegroup.com\/produit\/innovation-et-marches-financiers\/\",\"name\":\"Innovation et march\u00e9s financiers - ISTE Group\",\"isPartOf\":{\"@id\":\"https:\/\/www.istegroup.com\/#website\"},\"primaryImageOfPage\":{\"@id\":\"https:\/\/www.istegroup.com\/produit\/innovation-et-marches-financiers\/#primaryimage\"},\"image\":{\"@id\":\"https:\/\/www.istegroup.com\/produit\/innovation-et-marches-financiers\/#primaryimage\"},\"thumbnailUrl\":\"https:\/\/www.istegroup.com\/wp-content\/uploads\/2021\/02\/Innovation-et-marches-financiers.jpg\",\"datePublished\":\"2021-04-11T09:45:31+00:00\",\"dateModified\":\"2024-01-03T13:44:16+00:00\",\"description\":\"Innovation et march\u00e9s financiers d\u00e9taille l\u2019ensemble du processus et les \u00e9tapes \u00e0 respecter par l\u2019entrepreneur qui cherche \u00e0 transformer une simple id\u00e9e en une soci\u00e9t\u00e9 cot\u00e9e en bourse qui s\u2019impose dans son domaine.\",\"breadcrumb\":{\"@id\":\"https:\/\/www.istegroup.com\/produit\/innovation-et-marches-financiers\/#breadcrumb\"},\"inLanguage\":\"fr-FR\",\"potentialAction\":[{\"@type\":\"ReadAction\",\"target\":[\"https:\/\/www.istegroup.com\/produit\/innovation-et-marches-financiers\/\"]}]},{\"@type\":\"ImageObject\",\"inLanguage\":\"fr-FR\",\"@id\":\"https:\/\/www.istegroup.com\/produit\/innovation-et-marches-financiers\/#primaryimage\",\"url\":\"https:\/\/www.istegroup.com\/wp-content\/uploads\/2021\/02\/Innovation-et-marches-financiers.jpg\",\"contentUrl\":\"https:\/\/www.istegroup.com\/wp-content\/uploads\/2021\/02\/Innovation-et-marches-financiers.jpg\",\"width\":300,\"height\":454,\"caption\":\"Livre scientifique - Innovation et march\u00e9s financiers - Christophe Dispas, Georges Kayanakis, Nicolas Servel, Ludmila Striukova\"},{\"@type\":\"BreadcrumbList\",\"@id\":\"https:\/\/www.istegroup.com\/produit\/innovation-et-marches-financiers\/#breadcrumb\",\"itemListElement\":[{\"@type\":\"ListItem\",\"position\":1,\"name\":\"Home\",\"item\":\"https:\/\/www.istegroup.com\/\"},{\"@type\":\"ListItem\",\"position\":2,\"name\":\"Shop\",\"item\":\"https:\/\/www.istegroup.com\/fr\/nouveautes\/\"},{\"@type\":\"ListItem\",\"position\":3,\"name\":\"Innovation et march\u00e9s financiers\"}]},{\"@type\":\"WebSite\",\"@id\":\"https:\/\/www.istegroup.com\/#website\",\"url\":\"https:\/\/www.istegroup.com\/\",\"name\":\"ISTE Group\",\"description\":\"\u00c9diteur des Sciences\",\"potentialAction\":[{\"@type\":\"SearchAction\",\"target\":{\"@type\":\"EntryPoint\",\"urlTemplate\":\"https:\/\/www.istegroup.com\/?s={search_term_string}\"},\"query-input\":{\"@type\":\"PropertyValueSpecification\",\"valueRequired\":true,\"valueName\":\"search_term_string\"}}],\"inLanguage\":\"fr-FR\"}]}<\/script>\n<!-- \/ Yoast SEO plugin. -->","yoast_head_json":{"title":"Innovation et march\u00e9s financiers - ISTE Group","description":"Innovation et march\u00e9s financiers d\u00e9taille l\u2019ensemble du processus et les \u00e9tapes \u00e0 respecter par l\u2019entrepreneur qui cherche \u00e0 transformer une simple id\u00e9e en une soci\u00e9t\u00e9 cot\u00e9e en bourse qui s\u2019impose dans son domaine.","robots":{"index":"index","follow":"follow","max-snippet":"max-snippet:-1","max-image-preview":"max-image-preview:large","max-video-preview":"max-video-preview:-1"},"canonical":"https:\/\/www.istegroup.com\/produit\/innovation-et-marches-financiers\/","og_locale":"fr_FR","og_type":"article","og_title":"Innovation et march\u00e9s financiers - ISTE Group","og_description":"Innovation et march\u00e9s financiers d\u00e9taille l\u2019ensemble du processus et les \u00e9tapes \u00e0 respecter par l\u2019entrepreneur qui cherche \u00e0 transformer une simple id\u00e9e en une soci\u00e9t\u00e9 cot\u00e9e en bourse qui s\u2019impose dans son domaine.","og_url":"https:\/\/www.istegroup.com\/produit\/innovation-et-marches-financiers\/","og_site_name":"ISTE Group","article_modified_time":"2024-01-03T13:44:16+00:00","og_image":[{"width":300,"height":454,"url":"https:\/\/www.istegroup.com\/wp-content\/uploads\/2021\/02\/Innovation-et-marches-financiers.jpg","type":"image\/jpeg"}],"twitter_card":"summary_large_image","twitter_misc":{"Est. reading time":"1 minute"},"schema":{"@context":"https:\/\/schema.org","@graph":[{"@type":"WebPage","@id":"https:\/\/www.istegroup.com\/produit\/innovation-et-marches-financiers\/","url":"https:\/\/www.istegroup.com\/produit\/innovation-et-marches-financiers\/","name":"Innovation et march\u00e9s financiers - ISTE Group","isPartOf":{"@id":"https:\/\/www.istegroup.com\/#website"},"primaryImageOfPage":{"@id":"https:\/\/www.istegroup.com\/produit\/innovation-et-marches-financiers\/#primaryimage"},"image":{"@id":"https:\/\/www.istegroup.com\/produit\/innovation-et-marches-financiers\/#primaryimage"},"thumbnailUrl":"https:\/\/www.istegroup.com\/wp-content\/uploads\/2021\/02\/Innovation-et-marches-financiers.jpg","datePublished":"2021-04-11T09:45:31+00:00","dateModified":"2024-01-03T13:44:16+00:00","description":"Innovation et march\u00e9s financiers d\u00e9taille l\u2019ensemble du processus et les \u00e9tapes \u00e0 respecter par l\u2019entrepreneur qui cherche \u00e0 transformer une simple id\u00e9e en une soci\u00e9t\u00e9 cot\u00e9e en bourse qui s\u2019impose dans son domaine.","breadcrumb":{"@id":"https:\/\/www.istegroup.com\/produit\/innovation-et-marches-financiers\/#breadcrumb"},"inLanguage":"fr-FR","potentialAction":[{"@type":"ReadAction","target":["https:\/\/www.istegroup.com\/produit\/innovation-et-marches-financiers\/"]}]},{"@type":"ImageObject","inLanguage":"fr-FR","@id":"https:\/\/www.istegroup.com\/produit\/innovation-et-marches-financiers\/#primaryimage","url":"https:\/\/www.istegroup.com\/wp-content\/uploads\/2021\/02\/Innovation-et-marches-financiers.jpg","contentUrl":"https:\/\/www.istegroup.com\/wp-content\/uploads\/2021\/02\/Innovation-et-marches-financiers.jpg","width":300,"height":454,"caption":"Livre scientifique - Innovation et march\u00e9s financiers - Christophe Dispas, Georges Kayanakis, Nicolas Servel, Ludmila Striukova"},{"@type":"BreadcrumbList","@id":"https:\/\/www.istegroup.com\/produit\/innovation-et-marches-financiers\/#breadcrumb","itemListElement":[{"@type":"ListItem","position":1,"name":"Home","item":"https:\/\/www.istegroup.com\/"},{"@type":"ListItem","position":2,"name":"Shop","item":"https:\/\/www.istegroup.com\/fr\/nouveautes\/"},{"@type":"ListItem","position":3,"name":"Innovation et march\u00e9s financiers"}]},{"@type":"WebSite","@id":"https:\/\/www.istegroup.com\/#website","url":"https:\/\/www.istegroup.com\/","name":"ISTE Group","description":"\u00c9diteur des Sciences","potentialAction":[{"@type":"SearchAction","target":{"@type":"EntryPoint","urlTemplate":"https:\/\/www.istegroup.com\/?s={search_term_string}"},"query-input":{"@type":"PropertyValueSpecification","valueRequired":true,"valueName":"search_term_string"}}],"inLanguage":"fr-FR"}]}},"_links":{"self":[{"href":"https:\/\/www.istegroup.com\/fr\/wp-json\/wp\/v2\/product\/38701","targetHints":{"allow":["GET"]}}],"collection":[{"href":"https:\/\/www.istegroup.com\/fr\/wp-json\/wp\/v2\/product"}],"about":[{"href":"https:\/\/www.istegroup.com\/fr\/wp-json\/wp\/v2\/types\/product"}],"wp:featuredmedia":[{"embeddable":true,"href":"https:\/\/www.istegroup.com\/fr\/wp-json\/wp\/v2\/media\/38811"}],"wp:attachment":[{"href":"https:\/\/www.istegroup.com\/fr\/wp-json\/wp\/v2\/media?parent=38701"}],"wp:term":[{"taxonomy":"product_brand","embeddable":true,"href":"https:\/\/www.istegroup.com\/fr\/wp-json\/wp\/v2\/product_brand?post=38701"},{"taxonomy":"product_cat","embeddable":true,"href":"https:\/\/www.istegroup.com\/fr\/wp-json\/wp\/v2\/product_cat?post=38701"},{"taxonomy":"product_tag","embeddable":true,"href":"https:\/\/www.istegroup.com\/fr\/wp-json\/wp\/v2\/product_tag?post=38701"}],"curies":[{"name":"wp","href":"https:\/\/api.w.org\/{rel}","templated":true}]}}