{"id":38690,"date":"2021-05-21T14:18:05","date_gmt":"2021-05-21T13:18:05","guid":{"rendered":"https:\/\/www.istegroup.com\/?post_type=product&#038;p=38690"},"modified":"2024-01-03T13:44:39","modified_gmt":"2024-01-03T13:44:39","slug":"la-gamification-de-la-societe","status":"publish","type":"product","link":"https:\/\/www.istegroup.com\/fr\/produit\/la-gamification-de-la-societe\/","title":{"rendered":"La gamification de la soci\u00e9t\u00e9"},"content":{"rendered":"<p>Les champs applicatifs de la gamification ou la transposition d\u2019\u00e9l\u00e9ments de jeu \u00e0 des contextes de non-jeu sont aujourd\u2019hui multiples. Ils s\u2019\u00e9tendent \u00e0 la sant\u00e9, l\u2019\u00e9ducation, le travail, les m\u00e9dias, etc., qui sont d\u00e9sormais concern\u00e9s par des pratiques gamifi\u00e9es. Or, les sciences humaines et sociales critiquent et analysent encore bien trop peu ces pratiques. Les recherches conduites sur la gamification portent le plus souvent sur des objets et n\u2019abordent pas la gamification dans sa dimension logique.<\/p>\n<p>Consid\u00e9rant que le jeu en tant que mod\u00e8le et r\u00e9f\u00e9rent, charg\u00e9 de valeur sociale, m\u00e9rite d\u2019\u00eatre interrog\u00e9 au-del\u00e0 de ses objets d\u2019application, <em>La gamification de la soci\u00e9t\u00e9<\/em> propose de rassembler plusieurs textes, observations et critiques qui interrogent l\u2019influence que le jeu et ses \u00abm\u00e9caniques \u00bb ont sur le social. Les recherches empiriques pr\u00e9sentes dans cet ouvrage (pratiques de designers, petite enfance, action politique, <em>quantified self<\/em>, etc.) sondent en outre diff\u00e9rents contextes nationaux \u2013 Norv\u00e8ge, Belgique, \u00c9tats-Unis, France, etc. \u2013, restituant cette logique dans sa dimension globalis\u00e9e.<\/p>\n<p><a class=\"button\" style=\"margin-right: 10%\" href=\"https:\/\/www.istegroup.com\/wp-content\/uploads\/2020\/02\/726_La-gamification-de-la-societe_Le-Lay_TOC.pdf\" target=\"_blank\" rel=\"noopener noreferrer\">Table des mati\u00e8res<\/a><a class=\"button\" style=\"margin-left: 10%\" href=\"https:\/\/www.istegroup.com\/wp-content\/uploads\/2020\/02\/726_La-gamification-de-la-societe_Le-Lay_Premiere-partie.pdf\" target=\"_blank\" rel=\"noopener noreferrer\">Introduction<\/a><\/p>","protected":false},"excerpt":{"rendered":"<p>Les champs applicatifs de la gamification ou la transposition d\u2019\u00e9l\u00e9ments de jeu \u00e0 des contextes de non-jeu sont aujourd\u2019hui multiples. Ils s\u2019\u00e9tendent \u00e0 la sant\u00e9, l\u2019\u00e9ducation, le travail, les m\u00e9dias, etc., qui sont d\u00e9sormais concern\u00e9s par des pratiques gamifi\u00e9es. Or, les sciences humaines et sociales critiquent et analysent encore bien trop peu ces pratiques. Les [&hellip;]<\/p>\n","protected":false},"featured_media":38809,"template":"","meta":{"_acf_changed":false,"_links_to":"","_links_to_target":""},"product_brand":[],"product_cat":[3262],"product_tag":[],"class_list":{"0":"post-38690","1":"product","2":"type-product","3":"status-publish","4":"has-post-thumbnail","6":"product_cat-non-classe","8":"first","9":"instock","10":"shipping-taxable","11":"purchasable","12":"product-type-variable"},"acf":[],"yoast_head":"<!-- This site is optimized with the Yoast SEO plugin v27.2 - https:\/\/yoast.com\/product\/yoast-seo-wordpress\/ -->\n<title>La gamification de la soci\u00e9t\u00e9 - ISTE Group<\/title>\n<meta name=\"description\" content=\"La gamification de la soci\u00e9t\u00e9 propose de rassembler plusieurs textes, observations et critiques qui interrogent l\u2019influence que le jeu et ses \u00abm\u00e9caniques \u00bb ont sur le social.\" \/>\n<meta name=\"robots\" content=\"index, follow, max-snippet:-1, max-image-preview:large, max-video-preview:-1\" \/>\n<link rel=\"canonical\" href=\"https:\/\/www.istegroup.com\/produit\/la-gamification-de-la-societe\/\" \/>\n<meta property=\"og:locale\" content=\"fr_FR\" \/>\n<meta property=\"og:type\" content=\"article\" \/>\n<meta property=\"og:title\" content=\"La gamification de la soci\u00e9t\u00e9 - ISTE Group\" \/>\n<meta property=\"og:description\" content=\"La gamification de la soci\u00e9t\u00e9 propose de rassembler plusieurs textes, observations et critiques qui interrogent l\u2019influence que le jeu et ses \u00abm\u00e9caniques \u00bb ont sur le social.\" \/>\n<meta property=\"og:url\" content=\"https:\/\/www.istegroup.com\/produit\/la-gamification-de-la-societe\/\" \/>\n<meta property=\"og:site_name\" content=\"ISTE Group\" \/>\n<meta property=\"article:modified_time\" content=\"2024-01-03T13:44:39+00:00\" \/>\n<meta property=\"og:image\" content=\"https:\/\/www.istegroup.com\/wp-content\/uploads\/2021\/02\/La-gamification-de-la-societe.jpg\" \/>\n\t<meta property=\"og:image:width\" content=\"300\" \/>\n\t<meta property=\"og:image:height\" content=\"453\" \/>\n\t<meta property=\"og:image:type\" content=\"image\/jpeg\" \/>\n<meta name=\"twitter:card\" content=\"summary_large_image\" \/>\n<meta name=\"twitter:label1\" content=\"Est. reading time\" \/>\n\t<meta name=\"twitter:data1\" content=\"1 minute\" \/>\n<script type=\"application\/ld+json\" class=\"yoast-schema-graph\">{\"@context\":\"https:\/\/schema.org\",\"@graph\":[{\"@type\":\"WebPage\",\"@id\":\"https:\/\/www.istegroup.com\/produit\/la-gamification-de-la-societe\/\",\"url\":\"https:\/\/www.istegroup.com\/produit\/la-gamification-de-la-societe\/\",\"name\":\"La gamification de la soci\u00e9t\u00e9 - ISTE Group\",\"isPartOf\":{\"@id\":\"https:\/\/www.istegroup.com\/#website\"},\"primaryImageOfPage\":{\"@id\":\"https:\/\/www.istegroup.com\/produit\/la-gamification-de-la-societe\/#primaryimage\"},\"image\":{\"@id\":\"https:\/\/www.istegroup.com\/produit\/la-gamification-de-la-societe\/#primaryimage\"},\"thumbnailUrl\":\"https:\/\/www.istegroup.com\/wp-content\/uploads\/2021\/02\/La-gamification-de-la-societe.jpg\",\"datePublished\":\"2021-05-21T13:18:05+00:00\",\"dateModified\":\"2024-01-03T13:44:39+00:00\",\"description\":\"La gamification de la soci\u00e9t\u00e9 propose de rassembler plusieurs textes, observations et critiques qui interrogent l\u2019influence que le jeu et ses \u00abm\u00e9caniques \u00bb ont sur le social.\",\"breadcrumb\":{\"@id\":\"https:\/\/www.istegroup.com\/produit\/la-gamification-de-la-societe\/#breadcrumb\"},\"inLanguage\":\"fr-FR\",\"potentialAction\":[{\"@type\":\"ReadAction\",\"target\":[\"https:\/\/www.istegroup.com\/produit\/la-gamification-de-la-societe\/\"]}]},{\"@type\":\"ImageObject\",\"inLanguage\":\"fr-FR\",\"@id\":\"https:\/\/www.istegroup.com\/produit\/la-gamification-de-la-societe\/#primaryimage\",\"url\":\"https:\/\/www.istegroup.com\/wp-content\/uploads\/2021\/02\/La-gamification-de-la-societe.jpg\",\"contentUrl\":\"https:\/\/www.istegroup.com\/wp-content\/uploads\/2021\/02\/La-gamification-de-la-societe.jpg\",\"width\":300,\"height\":453,\"caption\":\"Livre scientifique - La gamification de la soci\u00e9t\u00e9 - St\u00e9phane Le Lay, Emmanuelle Savignac, Pierre L\u00e9nel, Jean Frances\"},{\"@type\":\"BreadcrumbList\",\"@id\":\"https:\/\/www.istegroup.com\/produit\/la-gamification-de-la-societe\/#breadcrumb\",\"itemListElement\":[{\"@type\":\"ListItem\",\"position\":1,\"name\":\"Home\",\"item\":\"https:\/\/www.istegroup.com\/\"},{\"@type\":\"ListItem\",\"position\":2,\"name\":\"Shop\",\"item\":\"https:\/\/www.istegroup.com\/fr\/nouveautes\/\"},{\"@type\":\"ListItem\",\"position\":3,\"name\":\"La gamification de la soci\u00e9t\u00e9\"}]},{\"@type\":\"WebSite\",\"@id\":\"https:\/\/www.istegroup.com\/#website\",\"url\":\"https:\/\/www.istegroup.com\/\",\"name\":\"ISTE Group\",\"description\":\"\u00c9diteur des Sciences\",\"potentialAction\":[{\"@type\":\"SearchAction\",\"target\":{\"@type\":\"EntryPoint\",\"urlTemplate\":\"https:\/\/www.istegroup.com\/?s={search_term_string}\"},\"query-input\":{\"@type\":\"PropertyValueSpecification\",\"valueRequired\":true,\"valueName\":\"search_term_string\"}}],\"inLanguage\":\"fr-FR\"}]}<\/script>\n<!-- \/ Yoast SEO plugin. -->","yoast_head_json":{"title":"La gamification de la soci\u00e9t\u00e9 - ISTE Group","description":"La gamification de la soci\u00e9t\u00e9 propose de rassembler plusieurs textes, observations et critiques qui interrogent l\u2019influence que le jeu et ses \u00abm\u00e9caniques \u00bb ont sur le social.","robots":{"index":"index","follow":"follow","max-snippet":"max-snippet:-1","max-image-preview":"max-image-preview:large","max-video-preview":"max-video-preview:-1"},"canonical":"https:\/\/www.istegroup.com\/produit\/la-gamification-de-la-societe\/","og_locale":"fr_FR","og_type":"article","og_title":"La gamification de la soci\u00e9t\u00e9 - ISTE Group","og_description":"La gamification de la soci\u00e9t\u00e9 propose de rassembler plusieurs textes, observations et critiques qui interrogent l\u2019influence que le jeu et ses \u00abm\u00e9caniques \u00bb ont sur le social.","og_url":"https:\/\/www.istegroup.com\/produit\/la-gamification-de-la-societe\/","og_site_name":"ISTE Group","article_modified_time":"2024-01-03T13:44:39+00:00","og_image":[{"width":300,"height":453,"url":"https:\/\/www.istegroup.com\/wp-content\/uploads\/2021\/02\/La-gamification-de-la-societe.jpg","type":"image\/jpeg"}],"twitter_card":"summary_large_image","twitter_misc":{"Est. reading time":"1 minute"},"schema":{"@context":"https:\/\/schema.org","@graph":[{"@type":"WebPage","@id":"https:\/\/www.istegroup.com\/produit\/la-gamification-de-la-societe\/","url":"https:\/\/www.istegroup.com\/produit\/la-gamification-de-la-societe\/","name":"La gamification de la soci\u00e9t\u00e9 - ISTE Group","isPartOf":{"@id":"https:\/\/www.istegroup.com\/#website"},"primaryImageOfPage":{"@id":"https:\/\/www.istegroup.com\/produit\/la-gamification-de-la-societe\/#primaryimage"},"image":{"@id":"https:\/\/www.istegroup.com\/produit\/la-gamification-de-la-societe\/#primaryimage"},"thumbnailUrl":"https:\/\/www.istegroup.com\/wp-content\/uploads\/2021\/02\/La-gamification-de-la-societe.jpg","datePublished":"2021-05-21T13:18:05+00:00","dateModified":"2024-01-03T13:44:39+00:00","description":"La gamification de la soci\u00e9t\u00e9 propose de rassembler plusieurs textes, observations et critiques qui interrogent l\u2019influence que le jeu et ses \u00abm\u00e9caniques \u00bb ont sur le social.","breadcrumb":{"@id":"https:\/\/www.istegroup.com\/produit\/la-gamification-de-la-societe\/#breadcrumb"},"inLanguage":"fr-FR","potentialAction":[{"@type":"ReadAction","target":["https:\/\/www.istegroup.com\/produit\/la-gamification-de-la-societe\/"]}]},{"@type":"ImageObject","inLanguage":"fr-FR","@id":"https:\/\/www.istegroup.com\/produit\/la-gamification-de-la-societe\/#primaryimage","url":"https:\/\/www.istegroup.com\/wp-content\/uploads\/2021\/02\/La-gamification-de-la-societe.jpg","contentUrl":"https:\/\/www.istegroup.com\/wp-content\/uploads\/2021\/02\/La-gamification-de-la-societe.jpg","width":300,"height":453,"caption":"Livre scientifique - La gamification de la soci\u00e9t\u00e9 - St\u00e9phane Le Lay, Emmanuelle Savignac, Pierre L\u00e9nel, Jean Frances"},{"@type":"BreadcrumbList","@id":"https:\/\/www.istegroup.com\/produit\/la-gamification-de-la-societe\/#breadcrumb","itemListElement":[{"@type":"ListItem","position":1,"name":"Home","item":"https:\/\/www.istegroup.com\/"},{"@type":"ListItem","position":2,"name":"Shop","item":"https:\/\/www.istegroup.com\/fr\/nouveautes\/"},{"@type":"ListItem","position":3,"name":"La gamification de la soci\u00e9t\u00e9"}]},{"@type":"WebSite","@id":"https:\/\/www.istegroup.com\/#website","url":"https:\/\/www.istegroup.com\/","name":"ISTE Group","description":"\u00c9diteur des Sciences","potentialAction":[{"@type":"SearchAction","target":{"@type":"EntryPoint","urlTemplate":"https:\/\/www.istegroup.com\/?s={search_term_string}"},"query-input":{"@type":"PropertyValueSpecification","valueRequired":true,"valueName":"search_term_string"}}],"inLanguage":"fr-FR"}]}},"_links":{"self":[{"href":"https:\/\/www.istegroup.com\/fr\/wp-json\/wp\/v2\/product\/38690","targetHints":{"allow":["GET"]}}],"collection":[{"href":"https:\/\/www.istegroup.com\/fr\/wp-json\/wp\/v2\/product"}],"about":[{"href":"https:\/\/www.istegroup.com\/fr\/wp-json\/wp\/v2\/types\/product"}],"wp:featuredmedia":[{"embeddable":true,"href":"https:\/\/www.istegroup.com\/fr\/wp-json\/wp\/v2\/media\/38809"}],"wp:attachment":[{"href":"https:\/\/www.istegroup.com\/fr\/wp-json\/wp\/v2\/media?parent=38690"}],"wp:term":[{"taxonomy":"product_brand","embeddable":true,"href":"https:\/\/www.istegroup.com\/fr\/wp-json\/wp\/v2\/product_brand?post=38690"},{"taxonomy":"product_cat","embeddable":true,"href":"https:\/\/www.istegroup.com\/fr\/wp-json\/wp\/v2\/product_cat?post=38690"},{"taxonomy":"product_tag","embeddable":true,"href":"https:\/\/www.istegroup.com\/fr\/wp-json\/wp\/v2\/product_tag?post=38690"}],"curies":[{"name":"wp","href":"https:\/\/api.w.org\/{rel}","templated":true}]}}