{"id":377,"date":"2017-07-28T12:33:43","date_gmt":"2017-07-28T10:33:43","guid":{"rendered":"https:\/\/iste.yhello.co\/product\/le-developpement-de-lintelligence-collective-en-entreprise\/"},"modified":"2024-01-03T13:39:37","modified_gmt":"2024-01-03T13:39:37","slug":"le-developpement-de-lintelligence-collective-en-entreprise","status":"publish","type":"product","link":"https:\/\/www.istegroup.com\/fr\/produit\/le-developpement-de-lintelligence-collective-en-entreprise\/","title":{"rendered":"Le d\u00e9veloppement de l\u2019intelligence collective en entreprise"},"content":{"rendered":"<p>Une organisation ou une entreprise qui d\u00e9sire d\u00e9velopper son intelligence collective doit r\u00e9pondre \u00e0 un paradoxe fondamental : \u00eatre capable de former un ensemble homog\u00e8ne tout en \u00e9tant constitu\u00e9e d\u2019individus par essence h\u00e9t\u00e9rog\u00e8nes.<\/p>\n<p>Pla\u00e7ant l\u2019humain au coeur de la r\u00e9flexion, cet ouvrage pr\u00e9sente les m\u00e9thodes et les solutions indispensables \u00e0 l\u2019\u00e9l\u00e9vation du niveau d\u2019intelligence collective dans l\u2019entreprise : comprendre la diversit\u00e9 des temp\u00e9raments ; influencer les personnes pour les aider \u00e0 travailler ensemble par-del\u00e0 leurs diff\u00e9rences ; ma\u00eetriser l\u2019\u00e9motion et ses travers, les conversations difficiles ; manager des cultures diff\u00e9rentes ; d\u00e9cliner une vision ou impl\u00e9menter un changement\u2026 Autant d\u2019enjeux qui n\u00e9cessitent de solides connaissances et pour lesquels rien ne saurait \u00eatre laiss\u00e9 au hasard, sous peine d\u2019inertie et d\u2019inefficacit\u00e9.<\/p>\n<p><em>Le d\u00e9veloppement de l\u2019intelligence collective en entreprise\u00a0<\/em>fournit les outils d\u2019analyse qui permettent de capitaliser sur la richesse humaine et sa diversit\u00e9 dans le respect de la r\u00e9silience de chacun et au b\u00e9n\u00e9fice des r\u00e9sultats de l\u2019entreprise.<\/p>\n","protected":false},"excerpt":{"rendered":"<p>Une organisation ou une entreprise qui d\u00e9sire d\u00e9velopper son intelligence collective doit r\u00e9pondre \u00e0 un paradoxe fondamental : \u00eatre capable de former un ensemble homog\u00e8ne tout en \u00e9tant constitu\u00e9e d\u2019individus par essence h\u00e9t\u00e9rog\u00e8nes. Pla\u00e7ant l\u2019humain au coeur de la r\u00e9flexion, cet ouvrage pr\u00e9sente les m\u00e9thodes et les solutions indispensables \u00e0 l\u2019\u00e9l\u00e9vation du niveau d\u2019intelligence collective [&hellip;]<\/p>\n","protected":false},"featured_media":378,"template":"","meta":{"_acf_changed":false,"_links_to":"","_links_to_target":""},"product_brand":[],"product_cat":[670,675],"product_tag":[31,19,20,135,189,190,21,22,191,172,26,27,192,28,29,193,194],"class_list":{"0":"post-377","1":"product","2":"type-product","3":"status-publish","4":"has-post-thumbnail","6":"product_cat-innovation-entrepreneuriat-et-gestion-11041751","7":"product_cat-nouveauts-12519446","8":"product_tag-ebook","9":"product_tag-editions-francaise","10":"product_tag-editions-technique","11":"product_tag-entreprise","12":"product_tag-herve-suzanne","13":"product_tag-intelligence-collective","14":"product_tag-iste-group","15":"product_tag-istegroup","16":"product_tag-le-developpement-de-lintelligence-collective-en-entreprise","17":"product_tag-livre-scientifique","18":"product_tag-livre-scientifique-francais","19":"product_tag-livre-technique-francais","20":"product_tag-ouvrage-science","21":"product_tag-ouvrage-scientifique-francais","22":"product_tag-ouvrage-technique","23":"product_tag-patricia-bouvard","24":"product_tag-richesse-humaine","26":"first","27":"instock","28":"shipping-taxable","29":"purchasable","30":"product-type-variable"},"acf":[],"yoast_head":"<!-- This site is optimized with the Yoast SEO plugin v27.2 - https:\/\/yoast.com\/product\/yoast-seo-wordpress\/ -->\n<title>Le d\u00e9veloppement de l\u2019intelligence collective en entreprise - ISTE Group<\/title>\n<meta name=\"description\" content=\"L&#039;ouvrage fournit les outils d\u2019analyse pour capitaliser sur la richesse humaine et sa diversit\u00e9, au b\u00e9n\u00e9fice des r\u00e9sultats de l\u2019entreprise.\" \/>\n<meta name=\"robots\" content=\"index, follow, max-snippet:-1, max-image-preview:large, max-video-preview:-1\" \/>\n<link rel=\"canonical\" href=\"https:\/\/www.istegroup.com\/fr\/produit\/le-developpement-de-lintelligence-collective-en-entreprise\/\" \/>\n<meta property=\"og:locale\" content=\"fr_FR\" \/>\n<meta property=\"og:type\" content=\"article\" \/>\n<meta property=\"og:title\" content=\"Le d\u00e9veloppement de l\u2019intelligence collective en entreprise - ISTE Group\" \/>\n<meta property=\"og:description\" content=\"L&#039;ouvrage fournit les outils d\u2019analyse pour capitaliser sur la richesse humaine et sa diversit\u00e9, au b\u00e9n\u00e9fice des r\u00e9sultats de l\u2019entreprise.\" \/>\n<meta property=\"og:url\" content=\"https:\/\/www.istegroup.com\/fr\/produit\/le-developpement-de-lintelligence-collective-en-entreprise\/\" \/>\n<meta property=\"og:site_name\" content=\"ISTE Group\" \/>\n<meta property=\"article:modified_time\" content=\"2024-01-03T13:39:37+00:00\" \/>\n<meta property=\"og:image\" content=\"https:\/\/www.istegroup.com\/wp-content\/uploads\/2017\/07\/19852177745_8902474833-1.jpg\" \/>\n\t<meta property=\"og:image:width\" content=\"1366\" \/>\n\t<meta property=\"og:image:height\" content=\"2048\" \/>\n\t<meta property=\"og:image:type\" content=\"image\/jpeg\" \/>\n<meta name=\"twitter:card\" content=\"summary_large_image\" \/>\n<meta name=\"twitter:label1\" content=\"Est. reading time\" \/>\n\t<meta name=\"twitter:data1\" content=\"1 minute\" \/>\n<script type=\"application\/ld+json\" class=\"yoast-schema-graph\">{\"@context\":\"https:\/\/schema.org\",\"@graph\":[{\"@type\":\"WebPage\",\"@id\":\"https:\/\/www.istegroup.com\/fr\/produit\/le-developpement-de-lintelligence-collective-en-entreprise\/\",\"url\":\"https:\/\/www.istegroup.com\/fr\/produit\/le-developpement-de-lintelligence-collective-en-entreprise\/\",\"name\":\"Le d\u00e9veloppement de l\u2019intelligence collective en entreprise - ISTE Group\",\"isPartOf\":{\"@id\":\"https:\/\/www.istegroup.com\/#website\"},\"primaryImageOfPage\":{\"@id\":\"https:\/\/www.istegroup.com\/fr\/produit\/le-developpement-de-lintelligence-collective-en-entreprise\/#primaryimage\"},\"image\":{\"@id\":\"https:\/\/www.istegroup.com\/fr\/produit\/le-developpement-de-lintelligence-collective-en-entreprise\/#primaryimage\"},\"thumbnailUrl\":\"https:\/\/www.istegroup.com\/wp-content\/uploads\/2017\/07\/19852177745_8902474833-1.jpg\",\"datePublished\":\"2017-07-28T10:33:43+00:00\",\"dateModified\":\"2024-01-03T13:39:37+00:00\",\"description\":\"L'ouvrage fournit les outils d\u2019analyse pour capitaliser sur la richesse humaine et sa diversit\u00e9, au b\u00e9n\u00e9fice des r\u00e9sultats de l\u2019entreprise.\",\"breadcrumb\":{\"@id\":\"https:\/\/www.istegroup.com\/fr\/produit\/le-developpement-de-lintelligence-collective-en-entreprise\/#breadcrumb\"},\"inLanguage\":\"fr-FR\",\"potentialAction\":[{\"@type\":\"ReadAction\",\"target\":[\"https:\/\/www.istegroup.com\/fr\/produit\/le-developpement-de-lintelligence-collective-en-entreprise\/\"]}]},{\"@type\":\"ImageObject\",\"inLanguage\":\"fr-FR\",\"@id\":\"https:\/\/www.istegroup.com\/fr\/produit\/le-developpement-de-lintelligence-collective-en-entreprise\/#primaryimage\",\"url\":\"https:\/\/www.istegroup.com\/wp-content\/uploads\/2017\/07\/19852177745_8902474833-1.jpg\",\"contentUrl\":\"https:\/\/www.istegroup.com\/wp-content\/uploads\/2017\/07\/19852177745_8902474833-1.jpg\",\"width\":1366,\"height\":2048,\"caption\":\"Le d\u00e9veloppement de l\u2019intelligence collective en entreprise\"},{\"@type\":\"BreadcrumbList\",\"@id\":\"https:\/\/www.istegroup.com\/fr\/produit\/le-developpement-de-lintelligence-collective-en-entreprise\/#breadcrumb\",\"itemListElement\":[{\"@type\":\"ListItem\",\"position\":1,\"name\":\"Home\",\"item\":\"https:\/\/www.istegroup.com\/\"},{\"@type\":\"ListItem\",\"position\":2,\"name\":\"Shop\",\"item\":\"https:\/\/www.istegroup.com\/fr\/nouveautes\/\"},{\"@type\":\"ListItem\",\"position\":3,\"name\":\"Le d\u00e9veloppement de l\u2019intelligence collective en entreprise\"}]},{\"@type\":\"WebSite\",\"@id\":\"https:\/\/www.istegroup.com\/#website\",\"url\":\"https:\/\/www.istegroup.com\/\",\"name\":\"ISTE Group\",\"description\":\"\u00c9diteur des Sciences\",\"potentialAction\":[{\"@type\":\"SearchAction\",\"target\":{\"@type\":\"EntryPoint\",\"urlTemplate\":\"https:\/\/www.istegroup.com\/?s={search_term_string}\"},\"query-input\":{\"@type\":\"PropertyValueSpecification\",\"valueRequired\":true,\"valueName\":\"search_term_string\"}}],\"inLanguage\":\"fr-FR\"}]}<\/script>\n<!-- \/ Yoast SEO plugin. -->","yoast_head_json":{"title":"Le d\u00e9veloppement de l\u2019intelligence collective en entreprise - ISTE Group","description":"L'ouvrage fournit les outils d\u2019analyse pour capitaliser sur la richesse humaine et sa diversit\u00e9, au b\u00e9n\u00e9fice des r\u00e9sultats de l\u2019entreprise.","robots":{"index":"index","follow":"follow","max-snippet":"max-snippet:-1","max-image-preview":"max-image-preview:large","max-video-preview":"max-video-preview:-1"},"canonical":"https:\/\/www.istegroup.com\/fr\/produit\/le-developpement-de-lintelligence-collective-en-entreprise\/","og_locale":"fr_FR","og_type":"article","og_title":"Le d\u00e9veloppement de l\u2019intelligence collective en entreprise - ISTE Group","og_description":"L'ouvrage fournit les outils d\u2019analyse pour capitaliser sur la richesse humaine et sa diversit\u00e9, au b\u00e9n\u00e9fice des r\u00e9sultats de l\u2019entreprise.","og_url":"https:\/\/www.istegroup.com\/fr\/produit\/le-developpement-de-lintelligence-collective-en-entreprise\/","og_site_name":"ISTE Group","article_modified_time":"2024-01-03T13:39:37+00:00","og_image":[{"width":1366,"height":2048,"url":"https:\/\/www.istegroup.com\/wp-content\/uploads\/2017\/07\/19852177745_8902474833-1.jpg","type":"image\/jpeg"}],"twitter_card":"summary_large_image","twitter_misc":{"Est. reading time":"1 minute"},"schema":{"@context":"https:\/\/schema.org","@graph":[{"@type":"WebPage","@id":"https:\/\/www.istegroup.com\/fr\/produit\/le-developpement-de-lintelligence-collective-en-entreprise\/","url":"https:\/\/www.istegroup.com\/fr\/produit\/le-developpement-de-lintelligence-collective-en-entreprise\/","name":"Le d\u00e9veloppement de l\u2019intelligence collective en entreprise - ISTE Group","isPartOf":{"@id":"https:\/\/www.istegroup.com\/#website"},"primaryImageOfPage":{"@id":"https:\/\/www.istegroup.com\/fr\/produit\/le-developpement-de-lintelligence-collective-en-entreprise\/#primaryimage"},"image":{"@id":"https:\/\/www.istegroup.com\/fr\/produit\/le-developpement-de-lintelligence-collective-en-entreprise\/#primaryimage"},"thumbnailUrl":"https:\/\/www.istegroup.com\/wp-content\/uploads\/2017\/07\/19852177745_8902474833-1.jpg","datePublished":"2017-07-28T10:33:43+00:00","dateModified":"2024-01-03T13:39:37+00:00","description":"L'ouvrage fournit les outils d\u2019analyse pour capitaliser sur la richesse humaine et sa diversit\u00e9, au b\u00e9n\u00e9fice des r\u00e9sultats de l\u2019entreprise.","breadcrumb":{"@id":"https:\/\/www.istegroup.com\/fr\/produit\/le-developpement-de-lintelligence-collective-en-entreprise\/#breadcrumb"},"inLanguage":"fr-FR","potentialAction":[{"@type":"ReadAction","target":["https:\/\/www.istegroup.com\/fr\/produit\/le-developpement-de-lintelligence-collective-en-entreprise\/"]}]},{"@type":"ImageObject","inLanguage":"fr-FR","@id":"https:\/\/www.istegroup.com\/fr\/produit\/le-developpement-de-lintelligence-collective-en-entreprise\/#primaryimage","url":"https:\/\/www.istegroup.com\/wp-content\/uploads\/2017\/07\/19852177745_8902474833-1.jpg","contentUrl":"https:\/\/www.istegroup.com\/wp-content\/uploads\/2017\/07\/19852177745_8902474833-1.jpg","width":1366,"height":2048,"caption":"Le d\u00e9veloppement de l\u2019intelligence collective en entreprise"},{"@type":"BreadcrumbList","@id":"https:\/\/www.istegroup.com\/fr\/produit\/le-developpement-de-lintelligence-collective-en-entreprise\/#breadcrumb","itemListElement":[{"@type":"ListItem","position":1,"name":"Home","item":"https:\/\/www.istegroup.com\/"},{"@type":"ListItem","position":2,"name":"Shop","item":"https:\/\/www.istegroup.com\/fr\/nouveautes\/"},{"@type":"ListItem","position":3,"name":"Le d\u00e9veloppement de l\u2019intelligence collective en entreprise"}]},{"@type":"WebSite","@id":"https:\/\/www.istegroup.com\/#website","url":"https:\/\/www.istegroup.com\/","name":"ISTE Group","description":"\u00c9diteur des Sciences","potentialAction":[{"@type":"SearchAction","target":{"@type":"EntryPoint","urlTemplate":"https:\/\/www.istegroup.com\/?s={search_term_string}"},"query-input":{"@type":"PropertyValueSpecification","valueRequired":true,"valueName":"search_term_string"}}],"inLanguage":"fr-FR"}]}},"_links":{"self":[{"href":"https:\/\/www.istegroup.com\/fr\/wp-json\/wp\/v2\/product\/377","targetHints":{"allow":["GET"]}}],"collection":[{"href":"https:\/\/www.istegroup.com\/fr\/wp-json\/wp\/v2\/product"}],"about":[{"href":"https:\/\/www.istegroup.com\/fr\/wp-json\/wp\/v2\/types\/product"}],"wp:featuredmedia":[{"embeddable":true,"href":"https:\/\/www.istegroup.com\/fr\/wp-json\/wp\/v2\/media\/378"}],"wp:attachment":[{"href":"https:\/\/www.istegroup.com\/fr\/wp-json\/wp\/v2\/media?parent=377"}],"wp:term":[{"taxonomy":"product_brand","embeddable":true,"href":"https:\/\/www.istegroup.com\/fr\/wp-json\/wp\/v2\/product_brand?post=377"},{"taxonomy":"product_cat","embeddable":true,"href":"https:\/\/www.istegroup.com\/fr\/wp-json\/wp\/v2\/product_cat?post=377"},{"taxonomy":"product_tag","embeddable":true,"href":"https:\/\/www.istegroup.com\/fr\/wp-json\/wp\/v2\/product_tag?post=377"}],"curies":[{"name":"wp","href":"https:\/\/api.w.org\/{rel}","templated":true}]}}