{"id":375,"date":"2017-07-28T12:33:38","date_gmt":"2017-07-28T10:33:38","guid":{"rendered":"https:\/\/iste.yhello.co\/product\/le-defi-des-vins-doux-naturels\/"},"modified":"2024-01-03T13:39:37","modified_gmt":"2024-01-03T13:39:37","slug":"le-defi-des-vins-doux-naturels","status":"publish","type":"product","link":"https:\/\/www.istegroup.com\/fr\/produit\/le-defi-des-vins-doux-naturels\/","title":{"rendered":"Le d\u00e9fi des vins doux naturels"},"content":{"rendered":"<p>Les vins doux naturels (VDN) sont peu connus mais passionnants. Ils sont capables de combler les attentes du viticulteur comme du consommateur dont les capacit\u00e9s d\u2019appr\u00e9ciation sont diverses.<\/p>\n<p><em>Le d\u00e9fi des vins doux naturels<\/em>\u00a0retrace le parcours de ces vins mythiques et sp\u00e9cifiques \u00e0 travers leur origine, d\u00e9veloppement, \u00e9conomie et l\u00e9gislation sur les appellations. Il aborde la question de la complexit\u00e9 dans l\u2019\u00e9laboration, le vieillissement, la d\u00e9gustation et la consommation des VDN. Selon ses origines, sa culture et les diff\u00e9rents \u00ab cerveaux \u00bb dont il dispose, l\u2019humain per\u00e7oit de mani\u00e8re diff\u00e9rente la couleur, les sensations, les go\u00fbts, les ar\u00f4mes et les \u00e9motions de ces vins.<\/p>\n<p>Le\u00a0<em>Big Data<\/em>\u00a0comme la robotique cognitive appliqu\u00e9s aux VDN sont trait\u00e9s dans cet ouvrage. Le monde en permanente \u00e9volution offre de nouvelles perspectives entre possibilit\u00e9s, opportunit\u00e9s et s\u00e9rendipit\u00e9 ainsi qu\u2019entre approches sociales et bien-\u00eatre personnel.<\/p>\n","protected":false},"excerpt":{"rendered":"<p>Les vins doux naturels (VDN) sont peu connus mais passionnants. Ils sont capables de combler les attentes du viticulteur comme du consommateur dont les capacit\u00e9s d\u2019appr\u00e9ciation sont diverses. Le d\u00e9fi des vins doux naturels\u00a0retrace le parcours de ces vins mythiques et sp\u00e9cifiques \u00e0 travers leur origine, d\u00e9veloppement, \u00e9conomie et l\u00e9gislation sur les appellations. Il aborde [&hellip;]<\/p>\n","protected":false},"featured_media":376,"template":"","meta":{"_acf_changed":false,"_links_to":"","_links_to_target":""},"product_brand":[],"product_cat":[675],"product_tag":[18,20,21,22,124,25,26,27,28,125,126],"class_list":{"0":"post-375","1":"product","2":"type-product","3":"status-publish","4":"has-post-thumbnail","6":"product_cat-nouveauts-12519446","7":"product_tag-edition-scientifique","8":"product_tag-editions-technique","9":"product_tag-iste-group","10":"product_tag-istegroup","11":"product_tag-le-defi-des-vins-doux-naturels","12":"product_tag-livre-numerique","13":"product_tag-livre-scientifique-francais","14":"product_tag-livre-technique-francais","15":"product_tag-ouvrage-scientifique-francais","16":"product_tag-pierre-massotte","17":"product_tag-vins","19":"first","20":"instock","21":"shipping-taxable","22":"purchasable","23":"product-type-variable"},"acf":[],"yoast_head":"<!-- This site is optimized with the Yoast SEO plugin v27.2 - https:\/\/yoast.com\/product\/yoast-seo-wordpress\/ -->\n<title>Le d\u00e9fi des vins doux naturels - ISTE Group<\/title>\n<meta name=\"description\" content=\"Le\u00a0Big Data\u00a0comme la robotique cognitive appliqu\u00e9s aux vins doux naturels sont trait\u00e9s dans cet ouvrage.\" \/>\n<meta name=\"robots\" content=\"index, follow, max-snippet:-1, max-image-preview:large, max-video-preview:-1\" \/>\n<link rel=\"canonical\" href=\"https:\/\/www.istegroup.com\/en\/produit\/le-defi-des-vins-doux-naturels\/\" \/>\n<meta property=\"og:locale\" content=\"fr_FR\" \/>\n<meta property=\"og:type\" content=\"article\" \/>\n<meta property=\"og:title\" content=\"Le d\u00e9fi des vins doux naturels - ISTE Group\" \/>\n<meta property=\"og:description\" content=\"Le\u00a0Big Data\u00a0comme la robotique cognitive appliqu\u00e9s aux vins doux naturels sont trait\u00e9s dans cet ouvrage.\" \/>\n<meta property=\"og:url\" content=\"https:\/\/www.istegroup.com\/en\/produit\/le-defi-des-vins-doux-naturels\/\" \/>\n<meta property=\"og:site_name\" content=\"ISTE Group\" \/>\n<meta property=\"article:modified_time\" content=\"2024-01-03T13:39:37+00:00\" \/>\n<meta property=\"og:image\" content=\"https:\/\/www.istegroup.com\/wp-content\/uploads\/2017\/07\/21049982865_9458889297-1-scaled.jpg\" \/>\n\t<meta property=\"og:image:width\" content=\"1701\" \/>\n\t<meta property=\"og:image:height\" content=\"2560\" \/>\n\t<meta property=\"og:image:type\" content=\"image\/jpeg\" \/>\n<meta name=\"twitter:card\" content=\"summary_large_image\" \/>\n<meta name=\"twitter:label1\" content=\"Est. reading time\" \/>\n\t<meta name=\"twitter:data1\" content=\"1 minute\" \/>\n<script type=\"application\/ld+json\" class=\"yoast-schema-graph\">{\"@context\":\"https:\/\/schema.org\",\"@graph\":[{\"@type\":\"WebPage\",\"@id\":\"https:\/\/www.istegroup.com\/en\/produit\/le-defi-des-vins-doux-naturels\/\",\"url\":\"https:\/\/www.istegroup.com\/en\/produit\/le-defi-des-vins-doux-naturels\/\",\"name\":\"Le d\u00e9fi des vins doux naturels - ISTE Group\",\"isPartOf\":{\"@id\":\"https:\/\/www.istegroup.com\/#website\"},\"primaryImageOfPage\":{\"@id\":\"https:\/\/www.istegroup.com\/en\/produit\/le-defi-des-vins-doux-naturels\/#primaryimage\"},\"image\":{\"@id\":\"https:\/\/www.istegroup.com\/en\/produit\/le-defi-des-vins-doux-naturels\/#primaryimage\"},\"thumbnailUrl\":\"https:\/\/www.istegroup.com\/wp-content\/uploads\/2017\/07\/21049982865_9458889297-1-scaled.jpg\",\"datePublished\":\"2017-07-28T10:33:38+00:00\",\"dateModified\":\"2024-01-03T13:39:37+00:00\",\"description\":\"Le\u00a0Big Data\u00a0comme la robotique cognitive appliqu\u00e9s aux vins doux naturels sont trait\u00e9s dans cet ouvrage.\",\"breadcrumb\":{\"@id\":\"https:\/\/www.istegroup.com\/en\/produit\/le-defi-des-vins-doux-naturels\/#breadcrumb\"},\"inLanguage\":\"fr-FR\",\"potentialAction\":[{\"@type\":\"ReadAction\",\"target\":[\"https:\/\/www.istegroup.com\/en\/produit\/le-defi-des-vins-doux-naturels\/\"]}]},{\"@type\":\"ImageObject\",\"inLanguage\":\"fr-FR\",\"@id\":\"https:\/\/www.istegroup.com\/en\/produit\/le-defi-des-vins-doux-naturels\/#primaryimage\",\"url\":\"https:\/\/www.istegroup.com\/wp-content\/uploads\/2017\/07\/21049982865_9458889297-1-scaled.jpg\",\"contentUrl\":\"https:\/\/www.istegroup.com\/wp-content\/uploads\/2017\/07\/21049982865_9458889297-1-scaled.jpg\",\"width\":1701,\"height\":2560,\"caption\":\"Le d\u00e9fi des vins doux naturels\"},{\"@type\":\"BreadcrumbList\",\"@id\":\"https:\/\/www.istegroup.com\/en\/produit\/le-defi-des-vins-doux-naturels\/#breadcrumb\",\"itemListElement\":[{\"@type\":\"ListItem\",\"position\":1,\"name\":\"Home\",\"item\":\"https:\/\/www.istegroup.com\/\"},{\"@type\":\"ListItem\",\"position\":2,\"name\":\"Shop\",\"item\":\"https:\/\/www.istegroup.com\/fr\/nouveautes\/\"},{\"@type\":\"ListItem\",\"position\":3,\"name\":\"Le d\u00e9fi des vins doux naturels\"}]},{\"@type\":\"WebSite\",\"@id\":\"https:\/\/www.istegroup.com\/#website\",\"url\":\"https:\/\/www.istegroup.com\/\",\"name\":\"ISTE Group\",\"description\":\"\u00c9diteur des Sciences\",\"potentialAction\":[{\"@type\":\"SearchAction\",\"target\":{\"@type\":\"EntryPoint\",\"urlTemplate\":\"https:\/\/www.istegroup.com\/?s={search_term_string}\"},\"query-input\":{\"@type\":\"PropertyValueSpecification\",\"valueRequired\":true,\"valueName\":\"search_term_string\"}}],\"inLanguage\":\"fr-FR\"}]}<\/script>\n<!-- \/ Yoast SEO plugin. -->","yoast_head_json":{"title":"Le d\u00e9fi des vins doux naturels - ISTE Group","description":"Le\u00a0Big Data\u00a0comme la robotique cognitive appliqu\u00e9s aux vins doux naturels sont trait\u00e9s dans cet ouvrage.","robots":{"index":"index","follow":"follow","max-snippet":"max-snippet:-1","max-image-preview":"max-image-preview:large","max-video-preview":"max-video-preview:-1"},"canonical":"https:\/\/www.istegroup.com\/en\/produit\/le-defi-des-vins-doux-naturels\/","og_locale":"fr_FR","og_type":"article","og_title":"Le d\u00e9fi des vins doux naturels - ISTE Group","og_description":"Le\u00a0Big Data\u00a0comme la robotique cognitive appliqu\u00e9s aux vins doux naturels sont trait\u00e9s dans cet ouvrage.","og_url":"https:\/\/www.istegroup.com\/en\/produit\/le-defi-des-vins-doux-naturels\/","og_site_name":"ISTE Group","article_modified_time":"2024-01-03T13:39:37+00:00","og_image":[{"width":1701,"height":2560,"url":"https:\/\/www.istegroup.com\/wp-content\/uploads\/2017\/07\/21049982865_9458889297-1-scaled.jpg","type":"image\/jpeg"}],"twitter_card":"summary_large_image","twitter_misc":{"Est. reading time":"1 minute"},"schema":{"@context":"https:\/\/schema.org","@graph":[{"@type":"WebPage","@id":"https:\/\/www.istegroup.com\/en\/produit\/le-defi-des-vins-doux-naturels\/","url":"https:\/\/www.istegroup.com\/en\/produit\/le-defi-des-vins-doux-naturels\/","name":"Le d\u00e9fi des vins doux naturels - ISTE Group","isPartOf":{"@id":"https:\/\/www.istegroup.com\/#website"},"primaryImageOfPage":{"@id":"https:\/\/www.istegroup.com\/en\/produit\/le-defi-des-vins-doux-naturels\/#primaryimage"},"image":{"@id":"https:\/\/www.istegroup.com\/en\/produit\/le-defi-des-vins-doux-naturels\/#primaryimage"},"thumbnailUrl":"https:\/\/www.istegroup.com\/wp-content\/uploads\/2017\/07\/21049982865_9458889297-1-scaled.jpg","datePublished":"2017-07-28T10:33:38+00:00","dateModified":"2024-01-03T13:39:37+00:00","description":"Le\u00a0Big Data\u00a0comme la robotique cognitive appliqu\u00e9s aux vins doux naturels sont trait\u00e9s dans cet ouvrage.","breadcrumb":{"@id":"https:\/\/www.istegroup.com\/en\/produit\/le-defi-des-vins-doux-naturels\/#breadcrumb"},"inLanguage":"fr-FR","potentialAction":[{"@type":"ReadAction","target":["https:\/\/www.istegroup.com\/en\/produit\/le-defi-des-vins-doux-naturels\/"]}]},{"@type":"ImageObject","inLanguage":"fr-FR","@id":"https:\/\/www.istegroup.com\/en\/produit\/le-defi-des-vins-doux-naturels\/#primaryimage","url":"https:\/\/www.istegroup.com\/wp-content\/uploads\/2017\/07\/21049982865_9458889297-1-scaled.jpg","contentUrl":"https:\/\/www.istegroup.com\/wp-content\/uploads\/2017\/07\/21049982865_9458889297-1-scaled.jpg","width":1701,"height":2560,"caption":"Le d\u00e9fi des vins doux naturels"},{"@type":"BreadcrumbList","@id":"https:\/\/www.istegroup.com\/en\/produit\/le-defi-des-vins-doux-naturels\/#breadcrumb","itemListElement":[{"@type":"ListItem","position":1,"name":"Home","item":"https:\/\/www.istegroup.com\/"},{"@type":"ListItem","position":2,"name":"Shop","item":"https:\/\/www.istegroup.com\/fr\/nouveautes\/"},{"@type":"ListItem","position":3,"name":"Le d\u00e9fi des vins doux naturels"}]},{"@type":"WebSite","@id":"https:\/\/www.istegroup.com\/#website","url":"https:\/\/www.istegroup.com\/","name":"ISTE Group","description":"\u00c9diteur des Sciences","potentialAction":[{"@type":"SearchAction","target":{"@type":"EntryPoint","urlTemplate":"https:\/\/www.istegroup.com\/?s={search_term_string}"},"query-input":{"@type":"PropertyValueSpecification","valueRequired":true,"valueName":"search_term_string"}}],"inLanguage":"fr-FR"}]}},"_links":{"self":[{"href":"https:\/\/www.istegroup.com\/fr\/wp-json\/wp\/v2\/product\/375","targetHints":{"allow":["GET"]}}],"collection":[{"href":"https:\/\/www.istegroup.com\/fr\/wp-json\/wp\/v2\/product"}],"about":[{"href":"https:\/\/www.istegroup.com\/fr\/wp-json\/wp\/v2\/types\/product"}],"wp:featuredmedia":[{"embeddable":true,"href":"https:\/\/www.istegroup.com\/fr\/wp-json\/wp\/v2\/media\/376"}],"wp:attachment":[{"href":"https:\/\/www.istegroup.com\/fr\/wp-json\/wp\/v2\/media?parent=375"}],"wp:term":[{"taxonomy":"product_brand","embeddable":true,"href":"https:\/\/www.istegroup.com\/fr\/wp-json\/wp\/v2\/product_brand?post=375"},{"taxonomy":"product_cat","embeddable":true,"href":"https:\/\/www.istegroup.com\/fr\/wp-json\/wp\/v2\/product_cat?post=375"},{"taxonomy":"product_tag","embeddable":true,"href":"https:\/\/www.istegroup.com\/fr\/wp-json\/wp\/v2\/product_tag?post=375"}],"curies":[{"name":"wp","href":"https:\/\/api.w.org\/{rel}","templated":true}]}}