{"id":37320,"date":"2021-02-28T15:20:08","date_gmt":"2021-02-28T15:20:08","guid":{"rendered":"https:\/\/www.istegroup.com\/?post_type=product&#038;p=37320"},"modified":"2024-01-03T13:43:59","modified_gmt":"2024-01-03T13:43:59","slug":"ingenierie-des-exigences-systeme","status":"publish","type":"product","link":"https:\/\/www.istegroup.com\/fr\/produit\/ingenierie-des-exigences-systeme\/","title":{"rendered":"Ing\u00e9nierie des exigences syst\u00e8me"},"content":{"rendered":"<p>L\u2019ing\u00e9nierie des exigences syst\u00e8me est une \u00e9tape cl\u00e9 de l\u2019ing\u00e9nierie des syst\u00e8mes complexes. Cet ouvrage pr\u00e9sente une m\u00e9thode inspir\u00e9e des meilleures pratiques des normes d\u2019ing\u00e9nierie syst\u00e8me : il favorise une approche de l\u2019ing\u00e9nierie des syst\u00e8mes bas\u00e9e sur les mod\u00e8les (MBSE) en utilisant le langage de mod\u00e9lisation syst\u00e8me SysML.<\/p>\n<p><em>Ing\u00e9nierie des exigences syst\u00e8me <\/em>expose le contexte, les d\u00e9finitions et les principaux concepts de l\u2019ing\u00e9nierie des exigences ainsi que les activit\u00e9s pertinentes, avant de proposer une m\u00e9thode compos\u00e9e de huit \u00e9tapes. Chaque \u00e9tape pr\u00e9sente le but recherch\u00e9 et explique comment l\u2019atteindre en s\u2019appuyant sur le langage SysML.<\/p>\n<p>L\u2019ouvrage illustre cette m\u00e9thode en traitant une \u00e9tude de cas, \u00e0 l\u2019aide d\u2019exemples d\u00e9taill\u00e9s, pour d\u00e9finir d\u2019une part les besoins des parties prenantes et d\u2019autre part les exigences du syst\u00e8me. Enfin, l\u2019utilisation de la m\u00e9thode d\u2019ing\u00e9nierie des exigences support\u00e9e par SysML est discut\u00e9e conjointement avec les m\u00e9thodes d\u2019ing\u00e9nierie Harmony, Arcadia et CESAM.<\/p>","protected":false},"excerpt":{"rendered":"<p>L\u2019ing\u00e9nierie des exigences syst\u00e8me est une \u00e9tape cl\u00e9 de l\u2019ing\u00e9nierie des syst\u00e8mes complexes. Cet ouvrage pr\u00e9sente une m\u00e9thode inspir\u00e9e des meilleures pratiques des normes d\u2019ing\u00e9nierie syst\u00e8me : il favorise une approche de l\u2019ing\u00e9nierie des syst\u00e8mes bas\u00e9e sur les mod\u00e8les (MBSE) en utilisant le langage de mod\u00e9lisation syst\u00e8me SysML. Ing\u00e9nierie des exigences syst\u00e8me expose le contexte, [&hellip;]<\/p>\n","protected":false},"featured_media":37326,"template":"","meta":{"_acf_changed":false,"_links_to":"","_links_to_target":""},"product_brand":[],"product_cat":[3262],"product_tag":[],"class_list":{"0":"post-37320","1":"product","2":"type-product","3":"status-publish","4":"has-post-thumbnail","6":"product_cat-non-classe","8":"first","9":"instock","10":"shipping-taxable","11":"purchasable","12":"product-type-variable"},"acf":[],"yoast_head":"<!-- This site is optimized with the Yoast SEO plugin v27.2 - https:\/\/yoast.com\/product\/yoast-seo-wordpress\/ -->\n<title>Ing\u00e9nierie des exigences syst\u00e8me - ISTE Group<\/title>\n<meta name=\"description\" content=\"Ing\u00e9nierie des exigences syst\u00e8me expose le contexte, les d\u00e9finitions et les principaux concepts de l\u2019ing\u00e9nierie des exigences ainsi que les activit\u00e9s pertinentes, avant de proposer une m\u00e9thode compos\u00e9e de huit \u00e9tapes.\" \/>\n<meta name=\"robots\" content=\"index, follow, max-snippet:-1, max-image-preview:large, max-video-preview:-1\" \/>\n<link rel=\"canonical\" href=\"https:\/\/www.istegroup.com\/fr\/produit\/ingenierie-des-exigences-systeme\/\" \/>\n<meta property=\"og:locale\" content=\"fr_FR\" \/>\n<meta property=\"og:type\" content=\"article\" \/>\n<meta property=\"og:title\" content=\"Ing\u00e9nierie des exigences syst\u00e8me - ISTE Group\" \/>\n<meta property=\"og:description\" content=\"Ing\u00e9nierie des exigences syst\u00e8me expose le contexte, les d\u00e9finitions et les principaux concepts de l\u2019ing\u00e9nierie des exigences ainsi que les activit\u00e9s pertinentes, avant de proposer une m\u00e9thode compos\u00e9e de huit \u00e9tapes.\" \/>\n<meta property=\"og:url\" content=\"https:\/\/www.istegroup.com\/fr\/produit\/ingenierie-des-exigences-systeme\/\" \/>\n<meta property=\"og:site_name\" content=\"ISTE Group\" \/>\n<meta property=\"article:modified_time\" content=\"2024-01-03T13:43:59+00:00\" \/>\n<meta property=\"og:image\" content=\"https:\/\/www.istegroup.com\/wp-content\/uploads\/2020\/11\/Ingenierie-des-exigences-systeme.jpg\" \/>\n\t<meta property=\"og:image:width\" content=\"300\" \/>\n\t<meta property=\"og:image:height\" content=\"452\" \/>\n\t<meta property=\"og:image:type\" content=\"image\/jpeg\" \/>\n<meta name=\"twitter:card\" content=\"summary_large_image\" \/>\n<meta name=\"twitter:label1\" content=\"Est. reading time\" \/>\n\t<meta name=\"twitter:data1\" content=\"1 minute\" \/>\n<script type=\"application\/ld+json\" class=\"yoast-schema-graph\">{\"@context\":\"https:\/\/schema.org\",\"@graph\":[{\"@type\":\"WebPage\",\"@id\":\"https:\/\/www.istegroup.com\/fr\/produit\/ingenierie-des-exigences-systeme\/\",\"url\":\"https:\/\/www.istegroup.com\/fr\/produit\/ingenierie-des-exigences-systeme\/\",\"name\":\"Ing\u00e9nierie des exigences syst\u00e8me - ISTE Group\",\"isPartOf\":{\"@id\":\"https:\/\/www.istegroup.com\/#website\"},\"primaryImageOfPage\":{\"@id\":\"https:\/\/www.istegroup.com\/fr\/produit\/ingenierie-des-exigences-systeme\/#primaryimage\"},\"image\":{\"@id\":\"https:\/\/www.istegroup.com\/fr\/produit\/ingenierie-des-exigences-systeme\/#primaryimage\"},\"thumbnailUrl\":\"https:\/\/www.istegroup.com\/wp-content\/uploads\/2020\/11\/Ingenierie-des-exigences-systeme.jpg\",\"datePublished\":\"2021-02-28T15:20:08+00:00\",\"dateModified\":\"2024-01-03T13:43:59+00:00\",\"description\":\"Ing\u00e9nierie des exigences syst\u00e8me expose le contexte, les d\u00e9finitions et les principaux concepts de l\u2019ing\u00e9nierie des exigences ainsi que les activit\u00e9s pertinentes, avant de proposer une m\u00e9thode compos\u00e9e de huit \u00e9tapes.\",\"breadcrumb\":{\"@id\":\"https:\/\/www.istegroup.com\/fr\/produit\/ingenierie-des-exigences-systeme\/#breadcrumb\"},\"inLanguage\":\"fr-FR\",\"potentialAction\":[{\"@type\":\"ReadAction\",\"target\":[\"https:\/\/www.istegroup.com\/fr\/produit\/ingenierie-des-exigences-systeme\/\"]}]},{\"@type\":\"ImageObject\",\"inLanguage\":\"fr-FR\",\"@id\":\"https:\/\/www.istegroup.com\/fr\/produit\/ingenierie-des-exigences-systeme\/#primaryimage\",\"url\":\"https:\/\/www.istegroup.com\/wp-content\/uploads\/2020\/11\/Ingenierie-des-exigences-systeme.jpg\",\"contentUrl\":\"https:\/\/www.istegroup.com\/wp-content\/uploads\/2020\/11\/Ingenierie-des-exigences-systeme.jpg\",\"width\":300,\"height\":452,\"caption\":\"Livre scientifique - Ing\u00e9nierie des exigences syst\u00e8me - Jean-Yves Bron\"},{\"@type\":\"BreadcrumbList\",\"@id\":\"https:\/\/www.istegroup.com\/fr\/produit\/ingenierie-des-exigences-systeme\/#breadcrumb\",\"itemListElement\":[{\"@type\":\"ListItem\",\"position\":1,\"name\":\"Home\",\"item\":\"https:\/\/www.istegroup.com\/\"},{\"@type\":\"ListItem\",\"position\":2,\"name\":\"Shop\",\"item\":\"https:\/\/www.istegroup.com\/fr\/nouveautes\/\"},{\"@type\":\"ListItem\",\"position\":3,\"name\":\"Ing\u00e9nierie des exigences syst\u00e8me\"}]},{\"@type\":\"WebSite\",\"@id\":\"https:\/\/www.istegroup.com\/#website\",\"url\":\"https:\/\/www.istegroup.com\/\",\"name\":\"ISTE Group\",\"description\":\"\u00c9diteur des Sciences\",\"potentialAction\":[{\"@type\":\"SearchAction\",\"target\":{\"@type\":\"EntryPoint\",\"urlTemplate\":\"https:\/\/www.istegroup.com\/?s={search_term_string}\"},\"query-input\":{\"@type\":\"PropertyValueSpecification\",\"valueRequired\":true,\"valueName\":\"search_term_string\"}}],\"inLanguage\":\"fr-FR\"}]}<\/script>\n<!-- \/ Yoast SEO plugin. -->","yoast_head_json":{"title":"Ing\u00e9nierie des exigences syst\u00e8me - ISTE Group","description":"Ing\u00e9nierie des exigences syst\u00e8me expose le contexte, les d\u00e9finitions et les principaux concepts de l\u2019ing\u00e9nierie des exigences ainsi que les activit\u00e9s pertinentes, avant de proposer une m\u00e9thode compos\u00e9e de huit \u00e9tapes.","robots":{"index":"index","follow":"follow","max-snippet":"max-snippet:-1","max-image-preview":"max-image-preview:large","max-video-preview":"max-video-preview:-1"},"canonical":"https:\/\/www.istegroup.com\/fr\/produit\/ingenierie-des-exigences-systeme\/","og_locale":"fr_FR","og_type":"article","og_title":"Ing\u00e9nierie des exigences syst\u00e8me - ISTE Group","og_description":"Ing\u00e9nierie des exigences syst\u00e8me expose le contexte, les d\u00e9finitions et les principaux concepts de l\u2019ing\u00e9nierie des exigences ainsi que les activit\u00e9s pertinentes, avant de proposer une m\u00e9thode compos\u00e9e de huit \u00e9tapes.","og_url":"https:\/\/www.istegroup.com\/fr\/produit\/ingenierie-des-exigences-systeme\/","og_site_name":"ISTE Group","article_modified_time":"2024-01-03T13:43:59+00:00","og_image":[{"width":300,"height":452,"url":"https:\/\/www.istegroup.com\/wp-content\/uploads\/2020\/11\/Ingenierie-des-exigences-systeme.jpg","type":"image\/jpeg"}],"twitter_card":"summary_large_image","twitter_misc":{"Est. reading time":"1 minute"},"schema":{"@context":"https:\/\/schema.org","@graph":[{"@type":"WebPage","@id":"https:\/\/www.istegroup.com\/fr\/produit\/ingenierie-des-exigences-systeme\/","url":"https:\/\/www.istegroup.com\/fr\/produit\/ingenierie-des-exigences-systeme\/","name":"Ing\u00e9nierie des exigences syst\u00e8me - ISTE Group","isPartOf":{"@id":"https:\/\/www.istegroup.com\/#website"},"primaryImageOfPage":{"@id":"https:\/\/www.istegroup.com\/fr\/produit\/ingenierie-des-exigences-systeme\/#primaryimage"},"image":{"@id":"https:\/\/www.istegroup.com\/fr\/produit\/ingenierie-des-exigences-systeme\/#primaryimage"},"thumbnailUrl":"https:\/\/www.istegroup.com\/wp-content\/uploads\/2020\/11\/Ingenierie-des-exigences-systeme.jpg","datePublished":"2021-02-28T15:20:08+00:00","dateModified":"2024-01-03T13:43:59+00:00","description":"Ing\u00e9nierie des exigences syst\u00e8me expose le contexte, les d\u00e9finitions et les principaux concepts de l\u2019ing\u00e9nierie des exigences ainsi que les activit\u00e9s pertinentes, avant de proposer une m\u00e9thode compos\u00e9e de huit \u00e9tapes.","breadcrumb":{"@id":"https:\/\/www.istegroup.com\/fr\/produit\/ingenierie-des-exigences-systeme\/#breadcrumb"},"inLanguage":"fr-FR","potentialAction":[{"@type":"ReadAction","target":["https:\/\/www.istegroup.com\/fr\/produit\/ingenierie-des-exigences-systeme\/"]}]},{"@type":"ImageObject","inLanguage":"fr-FR","@id":"https:\/\/www.istegroup.com\/fr\/produit\/ingenierie-des-exigences-systeme\/#primaryimage","url":"https:\/\/www.istegroup.com\/wp-content\/uploads\/2020\/11\/Ingenierie-des-exigences-systeme.jpg","contentUrl":"https:\/\/www.istegroup.com\/wp-content\/uploads\/2020\/11\/Ingenierie-des-exigences-systeme.jpg","width":300,"height":452,"caption":"Livre scientifique - Ing\u00e9nierie des exigences syst\u00e8me - Jean-Yves Bron"},{"@type":"BreadcrumbList","@id":"https:\/\/www.istegroup.com\/fr\/produit\/ingenierie-des-exigences-systeme\/#breadcrumb","itemListElement":[{"@type":"ListItem","position":1,"name":"Home","item":"https:\/\/www.istegroup.com\/"},{"@type":"ListItem","position":2,"name":"Shop","item":"https:\/\/www.istegroup.com\/fr\/nouveautes\/"},{"@type":"ListItem","position":3,"name":"Ing\u00e9nierie des exigences syst\u00e8me"}]},{"@type":"WebSite","@id":"https:\/\/www.istegroup.com\/#website","url":"https:\/\/www.istegroup.com\/","name":"ISTE Group","description":"\u00c9diteur des Sciences","potentialAction":[{"@type":"SearchAction","target":{"@type":"EntryPoint","urlTemplate":"https:\/\/www.istegroup.com\/?s={search_term_string}"},"query-input":{"@type":"PropertyValueSpecification","valueRequired":true,"valueName":"search_term_string"}}],"inLanguage":"fr-FR"}]}},"_links":{"self":[{"href":"https:\/\/www.istegroup.com\/fr\/wp-json\/wp\/v2\/product\/37320","targetHints":{"allow":["GET"]}}],"collection":[{"href":"https:\/\/www.istegroup.com\/fr\/wp-json\/wp\/v2\/product"}],"about":[{"href":"https:\/\/www.istegroup.com\/fr\/wp-json\/wp\/v2\/types\/product"}],"wp:featuredmedia":[{"embeddable":true,"href":"https:\/\/www.istegroup.com\/fr\/wp-json\/wp\/v2\/media\/37326"}],"wp:attachment":[{"href":"https:\/\/www.istegroup.com\/fr\/wp-json\/wp\/v2\/media?parent=37320"}],"wp:term":[{"taxonomy":"product_brand","embeddable":true,"href":"https:\/\/www.istegroup.com\/fr\/wp-json\/wp\/v2\/product_brand?post=37320"},{"taxonomy":"product_cat","embeddable":true,"href":"https:\/\/www.istegroup.com\/fr\/wp-json\/wp\/v2\/product_cat?post=37320"},{"taxonomy":"product_tag","embeddable":true,"href":"https:\/\/www.istegroup.com\/fr\/wp-json\/wp\/v2\/product_tag?post=37320"}],"curies":[{"name":"wp","href":"https:\/\/api.w.org\/{rel}","templated":true}]}}