{"id":37315,"date":"2021-02-28T14:09:34","date_gmt":"2021-02-28T14:09:34","guid":{"rendered":"https:\/\/www.istegroup.com\/?post_type=product&#038;p=37315"},"modified":"2024-01-03T13:43:59","modified_gmt":"2024-01-03T13:43:59","slug":"strategies-dinnovations-societales","status":"publish","type":"product","link":"https:\/\/www.istegroup.com\/fr\/produit\/strategies-dinnovations-societales\/","title":{"rendered":"Strat\u00e9gies d\u2019innovations soci\u00e9tales"},"content":{"rendered":"<p>La responsabilit\u00e9 soci\u00e9tale de l\u2019entreprise n\u2019est rien d\u2019autre que la maximisation de la valeur de l\u2019entreprise dans le temps, car \u00e0 long terme, les probl\u00e8mes sociaux et environnementaux deviennent des probl\u00e8mes financiers. La justification de la responsabilit\u00e9 sociale et environnementale (RSE) se trouve donc associ\u00e9e \u00e0 la repr\u00e9sentation de la nature et du r\u00f4le de l\u2019entreprise et de sa raison d\u2019\u00eatre.<\/p>\n<p>Les entreprises consid\u00e8rent alors la RSE comme un investissement strat\u00e9gique qui s\u2019inscrit dans une approche proactive, r\u00e9siliente, inclusive, fond\u00e9e sur la cr\u00e9ation de la valeur partag\u00e9e. Cette approche est capable de r\u00e9duire les impacts soci\u00e9taux n\u00e9gatifs que peuvent g\u00e9n\u00e9rer leurs activit\u00e9s ou d\u2019induire des impacts positifs si elles p\u00e9rennisent une culture hybride, tout en am\u00e9liorant leur avantage concurrentiel.<\/p>\n<p>Cet ouvrage pr\u00e9sente un d\u00e9veloppement th\u00e9orique analysant les enjeux des strat\u00e9gies de la RSE bas\u00e9es sur la valeur partag\u00e9e ; il expose deux \u00e9tudes de cas et analyse les diff\u00e9rentes formes de strat\u00e9gies d\u2019innovations sociales capables d\u2019induire cette cr\u00e9ation de valeur.<\/p>","protected":false},"excerpt":{"rendered":"<p>La responsabilit\u00e9 soci\u00e9tale de l\u2019entreprise n\u2019est rien d\u2019autre que la maximisation de la valeur de l\u2019entreprise dans le temps, car \u00e0 long terme, les probl\u00e8mes sociaux et environnementaux deviennent des probl\u00e8mes financiers. La justification de la responsabilit\u00e9 sociale et environnementale (RSE) se trouve donc associ\u00e9e \u00e0 la repr\u00e9sentation de la nature et du r\u00f4le de [&hellip;]<\/p>\n","protected":false},"featured_media":37313,"template":"","meta":{"_acf_changed":false,"_links_to":"","_links_to_target":""},"product_brand":[],"product_cat":[3262],"product_tag":[],"class_list":{"0":"post-37315","1":"product","2":"type-product","3":"status-publish","4":"has-post-thumbnail","6":"product_cat-non-classe","8":"first","9":"instock","10":"shipping-taxable","11":"purchasable","12":"product-type-variable"},"acf":[],"yoast_head":"<!-- This site is optimized with the Yoast SEO plugin v27.2 - https:\/\/yoast.com\/product\/yoast-seo-wordpress\/ -->\n<title>Strat\u00e9gies d\u2019innovations soci\u00e9tales - ISTE Group<\/title>\n<meta name=\"description\" content=\"Strat\u00e9gies d\u2019innovations soci\u00e9tales pr\u00e9sente un d\u00e9veloppement th\u00e9orique analysant les enjeux des strat\u00e9gies de la RSE bas\u00e9es sur la valeur partag\u00e9e ; il expose deux \u00e9tudes de cas et analyse les diff\u00e9rentes formes de strat\u00e9gies d\u2019innovations sociales capables d\u2019induire cette cr\u00e9ation de valeur.\" \/>\n<meta name=\"robots\" content=\"index, follow, max-snippet:-1, max-image-preview:large, max-video-preview:-1\" \/>\n<link rel=\"canonical\" href=\"https:\/\/www.istegroup.com\/fr\/produit\/strategies-dinnovations-societales\/\" \/>\n<meta property=\"og:locale\" content=\"fr_FR\" \/>\n<meta property=\"og:type\" content=\"article\" \/>\n<meta property=\"og:title\" content=\"Strat\u00e9gies d\u2019innovations soci\u00e9tales - ISTE Group\" \/>\n<meta property=\"og:description\" content=\"Strat\u00e9gies d\u2019innovations soci\u00e9tales pr\u00e9sente un d\u00e9veloppement th\u00e9orique analysant les enjeux des strat\u00e9gies de la RSE bas\u00e9es sur la valeur partag\u00e9e ; il expose deux \u00e9tudes de cas et analyse les diff\u00e9rentes formes de strat\u00e9gies d\u2019innovations sociales capables d\u2019induire cette cr\u00e9ation de valeur.\" \/>\n<meta property=\"og:url\" content=\"https:\/\/www.istegroup.com\/fr\/produit\/strategies-dinnovations-societales\/\" \/>\n<meta property=\"og:site_name\" content=\"ISTE Group\" \/>\n<meta property=\"article:modified_time\" content=\"2024-01-03T13:43:59+00:00\" \/>\n<meta property=\"og:image\" content=\"https:\/\/www.istegroup.com\/wp-content\/uploads\/2020\/11\/Strategies-dinnovations-societales.jpg\" \/>\n\t<meta property=\"og:image:width\" content=\"300\" \/>\n\t<meta property=\"og:image:height\" content=\"453\" \/>\n\t<meta property=\"og:image:type\" content=\"image\/jpeg\" \/>\n<meta name=\"twitter:card\" content=\"summary_large_image\" \/>\n<meta name=\"twitter:label1\" content=\"Est. reading time\" \/>\n\t<meta name=\"twitter:data1\" content=\"1 minute\" \/>\n<script type=\"application\/ld+json\" class=\"yoast-schema-graph\">{\"@context\":\"https:\/\/schema.org\",\"@graph\":[{\"@type\":\"WebPage\",\"@id\":\"https:\/\/www.istegroup.com\/fr\/produit\/strategies-dinnovations-societales\/\",\"url\":\"https:\/\/www.istegroup.com\/fr\/produit\/strategies-dinnovations-societales\/\",\"name\":\"Strat\u00e9gies d\u2019innovations soci\u00e9tales - ISTE Group\",\"isPartOf\":{\"@id\":\"https:\/\/www.istegroup.com\/#website\"},\"primaryImageOfPage\":{\"@id\":\"https:\/\/www.istegroup.com\/fr\/produit\/strategies-dinnovations-societales\/#primaryimage\"},\"image\":{\"@id\":\"https:\/\/www.istegroup.com\/fr\/produit\/strategies-dinnovations-societales\/#primaryimage\"},\"thumbnailUrl\":\"https:\/\/www.istegroup.com\/wp-content\/uploads\/2020\/11\/Strategies-dinnovations-societales.jpg\",\"datePublished\":\"2021-02-28T14:09:34+00:00\",\"dateModified\":\"2024-01-03T13:43:59+00:00\",\"description\":\"Strat\u00e9gies d\u2019innovations soci\u00e9tales pr\u00e9sente un d\u00e9veloppement th\u00e9orique analysant les enjeux des strat\u00e9gies de la RSE bas\u00e9es sur la valeur partag\u00e9e ; il expose deux \u00e9tudes de cas et analyse les diff\u00e9rentes formes de strat\u00e9gies d\u2019innovations sociales capables d\u2019induire cette cr\u00e9ation de valeur.\",\"breadcrumb\":{\"@id\":\"https:\/\/www.istegroup.com\/fr\/produit\/strategies-dinnovations-societales\/#breadcrumb\"},\"inLanguage\":\"fr-FR\",\"potentialAction\":[{\"@type\":\"ReadAction\",\"target\":[\"https:\/\/www.istegroup.com\/fr\/produit\/strategies-dinnovations-societales\/\"]}]},{\"@type\":\"ImageObject\",\"inLanguage\":\"fr-FR\",\"@id\":\"https:\/\/www.istegroup.com\/fr\/produit\/strategies-dinnovations-societales\/#primaryimage\",\"url\":\"https:\/\/www.istegroup.com\/wp-content\/uploads\/2020\/11\/Strategies-dinnovations-societales.jpg\",\"contentUrl\":\"https:\/\/www.istegroup.com\/wp-content\/uploads\/2020\/11\/Strategies-dinnovations-societales.jpg\",\"width\":300,\"height\":453,\"caption\":\"Livre scientifique - Strat\u00e9gies d'innovations soci\u00e9tales - Nacer Gasmi\"},{\"@type\":\"BreadcrumbList\",\"@id\":\"https:\/\/www.istegroup.com\/fr\/produit\/strategies-dinnovations-societales\/#breadcrumb\",\"itemListElement\":[{\"@type\":\"ListItem\",\"position\":1,\"name\":\"Home\",\"item\":\"https:\/\/www.istegroup.com\/\"},{\"@type\":\"ListItem\",\"position\":2,\"name\":\"Shop\",\"item\":\"https:\/\/www.istegroup.com\/fr\/nouveautes\/\"},{\"@type\":\"ListItem\",\"position\":3,\"name\":\"Strat\u00e9gies d\u2019innovations soci\u00e9tales\"}]},{\"@type\":\"WebSite\",\"@id\":\"https:\/\/www.istegroup.com\/#website\",\"url\":\"https:\/\/www.istegroup.com\/\",\"name\":\"ISTE Group\",\"description\":\"\u00c9diteur des Sciences\",\"potentialAction\":[{\"@type\":\"SearchAction\",\"target\":{\"@type\":\"EntryPoint\",\"urlTemplate\":\"https:\/\/www.istegroup.com\/?s={search_term_string}\"},\"query-input\":{\"@type\":\"PropertyValueSpecification\",\"valueRequired\":true,\"valueName\":\"search_term_string\"}}],\"inLanguage\":\"fr-FR\"}]}<\/script>\n<!-- \/ Yoast SEO plugin. -->","yoast_head_json":{"title":"Strat\u00e9gies d\u2019innovations soci\u00e9tales - ISTE Group","description":"Strat\u00e9gies d\u2019innovations soci\u00e9tales pr\u00e9sente un d\u00e9veloppement th\u00e9orique analysant les enjeux des strat\u00e9gies de la RSE bas\u00e9es sur la valeur partag\u00e9e ; il expose deux \u00e9tudes de cas et analyse les diff\u00e9rentes formes de strat\u00e9gies d\u2019innovations sociales capables d\u2019induire cette cr\u00e9ation de valeur.","robots":{"index":"index","follow":"follow","max-snippet":"max-snippet:-1","max-image-preview":"max-image-preview:large","max-video-preview":"max-video-preview:-1"},"canonical":"https:\/\/www.istegroup.com\/fr\/produit\/strategies-dinnovations-societales\/","og_locale":"fr_FR","og_type":"article","og_title":"Strat\u00e9gies d\u2019innovations soci\u00e9tales - ISTE Group","og_description":"Strat\u00e9gies d\u2019innovations soci\u00e9tales pr\u00e9sente un d\u00e9veloppement th\u00e9orique analysant les enjeux des strat\u00e9gies de la RSE bas\u00e9es sur la valeur partag\u00e9e ; il expose deux \u00e9tudes de cas et analyse les diff\u00e9rentes formes de strat\u00e9gies d\u2019innovations sociales capables d\u2019induire cette cr\u00e9ation de valeur.","og_url":"https:\/\/www.istegroup.com\/fr\/produit\/strategies-dinnovations-societales\/","og_site_name":"ISTE Group","article_modified_time":"2024-01-03T13:43:59+00:00","og_image":[{"width":300,"height":453,"url":"https:\/\/www.istegroup.com\/wp-content\/uploads\/2020\/11\/Strategies-dinnovations-societales.jpg","type":"image\/jpeg"}],"twitter_card":"summary_large_image","twitter_misc":{"Est. reading time":"1 minute"},"schema":{"@context":"https:\/\/schema.org","@graph":[{"@type":"WebPage","@id":"https:\/\/www.istegroup.com\/fr\/produit\/strategies-dinnovations-societales\/","url":"https:\/\/www.istegroup.com\/fr\/produit\/strategies-dinnovations-societales\/","name":"Strat\u00e9gies d\u2019innovations soci\u00e9tales - ISTE Group","isPartOf":{"@id":"https:\/\/www.istegroup.com\/#website"},"primaryImageOfPage":{"@id":"https:\/\/www.istegroup.com\/fr\/produit\/strategies-dinnovations-societales\/#primaryimage"},"image":{"@id":"https:\/\/www.istegroup.com\/fr\/produit\/strategies-dinnovations-societales\/#primaryimage"},"thumbnailUrl":"https:\/\/www.istegroup.com\/wp-content\/uploads\/2020\/11\/Strategies-dinnovations-societales.jpg","datePublished":"2021-02-28T14:09:34+00:00","dateModified":"2024-01-03T13:43:59+00:00","description":"Strat\u00e9gies d\u2019innovations soci\u00e9tales pr\u00e9sente un d\u00e9veloppement th\u00e9orique analysant les enjeux des strat\u00e9gies de la RSE bas\u00e9es sur la valeur partag\u00e9e ; il expose deux \u00e9tudes de cas et analyse les diff\u00e9rentes formes de strat\u00e9gies d\u2019innovations sociales capables d\u2019induire cette cr\u00e9ation de valeur.","breadcrumb":{"@id":"https:\/\/www.istegroup.com\/fr\/produit\/strategies-dinnovations-societales\/#breadcrumb"},"inLanguage":"fr-FR","potentialAction":[{"@type":"ReadAction","target":["https:\/\/www.istegroup.com\/fr\/produit\/strategies-dinnovations-societales\/"]}]},{"@type":"ImageObject","inLanguage":"fr-FR","@id":"https:\/\/www.istegroup.com\/fr\/produit\/strategies-dinnovations-societales\/#primaryimage","url":"https:\/\/www.istegroup.com\/wp-content\/uploads\/2020\/11\/Strategies-dinnovations-societales.jpg","contentUrl":"https:\/\/www.istegroup.com\/wp-content\/uploads\/2020\/11\/Strategies-dinnovations-societales.jpg","width":300,"height":453,"caption":"Livre scientifique - Strat\u00e9gies d'innovations soci\u00e9tales - Nacer Gasmi"},{"@type":"BreadcrumbList","@id":"https:\/\/www.istegroup.com\/fr\/produit\/strategies-dinnovations-societales\/#breadcrumb","itemListElement":[{"@type":"ListItem","position":1,"name":"Home","item":"https:\/\/www.istegroup.com\/"},{"@type":"ListItem","position":2,"name":"Shop","item":"https:\/\/www.istegroup.com\/fr\/nouveautes\/"},{"@type":"ListItem","position":3,"name":"Strat\u00e9gies d\u2019innovations soci\u00e9tales"}]},{"@type":"WebSite","@id":"https:\/\/www.istegroup.com\/#website","url":"https:\/\/www.istegroup.com\/","name":"ISTE Group","description":"\u00c9diteur des Sciences","potentialAction":[{"@type":"SearchAction","target":{"@type":"EntryPoint","urlTemplate":"https:\/\/www.istegroup.com\/?s={search_term_string}"},"query-input":{"@type":"PropertyValueSpecification","valueRequired":true,"valueName":"search_term_string"}}],"inLanguage":"fr-FR"}]}},"_links":{"self":[{"href":"https:\/\/www.istegroup.com\/fr\/wp-json\/wp\/v2\/product\/37315","targetHints":{"allow":["GET"]}}],"collection":[{"href":"https:\/\/www.istegroup.com\/fr\/wp-json\/wp\/v2\/product"}],"about":[{"href":"https:\/\/www.istegroup.com\/fr\/wp-json\/wp\/v2\/types\/product"}],"wp:featuredmedia":[{"embeddable":true,"href":"https:\/\/www.istegroup.com\/fr\/wp-json\/wp\/v2\/media\/37313"}],"wp:attachment":[{"href":"https:\/\/www.istegroup.com\/fr\/wp-json\/wp\/v2\/media?parent=37315"}],"wp:term":[{"taxonomy":"product_brand","embeddable":true,"href":"https:\/\/www.istegroup.com\/fr\/wp-json\/wp\/v2\/product_brand?post=37315"},{"taxonomy":"product_cat","embeddable":true,"href":"https:\/\/www.istegroup.com\/fr\/wp-json\/wp\/v2\/product_cat?post=37315"},{"taxonomy":"product_tag","embeddable":true,"href":"https:\/\/www.istegroup.com\/fr\/wp-json\/wp\/v2\/product_tag?post=37315"}],"curies":[{"name":"wp","href":"https:\/\/api.w.org\/{rel}","templated":true}]}}