{"id":37299,"date":"2021-02-28T16:01:30","date_gmt":"2021-02-28T16:01:30","guid":{"rendered":"https:\/\/www.istegroup.com\/?post_type=product&#038;p=37299"},"modified":"2024-01-03T13:43:58","modified_gmt":"2024-01-03T13:43:58","slug":"les-mecanismes-cognitifs-de-lapprentissage","status":"publish","type":"product","link":"https:\/\/www.istegroup.com\/fr\/produit\/les-mecanismes-cognitifs-de-lapprentissage\/","title":{"rendered":"Les m\u00e9canismes cognitifs de l\u2019apprentissage"},"content":{"rendered":"<p><em>Les m\u00e9canismes cognitifs de l\u2019apprentissage<\/em> pr\u00e9sente des travaux de recherche exp\u00e9rimentale sur la question de l\u2019acquisition de connaissances en psychologie cognitive. Ces travaux de recherche \u2013 initi\u00e9s par des groupes de chercheurs en philosophie, psychologie, linguistique et intelligence artificielle \u2013 explorent les m\u00e9canismes d\u2019apprentissage en consid\u00e9rant les humains comme des syst\u00e8mes de traitement de l\u2019information.<\/p>\n<p>Centr\u00e9 principalement sur des recherches men\u00e9es en laboratoire, cet ouvrage comporte \u00e9galement un chapitre consacr\u00e9 aux recherches appliqu\u00e9es, d\u00e9riv\u00e9es directement des travaux de recherche fondamentale. La mod\u00e9lisation informatique des m\u00e9canismes d\u2019apprentissage est pr\u00e9sent\u00e9e en fonction du concept \u00ab d\u2019architecture cognitive \u00bb. Trois questions majeures concernant la \u00ab m\u00e9thodologie \u00bb, les \u00ab r\u00e9alisations \u00bb et l\u2019\u00ab \u00e9volution \u00bb dans le domaine de l\u2019apprentissage sont \u00e9galement examin\u00e9es.<\/p>\n<p>Cet ouvrage s\u2019adresse aussi bien \u00e0 des \u00e9tudiants et chercheurs en psychologie cognitive qu\u2019\u00e0 un public curieux mais non sp\u00e9cialiste.<\/p>","protected":false},"excerpt":{"rendered":"<p>Les m\u00e9canismes cognitifs de l\u2019apprentissage pr\u00e9sente des travaux de recherche exp\u00e9rimentale sur la question de l\u2019acquisition de connaissances en psychologie cognitive. Ces travaux de recherche \u2013 initi\u00e9s par des groupes de chercheurs en philosophie, psychologie, linguistique et intelligence artificielle \u2013 explorent les m\u00e9canismes d\u2019apprentissage en consid\u00e9rant les humains comme des syst\u00e8mes de traitement de l\u2019information. [&hellip;]<\/p>\n","protected":false},"featured_media":37314,"template":"","meta":{"_acf_changed":false,"_links_to":"","_links_to_target":""},"product_brand":[],"product_cat":[3262],"product_tag":[],"class_list":{"0":"post-37299","1":"product","2":"type-product","3":"status-publish","4":"has-post-thumbnail","6":"product_cat-non-classe","8":"first","9":"instock","10":"shipping-taxable","11":"purchasable","12":"product-type-variable"},"acf":[],"yoast_head":"<!-- This site is optimized with the Yoast SEO plugin v27.2 - https:\/\/yoast.com\/product\/yoast-seo-wordpress\/ -->\n<title>Les m\u00e9canismes cognitifs de l\u2019apprentissage - ISTE Group<\/title>\n<meta name=\"description\" content=\"Les m\u00e9canismes cognitifs de l\u2019apprentissage pr\u00e9sente des travaux de recherche exp\u00e9rimentale sur la question de l\u2019acquisition de connaissances en psychologie cognitive.\" \/>\n<meta name=\"robots\" content=\"index, follow, max-snippet:-1, max-image-preview:large, max-video-preview:-1\" \/>\n<link rel=\"canonical\" href=\"https:\/\/www.istegroup.com\/en\/produit\/les-mecanismes-cognitifs-de-lapprentissage\/\" \/>\n<meta property=\"og:locale\" content=\"fr_FR\" \/>\n<meta property=\"og:type\" content=\"article\" \/>\n<meta property=\"og:title\" content=\"Les m\u00e9canismes cognitifs de l\u2019apprentissage - ISTE Group\" \/>\n<meta property=\"og:description\" content=\"Les m\u00e9canismes cognitifs de l\u2019apprentissage pr\u00e9sente des travaux de recherche exp\u00e9rimentale sur la question de l\u2019acquisition de connaissances en psychologie cognitive.\" \/>\n<meta property=\"og:url\" content=\"https:\/\/www.istegroup.com\/en\/produit\/les-mecanismes-cognitifs-de-lapprentissage\/\" \/>\n<meta property=\"og:site_name\" content=\"ISTE Group\" \/>\n<meta property=\"article:modified_time\" content=\"2024-01-03T13:43:58+00:00\" \/>\n<meta property=\"og:image\" content=\"https:\/\/www.istegroup.com\/wp-content\/uploads\/2020\/11\/Les-mecanismes-cognitifs-de-lapprentissage.jpg\" \/>\n\t<meta property=\"og:image:width\" content=\"300\" \/>\n\t<meta property=\"og:image:height\" content=\"453\" \/>\n\t<meta property=\"og:image:type\" content=\"image\/jpeg\" \/>\n<meta name=\"twitter:card\" content=\"summary_large_image\" \/>\n<meta name=\"twitter:label1\" content=\"Est. reading time\" \/>\n\t<meta name=\"twitter:data1\" content=\"1 minute\" \/>\n<script type=\"application\/ld+json\" class=\"yoast-schema-graph\">{\"@context\":\"https:\/\/schema.org\",\"@graph\":[{\"@type\":\"WebPage\",\"@id\":\"https:\/\/www.istegroup.com\/en\/produit\/les-mecanismes-cognitifs-de-lapprentissage\/\",\"url\":\"https:\/\/www.istegroup.com\/en\/produit\/les-mecanismes-cognitifs-de-lapprentissage\/\",\"name\":\"Les m\u00e9canismes cognitifs de l\u2019apprentissage - ISTE Group\",\"isPartOf\":{\"@id\":\"https:\/\/www.istegroup.com\/#website\"},\"primaryImageOfPage\":{\"@id\":\"https:\/\/www.istegroup.com\/en\/produit\/les-mecanismes-cognitifs-de-lapprentissage\/#primaryimage\"},\"image\":{\"@id\":\"https:\/\/www.istegroup.com\/en\/produit\/les-mecanismes-cognitifs-de-lapprentissage\/#primaryimage\"},\"thumbnailUrl\":\"https:\/\/www.istegroup.com\/wp-content\/uploads\/2020\/11\/Les-mecanismes-cognitifs-de-lapprentissage.jpg\",\"datePublished\":\"2021-02-28T16:01:30+00:00\",\"dateModified\":\"2024-01-03T13:43:58+00:00\",\"description\":\"Les m\u00e9canismes cognitifs de l\u2019apprentissage pr\u00e9sente des travaux de recherche exp\u00e9rimentale sur la question de l\u2019acquisition de connaissances en psychologie cognitive.\",\"breadcrumb\":{\"@id\":\"https:\/\/www.istegroup.com\/en\/produit\/les-mecanismes-cognitifs-de-lapprentissage\/#breadcrumb\"},\"inLanguage\":\"fr-FR\",\"potentialAction\":[{\"@type\":\"ReadAction\",\"target\":[\"https:\/\/www.istegroup.com\/en\/produit\/les-mecanismes-cognitifs-de-lapprentissage\/\"]}]},{\"@type\":\"ImageObject\",\"inLanguage\":\"fr-FR\",\"@id\":\"https:\/\/www.istegroup.com\/en\/produit\/les-mecanismes-cognitifs-de-lapprentissage\/#primaryimage\",\"url\":\"https:\/\/www.istegroup.com\/wp-content\/uploads\/2020\/11\/Les-mecanismes-cognitifs-de-lapprentissage.jpg\",\"contentUrl\":\"https:\/\/www.istegroup.com\/wp-content\/uploads\/2020\/11\/Les-mecanismes-cognitifs-de-lapprentissage.jpg\",\"width\":300,\"height\":453,\"caption\":\"Livre scientifique - Les m\u00e9canismes cognitifs de l'apprentissage - Anh Nguy\u00ean-Xu\u00e2n\"},{\"@type\":\"BreadcrumbList\",\"@id\":\"https:\/\/www.istegroup.com\/en\/produit\/les-mecanismes-cognitifs-de-lapprentissage\/#breadcrumb\",\"itemListElement\":[{\"@type\":\"ListItem\",\"position\":1,\"name\":\"Home\",\"item\":\"https:\/\/www.istegroup.com\/\"},{\"@type\":\"ListItem\",\"position\":2,\"name\":\"Shop\",\"item\":\"https:\/\/www.istegroup.com\/fr\/nouveautes\/\"},{\"@type\":\"ListItem\",\"position\":3,\"name\":\"Les m\u00e9canismes cognitifs de l\u2019apprentissage\"}]},{\"@type\":\"WebSite\",\"@id\":\"https:\/\/www.istegroup.com\/#website\",\"url\":\"https:\/\/www.istegroup.com\/\",\"name\":\"ISTE Group\",\"description\":\"\u00c9diteur des Sciences\",\"potentialAction\":[{\"@type\":\"SearchAction\",\"target\":{\"@type\":\"EntryPoint\",\"urlTemplate\":\"https:\/\/www.istegroup.com\/?s={search_term_string}\"},\"query-input\":{\"@type\":\"PropertyValueSpecification\",\"valueRequired\":true,\"valueName\":\"search_term_string\"}}],\"inLanguage\":\"fr-FR\"}]}<\/script>\n<!-- \/ Yoast SEO plugin. -->","yoast_head_json":{"title":"Les m\u00e9canismes cognitifs de l\u2019apprentissage - ISTE Group","description":"Les m\u00e9canismes cognitifs de l\u2019apprentissage pr\u00e9sente des travaux de recherche exp\u00e9rimentale sur la question de l\u2019acquisition de connaissances en psychologie cognitive.","robots":{"index":"index","follow":"follow","max-snippet":"max-snippet:-1","max-image-preview":"max-image-preview:large","max-video-preview":"max-video-preview:-1"},"canonical":"https:\/\/www.istegroup.com\/en\/produit\/les-mecanismes-cognitifs-de-lapprentissage\/","og_locale":"fr_FR","og_type":"article","og_title":"Les m\u00e9canismes cognitifs de l\u2019apprentissage - ISTE Group","og_description":"Les m\u00e9canismes cognitifs de l\u2019apprentissage pr\u00e9sente des travaux de recherche exp\u00e9rimentale sur la question de l\u2019acquisition de connaissances en psychologie cognitive.","og_url":"https:\/\/www.istegroup.com\/en\/produit\/les-mecanismes-cognitifs-de-lapprentissage\/","og_site_name":"ISTE Group","article_modified_time":"2024-01-03T13:43:58+00:00","og_image":[{"width":300,"height":453,"url":"https:\/\/www.istegroup.com\/wp-content\/uploads\/2020\/11\/Les-mecanismes-cognitifs-de-lapprentissage.jpg","type":"image\/jpeg"}],"twitter_card":"summary_large_image","twitter_misc":{"Est. reading time":"1 minute"},"schema":{"@context":"https:\/\/schema.org","@graph":[{"@type":"WebPage","@id":"https:\/\/www.istegroup.com\/en\/produit\/les-mecanismes-cognitifs-de-lapprentissage\/","url":"https:\/\/www.istegroup.com\/en\/produit\/les-mecanismes-cognitifs-de-lapprentissage\/","name":"Les m\u00e9canismes cognitifs de l\u2019apprentissage - ISTE Group","isPartOf":{"@id":"https:\/\/www.istegroup.com\/#website"},"primaryImageOfPage":{"@id":"https:\/\/www.istegroup.com\/en\/produit\/les-mecanismes-cognitifs-de-lapprentissage\/#primaryimage"},"image":{"@id":"https:\/\/www.istegroup.com\/en\/produit\/les-mecanismes-cognitifs-de-lapprentissage\/#primaryimage"},"thumbnailUrl":"https:\/\/www.istegroup.com\/wp-content\/uploads\/2020\/11\/Les-mecanismes-cognitifs-de-lapprentissage.jpg","datePublished":"2021-02-28T16:01:30+00:00","dateModified":"2024-01-03T13:43:58+00:00","description":"Les m\u00e9canismes cognitifs de l\u2019apprentissage pr\u00e9sente des travaux de recherche exp\u00e9rimentale sur la question de l\u2019acquisition de connaissances en psychologie cognitive.","breadcrumb":{"@id":"https:\/\/www.istegroup.com\/en\/produit\/les-mecanismes-cognitifs-de-lapprentissage\/#breadcrumb"},"inLanguage":"fr-FR","potentialAction":[{"@type":"ReadAction","target":["https:\/\/www.istegroup.com\/en\/produit\/les-mecanismes-cognitifs-de-lapprentissage\/"]}]},{"@type":"ImageObject","inLanguage":"fr-FR","@id":"https:\/\/www.istegroup.com\/en\/produit\/les-mecanismes-cognitifs-de-lapprentissage\/#primaryimage","url":"https:\/\/www.istegroup.com\/wp-content\/uploads\/2020\/11\/Les-mecanismes-cognitifs-de-lapprentissage.jpg","contentUrl":"https:\/\/www.istegroup.com\/wp-content\/uploads\/2020\/11\/Les-mecanismes-cognitifs-de-lapprentissage.jpg","width":300,"height":453,"caption":"Livre scientifique - Les m\u00e9canismes cognitifs de l'apprentissage - Anh Nguy\u00ean-Xu\u00e2n"},{"@type":"BreadcrumbList","@id":"https:\/\/www.istegroup.com\/en\/produit\/les-mecanismes-cognitifs-de-lapprentissage\/#breadcrumb","itemListElement":[{"@type":"ListItem","position":1,"name":"Home","item":"https:\/\/www.istegroup.com\/"},{"@type":"ListItem","position":2,"name":"Shop","item":"https:\/\/www.istegroup.com\/fr\/nouveautes\/"},{"@type":"ListItem","position":3,"name":"Les m\u00e9canismes cognitifs de l\u2019apprentissage"}]},{"@type":"WebSite","@id":"https:\/\/www.istegroup.com\/#website","url":"https:\/\/www.istegroup.com\/","name":"ISTE Group","description":"\u00c9diteur des Sciences","potentialAction":[{"@type":"SearchAction","target":{"@type":"EntryPoint","urlTemplate":"https:\/\/www.istegroup.com\/?s={search_term_string}"},"query-input":{"@type":"PropertyValueSpecification","valueRequired":true,"valueName":"search_term_string"}}],"inLanguage":"fr-FR"}]}},"_links":{"self":[{"href":"https:\/\/www.istegroup.com\/fr\/wp-json\/wp\/v2\/product\/37299","targetHints":{"allow":["GET"]}}],"collection":[{"href":"https:\/\/www.istegroup.com\/fr\/wp-json\/wp\/v2\/product"}],"about":[{"href":"https:\/\/www.istegroup.com\/fr\/wp-json\/wp\/v2\/types\/product"}],"wp:featuredmedia":[{"embeddable":true,"href":"https:\/\/www.istegroup.com\/fr\/wp-json\/wp\/v2\/media\/37314"}],"wp:attachment":[{"href":"https:\/\/www.istegroup.com\/fr\/wp-json\/wp\/v2\/media?parent=37299"}],"wp:term":[{"taxonomy":"product_brand","embeddable":true,"href":"https:\/\/www.istegroup.com\/fr\/wp-json\/wp\/v2\/product_brand?post=37299"},{"taxonomy":"product_cat","embeddable":true,"href":"https:\/\/www.istegroup.com\/fr\/wp-json\/wp\/v2\/product_cat?post=37299"},{"taxonomy":"product_tag","embeddable":true,"href":"https:\/\/www.istegroup.com\/fr\/wp-json\/wp\/v2\/product_tag?post=37299"}],"curies":[{"name":"wp","href":"https:\/\/api.w.org\/{rel}","templated":true}]}}