{"id":37290,"date":"2021-02-28T15:39:18","date_gmt":"2021-02-28T15:39:18","guid":{"rendered":"https:\/\/www.istegroup.com\/?post_type=product&#038;p=37290"},"modified":"2024-01-03T13:43:58","modified_gmt":"2024-01-03T13:43:58","slug":"plateforme-et-intelligence-collective","status":"publish","type":"product","link":"https:\/\/www.istegroup.com\/fr\/produit\/plateforme-et-intelligence-collective\/","title":{"rendered":"Plateforme et intelligence collective"},"content":{"rendered":"<p>Les organisations, priv\u00e9es et publiques, \u00e9voluent d\u00e9sormais dans une \u00ab soci\u00e9t\u00e9 de l\u2019information \u00bb mondialis\u00e9e que la num\u00e9risation a acc\u00e9l\u00e9r\u00e9e. Elles se trouvent entra\u00een\u00e9es dans une spirale de transformations nourrie par l\u2019incessante r\u00e9invention des technologies de l\u2019information et de la communication (TIC) qui modifient usages et pratiques num\u00e9riques. Ce mouvement transforme, par l\u2019action m\u00e9diatrice des TIC, les activit\u00e9s du travail et les situations d\u2019action associ\u00e9es.<\/p>\n<p><em>Plateforme et intelligence collective<\/em> analyse une d\u00e9clinaison sp\u00e9cifique de l\u2019organisation devenue irr\u00e9versiblement r\u00e9ticulaire : \u00ab l\u2019organisation plateforme \u00bb. Le r\u00e9seau, au coeur de cette nouvelle conception, propose un mod\u00e8le agen\u00e7ant cybern\u00e9tique et informatique. L\u2019organisation ainsi outill\u00e9e s\u2019appr\u00e9hende comme une interface de contact, via ses syst\u00e8mes d\u2019information, des salari\u00e9s ou des citoyens, quels que soient leurs espaces g\u00e9ographiques.<\/p>\n<p>Dans l\u2019optique de d\u00e9passer le technocentrisme et le d\u00e9terminisme technologique, cet ouvrage associe intelligence collective et sociotechnique \u00e0 la plateforme pour aboutir \u00e0 la notion \u00ab d\u2019exp\u00e9rience organisation \u00bb.<\/p>","protected":false},"excerpt":{"rendered":"<p>Les organisations, priv\u00e9es et publiques, \u00e9voluent d\u00e9sormais dans une \u00ab soci\u00e9t\u00e9 de l\u2019information \u00bb mondialis\u00e9e que la num\u00e9risation a acc\u00e9l\u00e9r\u00e9e. Elles se trouvent entra\u00een\u00e9es dans une spirale de transformations nourrie par l\u2019incessante r\u00e9invention des technologies de l\u2019information et de la communication (TIC) qui modifient usages et pratiques num\u00e9riques. Ce mouvement transforme, par l\u2019action m\u00e9diatrice des [&hellip;]<\/p>\n","protected":false},"featured_media":37295,"template":"","meta":{"_acf_changed":false,"_links_to":"","_links_to_target":""},"product_brand":[],"product_cat":[3262],"product_tag":[],"class_list":{"0":"post-37290","1":"product","2":"type-product","3":"status-publish","4":"has-post-thumbnail","6":"product_cat-non-classe","8":"first","9":"instock","10":"shipping-taxable","11":"purchasable","12":"product-type-variable"},"acf":[],"yoast_head":"<!-- This site is optimized with the Yoast SEO plugin v27.2 - https:\/\/yoast.com\/product\/yoast-seo-wordpress\/ -->\n<title>Plateforme et intelligence collective - ISTE Group<\/title>\n<meta name=\"description\" content=\"Plateforme et intelligence collective analyse une d\u00e9clinaison sp\u00e9cifique de l\u2019organisation devenue irr\u00e9versiblement r\u00e9ticulaire : \u00ab l\u2019organisation plateforme \u00bb.\" \/>\n<meta name=\"robots\" content=\"index, follow, max-snippet:-1, max-image-preview:large, max-video-preview:-1\" \/>\n<link rel=\"canonical\" href=\"https:\/\/www.istegroup.com\/fr\/produit\/plateforme-et-intelligence-collective\/\" \/>\n<meta property=\"og:locale\" content=\"fr_FR\" \/>\n<meta property=\"og:type\" content=\"article\" \/>\n<meta property=\"og:title\" content=\"Plateforme et intelligence collective - ISTE Group\" \/>\n<meta property=\"og:description\" content=\"Plateforme et intelligence collective analyse une d\u00e9clinaison sp\u00e9cifique de l\u2019organisation devenue irr\u00e9versiblement r\u00e9ticulaire : \u00ab l\u2019organisation plateforme \u00bb.\" \/>\n<meta property=\"og:url\" content=\"https:\/\/www.istegroup.com\/fr\/produit\/plateforme-et-intelligence-collective\/\" \/>\n<meta property=\"og:site_name\" content=\"ISTE Group\" \/>\n<meta property=\"article:modified_time\" content=\"2024-01-03T13:43:58+00:00\" \/>\n<meta property=\"og:image\" content=\"https:\/\/www.istegroup.com\/wp-content\/uploads\/2020\/11\/Plateforme-et-intelligence-collective.jpg\" \/>\n\t<meta property=\"og:image:width\" content=\"300\" \/>\n\t<meta property=\"og:image:height\" content=\"453\" \/>\n\t<meta property=\"og:image:type\" content=\"image\/jpeg\" \/>\n<meta name=\"twitter:card\" content=\"summary_large_image\" \/>\n<meta name=\"twitter:label1\" content=\"Est. reading time\" \/>\n\t<meta name=\"twitter:data1\" content=\"1 minute\" \/>\n<script type=\"application\/ld+json\" class=\"yoast-schema-graph\">{\"@context\":\"https:\/\/schema.org\",\"@graph\":[{\"@type\":\"WebPage\",\"@id\":\"https:\/\/www.istegroup.com\/fr\/produit\/plateforme-et-intelligence-collective\/\",\"url\":\"https:\/\/www.istegroup.com\/fr\/produit\/plateforme-et-intelligence-collective\/\",\"name\":\"Plateforme et intelligence collective - ISTE Group\",\"isPartOf\":{\"@id\":\"https:\/\/www.istegroup.com\/#website\"},\"primaryImageOfPage\":{\"@id\":\"https:\/\/www.istegroup.com\/fr\/produit\/plateforme-et-intelligence-collective\/#primaryimage\"},\"image\":{\"@id\":\"https:\/\/www.istegroup.com\/fr\/produit\/plateforme-et-intelligence-collective\/#primaryimage\"},\"thumbnailUrl\":\"https:\/\/www.istegroup.com\/wp-content\/uploads\/2020\/11\/Plateforme-et-intelligence-collective.jpg\",\"datePublished\":\"2021-02-28T15:39:18+00:00\",\"dateModified\":\"2024-01-03T13:43:58+00:00\",\"description\":\"Plateforme et intelligence collective analyse une d\u00e9clinaison sp\u00e9cifique de l\u2019organisation devenue irr\u00e9versiblement r\u00e9ticulaire : \u00ab l\u2019organisation plateforme \u00bb.\",\"breadcrumb\":{\"@id\":\"https:\/\/www.istegroup.com\/fr\/produit\/plateforme-et-intelligence-collective\/#breadcrumb\"},\"inLanguage\":\"fr-FR\",\"potentialAction\":[{\"@type\":\"ReadAction\",\"target\":[\"https:\/\/www.istegroup.com\/fr\/produit\/plateforme-et-intelligence-collective\/\"]}]},{\"@type\":\"ImageObject\",\"inLanguage\":\"fr-FR\",\"@id\":\"https:\/\/www.istegroup.com\/fr\/produit\/plateforme-et-intelligence-collective\/#primaryimage\",\"url\":\"https:\/\/www.istegroup.com\/wp-content\/uploads\/2020\/11\/Plateforme-et-intelligence-collective.jpg\",\"contentUrl\":\"https:\/\/www.istegroup.com\/wp-content\/uploads\/2020\/11\/Plateforme-et-intelligence-collective.jpg\",\"width\":300,\"height\":453,\"caption\":\"Livre scientifique - Plateforme et intelligence collective - Antoine Henry\"},{\"@type\":\"BreadcrumbList\",\"@id\":\"https:\/\/www.istegroup.com\/fr\/produit\/plateforme-et-intelligence-collective\/#breadcrumb\",\"itemListElement\":[{\"@type\":\"ListItem\",\"position\":1,\"name\":\"Home\",\"item\":\"https:\/\/www.istegroup.com\/\"},{\"@type\":\"ListItem\",\"position\":2,\"name\":\"Shop\",\"item\":\"https:\/\/www.istegroup.com\/fr\/nouveautes\/\"},{\"@type\":\"ListItem\",\"position\":3,\"name\":\"Plateforme et intelligence collective\"}]},{\"@type\":\"WebSite\",\"@id\":\"https:\/\/www.istegroup.com\/#website\",\"url\":\"https:\/\/www.istegroup.com\/\",\"name\":\"ISTE Group\",\"description\":\"\u00c9diteur des Sciences\",\"potentialAction\":[{\"@type\":\"SearchAction\",\"target\":{\"@type\":\"EntryPoint\",\"urlTemplate\":\"https:\/\/www.istegroup.com\/?s={search_term_string}\"},\"query-input\":{\"@type\":\"PropertyValueSpecification\",\"valueRequired\":true,\"valueName\":\"search_term_string\"}}],\"inLanguage\":\"fr-FR\"}]}<\/script>\n<!-- \/ Yoast SEO plugin. -->","yoast_head_json":{"title":"Plateforme et intelligence collective - ISTE Group","description":"Plateforme et intelligence collective analyse une d\u00e9clinaison sp\u00e9cifique de l\u2019organisation devenue irr\u00e9versiblement r\u00e9ticulaire : \u00ab l\u2019organisation plateforme \u00bb.","robots":{"index":"index","follow":"follow","max-snippet":"max-snippet:-1","max-image-preview":"max-image-preview:large","max-video-preview":"max-video-preview:-1"},"canonical":"https:\/\/www.istegroup.com\/fr\/produit\/plateforme-et-intelligence-collective\/","og_locale":"fr_FR","og_type":"article","og_title":"Plateforme et intelligence collective - ISTE Group","og_description":"Plateforme et intelligence collective analyse une d\u00e9clinaison sp\u00e9cifique de l\u2019organisation devenue irr\u00e9versiblement r\u00e9ticulaire : \u00ab l\u2019organisation plateforme \u00bb.","og_url":"https:\/\/www.istegroup.com\/fr\/produit\/plateforme-et-intelligence-collective\/","og_site_name":"ISTE Group","article_modified_time":"2024-01-03T13:43:58+00:00","og_image":[{"width":300,"height":453,"url":"https:\/\/www.istegroup.com\/wp-content\/uploads\/2020\/11\/Plateforme-et-intelligence-collective.jpg","type":"image\/jpeg"}],"twitter_card":"summary_large_image","twitter_misc":{"Est. reading time":"1 minute"},"schema":{"@context":"https:\/\/schema.org","@graph":[{"@type":"WebPage","@id":"https:\/\/www.istegroup.com\/fr\/produit\/plateforme-et-intelligence-collective\/","url":"https:\/\/www.istegroup.com\/fr\/produit\/plateforme-et-intelligence-collective\/","name":"Plateforme et intelligence collective - ISTE Group","isPartOf":{"@id":"https:\/\/www.istegroup.com\/#website"},"primaryImageOfPage":{"@id":"https:\/\/www.istegroup.com\/fr\/produit\/plateforme-et-intelligence-collective\/#primaryimage"},"image":{"@id":"https:\/\/www.istegroup.com\/fr\/produit\/plateforme-et-intelligence-collective\/#primaryimage"},"thumbnailUrl":"https:\/\/www.istegroup.com\/wp-content\/uploads\/2020\/11\/Plateforme-et-intelligence-collective.jpg","datePublished":"2021-02-28T15:39:18+00:00","dateModified":"2024-01-03T13:43:58+00:00","description":"Plateforme et intelligence collective analyse une d\u00e9clinaison sp\u00e9cifique de l\u2019organisation devenue irr\u00e9versiblement r\u00e9ticulaire : \u00ab l\u2019organisation plateforme \u00bb.","breadcrumb":{"@id":"https:\/\/www.istegroup.com\/fr\/produit\/plateforme-et-intelligence-collective\/#breadcrumb"},"inLanguage":"fr-FR","potentialAction":[{"@type":"ReadAction","target":["https:\/\/www.istegroup.com\/fr\/produit\/plateforme-et-intelligence-collective\/"]}]},{"@type":"ImageObject","inLanguage":"fr-FR","@id":"https:\/\/www.istegroup.com\/fr\/produit\/plateforme-et-intelligence-collective\/#primaryimage","url":"https:\/\/www.istegroup.com\/wp-content\/uploads\/2020\/11\/Plateforme-et-intelligence-collective.jpg","contentUrl":"https:\/\/www.istegroup.com\/wp-content\/uploads\/2020\/11\/Plateforme-et-intelligence-collective.jpg","width":300,"height":453,"caption":"Livre scientifique - Plateforme et intelligence collective - Antoine Henry"},{"@type":"BreadcrumbList","@id":"https:\/\/www.istegroup.com\/fr\/produit\/plateforme-et-intelligence-collective\/#breadcrumb","itemListElement":[{"@type":"ListItem","position":1,"name":"Home","item":"https:\/\/www.istegroup.com\/"},{"@type":"ListItem","position":2,"name":"Shop","item":"https:\/\/www.istegroup.com\/fr\/nouveautes\/"},{"@type":"ListItem","position":3,"name":"Plateforme et intelligence collective"}]},{"@type":"WebSite","@id":"https:\/\/www.istegroup.com\/#website","url":"https:\/\/www.istegroup.com\/","name":"ISTE Group","description":"\u00c9diteur des Sciences","potentialAction":[{"@type":"SearchAction","target":{"@type":"EntryPoint","urlTemplate":"https:\/\/www.istegroup.com\/?s={search_term_string}"},"query-input":{"@type":"PropertyValueSpecification","valueRequired":true,"valueName":"search_term_string"}}],"inLanguage":"fr-FR"}]}},"_links":{"self":[{"href":"https:\/\/www.istegroup.com\/fr\/wp-json\/wp\/v2\/product\/37290","targetHints":{"allow":["GET"]}}],"collection":[{"href":"https:\/\/www.istegroup.com\/fr\/wp-json\/wp\/v2\/product"}],"about":[{"href":"https:\/\/www.istegroup.com\/fr\/wp-json\/wp\/v2\/types\/product"}],"wp:featuredmedia":[{"embeddable":true,"href":"https:\/\/www.istegroup.com\/fr\/wp-json\/wp\/v2\/media\/37295"}],"wp:attachment":[{"href":"https:\/\/www.istegroup.com\/fr\/wp-json\/wp\/v2\/media?parent=37290"}],"wp:term":[{"taxonomy":"product_brand","embeddable":true,"href":"https:\/\/www.istegroup.com\/fr\/wp-json\/wp\/v2\/product_brand?post=37290"},{"taxonomy":"product_cat","embeddable":true,"href":"https:\/\/www.istegroup.com\/fr\/wp-json\/wp\/v2\/product_cat?post=37290"},{"taxonomy":"product_tag","embeddable":true,"href":"https:\/\/www.istegroup.com\/fr\/wp-json\/wp\/v2\/product_tag?post=37290"}],"curies":[{"name":"wp","href":"https:\/\/api.w.org\/{rel}","templated":true}]}}