{"id":37282,"date":"2021-02-28T15:32:09","date_gmt":"2021-02-28T15:32:09","guid":{"rendered":"https:\/\/www.istegroup.com\/?post_type=product&#038;p=37282"},"modified":"2024-01-03T13:43:58","modified_gmt":"2024-01-03T13:43:58","slug":"spectroscopie-infrarouge-de-toupies-symetriques-et-spheriques-pour-lobservation-spatiale-1","status":"publish","type":"product","link":"https:\/\/www.istegroup.com\/fr\/produit\/spectroscopie-infrarouge-de-toupies-symetriques-et-spheriques-pour-lobservation-spatiale-1\/","title":{"rendered":"Spectroscopie infrarouge de toupies sym\u00e9triques et sph\u00e9riques pour l\u2019observation spatiale 1"},"content":{"rendered":"<p>Cet ouvrage est d\u00e9di\u00e9 \u00e0 la description et l\u2019application des diff\u00e9rents mod\u00e8les th\u00e9oriques pour identifier les spectres IR proche et moyen de mol\u00e9cules toupies sym\u00e9triques et sph\u00e9riques en phase gazeuse.<\/p>\n<p>Les mod\u00e8les th\u00e9oriques bas\u00e9s sur l\u2019utilisation de la th\u00e9orie des groupes sont appliqu\u00e9s aux mol\u00e9cules rigides et non rigides caract\u00e9ris\u00e9es par le ph\u00e9nom\u00e8ne de l\u2019effet tunnel et des mouvements de grande amplitude. Le calcul des niveaux d\u2019\u00e9nergie de vibration-rotation et l\u2019analyse des transitions IR entre ces niveaux sont ainsi appliqu\u00e9s aux mol\u00e9cules d\u2019ammoniac NH3 et de m\u00e9thane CH<sub>4<\/sub>.<\/p>\n<p>Les applications montrent comment les interactions \u00e0 l\u2019\u00e9chelle mol\u00e9culaire modifient les spectres IR proche et moyen des mol\u00e9cules isol\u00e9es, sous l\u2019effet de la pression d\u2019une nano-cage (site de substitution d\u2019une matrice de gaz rare, clathrate, fuller\u00e8ne, z\u00e9olithe) ou de surface, et permettent d\u2019identifier les caract\u00e9ristiques de l\u2019environnement perturbateur.<\/p>","protected":false},"excerpt":{"rendered":"<p>Cet ouvrage est d\u00e9di\u00e9 \u00e0 la description et l\u2019application des diff\u00e9rents mod\u00e8les th\u00e9oriques pour identifier les spectres IR proche et moyen de mol\u00e9cules toupies sym\u00e9triques et sph\u00e9riques en phase gazeuse. Les mod\u00e8les th\u00e9oriques bas\u00e9s sur l\u2019utilisation de la th\u00e9orie des groupes sont appliqu\u00e9s aux mol\u00e9cules rigides et non rigides caract\u00e9ris\u00e9es par le ph\u00e9nom\u00e8ne de l\u2019effet [&hellip;]<\/p>\n","protected":false},"featured_media":37289,"template":"","meta":{"_acf_changed":false,"_links_to":"","_links_to_target":""},"product_brand":[],"product_cat":[3262],"product_tag":[],"class_list":{"0":"post-37282","1":"product","2":"type-product","3":"status-publish","4":"has-post-thumbnail","6":"product_cat-non-classe","8":"first","9":"instock","10":"shipping-taxable","11":"purchasable","12":"product-type-variable"},"acf":[],"yoast_head":"<!-- This site is optimized with the Yoast SEO plugin v27.2 - https:\/\/yoast.com\/product\/yoast-seo-wordpress\/ -->\n<title>Spectroscopie infrarouge de toupies sym\u00e9triques et sph\u00e9riques pour l\u2019observation spatiale 1 - ISTE Group<\/title>\n<meta name=\"description\" content=\"Cet ouvrage est d\u00e9di\u00e9 \u00e0 la description et l\u2019application des diff\u00e9rents mod\u00e8les th\u00e9oriques pour identifier les spectres IR proche et moyen de mol\u00e9cules toupies sym\u00e9triques et sph\u00e9riques en phase gazeuse.\" \/>\n<meta name=\"robots\" content=\"index, follow, max-snippet:-1, max-image-preview:large, max-video-preview:-1\" \/>\n<link rel=\"canonical\" href=\"https:\/\/www.istegroup.com\/fr\/produit\/spectroscopie-infrarouge-de-toupies-symetriques-et-spheriques-pour-lobservation-spatiale-1\/\" \/>\n<meta property=\"og:locale\" content=\"fr_FR\" \/>\n<meta property=\"og:type\" content=\"article\" \/>\n<meta property=\"og:title\" content=\"Spectroscopie infrarouge de toupies sym\u00e9triques et sph\u00e9riques pour l\u2019observation spatiale 1 - ISTE Group\" \/>\n<meta property=\"og:description\" content=\"Cet ouvrage est d\u00e9di\u00e9 \u00e0 la description et l\u2019application des diff\u00e9rents mod\u00e8les th\u00e9oriques pour identifier les spectres IR proche et moyen de mol\u00e9cules toupies sym\u00e9triques et sph\u00e9riques en phase gazeuse.\" \/>\n<meta property=\"og:url\" content=\"https:\/\/www.istegroup.com\/fr\/produit\/spectroscopie-infrarouge-de-toupies-symetriques-et-spheriques-pour-lobservation-spatiale-1\/\" \/>\n<meta property=\"og:site_name\" content=\"ISTE Group\" \/>\n<meta property=\"article:modified_time\" content=\"2024-01-03T13:43:58+00:00\" \/>\n<meta property=\"og:image\" content=\"https:\/\/www.istegroup.com\/wp-content\/uploads\/2020\/11\/Spectroscopie-infrarouge-de-toupies-symetriques-et-spheriques-pour-lobservation-spatiale-1.jpg\" \/>\n\t<meta property=\"og:image:width\" content=\"300\" \/>\n\t<meta property=\"og:image:height\" content=\"453\" \/>\n\t<meta property=\"og:image:type\" content=\"image\/jpeg\" \/>\n<meta name=\"twitter:card\" content=\"summary_large_image\" \/>\n<meta name=\"twitter:label1\" content=\"Est. reading time\" \/>\n\t<meta name=\"twitter:data1\" content=\"1 minute\" \/>\n<script type=\"application\/ld+json\" class=\"yoast-schema-graph\">{\"@context\":\"https:\/\/schema.org\",\"@graph\":[{\"@type\":\"WebPage\",\"@id\":\"https:\/\/www.istegroup.com\/fr\/produit\/spectroscopie-infrarouge-de-toupies-symetriques-et-spheriques-pour-lobservation-spatiale-1\/\",\"url\":\"https:\/\/www.istegroup.com\/fr\/produit\/spectroscopie-infrarouge-de-toupies-symetriques-et-spheriques-pour-lobservation-spatiale-1\/\",\"name\":\"Spectroscopie infrarouge de toupies sym\u00e9triques et sph\u00e9riques pour l\u2019observation spatiale 1 - ISTE Group\",\"isPartOf\":{\"@id\":\"https:\/\/www.istegroup.com\/#website\"},\"primaryImageOfPage\":{\"@id\":\"https:\/\/www.istegroup.com\/fr\/produit\/spectroscopie-infrarouge-de-toupies-symetriques-et-spheriques-pour-lobservation-spatiale-1\/#primaryimage\"},\"image\":{\"@id\":\"https:\/\/www.istegroup.com\/fr\/produit\/spectroscopie-infrarouge-de-toupies-symetriques-et-spheriques-pour-lobservation-spatiale-1\/#primaryimage\"},\"thumbnailUrl\":\"https:\/\/www.istegroup.com\/wp-content\/uploads\/2020\/11\/Spectroscopie-infrarouge-de-toupies-symetriques-et-spheriques-pour-lobservation-spatiale-1.jpg\",\"datePublished\":\"2021-02-28T15:32:09+00:00\",\"dateModified\":\"2024-01-03T13:43:58+00:00\",\"description\":\"Cet ouvrage est d\u00e9di\u00e9 \u00e0 la description et l\u2019application des diff\u00e9rents mod\u00e8les th\u00e9oriques pour identifier les spectres IR proche et moyen de mol\u00e9cules toupies sym\u00e9triques et sph\u00e9riques en phase gazeuse.\",\"breadcrumb\":{\"@id\":\"https:\/\/www.istegroup.com\/fr\/produit\/spectroscopie-infrarouge-de-toupies-symetriques-et-spheriques-pour-lobservation-spatiale-1\/#breadcrumb\"},\"inLanguage\":\"fr-FR\",\"potentialAction\":[{\"@type\":\"ReadAction\",\"target\":[\"https:\/\/www.istegroup.com\/fr\/produit\/spectroscopie-infrarouge-de-toupies-symetriques-et-spheriques-pour-lobservation-spatiale-1\/\"]}]},{\"@type\":\"ImageObject\",\"inLanguage\":\"fr-FR\",\"@id\":\"https:\/\/www.istegroup.com\/fr\/produit\/spectroscopie-infrarouge-de-toupies-symetriques-et-spheriques-pour-lobservation-spatiale-1\/#primaryimage\",\"url\":\"https:\/\/www.istegroup.com\/wp-content\/uploads\/2020\/11\/Spectroscopie-infrarouge-de-toupies-symetriques-et-spheriques-pour-lobservation-spatiale-1.jpg\",\"contentUrl\":\"https:\/\/www.istegroup.com\/wp-content\/uploads\/2020\/11\/Spectroscopie-infrarouge-de-toupies-symetriques-et-spheriques-pour-lobservation-spatiale-1.jpg\",\"width\":300,\"height\":453,\"caption\":\"Livre scientifique - Spectroscopie infrarouge de toupies sym\u00e9triques et sph\u00e9riques pour l'observation spatiale 1 - Pierre Richard Dahoo et Azzedine Lakhlifi\"},{\"@type\":\"BreadcrumbList\",\"@id\":\"https:\/\/www.istegroup.com\/fr\/produit\/spectroscopie-infrarouge-de-toupies-symetriques-et-spheriques-pour-lobservation-spatiale-1\/#breadcrumb\",\"itemListElement\":[{\"@type\":\"ListItem\",\"position\":1,\"name\":\"Home\",\"item\":\"https:\/\/www.istegroup.com\/\"},{\"@type\":\"ListItem\",\"position\":2,\"name\":\"Shop\",\"item\":\"https:\/\/www.istegroup.com\/fr\/nouveautes\/\"},{\"@type\":\"ListItem\",\"position\":3,\"name\":\"Spectroscopie infrarouge de toupies sym\u00e9triques et sph\u00e9riques pour l\u2019observation spatiale 1\"}]},{\"@type\":\"WebSite\",\"@id\":\"https:\/\/www.istegroup.com\/#website\",\"url\":\"https:\/\/www.istegroup.com\/\",\"name\":\"ISTE Group\",\"description\":\"\u00c9diteur des Sciences\",\"potentialAction\":[{\"@type\":\"SearchAction\",\"target\":{\"@type\":\"EntryPoint\",\"urlTemplate\":\"https:\/\/www.istegroup.com\/?s={search_term_string}\"},\"query-input\":{\"@type\":\"PropertyValueSpecification\",\"valueRequired\":true,\"valueName\":\"search_term_string\"}}],\"inLanguage\":\"fr-FR\"}]}<\/script>\n<!-- \/ Yoast SEO plugin. -->","yoast_head_json":{"title":"Spectroscopie infrarouge de toupies sym\u00e9triques et sph\u00e9riques pour l\u2019observation spatiale 1 - ISTE Group","description":"Cet ouvrage est d\u00e9di\u00e9 \u00e0 la description et l\u2019application des diff\u00e9rents mod\u00e8les th\u00e9oriques pour identifier les spectres IR proche et moyen de mol\u00e9cules toupies sym\u00e9triques et sph\u00e9riques en phase gazeuse.","robots":{"index":"index","follow":"follow","max-snippet":"max-snippet:-1","max-image-preview":"max-image-preview:large","max-video-preview":"max-video-preview:-1"},"canonical":"https:\/\/www.istegroup.com\/fr\/produit\/spectroscopie-infrarouge-de-toupies-symetriques-et-spheriques-pour-lobservation-spatiale-1\/","og_locale":"fr_FR","og_type":"article","og_title":"Spectroscopie infrarouge de toupies sym\u00e9triques et sph\u00e9riques pour l\u2019observation spatiale 1 - ISTE Group","og_description":"Cet ouvrage est d\u00e9di\u00e9 \u00e0 la description et l\u2019application des diff\u00e9rents mod\u00e8les th\u00e9oriques pour identifier les spectres IR proche et moyen de mol\u00e9cules toupies sym\u00e9triques et sph\u00e9riques en phase gazeuse.","og_url":"https:\/\/www.istegroup.com\/fr\/produit\/spectroscopie-infrarouge-de-toupies-symetriques-et-spheriques-pour-lobservation-spatiale-1\/","og_site_name":"ISTE Group","article_modified_time":"2024-01-03T13:43:58+00:00","og_image":[{"width":300,"height":453,"url":"https:\/\/www.istegroup.com\/wp-content\/uploads\/2020\/11\/Spectroscopie-infrarouge-de-toupies-symetriques-et-spheriques-pour-lobservation-spatiale-1.jpg","type":"image\/jpeg"}],"twitter_card":"summary_large_image","twitter_misc":{"Est. reading time":"1 minute"},"schema":{"@context":"https:\/\/schema.org","@graph":[{"@type":"WebPage","@id":"https:\/\/www.istegroup.com\/fr\/produit\/spectroscopie-infrarouge-de-toupies-symetriques-et-spheriques-pour-lobservation-spatiale-1\/","url":"https:\/\/www.istegroup.com\/fr\/produit\/spectroscopie-infrarouge-de-toupies-symetriques-et-spheriques-pour-lobservation-spatiale-1\/","name":"Spectroscopie infrarouge de toupies sym\u00e9triques et sph\u00e9riques pour l\u2019observation spatiale 1 - ISTE Group","isPartOf":{"@id":"https:\/\/www.istegroup.com\/#website"},"primaryImageOfPage":{"@id":"https:\/\/www.istegroup.com\/fr\/produit\/spectroscopie-infrarouge-de-toupies-symetriques-et-spheriques-pour-lobservation-spatiale-1\/#primaryimage"},"image":{"@id":"https:\/\/www.istegroup.com\/fr\/produit\/spectroscopie-infrarouge-de-toupies-symetriques-et-spheriques-pour-lobservation-spatiale-1\/#primaryimage"},"thumbnailUrl":"https:\/\/www.istegroup.com\/wp-content\/uploads\/2020\/11\/Spectroscopie-infrarouge-de-toupies-symetriques-et-spheriques-pour-lobservation-spatiale-1.jpg","datePublished":"2021-02-28T15:32:09+00:00","dateModified":"2024-01-03T13:43:58+00:00","description":"Cet ouvrage est d\u00e9di\u00e9 \u00e0 la description et l\u2019application des diff\u00e9rents mod\u00e8les th\u00e9oriques pour identifier les spectres IR proche et moyen de mol\u00e9cules toupies sym\u00e9triques et sph\u00e9riques en phase gazeuse.","breadcrumb":{"@id":"https:\/\/www.istegroup.com\/fr\/produit\/spectroscopie-infrarouge-de-toupies-symetriques-et-spheriques-pour-lobservation-spatiale-1\/#breadcrumb"},"inLanguage":"fr-FR","potentialAction":[{"@type":"ReadAction","target":["https:\/\/www.istegroup.com\/fr\/produit\/spectroscopie-infrarouge-de-toupies-symetriques-et-spheriques-pour-lobservation-spatiale-1\/"]}]},{"@type":"ImageObject","inLanguage":"fr-FR","@id":"https:\/\/www.istegroup.com\/fr\/produit\/spectroscopie-infrarouge-de-toupies-symetriques-et-spheriques-pour-lobservation-spatiale-1\/#primaryimage","url":"https:\/\/www.istegroup.com\/wp-content\/uploads\/2020\/11\/Spectroscopie-infrarouge-de-toupies-symetriques-et-spheriques-pour-lobservation-spatiale-1.jpg","contentUrl":"https:\/\/www.istegroup.com\/wp-content\/uploads\/2020\/11\/Spectroscopie-infrarouge-de-toupies-symetriques-et-spheriques-pour-lobservation-spatiale-1.jpg","width":300,"height":453,"caption":"Livre scientifique - Spectroscopie infrarouge de toupies sym\u00e9triques et sph\u00e9riques pour l'observation spatiale 1 - Pierre Richard Dahoo et Azzedine Lakhlifi"},{"@type":"BreadcrumbList","@id":"https:\/\/www.istegroup.com\/fr\/produit\/spectroscopie-infrarouge-de-toupies-symetriques-et-spheriques-pour-lobservation-spatiale-1\/#breadcrumb","itemListElement":[{"@type":"ListItem","position":1,"name":"Home","item":"https:\/\/www.istegroup.com\/"},{"@type":"ListItem","position":2,"name":"Shop","item":"https:\/\/www.istegroup.com\/fr\/nouveautes\/"},{"@type":"ListItem","position":3,"name":"Spectroscopie infrarouge de toupies sym\u00e9triques et sph\u00e9riques pour l\u2019observation spatiale 1"}]},{"@type":"WebSite","@id":"https:\/\/www.istegroup.com\/#website","url":"https:\/\/www.istegroup.com\/","name":"ISTE Group","description":"\u00c9diteur des Sciences","potentialAction":[{"@type":"SearchAction","target":{"@type":"EntryPoint","urlTemplate":"https:\/\/www.istegroup.com\/?s={search_term_string}"},"query-input":{"@type":"PropertyValueSpecification","valueRequired":true,"valueName":"search_term_string"}}],"inLanguage":"fr-FR"}]}},"_links":{"self":[{"href":"https:\/\/www.istegroup.com\/fr\/wp-json\/wp\/v2\/product\/37282","targetHints":{"allow":["GET"]}}],"collection":[{"href":"https:\/\/www.istegroup.com\/fr\/wp-json\/wp\/v2\/product"}],"about":[{"href":"https:\/\/www.istegroup.com\/fr\/wp-json\/wp\/v2\/types\/product"}],"wp:featuredmedia":[{"embeddable":true,"href":"https:\/\/www.istegroup.com\/fr\/wp-json\/wp\/v2\/media\/37289"}],"wp:attachment":[{"href":"https:\/\/www.istegroup.com\/fr\/wp-json\/wp\/v2\/media?parent=37282"}],"wp:term":[{"taxonomy":"product_brand","embeddable":true,"href":"https:\/\/www.istegroup.com\/fr\/wp-json\/wp\/v2\/product_brand?post=37282"},{"taxonomy":"product_cat","embeddable":true,"href":"https:\/\/www.istegroup.com\/fr\/wp-json\/wp\/v2\/product_cat?post=37282"},{"taxonomy":"product_tag","embeddable":true,"href":"https:\/\/www.istegroup.com\/fr\/wp-json\/wp\/v2\/product_tag?post=37282"}],"curies":[{"name":"wp","href":"https:\/\/api.w.org\/{rel}","templated":true}]}}