{"id":37262,"date":"2021-02-28T16:01:53","date_gmt":"2021-02-28T16:01:53","guid":{"rendered":"https:\/\/www.istegroup.com\/?post_type=product&#038;p=37262"},"modified":"2024-01-03T13:43:58","modified_gmt":"2024-01-03T13:43:58","slug":"management-des-connaissances-dans-les-entreprises-innovantes-1","status":"publish","type":"product","link":"https:\/\/www.istegroup.com\/fr\/produit\/management-des-connaissances-dans-les-entreprises-innovantes-1\/","title":{"rendered":"Management des connaissances dans les entreprises innovantes 1"},"content":{"rendered":"<p>La gestion des connaissances (<em>knowledge management<\/em>, KM) est d\u00e9sormais un domaine acad\u00e9mique et \u00e9conomique qui s\u2019est progressivement impos\u00e9 dans les entreprises et les organisations.<\/p>\n<p>Afin d\u2019illustrer la gestion des connaissances par des exemples concrets, <em>Management des connaissances dans les entreprises innovantes<\/em> pr\u00e9sente des \u00e9tudes de cas r\u00e9els, suivant un canevas structur\u00e9 par les quatre \u00e9tapes du cercle vertueux des connaissances.<\/p>\n<p>Ce volume offre d\u2019abord une introduction \u00e0 l\u2019approche conceptuelle d\u2019un plan global KM visant \u00e0 identifier, structurer et valoriser le patrimoine des connaissances de l\u2019entreprise. Il examine ensuite des \u00e9tudes de cas relatives aux deux premi\u00e8res \u00e9tapes de l\u2019approche op\u00e9rationnelle de la gestion des connaissances, \u00e0 savoir l\u2019analyse strat\u00e9gique du patrimoine des connaissances et la capitalisation des connaissances d\u2019une organisation.<\/p>","protected":false},"excerpt":{"rendered":"<p>La gestion des connaissances (knowledge management, KM) est d\u00e9sormais un domaine acad\u00e9mique et \u00e9conomique qui s\u2019est progressivement impos\u00e9 dans les entreprises et les organisations. Afin d\u2019illustrer la gestion des connaissances par des exemples concrets, Management des connaissances dans les entreprises innovantes pr\u00e9sente des \u00e9tudes de cas r\u00e9els, suivant un canevas structur\u00e9 par les quatre \u00e9tapes [&hellip;]<\/p>\n","protected":false},"featured_media":37268,"template":"","meta":{"_acf_changed":false,"_links_to":"","_links_to_target":""},"product_brand":[],"product_cat":[3262],"product_tag":[],"class_list":{"0":"post-37262","1":"product","2":"type-product","3":"status-publish","4":"has-post-thumbnail","6":"product_cat-non-classe","8":"first","9":"instock","10":"shipping-taxable","11":"purchasable","12":"product-type-variable"},"acf":[],"yoast_head":"<!-- This site is optimized with the Yoast SEO plugin v27.2 - https:\/\/yoast.com\/product\/yoast-seo-wordpress\/ -->\n<title>Management des connaissances dans les entreprises innovantes 1 - ISTE Group<\/title>\n<meta name=\"description\" content=\"Management des connaissances dans les entreprises innovantes 1 offre d\u2019abord une introduction \u00e0 l\u2019approche conceptuelle d\u2019un plan global KM visant \u00e0 identifier, structurer et valoriser le patrimoine des connaissances de l\u2019entreprise.\" \/>\n<meta name=\"robots\" content=\"index, follow, max-snippet:-1, max-image-preview:large, max-video-preview:-1\" \/>\n<link rel=\"canonical\" href=\"https:\/\/www.istegroup.com\/fr\/produit\/management-des-connaissances-dans-les-entreprises-innovantes-1\/\" \/>\n<meta property=\"og:locale\" content=\"fr_FR\" \/>\n<meta property=\"og:type\" content=\"article\" \/>\n<meta property=\"og:title\" content=\"[:fr]Management des connaissances dans les entreprises innovantes 1[:en]Management des connaissances dans les entreprises innovantes 1[:] - ISTE Group\" \/>\n<meta property=\"og:description\" content=\"Management des connaissances dans les entreprises innovantes 1 offre d\u2019abord une introduction \u00e0 l\u2019approche conceptuelle d\u2019un plan global KM visant \u00e0 identifier, structurer et valoriser le patrimoine des connaissances de l\u2019entreprise.\" \/>\n<meta property=\"og:url\" content=\"https:\/\/www.istegroup.com\/fr\/produit\/management-des-connaissances-dans-les-entreprises-innovantes-1\/\" \/>\n<meta property=\"og:site_name\" content=\"ISTE Group\" \/>\n<meta property=\"article:modified_time\" content=\"2024-01-03T13:43:58+00:00\" \/>\n<meta property=\"og:image\" content=\"https:\/\/www.istegroup.com\/wp-content\/uploads\/2020\/11\/Management-des-connaissances-dans-les-entreprises-innovantes-1.jpg\" \/>\n\t<meta property=\"og:image:width\" content=\"300\" \/>\n\t<meta property=\"og:image:height\" content=\"452\" \/>\n\t<meta property=\"og:image:type\" content=\"image\/jpeg\" \/>\n<meta name=\"twitter:card\" content=\"summary_large_image\" \/>\n<meta name=\"twitter:label1\" content=\"Est. reading time\" \/>\n\t<meta name=\"twitter:data1\" content=\"1 minute\" \/>\n<script type=\"application\/ld+json\" class=\"yoast-schema-graph\">{\"@context\":\"https:\/\/schema.org\",\"@graph\":[{\"@type\":\"WebPage\",\"@id\":\"https:\/\/www.istegroup.com\/fr\/produit\/management-des-connaissances-dans-les-entreprises-innovantes-1\/\",\"url\":\"https:\/\/www.istegroup.com\/fr\/produit\/management-des-connaissances-dans-les-entreprises-innovantes-1\/\",\"name\":\"[:fr]Management des connaissances dans les entreprises innovantes 1[:en]Management des connaissances dans les entreprises innovantes 1[:] - ISTE Group\",\"isPartOf\":{\"@id\":\"https:\/\/www.istegroup.com\/#website\"},\"primaryImageOfPage\":{\"@id\":\"https:\/\/www.istegroup.com\/fr\/produit\/management-des-connaissances-dans-les-entreprises-innovantes-1\/#primaryimage\"},\"image\":{\"@id\":\"https:\/\/www.istegroup.com\/fr\/produit\/management-des-connaissances-dans-les-entreprises-innovantes-1\/#primaryimage\"},\"thumbnailUrl\":\"https:\/\/www.istegroup.com\/wp-content\/uploads\/2020\/11\/Management-des-connaissances-dans-les-entreprises-innovantes-1.jpg\",\"datePublished\":\"2021-02-28T16:01:53+00:00\",\"dateModified\":\"2024-01-03T13:43:58+00:00\",\"description\":\"Management des connaissances dans les entreprises innovantes 1 offre d\u2019abord une introduction \u00e0 l\u2019approche conceptuelle d\u2019un plan global KM visant \u00e0 identifier, structurer et valoriser le patrimoine des connaissances de l\u2019entreprise.\",\"breadcrumb\":{\"@id\":\"https:\/\/www.istegroup.com\/fr\/produit\/management-des-connaissances-dans-les-entreprises-innovantes-1\/#breadcrumb\"},\"inLanguage\":\"fr-FR\",\"potentialAction\":[{\"@type\":\"ReadAction\",\"target\":[\"https:\/\/www.istegroup.com\/fr\/produit\/management-des-connaissances-dans-les-entreprises-innovantes-1\/\"]}]},{\"@type\":\"ImageObject\",\"inLanguage\":\"fr-FR\",\"@id\":\"https:\/\/www.istegroup.com\/fr\/produit\/management-des-connaissances-dans-les-entreprises-innovantes-1\/#primaryimage\",\"url\":\"https:\/\/www.istegroup.com\/wp-content\/uploads\/2020\/11\/Management-des-connaissances-dans-les-entreprises-innovantes-1.jpg\",\"contentUrl\":\"https:\/\/www.istegroup.com\/wp-content\/uploads\/2020\/11\/Management-des-connaissances-dans-les-entreprises-innovantes-1.jpg\",\"width\":300,\"height\":452,\"caption\":\"Livre scientifique - Management des connaissances dans les entreprises innovantes 1 - Pierre Saulais et Jean-Louis Ermine\"},{\"@type\":\"BreadcrumbList\",\"@id\":\"https:\/\/www.istegroup.com\/fr\/produit\/management-des-connaissances-dans-les-entreprises-innovantes-1\/#breadcrumb\",\"itemListElement\":[{\"@type\":\"ListItem\",\"position\":1,\"name\":\"Home\",\"item\":\"https:\/\/www.istegroup.com\/\"},{\"@type\":\"ListItem\",\"position\":2,\"name\":\"Shop\",\"item\":\"https:\/\/www.istegroup.com\/fr\/nouveautes\/\"},{\"@type\":\"ListItem\",\"position\":3,\"name\":\"Management des connaissances dans les entreprises innovantes 1\"}]},{\"@type\":\"WebSite\",\"@id\":\"https:\/\/www.istegroup.com\/#website\",\"url\":\"https:\/\/www.istegroup.com\/\",\"name\":\"ISTE Group\",\"description\":\"\u00c9diteur des Sciences\",\"potentialAction\":[{\"@type\":\"SearchAction\",\"target\":{\"@type\":\"EntryPoint\",\"urlTemplate\":\"https:\/\/www.istegroup.com\/?s={search_term_string}\"},\"query-input\":{\"@type\":\"PropertyValueSpecification\",\"valueRequired\":true,\"valueName\":\"search_term_string\"}}],\"inLanguage\":\"fr-FR\"}]}<\/script>\n<!-- \/ Yoast SEO plugin. -->","yoast_head_json":{"title":"[:fr]Management des connaissances dans les entreprises innovantes 1[:en]Management des connaissances dans les entreprises innovantes 1[:] - ISTE Group","description":"Management des connaissances dans les entreprises innovantes 1 offre d\u2019abord une introduction \u00e0 l\u2019approche conceptuelle d\u2019un plan global KM visant \u00e0 identifier, structurer et valoriser le patrimoine des connaissances de l\u2019entreprise.","robots":{"index":"index","follow":"follow","max-snippet":"max-snippet:-1","max-image-preview":"max-image-preview:large","max-video-preview":"max-video-preview:-1"},"canonical":"https:\/\/www.istegroup.com\/fr\/produit\/management-des-connaissances-dans-les-entreprises-innovantes-1\/","og_locale":"fr_FR","og_type":"article","og_title":"[:fr]Management des connaissances dans les entreprises innovantes 1[:en]Management des connaissances dans les entreprises innovantes 1[:] - ISTE Group","og_description":"Management des connaissances dans les entreprises innovantes 1 offre d\u2019abord une introduction \u00e0 l\u2019approche conceptuelle d\u2019un plan global KM visant \u00e0 identifier, structurer et valoriser le patrimoine des connaissances de l\u2019entreprise.","og_url":"https:\/\/www.istegroup.com\/fr\/produit\/management-des-connaissances-dans-les-entreprises-innovantes-1\/","og_site_name":"ISTE Group","article_modified_time":"2024-01-03T13:43:58+00:00","og_image":[{"width":300,"height":452,"url":"https:\/\/www.istegroup.com\/wp-content\/uploads\/2020\/11\/Management-des-connaissances-dans-les-entreprises-innovantes-1.jpg","type":"image\/jpeg"}],"twitter_card":"summary_large_image","twitter_misc":{"Est. reading time":"1 minute"},"schema":{"@context":"https:\/\/schema.org","@graph":[{"@type":"WebPage","@id":"https:\/\/www.istegroup.com\/fr\/produit\/management-des-connaissances-dans-les-entreprises-innovantes-1\/","url":"https:\/\/www.istegroup.com\/fr\/produit\/management-des-connaissances-dans-les-entreprises-innovantes-1\/","name":"[:fr]Management des connaissances dans les entreprises innovantes 1[:en]Management des connaissances dans les entreprises innovantes 1[:] - ISTE Group","isPartOf":{"@id":"https:\/\/www.istegroup.com\/#website"},"primaryImageOfPage":{"@id":"https:\/\/www.istegroup.com\/fr\/produit\/management-des-connaissances-dans-les-entreprises-innovantes-1\/#primaryimage"},"image":{"@id":"https:\/\/www.istegroup.com\/fr\/produit\/management-des-connaissances-dans-les-entreprises-innovantes-1\/#primaryimage"},"thumbnailUrl":"https:\/\/www.istegroup.com\/wp-content\/uploads\/2020\/11\/Management-des-connaissances-dans-les-entreprises-innovantes-1.jpg","datePublished":"2021-02-28T16:01:53+00:00","dateModified":"2024-01-03T13:43:58+00:00","description":"Management des connaissances dans les entreprises innovantes 1 offre d\u2019abord une introduction \u00e0 l\u2019approche conceptuelle d\u2019un plan global KM visant \u00e0 identifier, structurer et valoriser le patrimoine des connaissances de l\u2019entreprise.","breadcrumb":{"@id":"https:\/\/www.istegroup.com\/fr\/produit\/management-des-connaissances-dans-les-entreprises-innovantes-1\/#breadcrumb"},"inLanguage":"fr-FR","potentialAction":[{"@type":"ReadAction","target":["https:\/\/www.istegroup.com\/fr\/produit\/management-des-connaissances-dans-les-entreprises-innovantes-1\/"]}]},{"@type":"ImageObject","inLanguage":"fr-FR","@id":"https:\/\/www.istegroup.com\/fr\/produit\/management-des-connaissances-dans-les-entreprises-innovantes-1\/#primaryimage","url":"https:\/\/www.istegroup.com\/wp-content\/uploads\/2020\/11\/Management-des-connaissances-dans-les-entreprises-innovantes-1.jpg","contentUrl":"https:\/\/www.istegroup.com\/wp-content\/uploads\/2020\/11\/Management-des-connaissances-dans-les-entreprises-innovantes-1.jpg","width":300,"height":452,"caption":"Livre scientifique - Management des connaissances dans les entreprises innovantes 1 - Pierre Saulais et Jean-Louis Ermine"},{"@type":"BreadcrumbList","@id":"https:\/\/www.istegroup.com\/fr\/produit\/management-des-connaissances-dans-les-entreprises-innovantes-1\/#breadcrumb","itemListElement":[{"@type":"ListItem","position":1,"name":"Home","item":"https:\/\/www.istegroup.com\/"},{"@type":"ListItem","position":2,"name":"Shop","item":"https:\/\/www.istegroup.com\/fr\/nouveautes\/"},{"@type":"ListItem","position":3,"name":"Management des connaissances dans les entreprises innovantes 1"}]},{"@type":"WebSite","@id":"https:\/\/www.istegroup.com\/#website","url":"https:\/\/www.istegroup.com\/","name":"ISTE Group","description":"\u00c9diteur des Sciences","potentialAction":[{"@type":"SearchAction","target":{"@type":"EntryPoint","urlTemplate":"https:\/\/www.istegroup.com\/?s={search_term_string}"},"query-input":{"@type":"PropertyValueSpecification","valueRequired":true,"valueName":"search_term_string"}}],"inLanguage":"fr-FR"}]}},"_links":{"self":[{"href":"https:\/\/www.istegroup.com\/fr\/wp-json\/wp\/v2\/product\/37262","targetHints":{"allow":["GET"]}}],"collection":[{"href":"https:\/\/www.istegroup.com\/fr\/wp-json\/wp\/v2\/product"}],"about":[{"href":"https:\/\/www.istegroup.com\/fr\/wp-json\/wp\/v2\/types\/product"}],"wp:featuredmedia":[{"embeddable":true,"href":"https:\/\/www.istegroup.com\/fr\/wp-json\/wp\/v2\/media\/37268"}],"wp:attachment":[{"href":"https:\/\/www.istegroup.com\/fr\/wp-json\/wp\/v2\/media?parent=37262"}],"wp:term":[{"taxonomy":"product_brand","embeddable":true,"href":"https:\/\/www.istegroup.com\/fr\/wp-json\/wp\/v2\/product_brand?post=37262"},{"taxonomy":"product_cat","embeddable":true,"href":"https:\/\/www.istegroup.com\/fr\/wp-json\/wp\/v2\/product_cat?post=37262"},{"taxonomy":"product_tag","embeddable":true,"href":"https:\/\/www.istegroup.com\/fr\/wp-json\/wp\/v2\/product_tag?post=37262"}],"curies":[{"name":"wp","href":"https:\/\/api.w.org\/{rel}","templated":true}]}}