{"id":37256,"date":"2021-02-28T15:46:19","date_gmt":"2021-02-28T15:46:19","guid":{"rendered":"https:\/\/www.istegroup.com\/?post_type=product&#038;p=37256"},"modified":"2024-04-29T10:18:52","modified_gmt":"2024-04-29T09:18:52","slug":"systeme-productif-soutenable","status":"publish","type":"product","link":"https:\/\/www.istegroup.com\/fr\/produit\/systeme-productif-soutenable\/","title":{"rendered":"Syst\u00e8me productif soutenable"},"content":{"rendered":"<p>La richesse n\u2019est plus seulement une capacit\u00e9 \u00e0 bien vivre dans un monde sculpt\u00e9 par les activit\u00e9s humaines, c\u2019est aussi une capacit\u00e9 \u00e0 repousser ou diff\u00e9rer les limites d\u2019un monde en fermeture biologique et climatique.<\/p>\n<p>Cet ouvrage examine certains conflits th\u00e9oriques et jeux de pouvoirs qui opposent les unes aux autres les pratiques sociopolitiques et technico-financi\u00e8res de reconnaissance de ce qui intervient dans la production de cette richesse, c\u2019est-\u00e0-dire de ce qui a de la valeur. Il pose les principes d\u2019une mod\u00e9lisation contributive permettant de d\u00e9battre du concept de d\u00e9veloppement, de construire des sc\u00e9narios, de n\u00e9gocier leur mise en oeuvre et de disposer d\u2019une lecture transsectorielle de leurs co\u00fbts sociaux, \u00e9cologiques et \u00e9conomiques. Cette \u00ab mod\u00e9lisation dynamique des syst\u00e8mes de co\u00fbts \u00bb s\u2019appuie sur un dispositif de communication territoriale qui articule des innovations politiques, contractuelles et comptables \u00e0 l\u2019aide d\u2019outils num\u00e9riques d\u00e9lib\u00e9ratifs et normatifs. Elle conjugue diff\u00e9rentes repr\u00e9sentations locales de la valeur afin d\u2019aborder la richesse par l\u2019analyse int\u00e9gr\u00e9e d\u2019enjeux micro, m\u00e9so et macro.<\/p>","protected":false},"excerpt":{"rendered":"<p>La richesse n\u2019est plus seulement une capacit\u00e9 \u00e0 bien vivre dans un monde sculpt\u00e9 par les activit\u00e9s humaines, c\u2019est aussi une capacit\u00e9 \u00e0 repousser ou diff\u00e9rer les limites d\u2019un monde en fermeture biologique et climatique. Cet ouvrage examine certains conflits th\u00e9oriques et jeux de pouvoirs qui opposent les unes aux autres les pratiques sociopolitiques et [&hellip;]<\/p>\n","protected":false},"featured_media":56535,"template":"","meta":{"_acf_changed":false,"_links_to":"","_links_to_target":""},"product_brand":[],"product_cat":[3262],"product_tag":[],"class_list":{"0":"post-37256","1":"product","2":"type-product","3":"status-publish","4":"has-post-thumbnail","6":"product_cat-non-classe","8":"first","9":"instock","10":"shipping-taxable","11":"purchasable","12":"product-type-variable"},"acf":[],"yoast_head":"<!-- This site is optimized with the Yoast SEO plugin v27.2 - https:\/\/yoast.com\/product\/yoast-seo-wordpress\/ -->\n<title>Syst\u00e8me productif soutenable - ISTE Group<\/title>\n<meta name=\"description\" content=\"Syst\u00e8me productif soutenable examine certains conflits th\u00e9oriques et jeux de pouvoirs qui opposent les unes aux autres les pratiques sociopolitiques et technico-financi\u00e8res de reconnaissance de ce qui intervient dans la production de cette richesse, c\u2019est-\u00e0-dire de ce qui a de la valeur.\" \/>\n<meta name=\"robots\" content=\"index, follow, max-snippet:-1, max-image-preview:large, max-video-preview:-1\" \/>\n<link rel=\"canonical\" href=\"https:\/\/www.istegroup.com\/en\/produit\/systeme-productif-soutenable\/\" \/>\n<meta property=\"og:locale\" content=\"fr_FR\" \/>\n<meta property=\"og:type\" content=\"article\" \/>\n<meta property=\"og:title\" content=\"Syst\u00e8me productif soutenable - ISTE Group\" \/>\n<meta property=\"og:description\" content=\"Syst\u00e8me productif soutenable examine certains conflits th\u00e9oriques et jeux de pouvoirs qui opposent les unes aux autres les pratiques sociopolitiques et technico-financi\u00e8res de reconnaissance de ce qui intervient dans la production de cette richesse, c\u2019est-\u00e0-dire de ce qui a de la valeur.\" \/>\n<meta property=\"og:url\" content=\"https:\/\/www.istegroup.com\/en\/produit\/systeme-productif-soutenable\/\" \/>\n<meta property=\"og:site_name\" content=\"ISTE Group\" \/>\n<meta property=\"article:modified_time\" content=\"2024-04-29T09:18:52+00:00\" \/>\n<meta property=\"og:image\" content=\"https:\/\/www.istegroup.com\/wp-content\/uploads\/2021\/02\/Systeme-productif-soutenable_prix_RRI.jpg\" \/>\n\t<meta property=\"og:image:width\" content=\"300\" \/>\n\t<meta property=\"og:image:height\" content=\"451\" \/>\n\t<meta property=\"og:image:type\" content=\"image\/jpeg\" \/>\n<meta name=\"twitter:card\" content=\"summary_large_image\" \/>\n<meta name=\"twitter:label1\" content=\"Est. reading time\" \/>\n\t<meta name=\"twitter:data1\" content=\"1 minute\" \/>\n<script type=\"application\/ld+json\" class=\"yoast-schema-graph\">{\"@context\":\"https:\/\/schema.org\",\"@graph\":[{\"@type\":\"WebPage\",\"@id\":\"https:\/\/www.istegroup.com\/en\/produit\/systeme-productif-soutenable\/\",\"url\":\"https:\/\/www.istegroup.com\/en\/produit\/systeme-productif-soutenable\/\",\"name\":\"Syst\u00e8me productif soutenable - ISTE Group\",\"isPartOf\":{\"@id\":\"https:\/\/www.istegroup.com\/#website\"},\"primaryImageOfPage\":{\"@id\":\"https:\/\/www.istegroup.com\/en\/produit\/systeme-productif-soutenable\/#primaryimage\"},\"image\":{\"@id\":\"https:\/\/www.istegroup.com\/en\/produit\/systeme-productif-soutenable\/#primaryimage\"},\"thumbnailUrl\":\"https:\/\/www.istegroup.com\/wp-content\/uploads\/2021\/02\/Systeme-productif-soutenable_prix_RRI.jpg\",\"datePublished\":\"2021-02-28T15:46:19+00:00\",\"dateModified\":\"2024-04-29T09:18:52+00:00\",\"description\":\"Syst\u00e8me productif soutenable examine certains conflits th\u00e9oriques et jeux de pouvoirs qui opposent les unes aux autres les pratiques sociopolitiques et technico-financi\u00e8res de reconnaissance de ce qui intervient dans la production de cette richesse, c\u2019est-\u00e0-dire de ce qui a de la valeur.\",\"breadcrumb\":{\"@id\":\"https:\/\/www.istegroup.com\/en\/produit\/systeme-productif-soutenable\/#breadcrumb\"},\"inLanguage\":\"fr-FR\",\"potentialAction\":[{\"@type\":\"ReadAction\",\"target\":[\"https:\/\/www.istegroup.com\/en\/produit\/systeme-productif-soutenable\/\"]}]},{\"@type\":\"ImageObject\",\"inLanguage\":\"fr-FR\",\"@id\":\"https:\/\/www.istegroup.com\/en\/produit\/systeme-productif-soutenable\/#primaryimage\",\"url\":\"https:\/\/www.istegroup.com\/wp-content\/uploads\/2021\/02\/Systeme-productif-soutenable_prix_RRI.jpg\",\"contentUrl\":\"https:\/\/www.istegroup.com\/wp-content\/uploads\/2021\/02\/Systeme-productif-soutenable_prix_RRI.jpg\",\"width\":300,\"height\":451,\"caption\":\"Livre scientifique - Syst\u00e8me productif soutenable - Prix RRI\"},{\"@type\":\"BreadcrumbList\",\"@id\":\"https:\/\/www.istegroup.com\/en\/produit\/systeme-productif-soutenable\/#breadcrumb\",\"itemListElement\":[{\"@type\":\"ListItem\",\"position\":1,\"name\":\"Home\",\"item\":\"https:\/\/www.istegroup.com\/\"},{\"@type\":\"ListItem\",\"position\":2,\"name\":\"Shop\",\"item\":\"https:\/\/www.istegroup.com\/fr\/nouveautes\/\"},{\"@type\":\"ListItem\",\"position\":3,\"name\":\"Syst\u00e8me productif soutenable\"}]},{\"@type\":\"WebSite\",\"@id\":\"https:\/\/www.istegroup.com\/#website\",\"url\":\"https:\/\/www.istegroup.com\/\",\"name\":\"ISTE Group\",\"description\":\"\u00c9diteur des Sciences\",\"potentialAction\":[{\"@type\":\"SearchAction\",\"target\":{\"@type\":\"EntryPoint\",\"urlTemplate\":\"https:\/\/www.istegroup.com\/?s={search_term_string}\"},\"query-input\":{\"@type\":\"PropertyValueSpecification\",\"valueRequired\":true,\"valueName\":\"search_term_string\"}}],\"inLanguage\":\"fr-FR\"}]}<\/script>\n<!-- \/ Yoast SEO plugin. -->","yoast_head_json":{"title":"Syst\u00e8me productif soutenable - ISTE Group","description":"Syst\u00e8me productif soutenable examine certains conflits th\u00e9oriques et jeux de pouvoirs qui opposent les unes aux autres les pratiques sociopolitiques et technico-financi\u00e8res de reconnaissance de ce qui intervient dans la production de cette richesse, c\u2019est-\u00e0-dire de ce qui a de la valeur.","robots":{"index":"index","follow":"follow","max-snippet":"max-snippet:-1","max-image-preview":"max-image-preview:large","max-video-preview":"max-video-preview:-1"},"canonical":"https:\/\/www.istegroup.com\/en\/produit\/systeme-productif-soutenable\/","og_locale":"fr_FR","og_type":"article","og_title":"Syst\u00e8me productif soutenable - ISTE Group","og_description":"Syst\u00e8me productif soutenable examine certains conflits th\u00e9oriques et jeux de pouvoirs qui opposent les unes aux autres les pratiques sociopolitiques et technico-financi\u00e8res de reconnaissance de ce qui intervient dans la production de cette richesse, c\u2019est-\u00e0-dire de ce qui a de la valeur.","og_url":"https:\/\/www.istegroup.com\/en\/produit\/systeme-productif-soutenable\/","og_site_name":"ISTE Group","article_modified_time":"2024-04-29T09:18:52+00:00","og_image":[{"width":300,"height":451,"url":"https:\/\/www.istegroup.com\/wp-content\/uploads\/2021\/02\/Systeme-productif-soutenable_prix_RRI.jpg","type":"image\/jpeg"}],"twitter_card":"summary_large_image","twitter_misc":{"Est. reading time":"1 minute"},"schema":{"@context":"https:\/\/schema.org","@graph":[{"@type":"WebPage","@id":"https:\/\/www.istegroup.com\/en\/produit\/systeme-productif-soutenable\/","url":"https:\/\/www.istegroup.com\/en\/produit\/systeme-productif-soutenable\/","name":"Syst\u00e8me productif soutenable - ISTE Group","isPartOf":{"@id":"https:\/\/www.istegroup.com\/#website"},"primaryImageOfPage":{"@id":"https:\/\/www.istegroup.com\/en\/produit\/systeme-productif-soutenable\/#primaryimage"},"image":{"@id":"https:\/\/www.istegroup.com\/en\/produit\/systeme-productif-soutenable\/#primaryimage"},"thumbnailUrl":"https:\/\/www.istegroup.com\/wp-content\/uploads\/2021\/02\/Systeme-productif-soutenable_prix_RRI.jpg","datePublished":"2021-02-28T15:46:19+00:00","dateModified":"2024-04-29T09:18:52+00:00","description":"Syst\u00e8me productif soutenable examine certains conflits th\u00e9oriques et jeux de pouvoirs qui opposent les unes aux autres les pratiques sociopolitiques et technico-financi\u00e8res de reconnaissance de ce qui intervient dans la production de cette richesse, c\u2019est-\u00e0-dire de ce qui a de la valeur.","breadcrumb":{"@id":"https:\/\/www.istegroup.com\/en\/produit\/systeme-productif-soutenable\/#breadcrumb"},"inLanguage":"fr-FR","potentialAction":[{"@type":"ReadAction","target":["https:\/\/www.istegroup.com\/en\/produit\/systeme-productif-soutenable\/"]}]},{"@type":"ImageObject","inLanguage":"fr-FR","@id":"https:\/\/www.istegroup.com\/en\/produit\/systeme-productif-soutenable\/#primaryimage","url":"https:\/\/www.istegroup.com\/wp-content\/uploads\/2021\/02\/Systeme-productif-soutenable_prix_RRI.jpg","contentUrl":"https:\/\/www.istegroup.com\/wp-content\/uploads\/2021\/02\/Systeme-productif-soutenable_prix_RRI.jpg","width":300,"height":451,"caption":"Livre scientifique - Syst\u00e8me productif soutenable - Prix RRI"},{"@type":"BreadcrumbList","@id":"https:\/\/www.istegroup.com\/en\/produit\/systeme-productif-soutenable\/#breadcrumb","itemListElement":[{"@type":"ListItem","position":1,"name":"Home","item":"https:\/\/www.istegroup.com\/"},{"@type":"ListItem","position":2,"name":"Shop","item":"https:\/\/www.istegroup.com\/fr\/nouveautes\/"},{"@type":"ListItem","position":3,"name":"Syst\u00e8me productif soutenable"}]},{"@type":"WebSite","@id":"https:\/\/www.istegroup.com\/#website","url":"https:\/\/www.istegroup.com\/","name":"ISTE Group","description":"\u00c9diteur des Sciences","potentialAction":[{"@type":"SearchAction","target":{"@type":"EntryPoint","urlTemplate":"https:\/\/www.istegroup.com\/?s={search_term_string}"},"query-input":{"@type":"PropertyValueSpecification","valueRequired":true,"valueName":"search_term_string"}}],"inLanguage":"fr-FR"}]}},"_links":{"self":[{"href":"https:\/\/www.istegroup.com\/fr\/wp-json\/wp\/v2\/product\/37256","targetHints":{"allow":["GET"]}}],"collection":[{"href":"https:\/\/www.istegroup.com\/fr\/wp-json\/wp\/v2\/product"}],"about":[{"href":"https:\/\/www.istegroup.com\/fr\/wp-json\/wp\/v2\/types\/product"}],"wp:featuredmedia":[{"embeddable":true,"href":"https:\/\/www.istegroup.com\/fr\/wp-json\/wp\/v2\/media\/56535"}],"wp:attachment":[{"href":"https:\/\/www.istegroup.com\/fr\/wp-json\/wp\/v2\/media?parent=37256"}],"wp:term":[{"taxonomy":"product_brand","embeddable":true,"href":"https:\/\/www.istegroup.com\/fr\/wp-json\/wp\/v2\/product_brand?post=37256"},{"taxonomy":"product_cat","embeddable":true,"href":"https:\/\/www.istegroup.com\/fr\/wp-json\/wp\/v2\/product_cat?post=37256"},{"taxonomy":"product_tag","embeddable":true,"href":"https:\/\/www.istegroup.com\/fr\/wp-json\/wp\/v2\/product_tag?post=37256"}],"curies":[{"name":"wp","href":"https:\/\/api.w.org\/{rel}","templated":true}]}}