{"id":37250,"date":"2021-02-28T15:34:57","date_gmt":"2021-02-28T15:34:57","guid":{"rendered":"https:\/\/www.istegroup.com\/?post_type=product&#038;p=37250"},"modified":"2024-01-03T13:43:58","modified_gmt":"2024-01-03T13:43:58","slug":"les-strategies-de-transformation-des-bibliotheques","status":"publish","type":"product","link":"https:\/\/www.istegroup.com\/fr\/produit\/les-strategies-de-transformation-des-bibliotheques\/","title":{"rendered":"Les strat\u00e9gies de transformation des biblioth\u00e8ques"},"content":{"rendered":"<p>Les biblioth\u00e8ques, dans un objectif constant d\u2019adaptation, adoptent diff\u00e9rentes strat\u00e9gies de transformation. Ces strat\u00e9gies montrent un souhait \u00e9vident d\u2019\u00eatre en ad\u00e9quation avec l\u2019air du temps, tout en gardant les principes de base qui soutiennent leur action au quotidien et qui font qu\u2019elles existent toujours.<\/p>\n<p>V\u00e9ritable synth\u00e8se et aide pour les biblioth\u00e9caires et professionnels de l\u2019information, cet ouvrage d\u00e9veloppe quatre grandes strat\u00e9gies. La premi\u00e8re met en avant la compr\u00e9hension de l\u2019environnement et de la soci\u00e9t\u00e9, avec les changements organisationnels qui touchent les institutions culturelles (publiques ou priv\u00e9es), et l\u2019\u00e9mergence du \u00ab lieu biblioth\u00e8que \u00bb. La seconde montre combien les m\u00e9thodes de management \u00e9voluent en leur sein (d\u00e9marche participative, bienveillance, empathie) avec un accent sur la gestion par projet. La troisi\u00e8me strat\u00e9gie s\u2019int\u00e9resse \u00e0 l\u2019int\u00e9gration de nouveaux outils documentaires pour mieux toucher les publics. Enfin, la quatri\u00e8me d\u00e9veloppe un aspect essentiel et indispensable qu\u2019est le marketing des biblioth\u00e8ques.<\/p>","protected":false},"excerpt":{"rendered":"<p>Les biblioth\u00e8ques, dans un objectif constant d\u2019adaptation, adoptent diff\u00e9rentes strat\u00e9gies de transformation. Ces strat\u00e9gies montrent un souhait \u00e9vident d\u2019\u00eatre en ad\u00e9quation avec l\u2019air du temps, tout en gardant les principes de base qui soutiennent leur action au quotidien et qui font qu\u2019elles existent toujours. V\u00e9ritable synth\u00e8se et aide pour les biblioth\u00e9caires et professionnels de l\u2019information, [&hellip;]<\/p>\n","protected":false},"featured_media":37255,"template":"","meta":{"_acf_changed":false,"_links_to":"","_links_to_target":""},"product_brand":[],"product_cat":[3262],"product_tag":[],"class_list":{"0":"post-37250","1":"product","2":"type-product","3":"status-publish","4":"has-post-thumbnail","6":"product_cat-non-classe","8":"first","9":"instock","10":"shipping-taxable","11":"purchasable","12":"product-type-variable"},"acf":[],"yoast_head":"<!-- This site is optimized with the Yoast SEO plugin v27.2 - https:\/\/yoast.com\/product\/yoast-seo-wordpress\/ -->\n<title>Les strat\u00e9gies de transformation des biblioth\u00e8ques - ISTE Group<\/title>\n<meta name=\"description\" content=\"Les biblioth\u00e8ques, dans un objectif constant d\u2019adaptation, adoptent diff\u00e9rentes strat\u00e9gies de transformation. Ces strat\u00e9gies montrent un souhait \u00e9vident d\u2019\u00eatre en ad\u00e9quation avec l\u2019air du temps, tout en gardant les principes de base qui soutiennent leur action au quotidien et qui font qu\u2019elles existent toujours.\" \/>\n<meta name=\"robots\" content=\"index, follow, max-snippet:-1, max-image-preview:large, max-video-preview:-1\" \/>\n<link rel=\"canonical\" href=\"https:\/\/www.istegroup.com\/fr\/produit\/les-strategies-de-transformation-des-bibliotheques\/\" \/>\n<meta property=\"og:locale\" content=\"fr_FR\" \/>\n<meta property=\"og:type\" content=\"article\" \/>\n<meta property=\"og:title\" content=\"Les strat\u00e9gies de transformation des biblioth\u00e8ques - ISTE Group\" \/>\n<meta property=\"og:description\" content=\"Les biblioth\u00e8ques, dans un objectif constant d\u2019adaptation, adoptent diff\u00e9rentes strat\u00e9gies de transformation. Ces strat\u00e9gies montrent un souhait \u00e9vident d\u2019\u00eatre en ad\u00e9quation avec l\u2019air du temps, tout en gardant les principes de base qui soutiennent leur action au quotidien et qui font qu\u2019elles existent toujours.\" \/>\n<meta property=\"og:url\" content=\"https:\/\/www.istegroup.com\/fr\/produit\/les-strategies-de-transformation-des-bibliotheques\/\" \/>\n<meta property=\"og:site_name\" content=\"ISTE Group\" \/>\n<meta property=\"article:modified_time\" content=\"2024-01-03T13:43:58+00:00\" \/>\n<meta property=\"og:image\" content=\"https:\/\/www.istegroup.com\/wp-content\/uploads\/2020\/11\/Les-strategies-de-transformation-des-bibliotheques.jpg\" \/>\n\t<meta property=\"og:image:width\" content=\"300\" \/>\n\t<meta property=\"og:image:height\" content=\"451\" \/>\n\t<meta property=\"og:image:type\" content=\"image\/jpeg\" \/>\n<meta name=\"twitter:card\" content=\"summary_large_image\" \/>\n<meta name=\"twitter:label1\" content=\"Est. reading time\" \/>\n\t<meta name=\"twitter:data1\" content=\"1 minute\" \/>\n<script type=\"application\/ld+json\" class=\"yoast-schema-graph\">{\"@context\":\"https:\/\/schema.org\",\"@graph\":[{\"@type\":\"WebPage\",\"@id\":\"https:\/\/www.istegroup.com\/fr\/produit\/les-strategies-de-transformation-des-bibliotheques\/\",\"url\":\"https:\/\/www.istegroup.com\/fr\/produit\/les-strategies-de-transformation-des-bibliotheques\/\",\"name\":\"Les strat\u00e9gies de transformation des biblioth\u00e8ques - ISTE Group\",\"isPartOf\":{\"@id\":\"https:\/\/www.istegroup.com\/#website\"},\"primaryImageOfPage\":{\"@id\":\"https:\/\/www.istegroup.com\/fr\/produit\/les-strategies-de-transformation-des-bibliotheques\/#primaryimage\"},\"image\":{\"@id\":\"https:\/\/www.istegroup.com\/fr\/produit\/les-strategies-de-transformation-des-bibliotheques\/#primaryimage\"},\"thumbnailUrl\":\"https:\/\/www.istegroup.com\/wp-content\/uploads\/2020\/11\/Les-strategies-de-transformation-des-bibliotheques.jpg\",\"datePublished\":\"2021-02-28T15:34:57+00:00\",\"dateModified\":\"2024-01-03T13:43:58+00:00\",\"description\":\"Les biblioth\u00e8ques, dans un objectif constant d\u2019adaptation, adoptent diff\u00e9rentes strat\u00e9gies de transformation. Ces strat\u00e9gies montrent un souhait \u00e9vident d\u2019\u00eatre en ad\u00e9quation avec l\u2019air du temps, tout en gardant les principes de base qui soutiennent leur action au quotidien et qui font qu\u2019elles existent toujours.\",\"breadcrumb\":{\"@id\":\"https:\/\/www.istegroup.com\/fr\/produit\/les-strategies-de-transformation-des-bibliotheques\/#breadcrumb\"},\"inLanguage\":\"fr-FR\",\"potentialAction\":[{\"@type\":\"ReadAction\",\"target\":[\"https:\/\/www.istegroup.com\/fr\/produit\/les-strategies-de-transformation-des-bibliotheques\/\"]}]},{\"@type\":\"ImageObject\",\"inLanguage\":\"fr-FR\",\"@id\":\"https:\/\/www.istegroup.com\/fr\/produit\/les-strategies-de-transformation-des-bibliotheques\/#primaryimage\",\"url\":\"https:\/\/www.istegroup.com\/wp-content\/uploads\/2020\/11\/Les-strategies-de-transformation-des-bibliotheques.jpg\",\"contentUrl\":\"https:\/\/www.istegroup.com\/wp-content\/uploads\/2020\/11\/Les-strategies-de-transformation-des-bibliotheques.jpg\",\"width\":300,\"height\":451,\"caption\":\"Livre scientifique - Les strat\u00e9gies de transformation des biblioth\u00e8ques - Jean-Philippe Accart\"},{\"@type\":\"BreadcrumbList\",\"@id\":\"https:\/\/www.istegroup.com\/fr\/produit\/les-strategies-de-transformation-des-bibliotheques\/#breadcrumb\",\"itemListElement\":[{\"@type\":\"ListItem\",\"position\":1,\"name\":\"Home\",\"item\":\"https:\/\/www.istegroup.com\/\"},{\"@type\":\"ListItem\",\"position\":2,\"name\":\"Shop\",\"item\":\"https:\/\/www.istegroup.com\/fr\/nouveautes\/\"},{\"@type\":\"ListItem\",\"position\":3,\"name\":\"Les strat\u00e9gies de transformation des biblioth\u00e8ques\"}]},{\"@type\":\"WebSite\",\"@id\":\"https:\/\/www.istegroup.com\/#website\",\"url\":\"https:\/\/www.istegroup.com\/\",\"name\":\"ISTE Group\",\"description\":\"\u00c9diteur des Sciences\",\"potentialAction\":[{\"@type\":\"SearchAction\",\"target\":{\"@type\":\"EntryPoint\",\"urlTemplate\":\"https:\/\/www.istegroup.com\/?s={search_term_string}\"},\"query-input\":{\"@type\":\"PropertyValueSpecification\",\"valueRequired\":true,\"valueName\":\"search_term_string\"}}],\"inLanguage\":\"fr-FR\"}]}<\/script>\n<!-- \/ Yoast SEO plugin. -->","yoast_head_json":{"title":"Les strat\u00e9gies de transformation des biblioth\u00e8ques - ISTE Group","description":"Les biblioth\u00e8ques, dans un objectif constant d\u2019adaptation, adoptent diff\u00e9rentes strat\u00e9gies de transformation. Ces strat\u00e9gies montrent un souhait \u00e9vident d\u2019\u00eatre en ad\u00e9quation avec l\u2019air du temps, tout en gardant les principes de base qui soutiennent leur action au quotidien et qui font qu\u2019elles existent toujours.","robots":{"index":"index","follow":"follow","max-snippet":"max-snippet:-1","max-image-preview":"max-image-preview:large","max-video-preview":"max-video-preview:-1"},"canonical":"https:\/\/www.istegroup.com\/fr\/produit\/les-strategies-de-transformation-des-bibliotheques\/","og_locale":"fr_FR","og_type":"article","og_title":"Les strat\u00e9gies de transformation des biblioth\u00e8ques - ISTE Group","og_description":"Les biblioth\u00e8ques, dans un objectif constant d\u2019adaptation, adoptent diff\u00e9rentes strat\u00e9gies de transformation. Ces strat\u00e9gies montrent un souhait \u00e9vident d\u2019\u00eatre en ad\u00e9quation avec l\u2019air du temps, tout en gardant les principes de base qui soutiennent leur action au quotidien et qui font qu\u2019elles existent toujours.","og_url":"https:\/\/www.istegroup.com\/fr\/produit\/les-strategies-de-transformation-des-bibliotheques\/","og_site_name":"ISTE Group","article_modified_time":"2024-01-03T13:43:58+00:00","og_image":[{"width":300,"height":451,"url":"https:\/\/www.istegroup.com\/wp-content\/uploads\/2020\/11\/Les-strategies-de-transformation-des-bibliotheques.jpg","type":"image\/jpeg"}],"twitter_card":"summary_large_image","twitter_misc":{"Est. reading time":"1 minute"},"schema":{"@context":"https:\/\/schema.org","@graph":[{"@type":"WebPage","@id":"https:\/\/www.istegroup.com\/fr\/produit\/les-strategies-de-transformation-des-bibliotheques\/","url":"https:\/\/www.istegroup.com\/fr\/produit\/les-strategies-de-transformation-des-bibliotheques\/","name":"Les strat\u00e9gies de transformation des biblioth\u00e8ques - ISTE Group","isPartOf":{"@id":"https:\/\/www.istegroup.com\/#website"},"primaryImageOfPage":{"@id":"https:\/\/www.istegroup.com\/fr\/produit\/les-strategies-de-transformation-des-bibliotheques\/#primaryimage"},"image":{"@id":"https:\/\/www.istegroup.com\/fr\/produit\/les-strategies-de-transformation-des-bibliotheques\/#primaryimage"},"thumbnailUrl":"https:\/\/www.istegroup.com\/wp-content\/uploads\/2020\/11\/Les-strategies-de-transformation-des-bibliotheques.jpg","datePublished":"2021-02-28T15:34:57+00:00","dateModified":"2024-01-03T13:43:58+00:00","description":"Les biblioth\u00e8ques, dans un objectif constant d\u2019adaptation, adoptent diff\u00e9rentes strat\u00e9gies de transformation. Ces strat\u00e9gies montrent un souhait \u00e9vident d\u2019\u00eatre en ad\u00e9quation avec l\u2019air du temps, tout en gardant les principes de base qui soutiennent leur action au quotidien et qui font qu\u2019elles existent toujours.","breadcrumb":{"@id":"https:\/\/www.istegroup.com\/fr\/produit\/les-strategies-de-transformation-des-bibliotheques\/#breadcrumb"},"inLanguage":"fr-FR","potentialAction":[{"@type":"ReadAction","target":["https:\/\/www.istegroup.com\/fr\/produit\/les-strategies-de-transformation-des-bibliotheques\/"]}]},{"@type":"ImageObject","inLanguage":"fr-FR","@id":"https:\/\/www.istegroup.com\/fr\/produit\/les-strategies-de-transformation-des-bibliotheques\/#primaryimage","url":"https:\/\/www.istegroup.com\/wp-content\/uploads\/2020\/11\/Les-strategies-de-transformation-des-bibliotheques.jpg","contentUrl":"https:\/\/www.istegroup.com\/wp-content\/uploads\/2020\/11\/Les-strategies-de-transformation-des-bibliotheques.jpg","width":300,"height":451,"caption":"Livre scientifique - Les strat\u00e9gies de transformation des biblioth\u00e8ques - Jean-Philippe Accart"},{"@type":"BreadcrumbList","@id":"https:\/\/www.istegroup.com\/fr\/produit\/les-strategies-de-transformation-des-bibliotheques\/#breadcrumb","itemListElement":[{"@type":"ListItem","position":1,"name":"Home","item":"https:\/\/www.istegroup.com\/"},{"@type":"ListItem","position":2,"name":"Shop","item":"https:\/\/www.istegroup.com\/fr\/nouveautes\/"},{"@type":"ListItem","position":3,"name":"Les strat\u00e9gies de transformation des biblioth\u00e8ques"}]},{"@type":"WebSite","@id":"https:\/\/www.istegroup.com\/#website","url":"https:\/\/www.istegroup.com\/","name":"ISTE Group","description":"\u00c9diteur des Sciences","potentialAction":[{"@type":"SearchAction","target":{"@type":"EntryPoint","urlTemplate":"https:\/\/www.istegroup.com\/?s={search_term_string}"},"query-input":{"@type":"PropertyValueSpecification","valueRequired":true,"valueName":"search_term_string"}}],"inLanguage":"fr-FR"}]}},"_links":{"self":[{"href":"https:\/\/www.istegroup.com\/fr\/wp-json\/wp\/v2\/product\/37250","targetHints":{"allow":["GET"]}}],"collection":[{"href":"https:\/\/www.istegroup.com\/fr\/wp-json\/wp\/v2\/product"}],"about":[{"href":"https:\/\/www.istegroup.com\/fr\/wp-json\/wp\/v2\/types\/product"}],"wp:featuredmedia":[{"embeddable":true,"href":"https:\/\/www.istegroup.com\/fr\/wp-json\/wp\/v2\/media\/37255"}],"wp:attachment":[{"href":"https:\/\/www.istegroup.com\/fr\/wp-json\/wp\/v2\/media?parent=37250"}],"wp:term":[{"taxonomy":"product_brand","embeddable":true,"href":"https:\/\/www.istegroup.com\/fr\/wp-json\/wp\/v2\/product_brand?post=37250"},{"taxonomy":"product_cat","embeddable":true,"href":"https:\/\/www.istegroup.com\/fr\/wp-json\/wp\/v2\/product_cat?post=37250"},{"taxonomy":"product_tag","embeddable":true,"href":"https:\/\/www.istegroup.com\/fr\/wp-json\/wp\/v2\/product_tag?post=37250"}],"curies":[{"name":"wp","href":"https:\/\/api.w.org\/{rel}","templated":true}]}}