{"id":37243,"date":"2021-02-28T15:18:29","date_gmt":"2021-02-28T15:18:29","guid":{"rendered":"https:\/\/www.istegroup.com\/?post_type=product&#038;p=37243"},"modified":"2024-01-03T13:44:16","modified_gmt":"2024-01-03T13:44:16","slug":"les-archives-a-lere-du-numerique","status":"publish","type":"product","link":"https:\/\/www.istegroup.com\/fr\/produit\/les-archives-a-lere-du-numerique\/","title":{"rendered":"Les archives \u00e0 l\u2019\u00e8re du num\u00e9rique"},"content":{"rendered":"<p>Archiver est devenu un processus de plus en plus complexe. Le d\u00e9fi n\u2019est plus de pouvoir stocker les donn\u00e9es, mais de les conserver de fa\u00e7on intelligente afin de les exploiter dans le temps, tout en maintenant leur int\u00e9grit\u00e9 et leur authenticit\u00e9.<\/p>\n<p>Les technologies num\u00e9riques entra\u00eenent de grandes transformations, que ce soit au niveau des types de documents vers\u00e9s et conserv\u00e9s aux services d\u2019archives, des comportements et des pratiques des sciences humaines et sociales (humanit\u00e9s num\u00e9riques), mais aussi du volume des donn\u00e9es et des capacit\u00e9s technologiques de gestion et de conservation des archives (Big Data).<\/p>\n<p><em>Les archives \u00e0 l\u2019\u00e8re du num\u00e9rique<\/em> met en valeur ces diff\u00e9rentes transformations num\u00e9riques sur les archives et examine comment le droit de m\u00e9moire et d\u2019information des g\u00e9n\u00e9rations futures est confront\u00e9 au droit \u00e0 l\u2019oubli, pr\u00e9rogative num\u00e9rique qui garantit aux individus leurs vies priv\u00e9es et leurs libert\u00e9s.<\/p>","protected":false},"excerpt":{"rendered":"<p>Archiver est devenu un processus de plus en plus complexe. Le d\u00e9fi n\u2019est plus de pouvoir stocker les donn\u00e9es, mais de les conserver de fa\u00e7on intelligente afin de les exploiter dans le temps, tout en maintenant leur int\u00e9grit\u00e9 et leur authenticit\u00e9. Les technologies num\u00e9riques entra\u00eenent de grandes transformations, que ce soit au niveau des types [&hellip;]<\/p>\n","protected":false},"featured_media":37249,"template":"","meta":{"_acf_changed":false,"_links_to":"","_links_to_target":""},"product_brand":[],"product_cat":[3262],"product_tag":[],"class_list":{"0":"post-37243","1":"product","2":"type-product","3":"status-publish","4":"has-post-thumbnail","6":"product_cat-non-classe","8":"first","9":"instock","10":"shipping-taxable","11":"purchasable","12":"product-type-variable"},"acf":[],"yoast_head":"<!-- This site is optimized with the Yoast SEO plugin v27.2 - https:\/\/yoast.com\/product\/yoast-seo-wordpress\/ -->\n<title>Les archives \u00e0 l\u2019\u00e8re du num\u00e9rique - ISTE Group<\/title>\n<meta name=\"description\" content=\"Les archives \u00e0 l\u2019\u00e8re du num\u00e9rique met en valeur ces diff\u00e9rentes transformations num\u00e9riques sur les archives et examine comment le droit de m\u00e9moire et d\u2019information des g\u00e9n\u00e9rations futures est confront\u00e9 au droit \u00e0 l\u2019oubli, pr\u00e9rogative num\u00e9rique qui garantit aux individus leurs vies priv\u00e9es et leurs libert\u00e9s.\" \/>\n<meta name=\"robots\" content=\"index, follow, max-snippet:-1, max-image-preview:large, max-video-preview:-1\" \/>\n<link rel=\"canonical\" href=\"https:\/\/www.istegroup.com\/fr\/produit\/les-archives-a-lere-du-numerique\/\" \/>\n<meta property=\"og:locale\" content=\"fr_FR\" \/>\n<meta property=\"og:type\" content=\"article\" \/>\n<meta property=\"og:title\" content=\"Les archives \u00e0 l\u2019\u00e8re du num\u00e9rique - ISTE Group\" \/>\n<meta property=\"og:description\" content=\"Les archives \u00e0 l\u2019\u00e8re du num\u00e9rique met en valeur ces diff\u00e9rentes transformations num\u00e9riques sur les archives et examine comment le droit de m\u00e9moire et d\u2019information des g\u00e9n\u00e9rations futures est confront\u00e9 au droit \u00e0 l\u2019oubli, pr\u00e9rogative num\u00e9rique qui garantit aux individus leurs vies priv\u00e9es et leurs libert\u00e9s.\" \/>\n<meta property=\"og:url\" content=\"https:\/\/www.istegroup.com\/fr\/produit\/les-archives-a-lere-du-numerique\/\" \/>\n<meta property=\"og:site_name\" content=\"ISTE Group\" \/>\n<meta property=\"article:modified_time\" content=\"2024-01-03T13:44:16+00:00\" \/>\n<meta property=\"og:image\" content=\"https:\/\/www.istegroup.com\/wp-content\/uploads\/2020\/11\/Les-archives-a-lere-du-numerique.jpg\" \/>\n\t<meta property=\"og:image:width\" content=\"300\" \/>\n\t<meta property=\"og:image:height\" content=\"452\" \/>\n\t<meta property=\"og:image:type\" content=\"image\/jpeg\" \/>\n<meta name=\"twitter:card\" content=\"summary_large_image\" \/>\n<meta name=\"twitter:label1\" content=\"Est. reading time\" \/>\n\t<meta name=\"twitter:data1\" content=\"1 minute\" \/>\n<script type=\"application\/ld+json\" class=\"yoast-schema-graph\">{\"@context\":\"https:\/\/schema.org\",\"@graph\":[{\"@type\":\"WebPage\",\"@id\":\"https:\/\/www.istegroup.com\/fr\/produit\/les-archives-a-lere-du-numerique\/\",\"url\":\"https:\/\/www.istegroup.com\/fr\/produit\/les-archives-a-lere-du-numerique\/\",\"name\":\"Les archives \u00e0 l\u2019\u00e8re du num\u00e9rique - ISTE Group\",\"isPartOf\":{\"@id\":\"https:\/\/www.istegroup.com\/#website\"},\"primaryImageOfPage\":{\"@id\":\"https:\/\/www.istegroup.com\/fr\/produit\/les-archives-a-lere-du-numerique\/#primaryimage\"},\"image\":{\"@id\":\"https:\/\/www.istegroup.com\/fr\/produit\/les-archives-a-lere-du-numerique\/#primaryimage\"},\"thumbnailUrl\":\"https:\/\/www.istegroup.com\/wp-content\/uploads\/2020\/11\/Les-archives-a-lere-du-numerique.jpg\",\"datePublished\":\"2021-02-28T15:18:29+00:00\",\"dateModified\":\"2024-01-03T13:44:16+00:00\",\"description\":\"Les archives \u00e0 l\u2019\u00e8re du num\u00e9rique met en valeur ces diff\u00e9rentes transformations num\u00e9riques sur les archives et examine comment le droit de m\u00e9moire et d\u2019information des g\u00e9n\u00e9rations futures est confront\u00e9 au droit \u00e0 l\u2019oubli, pr\u00e9rogative num\u00e9rique qui garantit aux individus leurs vies priv\u00e9es et leurs libert\u00e9s.\",\"breadcrumb\":{\"@id\":\"https:\/\/www.istegroup.com\/fr\/produit\/les-archives-a-lere-du-numerique\/#breadcrumb\"},\"inLanguage\":\"fr-FR\",\"potentialAction\":[{\"@type\":\"ReadAction\",\"target\":[\"https:\/\/www.istegroup.com\/fr\/produit\/les-archives-a-lere-du-numerique\/\"]}]},{\"@type\":\"ImageObject\",\"inLanguage\":\"fr-FR\",\"@id\":\"https:\/\/www.istegroup.com\/fr\/produit\/les-archives-a-lere-du-numerique\/#primaryimage\",\"url\":\"https:\/\/www.istegroup.com\/wp-content\/uploads\/2020\/11\/Les-archives-a-lere-du-numerique.jpg\",\"contentUrl\":\"https:\/\/www.istegroup.com\/wp-content\/uploads\/2020\/11\/Les-archives-a-lere-du-numerique.jpg\",\"width\":300,\"height\":452,\"caption\":\"Livre scientifique - Les archives \u00e0 l'\u00e8re du num\u00e9rique - Abderrazak Mkadmi\"},{\"@type\":\"BreadcrumbList\",\"@id\":\"https:\/\/www.istegroup.com\/fr\/produit\/les-archives-a-lere-du-numerique\/#breadcrumb\",\"itemListElement\":[{\"@type\":\"ListItem\",\"position\":1,\"name\":\"Home\",\"item\":\"https:\/\/www.istegroup.com\/\"},{\"@type\":\"ListItem\",\"position\":2,\"name\":\"Shop\",\"item\":\"https:\/\/www.istegroup.com\/fr\/nouveautes\/\"},{\"@type\":\"ListItem\",\"position\":3,\"name\":\"Les archives \u00e0 l\u2019\u00e8re du num\u00e9rique\"}]},{\"@type\":\"WebSite\",\"@id\":\"https:\/\/www.istegroup.com\/#website\",\"url\":\"https:\/\/www.istegroup.com\/\",\"name\":\"ISTE Group\",\"description\":\"\u00c9diteur des Sciences\",\"potentialAction\":[{\"@type\":\"SearchAction\",\"target\":{\"@type\":\"EntryPoint\",\"urlTemplate\":\"https:\/\/www.istegroup.com\/?s={search_term_string}\"},\"query-input\":{\"@type\":\"PropertyValueSpecification\",\"valueRequired\":true,\"valueName\":\"search_term_string\"}}],\"inLanguage\":\"fr-FR\"}]}<\/script>\n<!-- \/ Yoast SEO plugin. -->","yoast_head_json":{"title":"Les archives \u00e0 l\u2019\u00e8re du num\u00e9rique - ISTE Group","description":"Les archives \u00e0 l\u2019\u00e8re du num\u00e9rique met en valeur ces diff\u00e9rentes transformations num\u00e9riques sur les archives et examine comment le droit de m\u00e9moire et d\u2019information des g\u00e9n\u00e9rations futures est confront\u00e9 au droit \u00e0 l\u2019oubli, pr\u00e9rogative num\u00e9rique qui garantit aux individus leurs vies priv\u00e9es et leurs libert\u00e9s.","robots":{"index":"index","follow":"follow","max-snippet":"max-snippet:-1","max-image-preview":"max-image-preview:large","max-video-preview":"max-video-preview:-1"},"canonical":"https:\/\/www.istegroup.com\/fr\/produit\/les-archives-a-lere-du-numerique\/","og_locale":"fr_FR","og_type":"article","og_title":"Les archives \u00e0 l\u2019\u00e8re du num\u00e9rique - ISTE Group","og_description":"Les archives \u00e0 l\u2019\u00e8re du num\u00e9rique met en valeur ces diff\u00e9rentes transformations num\u00e9riques sur les archives et examine comment le droit de m\u00e9moire et d\u2019information des g\u00e9n\u00e9rations futures est confront\u00e9 au droit \u00e0 l\u2019oubli, pr\u00e9rogative num\u00e9rique qui garantit aux individus leurs vies priv\u00e9es et leurs libert\u00e9s.","og_url":"https:\/\/www.istegroup.com\/fr\/produit\/les-archives-a-lere-du-numerique\/","og_site_name":"ISTE Group","article_modified_time":"2024-01-03T13:44:16+00:00","og_image":[{"width":300,"height":452,"url":"https:\/\/www.istegroup.com\/wp-content\/uploads\/2020\/11\/Les-archives-a-lere-du-numerique.jpg","type":"image\/jpeg"}],"twitter_card":"summary_large_image","twitter_misc":{"Est. reading time":"1 minute"},"schema":{"@context":"https:\/\/schema.org","@graph":[{"@type":"WebPage","@id":"https:\/\/www.istegroup.com\/fr\/produit\/les-archives-a-lere-du-numerique\/","url":"https:\/\/www.istegroup.com\/fr\/produit\/les-archives-a-lere-du-numerique\/","name":"Les archives \u00e0 l\u2019\u00e8re du num\u00e9rique - ISTE Group","isPartOf":{"@id":"https:\/\/www.istegroup.com\/#website"},"primaryImageOfPage":{"@id":"https:\/\/www.istegroup.com\/fr\/produit\/les-archives-a-lere-du-numerique\/#primaryimage"},"image":{"@id":"https:\/\/www.istegroup.com\/fr\/produit\/les-archives-a-lere-du-numerique\/#primaryimage"},"thumbnailUrl":"https:\/\/www.istegroup.com\/wp-content\/uploads\/2020\/11\/Les-archives-a-lere-du-numerique.jpg","datePublished":"2021-02-28T15:18:29+00:00","dateModified":"2024-01-03T13:44:16+00:00","description":"Les archives \u00e0 l\u2019\u00e8re du num\u00e9rique met en valeur ces diff\u00e9rentes transformations num\u00e9riques sur les archives et examine comment le droit de m\u00e9moire et d\u2019information des g\u00e9n\u00e9rations futures est confront\u00e9 au droit \u00e0 l\u2019oubli, pr\u00e9rogative num\u00e9rique qui garantit aux individus leurs vies priv\u00e9es et leurs libert\u00e9s.","breadcrumb":{"@id":"https:\/\/www.istegroup.com\/fr\/produit\/les-archives-a-lere-du-numerique\/#breadcrumb"},"inLanguage":"fr-FR","potentialAction":[{"@type":"ReadAction","target":["https:\/\/www.istegroup.com\/fr\/produit\/les-archives-a-lere-du-numerique\/"]}]},{"@type":"ImageObject","inLanguage":"fr-FR","@id":"https:\/\/www.istegroup.com\/fr\/produit\/les-archives-a-lere-du-numerique\/#primaryimage","url":"https:\/\/www.istegroup.com\/wp-content\/uploads\/2020\/11\/Les-archives-a-lere-du-numerique.jpg","contentUrl":"https:\/\/www.istegroup.com\/wp-content\/uploads\/2020\/11\/Les-archives-a-lere-du-numerique.jpg","width":300,"height":452,"caption":"Livre scientifique - Les archives \u00e0 l'\u00e8re du num\u00e9rique - Abderrazak Mkadmi"},{"@type":"BreadcrumbList","@id":"https:\/\/www.istegroup.com\/fr\/produit\/les-archives-a-lere-du-numerique\/#breadcrumb","itemListElement":[{"@type":"ListItem","position":1,"name":"Home","item":"https:\/\/www.istegroup.com\/"},{"@type":"ListItem","position":2,"name":"Shop","item":"https:\/\/www.istegroup.com\/fr\/nouveautes\/"},{"@type":"ListItem","position":3,"name":"Les archives \u00e0 l\u2019\u00e8re du num\u00e9rique"}]},{"@type":"WebSite","@id":"https:\/\/www.istegroup.com\/#website","url":"https:\/\/www.istegroup.com\/","name":"ISTE Group","description":"\u00c9diteur des Sciences","potentialAction":[{"@type":"SearchAction","target":{"@type":"EntryPoint","urlTemplate":"https:\/\/www.istegroup.com\/?s={search_term_string}"},"query-input":{"@type":"PropertyValueSpecification","valueRequired":true,"valueName":"search_term_string"}}],"inLanguage":"fr-FR"}]}},"_links":{"self":[{"href":"https:\/\/www.istegroup.com\/fr\/wp-json\/wp\/v2\/product\/37243","targetHints":{"allow":["GET"]}}],"collection":[{"href":"https:\/\/www.istegroup.com\/fr\/wp-json\/wp\/v2\/product"}],"about":[{"href":"https:\/\/www.istegroup.com\/fr\/wp-json\/wp\/v2\/types\/product"}],"wp:featuredmedia":[{"embeddable":true,"href":"https:\/\/www.istegroup.com\/fr\/wp-json\/wp\/v2\/media\/37249"}],"wp:attachment":[{"href":"https:\/\/www.istegroup.com\/fr\/wp-json\/wp\/v2\/media?parent=37243"}],"wp:term":[{"taxonomy":"product_brand","embeddable":true,"href":"https:\/\/www.istegroup.com\/fr\/wp-json\/wp\/v2\/product_brand?post=37243"},{"taxonomy":"product_cat","embeddable":true,"href":"https:\/\/www.istegroup.com\/fr\/wp-json\/wp\/v2\/product_cat?post=37243"},{"taxonomy":"product_tag","embeddable":true,"href":"https:\/\/www.istegroup.com\/fr\/wp-json\/wp\/v2\/product_tag?post=37243"}],"curies":[{"name":"wp","href":"https:\/\/api.w.org\/{rel}","templated":true}]}}