{"id":37238,"date":"2021-02-28T15:08:48","date_gmt":"2021-02-28T15:08:48","guid":{"rendered":"https:\/\/www.istegroup.com\/?post_type=product&#038;p=37238"},"modified":"2024-01-03T13:43:59","modified_gmt":"2024-01-03T13:43:59","slug":"le-hasard-le-calcul-et-la-vie","status":"publish","type":"product","link":"https:\/\/www.istegroup.com\/fr\/produit\/le-hasard-le-calcul-et-la-vie\/","title":{"rendered":"Le hasard, le calcul et la vie"},"content":{"rendered":"<p><em>Le hasard, le calcul et la vie<\/em> regroupe seize communications originales du colloque du m\u00eame nom, organis\u00e9 dans le cadre du Centre Culturel International de Cerisy en 2019.<\/p>\n<p>Des math\u00e9matiques aux sciences humaines, en passant par la biologie, nombreux sont les concepts et interrogations li\u00e9s au hasard. Quels sont les diff\u00e9rents types de hasard ? Le hasard correspond-il \u00e0 une absence de connaissances des causes des \u00e9v\u00e8nements ou existe-t-il un hasard r\u00e9ellement intrins\u00e8que et irr\u00e9ductible ? Le hasard pr\u00e9side-t-il \u00e0 nos d\u00e9cisions ? Gouverne-t-il l\u2019\u00e9volution ? Est-il \u00e0 l\u2019origine de la vie ? Quelles sont les parts respectives du hasard et de la n\u00e9cessit\u00e9 en biologie ?<\/p>\n<p>Cet ouvrage cherche \u00e0 r\u00e9pondre \u00e0 ces questions fondamentales en r\u00e9unissant les contributions claires et richement document\u00e9es de math\u00e9maticiens, physiciens, biologistes et philosophes qui font de cet ouvrage un outil de travail et de r\u00e9flexion incomparable.<br \/>\n<strong>La presse en parle<\/strong><\/p>\n<p><a style=\"color: #1e9691\" href=\"https:\/\/cerisy-colloques.fr\/hasardcalculvie-pub2021\/\">Les Colloques de Cerisy<\/a><\/p>","protected":false},"excerpt":{"rendered":"<p>Le hasard, le calcul et la vie regroupe seize communications originales du colloque du m\u00eame nom, organis\u00e9 dans le cadre du Centre Culturel International de Cerisy en 2019. Des math\u00e9matiques aux sciences humaines, en passant par la biologie, nombreux sont les concepts et interrogations li\u00e9s au hasard. Quels sont les diff\u00e9rents types de hasard ? [&hellip;]<\/p>\n","protected":false},"featured_media":37242,"template":"","meta":{"_acf_changed":false,"_links_to":"","_links_to_target":""},"product_brand":[],"product_cat":[3262],"product_tag":[],"class_list":{"0":"post-37238","1":"product","2":"type-product","3":"status-publish","4":"has-post-thumbnail","6":"product_cat-non-classe","8":"first","9":"instock","10":"shipping-taxable","11":"purchasable","12":"product-type-variable"},"acf":[],"yoast_head":"<!-- This site is optimized with the Yoast SEO plugin v27.2 - https:\/\/yoast.com\/product\/yoast-seo-wordpress\/ -->\n<title>Le hasard, le calcul et la vie - ISTE Group<\/title>\n<meta name=\"description\" content=\"Le hasard, le calcul et la vie regroupe seize communications originales du colloque du m\u00eame nom, organis\u00e9 dans le cadre du Centre Culturel International de Cerisy en 2019.\" \/>\n<meta name=\"robots\" content=\"index, follow, max-snippet:-1, max-image-preview:large, max-video-preview:-1\" \/>\n<link rel=\"canonical\" href=\"https:\/\/www.istegroup.com\/en\/produit\/le-hasard-le-calcul-et-la-vie\/\" \/>\n<meta property=\"og:locale\" content=\"fr_FR\" \/>\n<meta property=\"og:type\" content=\"article\" \/>\n<meta property=\"og:title\" content=\"Le hasard, le calcul et la vie - ISTE Group\" \/>\n<meta property=\"og:description\" content=\"Le hasard, le calcul et la vie regroupe seize communications originales du colloque du m\u00eame nom, organis\u00e9 dans le cadre du Centre Culturel International de Cerisy en 2019.\" \/>\n<meta property=\"og:url\" content=\"https:\/\/www.istegroup.com\/en\/produit\/le-hasard-le-calcul-et-la-vie\/\" \/>\n<meta property=\"og:site_name\" content=\"ISTE Group\" \/>\n<meta property=\"article:modified_time\" content=\"2024-01-03T13:43:59+00:00\" \/>\n<meta property=\"og:image\" content=\"https:\/\/www.istegroup.com\/wp-content\/uploads\/2020\/11\/Le-hasard-le-calcul-et-la-vie-scaled.jpg\" \/>\n\t<meta property=\"og:image:width\" content=\"1710\" \/>\n\t<meta property=\"og:image:height\" content=\"2560\" \/>\n\t<meta property=\"og:image:type\" content=\"image\/jpeg\" \/>\n<meta name=\"twitter:card\" content=\"summary_large_image\" \/>\n<meta name=\"twitter:label1\" content=\"Est. reading time\" \/>\n\t<meta name=\"twitter:data1\" content=\"2 minutes\" \/>\n<script type=\"application\/ld+json\" class=\"yoast-schema-graph\">{\"@context\":\"https:\/\/schema.org\",\"@graph\":[{\"@type\":\"WebPage\",\"@id\":\"https:\/\/www.istegroup.com\/en\/produit\/le-hasard-le-calcul-et-la-vie\/\",\"url\":\"https:\/\/www.istegroup.com\/en\/produit\/le-hasard-le-calcul-et-la-vie\/\",\"name\":\"Le hasard, le calcul et la vie - ISTE Group\",\"isPartOf\":{\"@id\":\"https:\/\/www.istegroup.com\/#website\"},\"primaryImageOfPage\":{\"@id\":\"https:\/\/www.istegroup.com\/en\/produit\/le-hasard-le-calcul-et-la-vie\/#primaryimage\"},\"image\":{\"@id\":\"https:\/\/www.istegroup.com\/en\/produit\/le-hasard-le-calcul-et-la-vie\/#primaryimage\"},\"thumbnailUrl\":\"https:\/\/www.istegroup.com\/wp-content\/uploads\/2020\/11\/Le-hasard-le-calcul-et-la-vie-scaled.jpg\",\"datePublished\":\"2021-02-28T15:08:48+00:00\",\"dateModified\":\"2024-01-03T13:43:59+00:00\",\"description\":\"Le hasard, le calcul et la vie regroupe seize communications originales du colloque du m\u00eame nom, organis\u00e9 dans le cadre du Centre Culturel International de Cerisy en 2019.\",\"breadcrumb\":{\"@id\":\"https:\/\/www.istegroup.com\/en\/produit\/le-hasard-le-calcul-et-la-vie\/#breadcrumb\"},\"inLanguage\":\"fr-FR\",\"potentialAction\":[{\"@type\":\"ReadAction\",\"target\":[\"https:\/\/www.istegroup.com\/en\/produit\/le-hasard-le-calcul-et-la-vie\/\"]}]},{\"@type\":\"ImageObject\",\"inLanguage\":\"fr-FR\",\"@id\":\"https:\/\/www.istegroup.com\/en\/produit\/le-hasard-le-calcul-et-la-vie\/#primaryimage\",\"url\":\"https:\/\/www.istegroup.com\/wp-content\/uploads\/2020\/11\/Le-hasard-le-calcul-et-la-vie-scaled.jpg\",\"contentUrl\":\"https:\/\/www.istegroup.com\/wp-content\/uploads\/2020\/11\/Le-hasard-le-calcul-et-la-vie-scaled.jpg\",\"width\":1710,\"height\":2560,\"caption\":\"Colloque de Cerisy\"},{\"@type\":\"BreadcrumbList\",\"@id\":\"https:\/\/www.istegroup.com\/en\/produit\/le-hasard-le-calcul-et-la-vie\/#breadcrumb\",\"itemListElement\":[{\"@type\":\"ListItem\",\"position\":1,\"name\":\"Home\",\"item\":\"https:\/\/www.istegroup.com\/\"},{\"@type\":\"ListItem\",\"position\":2,\"name\":\"Shop\",\"item\":\"https:\/\/www.istegroup.com\/fr\/nouveautes\/\"},{\"@type\":\"ListItem\",\"position\":3,\"name\":\"Le hasard, le calcul et la vie\"}]},{\"@type\":\"WebSite\",\"@id\":\"https:\/\/www.istegroup.com\/#website\",\"url\":\"https:\/\/www.istegroup.com\/\",\"name\":\"ISTE Group\",\"description\":\"\u00c9diteur des Sciences\",\"potentialAction\":[{\"@type\":\"SearchAction\",\"target\":{\"@type\":\"EntryPoint\",\"urlTemplate\":\"https:\/\/www.istegroup.com\/?s={search_term_string}\"},\"query-input\":{\"@type\":\"PropertyValueSpecification\",\"valueRequired\":true,\"valueName\":\"search_term_string\"}}],\"inLanguage\":\"fr-FR\"}]}<\/script>\n<!-- \/ Yoast SEO plugin. -->","yoast_head_json":{"title":"Le hasard, le calcul et la vie - ISTE Group","description":"Le hasard, le calcul et la vie regroupe seize communications originales du colloque du m\u00eame nom, organis\u00e9 dans le cadre du Centre Culturel International de Cerisy en 2019.","robots":{"index":"index","follow":"follow","max-snippet":"max-snippet:-1","max-image-preview":"max-image-preview:large","max-video-preview":"max-video-preview:-1"},"canonical":"https:\/\/www.istegroup.com\/en\/produit\/le-hasard-le-calcul-et-la-vie\/","og_locale":"fr_FR","og_type":"article","og_title":"Le hasard, le calcul et la vie - ISTE Group","og_description":"Le hasard, le calcul et la vie regroupe seize communications originales du colloque du m\u00eame nom, organis\u00e9 dans le cadre du Centre Culturel International de Cerisy en 2019.","og_url":"https:\/\/www.istegroup.com\/en\/produit\/le-hasard-le-calcul-et-la-vie\/","og_site_name":"ISTE Group","article_modified_time":"2024-01-03T13:43:59+00:00","og_image":[{"width":1710,"height":2560,"url":"https:\/\/www.istegroup.com\/wp-content\/uploads\/2020\/11\/Le-hasard-le-calcul-et-la-vie-scaled.jpg","type":"image\/jpeg"}],"twitter_card":"summary_large_image","twitter_misc":{"Est. reading time":"2 minutes"},"schema":{"@context":"https:\/\/schema.org","@graph":[{"@type":"WebPage","@id":"https:\/\/www.istegroup.com\/en\/produit\/le-hasard-le-calcul-et-la-vie\/","url":"https:\/\/www.istegroup.com\/en\/produit\/le-hasard-le-calcul-et-la-vie\/","name":"Le hasard, le calcul et la vie - ISTE Group","isPartOf":{"@id":"https:\/\/www.istegroup.com\/#website"},"primaryImageOfPage":{"@id":"https:\/\/www.istegroup.com\/en\/produit\/le-hasard-le-calcul-et-la-vie\/#primaryimage"},"image":{"@id":"https:\/\/www.istegroup.com\/en\/produit\/le-hasard-le-calcul-et-la-vie\/#primaryimage"},"thumbnailUrl":"https:\/\/www.istegroup.com\/wp-content\/uploads\/2020\/11\/Le-hasard-le-calcul-et-la-vie-scaled.jpg","datePublished":"2021-02-28T15:08:48+00:00","dateModified":"2024-01-03T13:43:59+00:00","description":"Le hasard, le calcul et la vie regroupe seize communications originales du colloque du m\u00eame nom, organis\u00e9 dans le cadre du Centre Culturel International de Cerisy en 2019.","breadcrumb":{"@id":"https:\/\/www.istegroup.com\/en\/produit\/le-hasard-le-calcul-et-la-vie\/#breadcrumb"},"inLanguage":"fr-FR","potentialAction":[{"@type":"ReadAction","target":["https:\/\/www.istegroup.com\/en\/produit\/le-hasard-le-calcul-et-la-vie\/"]}]},{"@type":"ImageObject","inLanguage":"fr-FR","@id":"https:\/\/www.istegroup.com\/en\/produit\/le-hasard-le-calcul-et-la-vie\/#primaryimage","url":"https:\/\/www.istegroup.com\/wp-content\/uploads\/2020\/11\/Le-hasard-le-calcul-et-la-vie-scaled.jpg","contentUrl":"https:\/\/www.istegroup.com\/wp-content\/uploads\/2020\/11\/Le-hasard-le-calcul-et-la-vie-scaled.jpg","width":1710,"height":2560,"caption":"Colloque de Cerisy"},{"@type":"BreadcrumbList","@id":"https:\/\/www.istegroup.com\/en\/produit\/le-hasard-le-calcul-et-la-vie\/#breadcrumb","itemListElement":[{"@type":"ListItem","position":1,"name":"Home","item":"https:\/\/www.istegroup.com\/"},{"@type":"ListItem","position":2,"name":"Shop","item":"https:\/\/www.istegroup.com\/fr\/nouveautes\/"},{"@type":"ListItem","position":3,"name":"Le hasard, le calcul et la vie"}]},{"@type":"WebSite","@id":"https:\/\/www.istegroup.com\/#website","url":"https:\/\/www.istegroup.com\/","name":"ISTE Group","description":"\u00c9diteur des Sciences","potentialAction":[{"@type":"SearchAction","target":{"@type":"EntryPoint","urlTemplate":"https:\/\/www.istegroup.com\/?s={search_term_string}"},"query-input":{"@type":"PropertyValueSpecification","valueRequired":true,"valueName":"search_term_string"}}],"inLanguage":"fr-FR"}]}},"_links":{"self":[{"href":"https:\/\/www.istegroup.com\/fr\/wp-json\/wp\/v2\/product\/37238","targetHints":{"allow":["GET"]}}],"collection":[{"href":"https:\/\/www.istegroup.com\/fr\/wp-json\/wp\/v2\/product"}],"about":[{"href":"https:\/\/www.istegroup.com\/fr\/wp-json\/wp\/v2\/types\/product"}],"wp:featuredmedia":[{"embeddable":true,"href":"https:\/\/www.istegroup.com\/fr\/wp-json\/wp\/v2\/media\/37242"}],"wp:attachment":[{"href":"https:\/\/www.istegroup.com\/fr\/wp-json\/wp\/v2\/media?parent=37238"}],"wp:term":[{"taxonomy":"product_brand","embeddable":true,"href":"https:\/\/www.istegroup.com\/fr\/wp-json\/wp\/v2\/product_brand?post=37238"},{"taxonomy":"product_cat","embeddable":true,"href":"https:\/\/www.istegroup.com\/fr\/wp-json\/wp\/v2\/product_cat?post=37238"},{"taxonomy":"product_tag","embeddable":true,"href":"https:\/\/www.istegroup.com\/fr\/wp-json\/wp\/v2\/product_tag?post=37238"}],"curies":[{"name":"wp","href":"https:\/\/api.w.org\/{rel}","templated":true}]}}