{"id":37231,"date":"2021-02-28T14:59:08","date_gmt":"2021-02-28T14:59:08","guid":{"rendered":"https:\/\/www.istegroup.com\/?post_type=product&#038;p=37231"},"modified":"2024-01-03T13:43:58","modified_gmt":"2024-01-03T13:43:58","slug":"lingenierie-strategique","status":"publish","type":"product","link":"https:\/\/www.istegroup.com\/fr\/produit\/lingenierie-strategique\/","title":{"rendered":"L\u2019ing\u00e9nierie strat\u00e9gique"},"content":{"rendered":"<p>Face \u00e0 la mont\u00e9e de la complexit\u00e9, de l\u2019incertitude ou de la difficult\u00e9 \u00e0 concevoir\/engager des r\u00e9formes, les entreprises, les organisations et les institutions doivent s&rsquo;\u00e9vertuer \u00e0 tirer parti du d\u00e9sarroi ambiant pour agir \u00e0 bon escient et se d\u00e9passer. <em>L\u2019ing\u00e9nierie strat\u00e9gique<\/em> s\u2019inscrit dans une approche int\u00e9grative et une d\u00e9marche outill\u00e9e, inspir\u00e9es des sciences du vivant et de la \u00ab r\u00e9cursivit\u00e9 cr\u00e9atrice \u00bb.<\/p>\n<p>Cet ouvrage est structur\u00e9 en trois parties qui correspondent respectivement aux trois grandes phases de la d\u00e9marche d\u2019ing\u00e9nierie strat\u00e9gique : observer et discerner ; juger et arbitrer ; agir et intervenir.<\/p>\n<p><em>L\u2019ing\u00e9nierie strat\u00e9gique<\/em> s&rsquo;adresse aux dirigeants, aux d\u00e9cideurs, aux managers et aux praticiens d\u2019entreprises, d\u2019administrations et de collectivit\u00e9s territoriales. Cet ouvrage concerne \u00e9galement tous ceux qui souhaitent se perfectionner en anticipation ou en management transformateur, dans le domaine des affaires \u00e9conomiques, sociopolitiques et strat\u00e9giques.<\/p>","protected":false},"excerpt":{"rendered":"<p>Face \u00e0 la mont\u00e9e de la complexit\u00e9, de l\u2019incertitude ou de la difficult\u00e9 \u00e0 concevoir\/engager des r\u00e9formes, les entreprises, les organisations et les institutions doivent s&rsquo;\u00e9vertuer \u00e0 tirer parti du d\u00e9sarroi ambiant pour agir \u00e0 bon escient et se d\u00e9passer. L\u2019ing\u00e9nierie strat\u00e9gique s\u2019inscrit dans une approche int\u00e9grative et une d\u00e9marche outill\u00e9e, inspir\u00e9es des sciences du [&hellip;]<\/p>\n","protected":false},"featured_media":37237,"template":"","meta":{"_acf_changed":false,"_links_to":"","_links_to_target":""},"product_brand":[],"product_cat":[3262],"product_tag":[],"class_list":{"0":"post-37231","1":"product","2":"type-product","3":"status-publish","4":"has-post-thumbnail","6":"product_cat-non-classe","8":"first","9":"instock","10":"shipping-taxable","11":"purchasable","12":"product-type-variable"},"acf":[],"yoast_head":"<!-- This site is optimized with the Yoast SEO plugin v27.2 - https:\/\/yoast.com\/product\/yoast-seo-wordpress\/ -->\n<title>L\u2019ing\u00e9nierie strat\u00e9gique - ISTE Group<\/title>\n<meta name=\"description\" content=\"Cet ouvrage est structur\u00e9 en trois parties qui correspondent respectivement aux trois grandes phases de la d\u00e9marche d\u2019ing\u00e9nierie strat\u00e9gique : observer et discerner ; juger et arbitrer ; agir et intervenir.\" \/>\n<meta name=\"robots\" content=\"index, follow, max-snippet:-1, max-image-preview:large, max-video-preview:-1\" \/>\n<link rel=\"canonical\" href=\"https:\/\/www.istegroup.com\/fr\/produit\/lingenierie-strategique\/\" \/>\n<meta property=\"og:locale\" content=\"fr_FR\" \/>\n<meta property=\"og:type\" content=\"article\" \/>\n<meta property=\"og:title\" content=\"L\u2019ing\u00e9nierie strat\u00e9gique - ISTE Group\" \/>\n<meta property=\"og:description\" content=\"Cet ouvrage est structur\u00e9 en trois parties qui correspondent respectivement aux trois grandes phases de la d\u00e9marche d\u2019ing\u00e9nierie strat\u00e9gique : observer et discerner ; juger et arbitrer ; agir et intervenir.\" \/>\n<meta property=\"og:url\" content=\"https:\/\/www.istegroup.com\/fr\/produit\/lingenierie-strategique\/\" \/>\n<meta property=\"og:site_name\" content=\"ISTE Group\" \/>\n<meta property=\"article:modified_time\" content=\"2024-01-03T13:43:58+00:00\" \/>\n<meta property=\"og:image\" content=\"https:\/\/www.istegroup.com\/wp-content\/uploads\/2020\/11\/Lingenierie-strategique.jpg\" \/>\n\t<meta property=\"og:image:width\" content=\"300\" \/>\n\t<meta property=\"og:image:height\" content=\"451\" \/>\n\t<meta property=\"og:image:type\" content=\"image\/jpeg\" \/>\n<meta name=\"twitter:card\" content=\"summary_large_image\" \/>\n<meta name=\"twitter:label1\" content=\"Est. reading time\" \/>\n\t<meta name=\"twitter:data1\" content=\"1 minute\" \/>\n<script type=\"application\/ld+json\" class=\"yoast-schema-graph\">{\"@context\":\"https:\/\/schema.org\",\"@graph\":[{\"@type\":\"WebPage\",\"@id\":\"https:\/\/www.istegroup.com\/fr\/produit\/lingenierie-strategique\/\",\"url\":\"https:\/\/www.istegroup.com\/fr\/produit\/lingenierie-strategique\/\",\"name\":\"L\u2019ing\u00e9nierie strat\u00e9gique - ISTE Group\",\"isPartOf\":{\"@id\":\"https:\/\/www.istegroup.com\/#website\"},\"primaryImageOfPage\":{\"@id\":\"https:\/\/www.istegroup.com\/fr\/produit\/lingenierie-strategique\/#primaryimage\"},\"image\":{\"@id\":\"https:\/\/www.istegroup.com\/fr\/produit\/lingenierie-strategique\/#primaryimage\"},\"thumbnailUrl\":\"https:\/\/www.istegroup.com\/wp-content\/uploads\/2020\/11\/Lingenierie-strategique.jpg\",\"datePublished\":\"2021-02-28T14:59:08+00:00\",\"dateModified\":\"2024-01-03T13:43:58+00:00\",\"description\":\"Cet ouvrage est structur\u00e9 en trois parties qui correspondent respectivement aux trois grandes phases de la d\u00e9marche d\u2019ing\u00e9nierie strat\u00e9gique : observer et discerner ; juger et arbitrer ; agir et intervenir.\",\"breadcrumb\":{\"@id\":\"https:\/\/www.istegroup.com\/fr\/produit\/lingenierie-strategique\/#breadcrumb\"},\"inLanguage\":\"fr-FR\",\"potentialAction\":[{\"@type\":\"ReadAction\",\"target\":[\"https:\/\/www.istegroup.com\/fr\/produit\/lingenierie-strategique\/\"]}]},{\"@type\":\"ImageObject\",\"inLanguage\":\"fr-FR\",\"@id\":\"https:\/\/www.istegroup.com\/fr\/produit\/lingenierie-strategique\/#primaryimage\",\"url\":\"https:\/\/www.istegroup.com\/wp-content\/uploads\/2020\/11\/Lingenierie-strategique.jpg\",\"contentUrl\":\"https:\/\/www.istegroup.com\/wp-content\/uploads\/2020\/11\/Lingenierie-strategique.jpg\",\"width\":300,\"height\":451,\"caption\":\"Livre scientifique - L'ing\u00e9nierie strat\u00e9gique - Jacques Arcade\"},{\"@type\":\"BreadcrumbList\",\"@id\":\"https:\/\/www.istegroup.com\/fr\/produit\/lingenierie-strategique\/#breadcrumb\",\"itemListElement\":[{\"@type\":\"ListItem\",\"position\":1,\"name\":\"Home\",\"item\":\"https:\/\/www.istegroup.com\/\"},{\"@type\":\"ListItem\",\"position\":2,\"name\":\"Shop\",\"item\":\"https:\/\/www.istegroup.com\/fr\/nouveautes\/\"},{\"@type\":\"ListItem\",\"position\":3,\"name\":\"L\u2019ing\u00e9nierie strat\u00e9gique\"}]},{\"@type\":\"WebSite\",\"@id\":\"https:\/\/www.istegroup.com\/#website\",\"url\":\"https:\/\/www.istegroup.com\/\",\"name\":\"ISTE Group\",\"description\":\"\u00c9diteur des Sciences\",\"potentialAction\":[{\"@type\":\"SearchAction\",\"target\":{\"@type\":\"EntryPoint\",\"urlTemplate\":\"https:\/\/www.istegroup.com\/?s={search_term_string}\"},\"query-input\":{\"@type\":\"PropertyValueSpecification\",\"valueRequired\":true,\"valueName\":\"search_term_string\"}}],\"inLanguage\":\"fr-FR\"}]}<\/script>\n<!-- \/ Yoast SEO plugin. -->","yoast_head_json":{"title":"L\u2019ing\u00e9nierie strat\u00e9gique - ISTE Group","description":"Cet ouvrage est structur\u00e9 en trois parties qui correspondent respectivement aux trois grandes phases de la d\u00e9marche d\u2019ing\u00e9nierie strat\u00e9gique : observer et discerner ; juger et arbitrer ; agir et intervenir.","robots":{"index":"index","follow":"follow","max-snippet":"max-snippet:-1","max-image-preview":"max-image-preview:large","max-video-preview":"max-video-preview:-1"},"canonical":"https:\/\/www.istegroup.com\/fr\/produit\/lingenierie-strategique\/","og_locale":"fr_FR","og_type":"article","og_title":"L\u2019ing\u00e9nierie strat\u00e9gique - ISTE Group","og_description":"Cet ouvrage est structur\u00e9 en trois parties qui correspondent respectivement aux trois grandes phases de la d\u00e9marche d\u2019ing\u00e9nierie strat\u00e9gique : observer et discerner ; juger et arbitrer ; agir et intervenir.","og_url":"https:\/\/www.istegroup.com\/fr\/produit\/lingenierie-strategique\/","og_site_name":"ISTE Group","article_modified_time":"2024-01-03T13:43:58+00:00","og_image":[{"width":300,"height":451,"url":"https:\/\/www.istegroup.com\/wp-content\/uploads\/2020\/11\/Lingenierie-strategique.jpg","type":"image\/jpeg"}],"twitter_card":"summary_large_image","twitter_misc":{"Est. reading time":"1 minute"},"schema":{"@context":"https:\/\/schema.org","@graph":[{"@type":"WebPage","@id":"https:\/\/www.istegroup.com\/fr\/produit\/lingenierie-strategique\/","url":"https:\/\/www.istegroup.com\/fr\/produit\/lingenierie-strategique\/","name":"L\u2019ing\u00e9nierie strat\u00e9gique - ISTE Group","isPartOf":{"@id":"https:\/\/www.istegroup.com\/#website"},"primaryImageOfPage":{"@id":"https:\/\/www.istegroup.com\/fr\/produit\/lingenierie-strategique\/#primaryimage"},"image":{"@id":"https:\/\/www.istegroup.com\/fr\/produit\/lingenierie-strategique\/#primaryimage"},"thumbnailUrl":"https:\/\/www.istegroup.com\/wp-content\/uploads\/2020\/11\/Lingenierie-strategique.jpg","datePublished":"2021-02-28T14:59:08+00:00","dateModified":"2024-01-03T13:43:58+00:00","description":"Cet ouvrage est structur\u00e9 en trois parties qui correspondent respectivement aux trois grandes phases de la d\u00e9marche d\u2019ing\u00e9nierie strat\u00e9gique : observer et discerner ; juger et arbitrer ; agir et intervenir.","breadcrumb":{"@id":"https:\/\/www.istegroup.com\/fr\/produit\/lingenierie-strategique\/#breadcrumb"},"inLanguage":"fr-FR","potentialAction":[{"@type":"ReadAction","target":["https:\/\/www.istegroup.com\/fr\/produit\/lingenierie-strategique\/"]}]},{"@type":"ImageObject","inLanguage":"fr-FR","@id":"https:\/\/www.istegroup.com\/fr\/produit\/lingenierie-strategique\/#primaryimage","url":"https:\/\/www.istegroup.com\/wp-content\/uploads\/2020\/11\/Lingenierie-strategique.jpg","contentUrl":"https:\/\/www.istegroup.com\/wp-content\/uploads\/2020\/11\/Lingenierie-strategique.jpg","width":300,"height":451,"caption":"Livre scientifique - L'ing\u00e9nierie strat\u00e9gique - Jacques Arcade"},{"@type":"BreadcrumbList","@id":"https:\/\/www.istegroup.com\/fr\/produit\/lingenierie-strategique\/#breadcrumb","itemListElement":[{"@type":"ListItem","position":1,"name":"Home","item":"https:\/\/www.istegroup.com\/"},{"@type":"ListItem","position":2,"name":"Shop","item":"https:\/\/www.istegroup.com\/fr\/nouveautes\/"},{"@type":"ListItem","position":3,"name":"L\u2019ing\u00e9nierie strat\u00e9gique"}]},{"@type":"WebSite","@id":"https:\/\/www.istegroup.com\/#website","url":"https:\/\/www.istegroup.com\/","name":"ISTE Group","description":"\u00c9diteur des Sciences","potentialAction":[{"@type":"SearchAction","target":{"@type":"EntryPoint","urlTemplate":"https:\/\/www.istegroup.com\/?s={search_term_string}"},"query-input":{"@type":"PropertyValueSpecification","valueRequired":true,"valueName":"search_term_string"}}],"inLanguage":"fr-FR"}]}},"_links":{"self":[{"href":"https:\/\/www.istegroup.com\/fr\/wp-json\/wp\/v2\/product\/37231","targetHints":{"allow":["GET"]}}],"collection":[{"href":"https:\/\/www.istegroup.com\/fr\/wp-json\/wp\/v2\/product"}],"about":[{"href":"https:\/\/www.istegroup.com\/fr\/wp-json\/wp\/v2\/types\/product"}],"wp:featuredmedia":[{"embeddable":true,"href":"https:\/\/www.istegroup.com\/fr\/wp-json\/wp\/v2\/media\/37237"}],"wp:attachment":[{"href":"https:\/\/www.istegroup.com\/fr\/wp-json\/wp\/v2\/media?parent=37231"}],"wp:term":[{"taxonomy":"product_brand","embeddable":true,"href":"https:\/\/www.istegroup.com\/fr\/wp-json\/wp\/v2\/product_brand?post=37231"},{"taxonomy":"product_cat","embeddable":true,"href":"https:\/\/www.istegroup.com\/fr\/wp-json\/wp\/v2\/product_cat?post=37231"},{"taxonomy":"product_tag","embeddable":true,"href":"https:\/\/www.istegroup.com\/fr\/wp-json\/wp\/v2\/product_tag?post=37231"}],"curies":[{"name":"wp","href":"https:\/\/api.w.org\/{rel}","templated":true}]}}