{"id":37201,"date":"2021-02-28T12:45:43","date_gmt":"2021-02-28T12:45:43","guid":{"rendered":"https:\/\/www.istegroup.com\/?post_type=product&#038;p=37201"},"modified":"2024-01-03T13:43:54","modified_gmt":"2024-01-03T13:43:54","slug":"laffectif-et-les-valeurs-dans-les-choix-dinvestissement-en-equity-crowdfunding-2","status":"publish","type":"product","link":"https:\/\/www.istegroup.com\/fr\/produit\/laffectif-et-les-valeurs-dans-les-choix-dinvestissement-en-equity-crowdfunding-2\/","title":{"rendered":"L\u2019affectif et les valeurs dans les choix d\u2019investissement en equity crowdfunding 2"},"content":{"rendered":"<p>Les choix des investisseurs en <em>equity crowdfunding<\/em>, ce mode r\u00e9cent d\u2019entr\u00e9e au capital de jeunes soci\u00e9t\u00e9s en phase d\u2019amor\u00e7age, est un sujet qui interroge. Sa compr\u00e9hension est importante pour la protection des investisseurs, car ceux-ci n\u2019ont g\u00e9n\u00e9ralement pas conscience des facteurs pouvant influencer leurs d\u00e9cisions.<\/p>\n<p>Le premier volume pr\u00e9sente un \u00e9tat de l\u2019art transdisciplinaire et introduit un cadre th\u00e9orique int\u00e9grant des concepts et des th\u00e9ories emprunt\u00e9s \u00e0 la finance, au marketing et \u00e0 la psychologie.<\/p>\n<p>Dans ce second volume, un mod\u00e8le explicatif est \u00e9labor\u00e9 sur la base de ce cadre th\u00e9orique ; il est ensuite mis \u00e0 l\u2019\u00e9preuve empiriquement \u00e0 l\u2019aide de donn\u00e9es issues d\u2019une exp\u00e9rimentation de laboratoire. Cet ouvrage propose \u00e9galement une th\u00e9orie originale, baptis\u00e9e th\u00e9orie du \u00ab matching affectif \u00bb, qui est justifi\u00e9e et \u00e9tay\u00e9e. Celle-ci personnalise les comportements et offre un prisme de lecture nouveau reposant sur les caract\u00e9ristiques du projet et les pr\u00e9f\u00e9rences de l\u2019investisseur.<\/p>","protected":false},"excerpt":{"rendered":"<p>Les choix des investisseurs en equity crowdfunding, ce mode r\u00e9cent d\u2019entr\u00e9e au capital de jeunes soci\u00e9t\u00e9s en phase d\u2019amor\u00e7age, est un sujet qui interroge. Sa compr\u00e9hension est importante pour la protection des investisseurs, car ceux-ci n\u2019ont g\u00e9n\u00e9ralement pas conscience des facteurs pouvant influencer leurs d\u00e9cisions. Le premier volume pr\u00e9sente un \u00e9tat de l\u2019art transdisciplinaire et [&hellip;]<\/p>\n","protected":false},"featured_media":37204,"template":"","meta":{"_acf_changed":false,"_links_to":"","_links_to_target":""},"product_brand":[],"product_cat":[3262],"product_tag":[],"class_list":{"0":"post-37201","1":"product","2":"type-product","3":"status-publish","4":"has-post-thumbnail","6":"product_cat-non-classe","8":"first","9":"instock","10":"shipping-taxable","11":"purchasable","12":"product-type-variable"},"acf":[],"yoast_head":"<!-- This site is optimized with the Yoast SEO plugin v27.2 - https:\/\/yoast.com\/product\/yoast-seo-wordpress\/ -->\n<title>L\u2019affectif et les valeurs dans les choix d\u2019investissement en equity crowdfunding 2 - ISTE Group<\/title>\n<meta name=\"robots\" content=\"index, follow, max-snippet:-1, max-image-preview:large, max-video-preview:-1\" \/>\n<link rel=\"canonical\" href=\"https:\/\/www.istegroup.com\/fr\/produit\/laffectif-et-les-valeurs-dans-les-choix-dinvestissement-en-equity-crowdfunding-2\/\" \/>\n<meta property=\"og:locale\" content=\"fr_FR\" \/>\n<meta property=\"og:type\" content=\"article\" \/>\n<meta property=\"og:title\" content=\"L\u2019affectif et les valeurs dans les choix d\u2019investissement en equity crowdfunding 2 - ISTE Group\" \/>\n<meta property=\"og:description\" content=\"Les choix des investisseurs en equity crowdfunding, ce mode r\u00e9cent d\u2019entr\u00e9e au capital de jeunes soci\u00e9t\u00e9s en phase d\u2019amor\u00e7age, est un sujet qui interroge. Sa compr\u00e9hension est importante pour la protection des investisseurs, car ceux-ci n\u2019ont g\u00e9n\u00e9ralement pas conscience des facteurs pouvant influencer leurs d\u00e9cisions. Le premier volume pr\u00e9sente un \u00e9tat de l\u2019art transdisciplinaire et [&hellip;]\" \/>\n<meta property=\"og:url\" content=\"https:\/\/www.istegroup.com\/fr\/produit\/laffectif-et-les-valeurs-dans-les-choix-dinvestissement-en-equity-crowdfunding-2\/\" \/>\n<meta property=\"og:site_name\" content=\"ISTE Group\" \/>\n<meta property=\"article:modified_time\" content=\"2024-01-03T13:43:54+00:00\" \/>\n<meta property=\"og:image\" content=\"https:\/\/www.istegroup.com\/wp-content\/uploads\/2020\/11\/Laffectif-et-les-valeurs-dans-les-choix-dinvestissement-en-equity-crowdfunding-2.jpg\" \/>\n\t<meta property=\"og:image:width\" content=\"300\" \/>\n\t<meta property=\"og:image:height\" content=\"453\" \/>\n\t<meta property=\"og:image:type\" content=\"image\/jpeg\" \/>\n<meta name=\"twitter:card\" content=\"summary_large_image\" \/>\n<meta name=\"twitter:label1\" content=\"Est. reading time\" \/>\n\t<meta name=\"twitter:data1\" content=\"1 minute\" \/>\n<script type=\"application\/ld+json\" class=\"yoast-schema-graph\">{\"@context\":\"https:\/\/schema.org\",\"@graph\":[{\"@type\":\"WebPage\",\"@id\":\"https:\/\/www.istegroup.com\/fr\/produit\/laffectif-et-les-valeurs-dans-les-choix-dinvestissement-en-equity-crowdfunding-2\/\",\"url\":\"https:\/\/www.istegroup.com\/fr\/produit\/laffectif-et-les-valeurs-dans-les-choix-dinvestissement-en-equity-crowdfunding-2\/\",\"name\":\"L\u2019affectif et les valeurs dans les choix d\u2019investissement en equity crowdfunding 2 - ISTE Group\",\"isPartOf\":{\"@id\":\"https:\/\/www.istegroup.com\/#website\"},\"primaryImageOfPage\":{\"@id\":\"https:\/\/www.istegroup.com\/fr\/produit\/laffectif-et-les-valeurs-dans-les-choix-dinvestissement-en-equity-crowdfunding-2\/#primaryimage\"},\"image\":{\"@id\":\"https:\/\/www.istegroup.com\/fr\/produit\/laffectif-et-les-valeurs-dans-les-choix-dinvestissement-en-equity-crowdfunding-2\/#primaryimage\"},\"thumbnailUrl\":\"https:\/\/www.istegroup.com\/wp-content\/uploads\/2020\/11\/Laffectif-et-les-valeurs-dans-les-choix-dinvestissement-en-equity-crowdfunding-2.jpg\",\"datePublished\":\"2021-02-28T12:45:43+00:00\",\"dateModified\":\"2024-01-03T13:43:54+00:00\",\"breadcrumb\":{\"@id\":\"https:\/\/www.istegroup.com\/fr\/produit\/laffectif-et-les-valeurs-dans-les-choix-dinvestissement-en-equity-crowdfunding-2\/#breadcrumb\"},\"inLanguage\":\"fr-FR\",\"potentialAction\":[{\"@type\":\"ReadAction\",\"target\":[\"https:\/\/www.istegroup.com\/fr\/produit\/laffectif-et-les-valeurs-dans-les-choix-dinvestissement-en-equity-crowdfunding-2\/\"]}]},{\"@type\":\"ImageObject\",\"inLanguage\":\"fr-FR\",\"@id\":\"https:\/\/www.istegroup.com\/fr\/produit\/laffectif-et-les-valeurs-dans-les-choix-dinvestissement-en-equity-crowdfunding-2\/#primaryimage\",\"url\":\"https:\/\/www.istegroup.com\/wp-content\/uploads\/2020\/11\/Laffectif-et-les-valeurs-dans-les-choix-dinvestissement-en-equity-crowdfunding-2.jpg\",\"contentUrl\":\"https:\/\/www.istegroup.com\/wp-content\/uploads\/2020\/11\/Laffectif-et-les-valeurs-dans-les-choix-dinvestissement-en-equity-crowdfunding-2.jpg\",\"width\":300,\"height\":453,\"caption\":\"Livre scientifique - L'affectif et les valeurs dans les choix d'investissement en equity crowdfunding 2 - Christian Goglin\"},{\"@type\":\"BreadcrumbList\",\"@id\":\"https:\/\/www.istegroup.com\/fr\/produit\/laffectif-et-les-valeurs-dans-les-choix-dinvestissement-en-equity-crowdfunding-2\/#breadcrumb\",\"itemListElement\":[{\"@type\":\"ListItem\",\"position\":1,\"name\":\"Home\",\"item\":\"https:\/\/www.istegroup.com\/\"},{\"@type\":\"ListItem\",\"position\":2,\"name\":\"Shop\",\"item\":\"https:\/\/www.istegroup.com\/fr\/nouveautes\/\"},{\"@type\":\"ListItem\",\"position\":3,\"name\":\"L\u2019affectif et les valeurs dans les choix d\u2019investissement en equity crowdfunding 2\"}]},{\"@type\":\"WebSite\",\"@id\":\"https:\/\/www.istegroup.com\/#website\",\"url\":\"https:\/\/www.istegroup.com\/\",\"name\":\"ISTE Group\",\"description\":\"\u00c9diteur des Sciences\",\"potentialAction\":[{\"@type\":\"SearchAction\",\"target\":{\"@type\":\"EntryPoint\",\"urlTemplate\":\"https:\/\/www.istegroup.com\/?s={search_term_string}\"},\"query-input\":{\"@type\":\"PropertyValueSpecification\",\"valueRequired\":true,\"valueName\":\"search_term_string\"}}],\"inLanguage\":\"fr-FR\"}]}<\/script>\n<!-- \/ Yoast SEO plugin. -->","yoast_head_json":{"title":"L\u2019affectif et les valeurs dans les choix d\u2019investissement en equity crowdfunding 2 - ISTE Group","robots":{"index":"index","follow":"follow","max-snippet":"max-snippet:-1","max-image-preview":"max-image-preview:large","max-video-preview":"max-video-preview:-1"},"canonical":"https:\/\/www.istegroup.com\/fr\/produit\/laffectif-et-les-valeurs-dans-les-choix-dinvestissement-en-equity-crowdfunding-2\/","og_locale":"fr_FR","og_type":"article","og_title":"L\u2019affectif et les valeurs dans les choix d\u2019investissement en equity crowdfunding 2 - ISTE Group","og_description":"Les choix des investisseurs en equity crowdfunding, ce mode r\u00e9cent d\u2019entr\u00e9e au capital de jeunes soci\u00e9t\u00e9s en phase d\u2019amor\u00e7age, est un sujet qui interroge. Sa compr\u00e9hension est importante pour la protection des investisseurs, car ceux-ci n\u2019ont g\u00e9n\u00e9ralement pas conscience des facteurs pouvant influencer leurs d\u00e9cisions. Le premier volume pr\u00e9sente un \u00e9tat de l\u2019art transdisciplinaire et [&hellip;]","og_url":"https:\/\/www.istegroup.com\/fr\/produit\/laffectif-et-les-valeurs-dans-les-choix-dinvestissement-en-equity-crowdfunding-2\/","og_site_name":"ISTE Group","article_modified_time":"2024-01-03T13:43:54+00:00","og_image":[{"width":300,"height":453,"url":"https:\/\/www.istegroup.com\/wp-content\/uploads\/2020\/11\/Laffectif-et-les-valeurs-dans-les-choix-dinvestissement-en-equity-crowdfunding-2.jpg","type":"image\/jpeg"}],"twitter_card":"summary_large_image","twitter_misc":{"Est. reading time":"1 minute"},"schema":{"@context":"https:\/\/schema.org","@graph":[{"@type":"WebPage","@id":"https:\/\/www.istegroup.com\/fr\/produit\/laffectif-et-les-valeurs-dans-les-choix-dinvestissement-en-equity-crowdfunding-2\/","url":"https:\/\/www.istegroup.com\/fr\/produit\/laffectif-et-les-valeurs-dans-les-choix-dinvestissement-en-equity-crowdfunding-2\/","name":"L\u2019affectif et les valeurs dans les choix d\u2019investissement en equity crowdfunding 2 - ISTE Group","isPartOf":{"@id":"https:\/\/www.istegroup.com\/#website"},"primaryImageOfPage":{"@id":"https:\/\/www.istegroup.com\/fr\/produit\/laffectif-et-les-valeurs-dans-les-choix-dinvestissement-en-equity-crowdfunding-2\/#primaryimage"},"image":{"@id":"https:\/\/www.istegroup.com\/fr\/produit\/laffectif-et-les-valeurs-dans-les-choix-dinvestissement-en-equity-crowdfunding-2\/#primaryimage"},"thumbnailUrl":"https:\/\/www.istegroup.com\/wp-content\/uploads\/2020\/11\/Laffectif-et-les-valeurs-dans-les-choix-dinvestissement-en-equity-crowdfunding-2.jpg","datePublished":"2021-02-28T12:45:43+00:00","dateModified":"2024-01-03T13:43:54+00:00","breadcrumb":{"@id":"https:\/\/www.istegroup.com\/fr\/produit\/laffectif-et-les-valeurs-dans-les-choix-dinvestissement-en-equity-crowdfunding-2\/#breadcrumb"},"inLanguage":"fr-FR","potentialAction":[{"@type":"ReadAction","target":["https:\/\/www.istegroup.com\/fr\/produit\/laffectif-et-les-valeurs-dans-les-choix-dinvestissement-en-equity-crowdfunding-2\/"]}]},{"@type":"ImageObject","inLanguage":"fr-FR","@id":"https:\/\/www.istegroup.com\/fr\/produit\/laffectif-et-les-valeurs-dans-les-choix-dinvestissement-en-equity-crowdfunding-2\/#primaryimage","url":"https:\/\/www.istegroup.com\/wp-content\/uploads\/2020\/11\/Laffectif-et-les-valeurs-dans-les-choix-dinvestissement-en-equity-crowdfunding-2.jpg","contentUrl":"https:\/\/www.istegroup.com\/wp-content\/uploads\/2020\/11\/Laffectif-et-les-valeurs-dans-les-choix-dinvestissement-en-equity-crowdfunding-2.jpg","width":300,"height":453,"caption":"Livre scientifique - L'affectif et les valeurs dans les choix d'investissement en equity crowdfunding 2 - Christian Goglin"},{"@type":"BreadcrumbList","@id":"https:\/\/www.istegroup.com\/fr\/produit\/laffectif-et-les-valeurs-dans-les-choix-dinvestissement-en-equity-crowdfunding-2\/#breadcrumb","itemListElement":[{"@type":"ListItem","position":1,"name":"Home","item":"https:\/\/www.istegroup.com\/"},{"@type":"ListItem","position":2,"name":"Shop","item":"https:\/\/www.istegroup.com\/fr\/nouveautes\/"},{"@type":"ListItem","position":3,"name":"L\u2019affectif et les valeurs dans les choix d\u2019investissement en equity crowdfunding 2"}]},{"@type":"WebSite","@id":"https:\/\/www.istegroup.com\/#website","url":"https:\/\/www.istegroup.com\/","name":"ISTE Group","description":"\u00c9diteur des Sciences","potentialAction":[{"@type":"SearchAction","target":{"@type":"EntryPoint","urlTemplate":"https:\/\/www.istegroup.com\/?s={search_term_string}"},"query-input":{"@type":"PropertyValueSpecification","valueRequired":true,"valueName":"search_term_string"}}],"inLanguage":"fr-FR"}]}},"_links":{"self":[{"href":"https:\/\/www.istegroup.com\/fr\/wp-json\/wp\/v2\/product\/37201","targetHints":{"allow":["GET"]}}],"collection":[{"href":"https:\/\/www.istegroup.com\/fr\/wp-json\/wp\/v2\/product"}],"about":[{"href":"https:\/\/www.istegroup.com\/fr\/wp-json\/wp\/v2\/types\/product"}],"wp:featuredmedia":[{"embeddable":true,"href":"https:\/\/www.istegroup.com\/fr\/wp-json\/wp\/v2\/media\/37204"}],"wp:attachment":[{"href":"https:\/\/www.istegroup.com\/fr\/wp-json\/wp\/v2\/media?parent=37201"}],"wp:term":[{"taxonomy":"product_brand","embeddable":true,"href":"https:\/\/www.istegroup.com\/fr\/wp-json\/wp\/v2\/product_brand?post=37201"},{"taxonomy":"product_cat","embeddable":true,"href":"https:\/\/www.istegroup.com\/fr\/wp-json\/wp\/v2\/product_cat?post=37201"},{"taxonomy":"product_tag","embeddable":true,"href":"https:\/\/www.istegroup.com\/fr\/wp-json\/wp\/v2\/product_tag?post=37201"}],"curies":[{"name":"wp","href":"https:\/\/api.w.org\/{rel}","templated":true}]}}