{"id":37188,"date":"2021-02-28T12:30:52","date_gmt":"2021-02-28T12:30:52","guid":{"rendered":"https:\/\/www.istegroup.com\/?post_type=product&#038;p=37188"},"modified":"2024-01-03T13:43:54","modified_gmt":"2024-01-03T13:43:54","slug":"bibliotheque-numerique-et-innovation-2e-edition","status":"publish","type":"product","link":"https:\/\/www.istegroup.com\/fr\/produit\/bibliotheque-numerique-et-innovation-2e-edition\/","title":{"rendered":"Biblioth\u00e8que num\u00e9rique et innovation"},"content":{"rendered":"<p>Les biblioth\u00e8ques num\u00e9riques qui \u00e9mergent des \u00ab soci\u00e9t\u00e9s de l\u2019information \u00bb ne concernent plus uniquement ces dispositifs num\u00e9riques technodocumentaires patrimonialement, culturellement ou scientifiquement d\u00e9termin\u00e9s. Les r\u00e9seaux sociaux et les sites marchands \u00e0 forte audience partagent les m\u00eames technologies, proposent des fonctionnalit\u00e9s d\u2019exp\u00e9rience utilisateur (UX) identiques, des ressources num\u00e9riques h\u00e9t\u00e9rog\u00e8nes et naissent au sein des m\u00eames communaut\u00e9s de concepteurs et d\u2019ing\u00e9nieurs.<\/p>\n<p><em>Biblioth\u00e8que num\u00e9rique et innovation<\/em> montre ces recouvrements induits par la technologie, qui nourrissent un imaginaire de l\u2019usage. Ce dernier irrigue un mouvement de transformation de l\u2019innovation o\u00f9 usage et usager\/utilisateur occupent une place centrale.<\/p>\n<p>Cette deuxi\u00e8me \u00e9dition r\u00e9vis\u00e9e et augment\u00e9e interroge le ph\u00e9nom\u00e8ne des donn\u00e9es ouvertes li\u00e9es et observe leurs impacts sur l\u2019\u00e9volution des biblioth\u00e8ques num\u00e9riques. Des agencements in\u00e9dits port\u00e9s par les interop\u00e9rabilit\u00e9s technologiques font \u00e9merger des biens informationnels communs que de nouvelles communaut\u00e9s \u00e9pist\u00e9miques peuvent cr\u00e9er, r\u00e9-agencer et enrichir dans une compr\u00e9hension citoyenne de la soci\u00e9t\u00e9 de l\u2019information.<\/p>","protected":false},"excerpt":{"rendered":"<p>Les biblioth\u00e8ques num\u00e9riques qui \u00e9mergent des \u00ab soci\u00e9t\u00e9s de l\u2019information \u00bb ne concernent plus uniquement ces dispositifs num\u00e9riques technodocumentaires patrimonialement, culturellement ou scientifiquement d\u00e9termin\u00e9s. Les r\u00e9seaux sociaux et les sites marchands \u00e0 forte audience partagent les m\u00eames technologies, proposent des fonctionnalit\u00e9s d\u2019exp\u00e9rience utilisateur (UX) identiques, des ressources num\u00e9riques h\u00e9t\u00e9rog\u00e8nes et naissent au sein des m\u00eames [&hellip;]<\/p>\n","protected":false},"featured_media":37192,"template":"","meta":{"_acf_changed":false,"_links_to":"","_links_to_target":""},"product_brand":[],"product_cat":[3262],"product_tag":[],"class_list":{"0":"post-37188","1":"product","2":"type-product","3":"status-publish","4":"has-post-thumbnail","6":"product_cat-non-classe","8":"first","9":"instock","10":"shipping-taxable","11":"purchasable","12":"product-type-variable"},"acf":[],"yoast_head":"<!-- This site is optimized with the Yoast SEO plugin v27.2 - https:\/\/yoast.com\/product\/yoast-seo-wordpress\/ -->\n<title>Biblioth\u00e8que num\u00e9rique et innovation - ISTE Group<\/title>\n<meta name=\"description\" content=\"Biblioth\u00e8que num\u00e9rique et innovation montre ces recouvrements induits par la technologie, qui nourrissent un imaginaire de l\u2019usage.\" \/>\n<meta name=\"robots\" content=\"index, follow, max-snippet:-1, max-image-preview:large, max-video-preview:-1\" \/>\n<link rel=\"canonical\" href=\"https:\/\/www.istegroup.com\/en\/produit\/bibliotheque-numerique-et-innovation-2e-edition\/\" \/>\n<meta property=\"og:locale\" content=\"fr_FR\" \/>\n<meta property=\"og:type\" content=\"article\" \/>\n<meta property=\"og:title\" content=\"Biblioth\u00e8que num\u00e9rique et innovation - ISTE Group\" \/>\n<meta property=\"og:description\" content=\"Biblioth\u00e8que num\u00e9rique et innovation montre ces recouvrements induits par la technologie, qui nourrissent un imaginaire de l\u2019usage.\" \/>\n<meta property=\"og:url\" content=\"https:\/\/www.istegroup.com\/en\/produit\/bibliotheque-numerique-et-innovation-2e-edition\/\" \/>\n<meta property=\"og:site_name\" content=\"ISTE Group\" \/>\n<meta property=\"article:modified_time\" content=\"2024-01-03T13:43:54+00:00\" \/>\n<meta property=\"og:image\" content=\"https:\/\/www.istegroup.com\/wp-content\/uploads\/2020\/11\/Bibliotheque-numerique-et-innovation_Papy-2eme-edition.jpg\" \/>\n\t<meta property=\"og:image:width\" content=\"300\" \/>\n\t<meta property=\"og:image:height\" content=\"450\" \/>\n\t<meta property=\"og:image:type\" content=\"image\/jpeg\" \/>\n<meta name=\"twitter:card\" content=\"summary_large_image\" \/>\n<meta name=\"twitter:label1\" content=\"Est. reading time\" \/>\n\t<meta name=\"twitter:data1\" content=\"1 minute\" \/>\n<script type=\"application\/ld+json\" class=\"yoast-schema-graph\">{\"@context\":\"https:\/\/schema.org\",\"@graph\":[{\"@type\":\"WebPage\",\"@id\":\"https:\/\/www.istegroup.com\/en\/produit\/bibliotheque-numerique-et-innovation-2e-edition\/\",\"url\":\"https:\/\/www.istegroup.com\/en\/produit\/bibliotheque-numerique-et-innovation-2e-edition\/\",\"name\":\"Biblioth\u00e8que num\u00e9rique et innovation - ISTE Group\",\"isPartOf\":{\"@id\":\"https:\/\/www.istegroup.com\/#website\"},\"primaryImageOfPage\":{\"@id\":\"https:\/\/www.istegroup.com\/en\/produit\/bibliotheque-numerique-et-innovation-2e-edition\/#primaryimage\"},\"image\":{\"@id\":\"https:\/\/www.istegroup.com\/en\/produit\/bibliotheque-numerique-et-innovation-2e-edition\/#primaryimage\"},\"thumbnailUrl\":\"https:\/\/www.istegroup.com\/wp-content\/uploads\/2020\/11\/Bibliotheque-numerique-et-innovation_Papy-2eme-edition.jpg\",\"datePublished\":\"2021-02-28T12:30:52+00:00\",\"dateModified\":\"2024-01-03T13:43:54+00:00\",\"description\":\"Biblioth\u00e8que num\u00e9rique et innovation montre ces recouvrements induits par la technologie, qui nourrissent un imaginaire de l\u2019usage.\",\"breadcrumb\":{\"@id\":\"https:\/\/www.istegroup.com\/en\/produit\/bibliotheque-numerique-et-innovation-2e-edition\/#breadcrumb\"},\"inLanguage\":\"fr-FR\",\"potentialAction\":[{\"@type\":\"ReadAction\",\"target\":[\"https:\/\/www.istegroup.com\/en\/produit\/bibliotheque-numerique-et-innovation-2e-edition\/\"]}]},{\"@type\":\"ImageObject\",\"inLanguage\":\"fr-FR\",\"@id\":\"https:\/\/www.istegroup.com\/en\/produit\/bibliotheque-numerique-et-innovation-2e-edition\/#primaryimage\",\"url\":\"https:\/\/www.istegroup.com\/wp-content\/uploads\/2020\/11\/Bibliotheque-numerique-et-innovation_Papy-2eme-edition.jpg\",\"contentUrl\":\"https:\/\/www.istegroup.com\/wp-content\/uploads\/2020\/11\/Bibliotheque-numerique-et-innovation_Papy-2eme-edition.jpg\",\"width\":300,\"height\":450,\"caption\":\"2e \u00e9dition revue et augment\u00e9e\"},{\"@type\":\"BreadcrumbList\",\"@id\":\"https:\/\/www.istegroup.com\/en\/produit\/bibliotheque-numerique-et-innovation-2e-edition\/#breadcrumb\",\"itemListElement\":[{\"@type\":\"ListItem\",\"position\":1,\"name\":\"Home\",\"item\":\"https:\/\/www.istegroup.com\/\"},{\"@type\":\"ListItem\",\"position\":2,\"name\":\"Shop\",\"item\":\"https:\/\/www.istegroup.com\/fr\/nouveautes\/\"},{\"@type\":\"ListItem\",\"position\":3,\"name\":\"Biblioth\u00e8que num\u00e9rique et innovation\"}]},{\"@type\":\"WebSite\",\"@id\":\"https:\/\/www.istegroup.com\/#website\",\"url\":\"https:\/\/www.istegroup.com\/\",\"name\":\"ISTE Group\",\"description\":\"\u00c9diteur des Sciences\",\"potentialAction\":[{\"@type\":\"SearchAction\",\"target\":{\"@type\":\"EntryPoint\",\"urlTemplate\":\"https:\/\/www.istegroup.com\/?s={search_term_string}\"},\"query-input\":{\"@type\":\"PropertyValueSpecification\",\"valueRequired\":true,\"valueName\":\"search_term_string\"}}],\"inLanguage\":\"fr-FR\"}]}<\/script>\n<!-- \/ Yoast SEO plugin. -->","yoast_head_json":{"title":"Biblioth\u00e8que num\u00e9rique et innovation - ISTE Group","description":"Biblioth\u00e8que num\u00e9rique et innovation montre ces recouvrements induits par la technologie, qui nourrissent un imaginaire de l\u2019usage.","robots":{"index":"index","follow":"follow","max-snippet":"max-snippet:-1","max-image-preview":"max-image-preview:large","max-video-preview":"max-video-preview:-1"},"canonical":"https:\/\/www.istegroup.com\/en\/produit\/bibliotheque-numerique-et-innovation-2e-edition\/","og_locale":"fr_FR","og_type":"article","og_title":"Biblioth\u00e8que num\u00e9rique et innovation - ISTE Group","og_description":"Biblioth\u00e8que num\u00e9rique et innovation montre ces recouvrements induits par la technologie, qui nourrissent un imaginaire de l\u2019usage.","og_url":"https:\/\/www.istegroup.com\/en\/produit\/bibliotheque-numerique-et-innovation-2e-edition\/","og_site_name":"ISTE Group","article_modified_time":"2024-01-03T13:43:54+00:00","og_image":[{"width":300,"height":450,"url":"https:\/\/www.istegroup.com\/wp-content\/uploads\/2020\/11\/Bibliotheque-numerique-et-innovation_Papy-2eme-edition.jpg","type":"image\/jpeg"}],"twitter_card":"summary_large_image","twitter_misc":{"Est. reading time":"1 minute"},"schema":{"@context":"https:\/\/schema.org","@graph":[{"@type":"WebPage","@id":"https:\/\/www.istegroup.com\/en\/produit\/bibliotheque-numerique-et-innovation-2e-edition\/","url":"https:\/\/www.istegroup.com\/en\/produit\/bibliotheque-numerique-et-innovation-2e-edition\/","name":"Biblioth\u00e8que num\u00e9rique et innovation - ISTE Group","isPartOf":{"@id":"https:\/\/www.istegroup.com\/#website"},"primaryImageOfPage":{"@id":"https:\/\/www.istegroup.com\/en\/produit\/bibliotheque-numerique-et-innovation-2e-edition\/#primaryimage"},"image":{"@id":"https:\/\/www.istegroup.com\/en\/produit\/bibliotheque-numerique-et-innovation-2e-edition\/#primaryimage"},"thumbnailUrl":"https:\/\/www.istegroup.com\/wp-content\/uploads\/2020\/11\/Bibliotheque-numerique-et-innovation_Papy-2eme-edition.jpg","datePublished":"2021-02-28T12:30:52+00:00","dateModified":"2024-01-03T13:43:54+00:00","description":"Biblioth\u00e8que num\u00e9rique et innovation montre ces recouvrements induits par la technologie, qui nourrissent un imaginaire de l\u2019usage.","breadcrumb":{"@id":"https:\/\/www.istegroup.com\/en\/produit\/bibliotheque-numerique-et-innovation-2e-edition\/#breadcrumb"},"inLanguage":"fr-FR","potentialAction":[{"@type":"ReadAction","target":["https:\/\/www.istegroup.com\/en\/produit\/bibliotheque-numerique-et-innovation-2e-edition\/"]}]},{"@type":"ImageObject","inLanguage":"fr-FR","@id":"https:\/\/www.istegroup.com\/en\/produit\/bibliotheque-numerique-et-innovation-2e-edition\/#primaryimage","url":"https:\/\/www.istegroup.com\/wp-content\/uploads\/2020\/11\/Bibliotheque-numerique-et-innovation_Papy-2eme-edition.jpg","contentUrl":"https:\/\/www.istegroup.com\/wp-content\/uploads\/2020\/11\/Bibliotheque-numerique-et-innovation_Papy-2eme-edition.jpg","width":300,"height":450,"caption":"2e \u00e9dition revue et augment\u00e9e"},{"@type":"BreadcrumbList","@id":"https:\/\/www.istegroup.com\/en\/produit\/bibliotheque-numerique-et-innovation-2e-edition\/#breadcrumb","itemListElement":[{"@type":"ListItem","position":1,"name":"Home","item":"https:\/\/www.istegroup.com\/"},{"@type":"ListItem","position":2,"name":"Shop","item":"https:\/\/www.istegroup.com\/fr\/nouveautes\/"},{"@type":"ListItem","position":3,"name":"Biblioth\u00e8que num\u00e9rique et innovation"}]},{"@type":"WebSite","@id":"https:\/\/www.istegroup.com\/#website","url":"https:\/\/www.istegroup.com\/","name":"ISTE Group","description":"\u00c9diteur des Sciences","potentialAction":[{"@type":"SearchAction","target":{"@type":"EntryPoint","urlTemplate":"https:\/\/www.istegroup.com\/?s={search_term_string}"},"query-input":{"@type":"PropertyValueSpecification","valueRequired":true,"valueName":"search_term_string"}}],"inLanguage":"fr-FR"}]}},"_links":{"self":[{"href":"https:\/\/www.istegroup.com\/fr\/wp-json\/wp\/v2\/product\/37188","targetHints":{"allow":["GET"]}}],"collection":[{"href":"https:\/\/www.istegroup.com\/fr\/wp-json\/wp\/v2\/product"}],"about":[{"href":"https:\/\/www.istegroup.com\/fr\/wp-json\/wp\/v2\/types\/product"}],"wp:featuredmedia":[{"embeddable":true,"href":"https:\/\/www.istegroup.com\/fr\/wp-json\/wp\/v2\/media\/37192"}],"wp:attachment":[{"href":"https:\/\/www.istegroup.com\/fr\/wp-json\/wp\/v2\/media?parent=37188"}],"wp:term":[{"taxonomy":"product_brand","embeddable":true,"href":"https:\/\/www.istegroup.com\/fr\/wp-json\/wp\/v2\/product_brand?post=37188"},{"taxonomy":"product_cat","embeddable":true,"href":"https:\/\/www.istegroup.com\/fr\/wp-json\/wp\/v2\/product_cat?post=37188"},{"taxonomy":"product_tag","embeddable":true,"href":"https:\/\/www.istegroup.com\/fr\/wp-json\/wp\/v2\/product_tag?post=37188"}],"curies":[{"name":"wp","href":"https:\/\/api.w.org\/{rel}","templated":true}]}}