{"id":36984,"date":"2023-07-12T15:34:39","date_gmt":"2023-07-12T14:34:39","guid":{"rendered":"https:\/\/www.istegroup.com\/?post_type=product&#038;p=36984"},"modified":"2025-01-03T11:07:37","modified_gmt":"2025-01-03T11:07:37","slug":"conception-et-evaluation-de-protocole-de-routage-ad-hoc","status":"publish","type":"product","link":"https:\/\/www.istegroup.com\/fr\/produit\/conception-et-evaluation-de-protocole-de-routage-ad-hoc\/","title":{"rendered":"Conception et \u00e9valuation de protocole de routage ad hoc"},"content":{"rendered":"<p><em>Conception et \u00e9valuation de protocole de routage ad hoc<\/em> s\u2019int\u00e9resse aux communications ad hoc entre les v\u00e9hicules dans un environnement routier. Il questionne la continuit\u00e9 des services d\u2019aide \u00e0 la conduite d\u00e9pendants des communications dans les zones o\u00f9 aucune infrastructure de communications ne serait op\u00e9rationnelle.<\/p>\n<p>Partant d\u2019un protocole de routage ad hoc propos\u00e9 par les auteurs, cet ouvrage expose la m\u00e9thodologie suivie de sa conception \u00e0 son \u00e9valuation. Il pr\u00e9sente l\u2019approche de conception bas\u00e9e sur les besoins fonctionnels et propose des analyses pour comprendre le fonctionnement du protocole, ses propri\u00e9t\u00e9s ainsi que ses performances pour des applications cibles.<\/p>\n<p>S\u2019adressant principalement aux personnes qui d\u00e9butent dans les domaines de l\u2019ing\u00e9nierie des protocoles, des r\u00e9seaux ad hoc ou des syst\u00e8mes de transport intelligents, cet ouvrage apporte \u00e9galement aux sp\u00e9cialistes un point de vue original sur la litt\u00e9rature scientifique en lien avec ces domaines. Il offre notamment des outils concrets pour faire \u00e9voluer leurs propres m\u00e9thodes de conception et d\u2019\u00e9valuation des protocoles de communications.<\/p>","protected":false},"excerpt":{"rendered":"<p>Conception et \u00e9valuation de protocole de routage ad hoc s\u2019int\u00e9resse aux communications ad hoc entre les v\u00e9hicules dans un environnement routier. Il questionne la continuit\u00e9 des services d\u2019aide \u00e0 la conduite d\u00e9pendants des communications dans les zones o\u00f9 aucune infrastructure de communications ne serait op\u00e9rationnelle. Partant d\u2019un protocole de routage ad hoc propos\u00e9 par les [&hellip;]<\/p>\n","protected":false},"featured_media":52374,"template":"","meta":{"_acf_changed":false,"_links_to":"","_links_to_target":""},"product_brand":[],"product_cat":[4289],"product_tag":[],"class_list":{"0":"post-36984","1":"product","2":"type-product","3":"status-publish","4":"has-post-thumbnail","6":"product_cat-sciences","8":"first","9":"instock","10":"shipping-taxable","11":"purchasable","12":"product-type-variable"},"acf":[],"yoast_head":"<!-- This site is optimized with the Yoast SEO plugin v27.2 - https:\/\/yoast.com\/product\/yoast-seo-wordpress\/ -->\n<title>Conception et \u00e9valuation de protocole de routage ad hoc - ISTE Group<\/title>\n<meta name=\"description\" content=\"Conception et \u00e9valuation de protocole de routage ad hoc s\u2019int\u00e9resse aux communications ad hoc entre les v\u00e9hicules dans un environnement routier.\" \/>\n<meta name=\"robots\" content=\"index, follow, max-snippet:-1, max-image-preview:large, max-video-preview:-1\" \/>\n<link rel=\"canonical\" href=\"https:\/\/www.istegroup.com\/fr\/produit\/conception-et-evaluation-de-protocole-de-routage-ad-hoc\/\" \/>\n<meta property=\"og:locale\" content=\"fr_FR\" \/>\n<meta property=\"og:type\" content=\"article\" \/>\n<meta property=\"og:title\" content=\"Conception et \u00e9valuation de protocole de routage ad hoc - ISTE Group\" \/>\n<meta property=\"og:description\" content=\"Conception et \u00e9valuation de protocole de routage ad hoc s\u2019int\u00e9resse aux communications ad hoc entre les v\u00e9hicules dans un environnement routier.\" \/>\n<meta property=\"og:url\" content=\"https:\/\/www.istegroup.com\/fr\/produit\/conception-et-evaluation-de-protocole-de-routage-ad-hoc\/\" \/>\n<meta property=\"og:site_name\" content=\"ISTE Group\" \/>\n<meta property=\"article:modified_time\" content=\"2025-01-03T11:07:37+00:00\" \/>\n<meta property=\"og:image\" content=\"https:\/\/www.istegroup.com\/wp-content\/uploads\/2023\/07\/Wahl_couv_300x450-1.jpg\" \/>\n\t<meta property=\"og:image:width\" content=\"300\" \/>\n\t<meta property=\"og:image:height\" content=\"450\" \/>\n\t<meta property=\"og:image:type\" content=\"image\/jpeg\" \/>\n<meta name=\"twitter:card\" content=\"summary_large_image\" \/>\n<meta name=\"twitter:label1\" content=\"Est. reading time\" \/>\n\t<meta name=\"twitter:data1\" content=\"1 minute\" \/>\n<script type=\"application\/ld+json\" class=\"yoast-schema-graph\">{\"@context\":\"https:\/\/schema.org\",\"@graph\":[{\"@type\":\"WebPage\",\"@id\":\"https:\/\/www.istegroup.com\/fr\/produit\/conception-et-evaluation-de-protocole-de-routage-ad-hoc\/\",\"url\":\"https:\/\/www.istegroup.com\/fr\/produit\/conception-et-evaluation-de-protocole-de-routage-ad-hoc\/\",\"name\":\"Conception et \u00e9valuation de protocole de routage ad hoc - ISTE Group\",\"isPartOf\":{\"@id\":\"https:\/\/www.istegroup.com\/#website\"},\"primaryImageOfPage\":{\"@id\":\"https:\/\/www.istegroup.com\/fr\/produit\/conception-et-evaluation-de-protocole-de-routage-ad-hoc\/#primaryimage\"},\"image\":{\"@id\":\"https:\/\/www.istegroup.com\/fr\/produit\/conception-et-evaluation-de-protocole-de-routage-ad-hoc\/#primaryimage\"},\"thumbnailUrl\":\"https:\/\/www.istegroup.com\/wp-content\/uploads\/2023\/07\/Wahl_couv_300x450-1.jpg\",\"datePublished\":\"2023-07-12T14:34:39+00:00\",\"dateModified\":\"2025-01-03T11:07:37+00:00\",\"description\":\"Conception et \u00e9valuation de protocole de routage ad hoc s\u2019int\u00e9resse aux communications ad hoc entre les v\u00e9hicules dans un environnement routier.\",\"breadcrumb\":{\"@id\":\"https:\/\/www.istegroup.com\/fr\/produit\/conception-et-evaluation-de-protocole-de-routage-ad-hoc\/#breadcrumb\"},\"inLanguage\":\"fr-FR\",\"potentialAction\":[{\"@type\":\"ReadAction\",\"target\":[\"https:\/\/www.istegroup.com\/fr\/produit\/conception-et-evaluation-de-protocole-de-routage-ad-hoc\/\"]}]},{\"@type\":\"ImageObject\",\"inLanguage\":\"fr-FR\",\"@id\":\"https:\/\/www.istegroup.com\/fr\/produit\/conception-et-evaluation-de-protocole-de-routage-ad-hoc\/#primaryimage\",\"url\":\"https:\/\/www.istegroup.com\/wp-content\/uploads\/2023\/07\/Wahl_couv_300x450-1.jpg\",\"contentUrl\":\"https:\/\/www.istegroup.com\/wp-content\/uploads\/2023\/07\/Wahl_couv_300x450-1.jpg\",\"width\":300,\"height\":450},{\"@type\":\"BreadcrumbList\",\"@id\":\"https:\/\/www.istegroup.com\/fr\/produit\/conception-et-evaluation-de-protocole-de-routage-ad-hoc\/#breadcrumb\",\"itemListElement\":[{\"@type\":\"ListItem\",\"position\":1,\"name\":\"Home\",\"item\":\"https:\/\/www.istegroup.com\/\"},{\"@type\":\"ListItem\",\"position\":2,\"name\":\"Shop\",\"item\":\"https:\/\/www.istegroup.com\/fr\/nouveautes\/\"},{\"@type\":\"ListItem\",\"position\":3,\"name\":\"Conception et \u00e9valuation de protocole de routage ad hoc\"}]},{\"@type\":\"WebSite\",\"@id\":\"https:\/\/www.istegroup.com\/#website\",\"url\":\"https:\/\/www.istegroup.com\/\",\"name\":\"ISTE Group\",\"description\":\"\u00c9diteur des Sciences\",\"potentialAction\":[{\"@type\":\"SearchAction\",\"target\":{\"@type\":\"EntryPoint\",\"urlTemplate\":\"https:\/\/www.istegroup.com\/?s={search_term_string}\"},\"query-input\":{\"@type\":\"PropertyValueSpecification\",\"valueRequired\":true,\"valueName\":\"search_term_string\"}}],\"inLanguage\":\"fr-FR\"}]}<\/script>\n<!-- \/ Yoast SEO plugin. -->","yoast_head_json":{"title":"Conception et \u00e9valuation de protocole de routage ad hoc - ISTE Group","description":"Conception et \u00e9valuation de protocole de routage ad hoc s\u2019int\u00e9resse aux communications ad hoc entre les v\u00e9hicules dans un environnement routier.","robots":{"index":"index","follow":"follow","max-snippet":"max-snippet:-1","max-image-preview":"max-image-preview:large","max-video-preview":"max-video-preview:-1"},"canonical":"https:\/\/www.istegroup.com\/fr\/produit\/conception-et-evaluation-de-protocole-de-routage-ad-hoc\/","og_locale":"fr_FR","og_type":"article","og_title":"Conception et \u00e9valuation de protocole de routage ad hoc - ISTE Group","og_description":"Conception et \u00e9valuation de protocole de routage ad hoc s\u2019int\u00e9resse aux communications ad hoc entre les v\u00e9hicules dans un environnement routier.","og_url":"https:\/\/www.istegroup.com\/fr\/produit\/conception-et-evaluation-de-protocole-de-routage-ad-hoc\/","og_site_name":"ISTE Group","article_modified_time":"2025-01-03T11:07:37+00:00","og_image":[{"width":300,"height":450,"url":"https:\/\/www.istegroup.com\/wp-content\/uploads\/2023\/07\/Wahl_couv_300x450-1.jpg","type":"image\/jpeg"}],"twitter_card":"summary_large_image","twitter_misc":{"Est. reading time":"1 minute"},"schema":{"@context":"https:\/\/schema.org","@graph":[{"@type":"WebPage","@id":"https:\/\/www.istegroup.com\/fr\/produit\/conception-et-evaluation-de-protocole-de-routage-ad-hoc\/","url":"https:\/\/www.istegroup.com\/fr\/produit\/conception-et-evaluation-de-protocole-de-routage-ad-hoc\/","name":"Conception et \u00e9valuation de protocole de routage ad hoc - ISTE Group","isPartOf":{"@id":"https:\/\/www.istegroup.com\/#website"},"primaryImageOfPage":{"@id":"https:\/\/www.istegroup.com\/fr\/produit\/conception-et-evaluation-de-protocole-de-routage-ad-hoc\/#primaryimage"},"image":{"@id":"https:\/\/www.istegroup.com\/fr\/produit\/conception-et-evaluation-de-protocole-de-routage-ad-hoc\/#primaryimage"},"thumbnailUrl":"https:\/\/www.istegroup.com\/wp-content\/uploads\/2023\/07\/Wahl_couv_300x450-1.jpg","datePublished":"2023-07-12T14:34:39+00:00","dateModified":"2025-01-03T11:07:37+00:00","description":"Conception et \u00e9valuation de protocole de routage ad hoc s\u2019int\u00e9resse aux communications ad hoc entre les v\u00e9hicules dans un environnement routier.","breadcrumb":{"@id":"https:\/\/www.istegroup.com\/fr\/produit\/conception-et-evaluation-de-protocole-de-routage-ad-hoc\/#breadcrumb"},"inLanguage":"fr-FR","potentialAction":[{"@type":"ReadAction","target":["https:\/\/www.istegroup.com\/fr\/produit\/conception-et-evaluation-de-protocole-de-routage-ad-hoc\/"]}]},{"@type":"ImageObject","inLanguage":"fr-FR","@id":"https:\/\/www.istegroup.com\/fr\/produit\/conception-et-evaluation-de-protocole-de-routage-ad-hoc\/#primaryimage","url":"https:\/\/www.istegroup.com\/wp-content\/uploads\/2023\/07\/Wahl_couv_300x450-1.jpg","contentUrl":"https:\/\/www.istegroup.com\/wp-content\/uploads\/2023\/07\/Wahl_couv_300x450-1.jpg","width":300,"height":450},{"@type":"BreadcrumbList","@id":"https:\/\/www.istegroup.com\/fr\/produit\/conception-et-evaluation-de-protocole-de-routage-ad-hoc\/#breadcrumb","itemListElement":[{"@type":"ListItem","position":1,"name":"Home","item":"https:\/\/www.istegroup.com\/"},{"@type":"ListItem","position":2,"name":"Shop","item":"https:\/\/www.istegroup.com\/fr\/nouveautes\/"},{"@type":"ListItem","position":3,"name":"Conception et \u00e9valuation de protocole de routage ad hoc"}]},{"@type":"WebSite","@id":"https:\/\/www.istegroup.com\/#website","url":"https:\/\/www.istegroup.com\/","name":"ISTE Group","description":"\u00c9diteur des Sciences","potentialAction":[{"@type":"SearchAction","target":{"@type":"EntryPoint","urlTemplate":"https:\/\/www.istegroup.com\/?s={search_term_string}"},"query-input":{"@type":"PropertyValueSpecification","valueRequired":true,"valueName":"search_term_string"}}],"inLanguage":"fr-FR"}]}},"_links":{"self":[{"href":"https:\/\/www.istegroup.com\/fr\/wp-json\/wp\/v2\/product\/36984","targetHints":{"allow":["GET"]}}],"collection":[{"href":"https:\/\/www.istegroup.com\/fr\/wp-json\/wp\/v2\/product"}],"about":[{"href":"https:\/\/www.istegroup.com\/fr\/wp-json\/wp\/v2\/types\/product"}],"wp:featuredmedia":[{"embeddable":true,"href":"https:\/\/www.istegroup.com\/fr\/wp-json\/wp\/v2\/media\/52374"}],"wp:attachment":[{"href":"https:\/\/www.istegroup.com\/fr\/wp-json\/wp\/v2\/media?parent=36984"}],"wp:term":[{"taxonomy":"product_brand","embeddable":true,"href":"https:\/\/www.istegroup.com\/fr\/wp-json\/wp\/v2\/product_brand?post=36984"},{"taxonomy":"product_cat","embeddable":true,"href":"https:\/\/www.istegroup.com\/fr\/wp-json\/wp\/v2\/product_cat?post=36984"},{"taxonomy":"product_tag","embeddable":true,"href":"https:\/\/www.istegroup.com\/fr\/wp-json\/wp\/v2\/product_tag?post=36984"}],"curies":[{"name":"wp","href":"https:\/\/api.w.org\/{rel}","templated":true}]}}