{"id":36968,"date":"2024-06-06T15:34:39","date_gmt":"2024-06-06T14:34:39","guid":{"rendered":"https:\/\/www.istegroup.com\/?post_type=product&#038;p=36968"},"modified":"2025-03-14T09:58:15","modified_gmt":"2025-03-14T09:58:15","slug":"fonction-et-evolution-des-sequences-repetees-dans-les-genomes","status":"publish","type":"product","link":"https:\/\/www.istegroup.com\/fr\/produit\/fonction-et-evolution-des-sequences-repetees-dans-les-genomes\/","title":{"rendered":"Fonction et \u00e9volution des s\u00e9quences r\u00e9p\u00e9t\u00e9es dans les g\u00e9nomes"},"content":{"rendered":"<p>Le g\u00e9nome des \u00eatres vivants est compos\u00e9 de s\u00e9quences d\u2019ADN d\u2019origines diverses, dont le r\u00f4le est parfois difficile \u00e0 appr\u00e9hender. Au-del\u00e0 des g\u00e8nes, dont le produit a une fonction biologique pouvant \u00eatre inf\u00e9r\u00e9e par l\u2019exp\u00e9rimentation, certaines s\u00e9quences, pr\u00e9sentes en un grand nombre de copies, \u00e9chappent encore aux approches les plus fines visant \u00e0 \u00e9lucider leur r\u00f4le pr\u00e9cis.<\/p>\n<p>L\u2019existence de ce que les g\u00e9n\u00e9ticiens du XXe si\u00e8cle avaient d\u00e9j\u00e0 per\u00e7u, et d\u00e9crit \u00e0 tort comme de \u00ab l\u2019ADN poubelle \u00bb, fut confirm\u00e9 par le s\u00e9quen\u00e7age des premiers g\u00e9nomes complexes, dont celui d\u2019<em>Homo sapiens<\/em>. Une large partie de ce qui d\u00e9finit le vivant n\u2019est pas unique mais r\u00e9p\u00e9t\u00e9, parfois un tr\u00e8s grand nombre de fois, augmentant la complexit\u00e9 par duplication et multiplication successives.<\/p>\n<p>Comprendre et d\u00e9finir les nombreuses fonctions de cette myriade de s\u00e9quences r\u00e9p\u00e9t\u00e9es, ainsi que leur \u00e9volution sous l\u2019effet de la s\u00e9lection naturelle et de la d\u00e9rive g\u00e9n\u00e9tique, est devenue l\u2019un des enjeux majeurs de la g\u00e9nomique du XXIe si\u00e8cle.<\/p>","protected":false},"excerpt":{"rendered":"<p>Le g\u00e9nome des \u00eatres vivants est compos\u00e9 de s\u00e9quences d\u2019ADN d\u2019origines diverses, dont le r\u00f4le est parfois difficile \u00e0 appr\u00e9hender. Au-del\u00e0 des g\u00e8nes, dont le produit a une fonction biologique pouvant \u00eatre inf\u00e9r\u00e9e par l\u2019exp\u00e9rimentation, certaines s\u00e9quences, pr\u00e9sentes en un grand nombre de copies, \u00e9chappent encore aux approches les plus fines visant \u00e0 \u00e9lucider leur [&hellip;]<\/p>\n","protected":false},"featured_media":56898,"template":"","meta":{"_acf_changed":false,"_links_to":"","_links_to_target":""},"product_brand":[],"product_cat":[4289],"product_tag":[],"class_list":{"0":"post-36968","1":"product","2":"type-product","3":"status-publish","4":"has-post-thumbnail","6":"product_cat-sciences","8":"first","9":"instock","10":"shipping-taxable","11":"purchasable","12":"product-type-variable"},"acf":[],"yoast_head":"<!-- This site is optimized with the Yoast SEO plugin v27.2 - https:\/\/yoast.com\/product\/yoast-seo-wordpress\/ -->\n<title>Fonction et \u00e9volution des s\u00e9quences r\u00e9p\u00e9t\u00e9es dans les g\u00e9nomes - ISTE Group<\/title>\n<meta name=\"description\" content=\"Le g\u00e9nome des \u00eatres vivants est compos\u00e9 de s\u00e9quences d\u2019ADN d\u2019origines diverses, dont le r\u00f4le est parfois difficile \u00e0 appr\u00e9hender.\" \/>\n<meta name=\"robots\" content=\"index, follow, max-snippet:-1, max-image-preview:large, max-video-preview:-1\" \/>\n<link rel=\"canonical\" href=\"https:\/\/www.istegroup.com\/produit\/fonction-et-evolution-des-sequences-repetees-dans-les-genomes\/\" \/>\n<meta property=\"og:locale\" content=\"fr_FR\" \/>\n<meta property=\"og:type\" content=\"article\" \/>\n<meta property=\"og:title\" content=\"Fonction et \u00e9volution des s\u00e9quences r\u00e9p\u00e9t\u00e9es dans les g\u00e9nomes - ISTE Group\" \/>\n<meta property=\"og:description\" content=\"Le g\u00e9nome des \u00eatres vivants est compos\u00e9 de s\u00e9quences d\u2019ADN d\u2019origines diverses, dont le r\u00f4le est parfois difficile \u00e0 appr\u00e9hender.\" \/>\n<meta property=\"og:url\" content=\"https:\/\/www.istegroup.com\/produit\/fonction-et-evolution-des-sequences-repetees-dans-les-genomes\/\" \/>\n<meta property=\"og:site_name\" content=\"ISTE Group\" \/>\n<meta property=\"article:modified_time\" content=\"2025-03-14T09:58:15+00:00\" \/>\n<meta property=\"og:image\" content=\"https:\/\/www.istegroup.com\/wp-content\/uploads\/2019\/11\/Fonction-et-evolution-des-sequences-repetees-dans-les-genomes.jpeg\" \/>\n\t<meta property=\"og:image:width\" content=\"300\" \/>\n\t<meta property=\"og:image:height\" content=\"450\" \/>\n\t<meta property=\"og:image:type\" content=\"image\/jpeg\" \/>\n<meta name=\"twitter:card\" content=\"summary_large_image\" \/>\n<meta name=\"twitter:label1\" content=\"Est. reading time\" \/>\n\t<meta name=\"twitter:data1\" content=\"2 minutes\" \/>\n<script type=\"application\/ld+json\" class=\"yoast-schema-graph\">{\"@context\":\"https:\/\/schema.org\",\"@graph\":[{\"@type\":\"WebPage\",\"@id\":\"https:\/\/www.istegroup.com\/produit\/fonction-et-evolution-des-sequences-repetees-dans-les-genomes\/\",\"url\":\"https:\/\/www.istegroup.com\/produit\/fonction-et-evolution-des-sequences-repetees-dans-les-genomes\/\",\"name\":\"Fonction et \u00e9volution des s\u00e9quences r\u00e9p\u00e9t\u00e9es dans les g\u00e9nomes - ISTE Group\",\"isPartOf\":{\"@id\":\"https:\/\/www.istegroup.com\/#website\"},\"primaryImageOfPage\":{\"@id\":\"https:\/\/www.istegroup.com\/produit\/fonction-et-evolution-des-sequences-repetees-dans-les-genomes\/#primaryimage\"},\"image\":{\"@id\":\"https:\/\/www.istegroup.com\/produit\/fonction-et-evolution-des-sequences-repetees-dans-les-genomes\/#primaryimage\"},\"thumbnailUrl\":\"https:\/\/www.istegroup.com\/wp-content\/uploads\/2019\/11\/Fonction-et-evolution-des-sequences-repetees-dans-les-genomes.jpeg\",\"datePublished\":\"2024-06-06T14:34:39+00:00\",\"dateModified\":\"2025-03-14T09:58:15+00:00\",\"description\":\"Le g\u00e9nome des \u00eatres vivants est compos\u00e9 de s\u00e9quences d\u2019ADN d\u2019origines diverses, dont le r\u00f4le est parfois difficile \u00e0 appr\u00e9hender.\",\"breadcrumb\":{\"@id\":\"https:\/\/www.istegroup.com\/produit\/fonction-et-evolution-des-sequences-repetees-dans-les-genomes\/#breadcrumb\"},\"inLanguage\":\"fr-FR\",\"potentialAction\":[{\"@type\":\"ReadAction\",\"target\":[\"https:\/\/www.istegroup.com\/produit\/fonction-et-evolution-des-sequences-repetees-dans-les-genomes\/\"]}]},{\"@type\":\"ImageObject\",\"inLanguage\":\"fr-FR\",\"@id\":\"https:\/\/www.istegroup.com\/produit\/fonction-et-evolution-des-sequences-repetees-dans-les-genomes\/#primaryimage\",\"url\":\"https:\/\/www.istegroup.com\/wp-content\/uploads\/2019\/11\/Fonction-et-evolution-des-sequences-repetees-dans-les-genomes.jpeg\",\"contentUrl\":\"https:\/\/www.istegroup.com\/wp-content\/uploads\/2019\/11\/Fonction-et-evolution-des-sequences-repetees-dans-les-genomes.jpeg\",\"width\":300,\"height\":450,\"caption\":\"Livre scientifique - Fonction et \u00e9volution des s\u00e9quences r\u00e9p\u00e9t\u00e9es dans les g\u00e9nomes\"},{\"@type\":\"BreadcrumbList\",\"@id\":\"https:\/\/www.istegroup.com\/produit\/fonction-et-evolution-des-sequences-repetees-dans-les-genomes\/#breadcrumb\",\"itemListElement\":[{\"@type\":\"ListItem\",\"position\":1,\"name\":\"Home\",\"item\":\"https:\/\/www.istegroup.com\/\"},{\"@type\":\"ListItem\",\"position\":2,\"name\":\"Shop\",\"item\":\"https:\/\/www.istegroup.com\/fr\/nouveautes\/\"},{\"@type\":\"ListItem\",\"position\":3,\"name\":\"Fonction et \u00e9volution des s\u00e9quences r\u00e9p\u00e9t\u00e9es dans les g\u00e9nomes\"}]},{\"@type\":\"WebSite\",\"@id\":\"https:\/\/www.istegroup.com\/#website\",\"url\":\"https:\/\/www.istegroup.com\/\",\"name\":\"ISTE Group\",\"description\":\"\u00c9diteur des Sciences\",\"potentialAction\":[{\"@type\":\"SearchAction\",\"target\":{\"@type\":\"EntryPoint\",\"urlTemplate\":\"https:\/\/www.istegroup.com\/?s={search_term_string}\"},\"query-input\":{\"@type\":\"PropertyValueSpecification\",\"valueRequired\":true,\"valueName\":\"search_term_string\"}}],\"inLanguage\":\"fr-FR\"}]}<\/script>\n<!-- \/ Yoast SEO plugin. -->","yoast_head_json":{"title":"Fonction et \u00e9volution des s\u00e9quences r\u00e9p\u00e9t\u00e9es dans les g\u00e9nomes - ISTE Group","description":"Le g\u00e9nome des \u00eatres vivants est compos\u00e9 de s\u00e9quences d\u2019ADN d\u2019origines diverses, dont le r\u00f4le est parfois difficile \u00e0 appr\u00e9hender.","robots":{"index":"index","follow":"follow","max-snippet":"max-snippet:-1","max-image-preview":"max-image-preview:large","max-video-preview":"max-video-preview:-1"},"canonical":"https:\/\/www.istegroup.com\/produit\/fonction-et-evolution-des-sequences-repetees-dans-les-genomes\/","og_locale":"fr_FR","og_type":"article","og_title":"Fonction et \u00e9volution des s\u00e9quences r\u00e9p\u00e9t\u00e9es dans les g\u00e9nomes - ISTE Group","og_description":"Le g\u00e9nome des \u00eatres vivants est compos\u00e9 de s\u00e9quences d\u2019ADN d\u2019origines diverses, dont le r\u00f4le est parfois difficile \u00e0 appr\u00e9hender.","og_url":"https:\/\/www.istegroup.com\/produit\/fonction-et-evolution-des-sequences-repetees-dans-les-genomes\/","og_site_name":"ISTE Group","article_modified_time":"2025-03-14T09:58:15+00:00","og_image":[{"width":300,"height":450,"url":"https:\/\/www.istegroup.com\/wp-content\/uploads\/2019\/11\/Fonction-et-evolution-des-sequences-repetees-dans-les-genomes.jpeg","type":"image\/jpeg"}],"twitter_card":"summary_large_image","twitter_misc":{"Est. reading time":"2 minutes"},"schema":{"@context":"https:\/\/schema.org","@graph":[{"@type":"WebPage","@id":"https:\/\/www.istegroup.com\/produit\/fonction-et-evolution-des-sequences-repetees-dans-les-genomes\/","url":"https:\/\/www.istegroup.com\/produit\/fonction-et-evolution-des-sequences-repetees-dans-les-genomes\/","name":"Fonction et \u00e9volution des s\u00e9quences r\u00e9p\u00e9t\u00e9es dans les g\u00e9nomes - ISTE Group","isPartOf":{"@id":"https:\/\/www.istegroup.com\/#website"},"primaryImageOfPage":{"@id":"https:\/\/www.istegroup.com\/produit\/fonction-et-evolution-des-sequences-repetees-dans-les-genomes\/#primaryimage"},"image":{"@id":"https:\/\/www.istegroup.com\/produit\/fonction-et-evolution-des-sequences-repetees-dans-les-genomes\/#primaryimage"},"thumbnailUrl":"https:\/\/www.istegroup.com\/wp-content\/uploads\/2019\/11\/Fonction-et-evolution-des-sequences-repetees-dans-les-genomes.jpeg","datePublished":"2024-06-06T14:34:39+00:00","dateModified":"2025-03-14T09:58:15+00:00","description":"Le g\u00e9nome des \u00eatres vivants est compos\u00e9 de s\u00e9quences d\u2019ADN d\u2019origines diverses, dont le r\u00f4le est parfois difficile \u00e0 appr\u00e9hender.","breadcrumb":{"@id":"https:\/\/www.istegroup.com\/produit\/fonction-et-evolution-des-sequences-repetees-dans-les-genomes\/#breadcrumb"},"inLanguage":"fr-FR","potentialAction":[{"@type":"ReadAction","target":["https:\/\/www.istegroup.com\/produit\/fonction-et-evolution-des-sequences-repetees-dans-les-genomes\/"]}]},{"@type":"ImageObject","inLanguage":"fr-FR","@id":"https:\/\/www.istegroup.com\/produit\/fonction-et-evolution-des-sequences-repetees-dans-les-genomes\/#primaryimage","url":"https:\/\/www.istegroup.com\/wp-content\/uploads\/2019\/11\/Fonction-et-evolution-des-sequences-repetees-dans-les-genomes.jpeg","contentUrl":"https:\/\/www.istegroup.com\/wp-content\/uploads\/2019\/11\/Fonction-et-evolution-des-sequences-repetees-dans-les-genomes.jpeg","width":300,"height":450,"caption":"Livre scientifique - Fonction et \u00e9volution des s\u00e9quences r\u00e9p\u00e9t\u00e9es dans les g\u00e9nomes"},{"@type":"BreadcrumbList","@id":"https:\/\/www.istegroup.com\/produit\/fonction-et-evolution-des-sequences-repetees-dans-les-genomes\/#breadcrumb","itemListElement":[{"@type":"ListItem","position":1,"name":"Home","item":"https:\/\/www.istegroup.com\/"},{"@type":"ListItem","position":2,"name":"Shop","item":"https:\/\/www.istegroup.com\/fr\/nouveautes\/"},{"@type":"ListItem","position":3,"name":"Fonction et \u00e9volution des s\u00e9quences r\u00e9p\u00e9t\u00e9es dans les g\u00e9nomes"}]},{"@type":"WebSite","@id":"https:\/\/www.istegroup.com\/#website","url":"https:\/\/www.istegroup.com\/","name":"ISTE Group","description":"\u00c9diteur des Sciences","potentialAction":[{"@type":"SearchAction","target":{"@type":"EntryPoint","urlTemplate":"https:\/\/www.istegroup.com\/?s={search_term_string}"},"query-input":{"@type":"PropertyValueSpecification","valueRequired":true,"valueName":"search_term_string"}}],"inLanguage":"fr-FR"}]}},"_links":{"self":[{"href":"https:\/\/www.istegroup.com\/fr\/wp-json\/wp\/v2\/product\/36968","targetHints":{"allow":["GET"]}}],"collection":[{"href":"https:\/\/www.istegroup.com\/fr\/wp-json\/wp\/v2\/product"}],"about":[{"href":"https:\/\/www.istegroup.com\/fr\/wp-json\/wp\/v2\/types\/product"}],"wp:featuredmedia":[{"embeddable":true,"href":"https:\/\/www.istegroup.com\/fr\/wp-json\/wp\/v2\/media\/56898"}],"wp:attachment":[{"href":"https:\/\/www.istegroup.com\/fr\/wp-json\/wp\/v2\/media?parent=36968"}],"wp:term":[{"taxonomy":"product_brand","embeddable":true,"href":"https:\/\/www.istegroup.com\/fr\/wp-json\/wp\/v2\/product_brand?post=36968"},{"taxonomy":"product_cat","embeddable":true,"href":"https:\/\/www.istegroup.com\/fr\/wp-json\/wp\/v2\/product_cat?post=36968"},{"taxonomy":"product_tag","embeddable":true,"href":"https:\/\/www.istegroup.com\/fr\/wp-json\/wp\/v2\/product_tag?post=36968"}],"curies":[{"name":"wp","href":"https:\/\/api.w.org\/{rel}","templated":true}]}}