{"id":36872,"date":"2023-01-19T11:00:52","date_gmt":"2023-01-19T11:00:52","guid":{"rendered":"https:\/\/www.istegroup.com\/?post_type=product&#038;p=36872"},"modified":"2025-01-03T11:13:56","modified_gmt":"2025-01-03T11:13:56","slug":"methodes-et-modeles-statistiques-pour-la-sismogenese","status":"publish","type":"product","link":"https:\/\/www.istegroup.com\/fr\/produit\/methodes-et-modeles-statistiques-pour-la-sismogenese\/","title":{"rendered":"M\u00e9thodes et mod\u00e8les statistiques pour la sismogen\u00e8se"},"content":{"rendered":"<p>L\u2019\u00e9tude des s\u00e9ismes est un champ multidisciplinaire o\u00f9 se rencontrent, entre autres, la g\u00e9odynamique, les math\u00e9matiques, la physique et l\u2019ing\u00e9nierie, mais \u00e9galement le hasard.<\/p>\n<p><em>M\u00e9thodes et mod\u00e8les statistiques pour la sismogen\u00e8se<\/em> offre un ensemble riche et vari\u00e9 de m\u00e9thodes permettant l\u2019\u00e9tude statistique et la pr\u00e9vision des s\u00e9ismes. Il d\u00e9taille les m\u00e9thodes statistiques param\u00e9triques et non param\u00e9triques, l\u2019approche des syst\u00e8mes multi\u00e9tats, les simulateurs de s\u00e9ismes, les mod\u00e8les d\u2019activit\u00e9 post-sismique, les mod\u00e8les ETAS de type branchement, les mod\u00e8les de Markov de s\u00e9ries temporelles avec r\u00e9gression, les propri\u00e9t\u00e9s d\u2019\u00e9chelle et les approches multifractales.<\/p>\n<p>Cet ouvrage pr\u00e9sente \u00e9galement les mod\u00e8les autocorrectifs, le mod\u00e8le de lib\u00e9ration des contraintes li\u00e9es, les mod\u00e8les d\u2019arriv\u00e9es markoviens, les techniques de d\u00e9tection bas\u00e9es sur les mod\u00e8les de Poisson et les techniques de d\u00e9tection des points de changement sur les mod\u00e8les de sismicit\u00e9. Les mod\u00e8les semi-markoviens pour la pr\u00e9vision des s\u00e9ismes concluent cette \u00e9tude exhaustive de la sismogen\u00e8se.<\/p>","protected":false},"excerpt":{"rendered":"<p>L\u2019\u00e9tude des s\u00e9ismes est un champ multidisciplinaire o\u00f9 se rencontrent, entre autres, la g\u00e9odynamique, les math\u00e9matiques, la physique et l\u2019ing\u00e9nierie, mais \u00e9galement le hasard. M\u00e9thodes et mod\u00e8les statistiques pour la sismogen\u00e8se offre un ensemble riche et vari\u00e9 de m\u00e9thodes permettant l\u2019\u00e9tude statistique et la pr\u00e9vision des s\u00e9ismes. Il d\u00e9taille les m\u00e9thodes statistiques param\u00e9triques et non [&hellip;]<\/p>\n","protected":false},"featured_media":49363,"template":"","meta":{"_acf_changed":false,"_links_to":"","_links_to_target":""},"product_brand":[],"product_cat":[4289],"product_tag":[],"class_list":{"0":"post-36872","1":"product","2":"type-product","3":"status-publish","4":"has-post-thumbnail","6":"product_cat-sciences","8":"first","9":"instock","10":"shipping-taxable","11":"purchasable","12":"product-type-variable"},"acf":[],"yoast_head":"<!-- This site is optimized with the Yoast SEO plugin v27.2 - https:\/\/yoast.com\/product\/yoast-seo-wordpress\/ -->\n<title>M\u00e9thodes et mod\u00e8les statistiques pour la sismogen\u00e8se - ISTE Group<\/title>\n<meta name=\"description\" content=\"M\u00e9thodes et mod\u00e8les statistiques pour la sismogen\u00e8se offre un ensemble riche et vari\u00e9 de m\u00e9thodes permettant l\u2019\u00e9tude statistique et la pr\u00e9vision des s\u00e9ismes.\" \/>\n<meta name=\"robots\" content=\"index, follow, max-snippet:-1, max-image-preview:large, max-video-preview:-1\" \/>\n<link rel=\"canonical\" href=\"https:\/\/www.istegroup.com\/fr\/produit\/methodes-et-modeles-statistiques-pour-la-sismogenese\/\" \/>\n<meta property=\"og:locale\" content=\"fr_FR\" \/>\n<meta property=\"og:type\" content=\"article\" \/>\n<meta property=\"og:title\" content=\"M\u00e9thodes et mod\u00e8les statistiques pour la sismogen\u00e8se - ISTE Group\" \/>\n<meta property=\"og:description\" content=\"M\u00e9thodes et mod\u00e8les statistiques pour la sismogen\u00e8se offre un ensemble riche et vari\u00e9 de m\u00e9thodes permettant l\u2019\u00e9tude statistique et la pr\u00e9vision des s\u00e9ismes.\" \/>\n<meta property=\"og:url\" content=\"https:\/\/www.istegroup.com\/fr\/produit\/methodes-et-modeles-statistiques-pour-la-sismogenese\/\" \/>\n<meta property=\"og:site_name\" content=\"ISTE Group\" \/>\n<meta property=\"article:modified_time\" content=\"2025-01-03T11:13:56+00:00\" \/>\n<meta property=\"og:image\" content=\"https:\/\/www.istegroup.com\/wp-content\/uploads\/2022\/12\/Methodes-et-modeles-statistiques-pour-la-sismogenese.jpeg\" \/>\n\t<meta property=\"og:image:width\" content=\"300\" \/>\n\t<meta property=\"og:image:height\" content=\"450\" \/>\n\t<meta property=\"og:image:type\" content=\"image\/jpeg\" \/>\n<meta name=\"twitter:card\" content=\"summary_large_image\" \/>\n<meta name=\"twitter:label1\" content=\"Est. reading time\" \/>\n\t<meta name=\"twitter:data1\" content=\"1 minute\" \/>\n<script type=\"application\/ld+json\" class=\"yoast-schema-graph\">{\"@context\":\"https:\/\/schema.org\",\"@graph\":[{\"@type\":\"WebPage\",\"@id\":\"https:\/\/www.istegroup.com\/fr\/produit\/methodes-et-modeles-statistiques-pour-la-sismogenese\/\",\"url\":\"https:\/\/www.istegroup.com\/fr\/produit\/methodes-et-modeles-statistiques-pour-la-sismogenese\/\",\"name\":\"M\u00e9thodes et mod\u00e8les statistiques pour la sismogen\u00e8se - ISTE Group\",\"isPartOf\":{\"@id\":\"https:\/\/www.istegroup.com\/#website\"},\"primaryImageOfPage\":{\"@id\":\"https:\/\/www.istegroup.com\/fr\/produit\/methodes-et-modeles-statistiques-pour-la-sismogenese\/#primaryimage\"},\"image\":{\"@id\":\"https:\/\/www.istegroup.com\/fr\/produit\/methodes-et-modeles-statistiques-pour-la-sismogenese\/#primaryimage\"},\"thumbnailUrl\":\"https:\/\/www.istegroup.com\/wp-content\/uploads\/2022\/12\/Methodes-et-modeles-statistiques-pour-la-sismogenese.jpeg\",\"datePublished\":\"2023-01-19T11:00:52+00:00\",\"dateModified\":\"2025-01-03T11:13:56+00:00\",\"description\":\"M\u00e9thodes et mod\u00e8les statistiques pour la sismogen\u00e8se offre un ensemble riche et vari\u00e9 de m\u00e9thodes permettant l\u2019\u00e9tude statistique et la pr\u00e9vision des s\u00e9ismes.\",\"breadcrumb\":{\"@id\":\"https:\/\/www.istegroup.com\/fr\/produit\/methodes-et-modeles-statistiques-pour-la-sismogenese\/#breadcrumb\"},\"inLanguage\":\"fr-FR\",\"potentialAction\":[{\"@type\":\"ReadAction\",\"target\":[\"https:\/\/www.istegroup.com\/fr\/produit\/methodes-et-modeles-statistiques-pour-la-sismogenese\/\"]}]},{\"@type\":\"ImageObject\",\"inLanguage\":\"fr-FR\",\"@id\":\"https:\/\/www.istegroup.com\/fr\/produit\/methodes-et-modeles-statistiques-pour-la-sismogenese\/#primaryimage\",\"url\":\"https:\/\/www.istegroup.com\/wp-content\/uploads\/2022\/12\/Methodes-et-modeles-statistiques-pour-la-sismogenese.jpeg\",\"contentUrl\":\"https:\/\/www.istegroup.com\/wp-content\/uploads\/2022\/12\/Methodes-et-modeles-statistiques-pour-la-sismogenese.jpeg\",\"width\":300,\"height\":450,\"caption\":\"Livre scientifique - M\u00e9thodes et mod\u00e8les statistiques pour la sismogen\u00e8se - Encyclop\u00e9die SCIENCES\"},{\"@type\":\"BreadcrumbList\",\"@id\":\"https:\/\/www.istegroup.com\/fr\/produit\/methodes-et-modeles-statistiques-pour-la-sismogenese\/#breadcrumb\",\"itemListElement\":[{\"@type\":\"ListItem\",\"position\":1,\"name\":\"Home\",\"item\":\"https:\/\/www.istegroup.com\/\"},{\"@type\":\"ListItem\",\"position\":2,\"name\":\"Shop\",\"item\":\"https:\/\/www.istegroup.com\/fr\/nouveautes\/\"},{\"@type\":\"ListItem\",\"position\":3,\"name\":\"M\u00e9thodes et mod\u00e8les statistiques pour la sismogen\u00e8se\"}]},{\"@type\":\"WebSite\",\"@id\":\"https:\/\/www.istegroup.com\/#website\",\"url\":\"https:\/\/www.istegroup.com\/\",\"name\":\"ISTE Group\",\"description\":\"\u00c9diteur des Sciences\",\"potentialAction\":[{\"@type\":\"SearchAction\",\"target\":{\"@type\":\"EntryPoint\",\"urlTemplate\":\"https:\/\/www.istegroup.com\/?s={search_term_string}\"},\"query-input\":{\"@type\":\"PropertyValueSpecification\",\"valueRequired\":true,\"valueName\":\"search_term_string\"}}],\"inLanguage\":\"fr-FR\"}]}<\/script>\n<!-- \/ Yoast SEO plugin. -->","yoast_head_json":{"title":"M\u00e9thodes et mod\u00e8les statistiques pour la sismogen\u00e8se - ISTE Group","description":"M\u00e9thodes et mod\u00e8les statistiques pour la sismogen\u00e8se offre un ensemble riche et vari\u00e9 de m\u00e9thodes permettant l\u2019\u00e9tude statistique et la pr\u00e9vision des s\u00e9ismes.","robots":{"index":"index","follow":"follow","max-snippet":"max-snippet:-1","max-image-preview":"max-image-preview:large","max-video-preview":"max-video-preview:-1"},"canonical":"https:\/\/www.istegroup.com\/fr\/produit\/methodes-et-modeles-statistiques-pour-la-sismogenese\/","og_locale":"fr_FR","og_type":"article","og_title":"M\u00e9thodes et mod\u00e8les statistiques pour la sismogen\u00e8se - ISTE Group","og_description":"M\u00e9thodes et mod\u00e8les statistiques pour la sismogen\u00e8se offre un ensemble riche et vari\u00e9 de m\u00e9thodes permettant l\u2019\u00e9tude statistique et la pr\u00e9vision des s\u00e9ismes.","og_url":"https:\/\/www.istegroup.com\/fr\/produit\/methodes-et-modeles-statistiques-pour-la-sismogenese\/","og_site_name":"ISTE Group","article_modified_time":"2025-01-03T11:13:56+00:00","og_image":[{"width":300,"height":450,"url":"https:\/\/www.istegroup.com\/wp-content\/uploads\/2022\/12\/Methodes-et-modeles-statistiques-pour-la-sismogenese.jpeg","type":"image\/jpeg"}],"twitter_card":"summary_large_image","twitter_misc":{"Est. reading time":"1 minute"},"schema":{"@context":"https:\/\/schema.org","@graph":[{"@type":"WebPage","@id":"https:\/\/www.istegroup.com\/fr\/produit\/methodes-et-modeles-statistiques-pour-la-sismogenese\/","url":"https:\/\/www.istegroup.com\/fr\/produit\/methodes-et-modeles-statistiques-pour-la-sismogenese\/","name":"M\u00e9thodes et mod\u00e8les statistiques pour la sismogen\u00e8se - ISTE Group","isPartOf":{"@id":"https:\/\/www.istegroup.com\/#website"},"primaryImageOfPage":{"@id":"https:\/\/www.istegroup.com\/fr\/produit\/methodes-et-modeles-statistiques-pour-la-sismogenese\/#primaryimage"},"image":{"@id":"https:\/\/www.istegroup.com\/fr\/produit\/methodes-et-modeles-statistiques-pour-la-sismogenese\/#primaryimage"},"thumbnailUrl":"https:\/\/www.istegroup.com\/wp-content\/uploads\/2022\/12\/Methodes-et-modeles-statistiques-pour-la-sismogenese.jpeg","datePublished":"2023-01-19T11:00:52+00:00","dateModified":"2025-01-03T11:13:56+00:00","description":"M\u00e9thodes et mod\u00e8les statistiques pour la sismogen\u00e8se offre un ensemble riche et vari\u00e9 de m\u00e9thodes permettant l\u2019\u00e9tude statistique et la pr\u00e9vision des s\u00e9ismes.","breadcrumb":{"@id":"https:\/\/www.istegroup.com\/fr\/produit\/methodes-et-modeles-statistiques-pour-la-sismogenese\/#breadcrumb"},"inLanguage":"fr-FR","potentialAction":[{"@type":"ReadAction","target":["https:\/\/www.istegroup.com\/fr\/produit\/methodes-et-modeles-statistiques-pour-la-sismogenese\/"]}]},{"@type":"ImageObject","inLanguage":"fr-FR","@id":"https:\/\/www.istegroup.com\/fr\/produit\/methodes-et-modeles-statistiques-pour-la-sismogenese\/#primaryimage","url":"https:\/\/www.istegroup.com\/wp-content\/uploads\/2022\/12\/Methodes-et-modeles-statistiques-pour-la-sismogenese.jpeg","contentUrl":"https:\/\/www.istegroup.com\/wp-content\/uploads\/2022\/12\/Methodes-et-modeles-statistiques-pour-la-sismogenese.jpeg","width":300,"height":450,"caption":"Livre scientifique - M\u00e9thodes et mod\u00e8les statistiques pour la sismogen\u00e8se - Encyclop\u00e9die SCIENCES"},{"@type":"BreadcrumbList","@id":"https:\/\/www.istegroup.com\/fr\/produit\/methodes-et-modeles-statistiques-pour-la-sismogenese\/#breadcrumb","itemListElement":[{"@type":"ListItem","position":1,"name":"Home","item":"https:\/\/www.istegroup.com\/"},{"@type":"ListItem","position":2,"name":"Shop","item":"https:\/\/www.istegroup.com\/fr\/nouveautes\/"},{"@type":"ListItem","position":3,"name":"M\u00e9thodes et mod\u00e8les statistiques pour la sismogen\u00e8se"}]},{"@type":"WebSite","@id":"https:\/\/www.istegroup.com\/#website","url":"https:\/\/www.istegroup.com\/","name":"ISTE Group","description":"\u00c9diteur des Sciences","potentialAction":[{"@type":"SearchAction","target":{"@type":"EntryPoint","urlTemplate":"https:\/\/www.istegroup.com\/?s={search_term_string}"},"query-input":{"@type":"PropertyValueSpecification","valueRequired":true,"valueName":"search_term_string"}}],"inLanguage":"fr-FR"}]}},"_links":{"self":[{"href":"https:\/\/www.istegroup.com\/fr\/wp-json\/wp\/v2\/product\/36872","targetHints":{"allow":["GET"]}}],"collection":[{"href":"https:\/\/www.istegroup.com\/fr\/wp-json\/wp\/v2\/product"}],"about":[{"href":"https:\/\/www.istegroup.com\/fr\/wp-json\/wp\/v2\/types\/product"}],"wp:featuredmedia":[{"embeddable":true,"href":"https:\/\/www.istegroup.com\/fr\/wp-json\/wp\/v2\/media\/49363"}],"wp:attachment":[{"href":"https:\/\/www.istegroup.com\/fr\/wp-json\/wp\/v2\/media?parent=36872"}],"wp:term":[{"taxonomy":"product_brand","embeddable":true,"href":"https:\/\/www.istegroup.com\/fr\/wp-json\/wp\/v2\/product_brand?post=36872"},{"taxonomy":"product_cat","embeddable":true,"href":"https:\/\/www.istegroup.com\/fr\/wp-json\/wp\/v2\/product_cat?post=36872"},{"taxonomy":"product_tag","embeddable":true,"href":"https:\/\/www.istegroup.com\/fr\/wp-json\/wp\/v2\/product_tag?post=36872"}],"curies":[{"name":"wp","href":"https:\/\/api.w.org\/{rel}","templated":true}]}}